{"id":1480,"date":"2023-06-13T14:19:45","date_gmt":"2023-06-13T14:19:45","guid":{"rendered":"https:\/\/online.claeh.edu.uy\/?post_type=product&#038;p=1480"},"modified":"2023-06-13T14:19:45","modified_gmt":"2023-06-13T14:19:45","slug":"certificado-en-agile-management","status":"publish","type":"product","link":"https:\/\/online.claeh.edu.uy\/en\/product\/certificado-en-agile-management\/","title":{"rendered":"Certificado en Agile Management"},"content":{"rendered":"<p>contenido<\/p>\n","protected":false},"excerpt":{"rendered":"<p>excerpt<\/p>\n","protected":false},"author":3,"featured_media":0,"comment_status":"open","ping_status":"closed","template":"","meta":{"_acf_changed":false,"footnotes":""},"categories":[16],"class_list":["post-1480","product","type-product","status-publish","hentry","category-producto-claeh-en"],"acf":{"external_id":"1927","titulo_curso":"Certificado en Agile Management","precio":"","impartido_en":"Castellano","id_magento":"","hubspot_product_id":"","imagen_destacada":"https:\/\/static.capabiliaserver.com\/frontend\/clients\/claeh\/wp_prod\/wp-content\/uploads\/2023\/05\/7ab40623-cms-6.jpg","header_image":"https:\/\/static.capabiliaserver.com\/frontend\/clients\/claeh\/wp_prod\/wp-content\/uploads\/2023\/05\/e2ed7252-header-4.jpg","precio_en_cuotas":"","precio_de_lista":"","promocion_vigente":"","duracion_del_curso":"4 meses","tipo_de_programa":"Certificado","fecha_de_inicio":"","segunda_fecha_de_inicio":"","zona_horaria":"America\/Los_Angeles","nivel_del_curso":"B\u00e1sico","modalidad":"Online","dedicacion":"6\/8 horas semanales","contenido":"<p><span data-sheets-value=\"{&quot;1&quot;:2,&quot;2&quot;:&quot;En un contexto caracterizado por la incertidumbre, la complejidad y el cambio constante, se requiere desarrollar una nueva habilidad, el ser \u00e1gil, con el fin de adaptarse r\u00e1pida y eficazmente para responder competitivamente a las necesidades del mundo.\\r\\nLas formas tradicionales, piramidales y verticalistas han demostrado ser lentas e ineficaces para dar este tipo de respuesta. Por ello, este programa ofrece una oportunidad para despertar esa nueva mentalidad y desarrollar las competencias necesarias en toda transformaci\u00f3n organizacional, institucional, brindando un recorrido exhaustivo por los principales conceptos que pueden vincularse r\u00e1pidamente a cualquier pr\u00e1ctica.\\r\\nLa demanda creciente de perfiles \u00e1giles impulsa la necesidad de democratizar el acceso a la informaci\u00f3n y la formaci\u00f3n de todos aquellos que se sientan inquietos por esta nueva realidad. \\r&quot;}\" data-sheets-userformat=\"{&quot;2&quot;:897,&quot;3&quot;:{&quot;1&quot;:0},&quot;10&quot;:0,&quot;11&quot;:4,&quot;12&quot;:0}\">En un contexto caracterizado por la incertidumbre, la complejidad y el cambio constante, se requiere desarrollar una nueva habilidad, el ser \u00e1gil, con el fin de adaptarse r\u00e1pida y eficazmente para responder competitivamente a las necesidades del mundo.<br \/>\nLas formas tradicionales, piramidales y verticalistas han demostrado ser lentas e ineficaces para dar este tipo de respuesta. Por ello, este programa ofrece una oportunidad para despertar esa nueva mentalidad y desarrollar las competencias necesarias en toda transformaci\u00f3n organizacional, institucional, brindando un recorrido exhaustivo por los principales conceptos que pueden vincularse r\u00e1pidamente a cualquier pr\u00e1ctica.<br \/>\nLa demanda creciente de perfiles \u00e1giles impulsa la necesidad de democratizar el acceso a la informaci\u00f3n y la formaci\u00f3n de todos aquellos que se sientan inquietos por esta nueva realidad. <\/span><\/p>\n","avalado_por":false,"cursos_que_lo_componen":[{"nombre_del_curso":"La agilidad como medio para adaptarnos  ","descripcion_del_curso":"<p>M\u00f3dulo 1: Transformaci\u00f3n digital: personas, procesos y herramientas<br \/>\nM\u00f3dulo 2: La empresa tradicional y la empresa emergente<br \/>\nM\u00f3dulo 3: Transformaci\u00f3n \u00e1gil<br \/>\nM\u00f3dulo 4: Agilidad empresarial<\/p>\n"},{"nombre_del_curso":"Marco Scrum: la importancia del equipo","descripcion_del_curso":"<p>M\u00f3dulo 1: El Marco Scrum<br \/>\nM\u00f3dulo 2: Backlog<br \/>\nM\u00f3dulo 3: Kanban y Scrum: combinaciones, comparaci\u00f3n y ventajas<br \/>\nM\u00f3dulo 4: Contratos \u00e1giles<\/p>\n"},{"nombre_del_curso":"Liderazgo \u00e1gil","descripcion_del_curso":"<p>M\u00f3dulo 1: \u00bfPor d\u00f3nde empezar la transformaci\u00f3n? Partner de agilidad organizacional. Engagement, seguridad psicol\u00f3gica. Diferencia entre equipo y grupo<br \/>\nM\u00f3dulo 2: Agilidad fuera de software. Rol de RRHH en este contexto, marketing \u00e1gil<br \/>\nM\u00f3dulo 3: Contexto de trabajo remoto pre y post pandemia. Recursos para trabajo remoto \/ h\u00edbrido colaborativo<br \/>\nM\u00f3dulo 4: Herramientas de coaching ontol\u00f3gico para el desarrollo de equipos<\/p>\n"},{"nombre_del_curso":"Pr\u00e1cticas y t\u00e9cnicas \u00e1giles","descripcion_del_curso":"<p>M\u00f3dulo 1: Kanban: empieza por donde est\u00e1s. gesti\u00f3n y priorizaci\u00f3n del trabajo<br \/>\nM\u00f3dulo 2: Lean Agile: elimina los desperdicios<br \/>\nM\u00f3dulo 3: Coaching: herramientas para el desarrollo de nuevas habilidades y competencias. Aprendizaje continuo<br \/>\nM\u00f3dulo 4: Gesti\u00f3n del cambio. Management 3.0<\/p>\n"}],"pdf_brochure":false,"preguntas_frecuentes":false,"titulo":"Certificado en Agile Management","docentes_expertos":[{"foto":false,"nombre_del_docente":"Maria Florencia Elia","descripcion_del_docente":"","enlace":""}],"mostrar_form":false,"mostrar_boton_compra":true,"mostrar_precio":false,"url_cursado_webinar":"","activar_nuevos_banners":false,"mostrar_banner_1":false,"crear_banner_1":{"utilizar_imagen_unica_para_banner":false,"asignar_imagen_unica_para_banner":false,"mostrar_titulo_banner":false,"titulo_para_banner":"","mostrar_subtitulo_banner":false,"subtitulo_del_banner":"","mostrar_cta_banner":false,"texto_cta_banner":"","url_cta_banner":"","fondo_de_color_banner":"","fondo_de_imagen_banner":false,"mostrar_imagen_izquierda_banner":false,"asignar_imagen_izquierda_banner":false},"mostrar_banner_2":false,"crear_banner_2":{"utilizar_imagen_unica_para_banner":false,"asignar_imagen_unica_para_banner":false,"mostrar_titulo_banner":false,"titulo_para_banner":"","mostrar_subtitulo_banner":false,"subtitulo_del_banner":"","mostrar_cta_banner":false,"texto_cta_banner":"","url_cta_banner":"","fondo_de_color_banner":"","fondo_de_imagen_banner":false,"mostrar_imagen_izquierda_banner":false,"asignar_imagen_izquierda_banner":false},"mostrar_banner_3":false,"crear_banner_3":{"utilizar_imagen_unica_para_banner":false,"asignar_imagen_unica_para_banner":false,"mostrar_titulo_banner":false,"titulo_para_banner":"","mostrar_subtitulo_banner":false,"subtitulo_del_banner":"","mostrar_cta_banner":false,"texto_cta_banner":"","url_cta_banner":"","fondo_de_color_banner":"","fondo_de_imagen_banner":false,"mostrar_imagen_izquierda_banner":false,"asignar_imagen_izquierda_banner":false}},"yoast_head":"<!-- This site is optimized with the Yoast SEO plugin v23.0 - https:\/\/yoast.com\/wordpress\/plugins\/seo\/ -->\n<title>Certificado en Agile Management - Capabilia<\/title>\n<meta name=\"robots\" content=\"index, follow, max-snippet:-1, max-image-preview:large, max-video-preview:-1\" \/>\n<link rel=\"canonical\" href=\"https:\/\/online.claeh.edu.uy\/en\/product\/certificado-en-agile-management\/\" \/>\n<meta property=\"og:locale\" content=\"en_US\" \/>\n<meta property=\"og:type\" content=\"article\" \/>\n<meta property=\"og:title\" content=\"Certificado en Agile Management - Capabilia\" \/>\n<meta property=\"og:description\" content=\"excerpt\" \/>\n<meta property=\"og:url\" content=\"https:\/\/online.claeh.edu.uy\/en\/product\/certificado-en-agile-management\/\" \/>\n<meta property=\"og:site_name\" content=\"Capabilia\" \/>\n<meta name=\"twitter:card\" content=\"summary_large_image\" \/>\n<meta name=\"twitter:label1\" content=\"Est. reading time\" \/>\n\t<meta name=\"twitter:data1\" content=\"1 minute\" \/>\n<script type=\"application\/ld+json\" class=\"yoast-schema-graph\">{\"@context\":\"https:\/\/schema.org\",\"@graph\":[{\"@type\":\"WebPage\",\"@id\":\"https:\/\/online.claeh.edu.uy\/en\/product\/certificado-en-agile-management\/\",\"url\":\"https:\/\/online.claeh.edu.uy\/en\/product\/certificado-en-agile-management\/\",\"name\":\"Certificado en Agile Management - Capabilia\",\"isPartOf\":{\"@id\":\"https:\/\/online.claeh.edu.uy\/#website\"},\"datePublished\":\"2023-06-13T14:19:45+00:00\",\"dateModified\":\"2023-06-13T14:19:45+00:00\",\"breadcrumb\":{\"@id\":\"https:\/\/online.claeh.edu.uy\/en\/product\/certificado-en-agile-management\/#breadcrumb\"},\"inLanguage\":\"en-US\",\"potentialAction\":[{\"@type\":\"ReadAction\",\"target\":[\"https:\/\/online.claeh.edu.uy\/en\/product\/certificado-en-agile-management\/\"]}]},{\"@type\":\"BreadcrumbList\",\"@id\":\"https:\/\/online.claeh.edu.uy\/en\/product\/certificado-en-agile-management\/#breadcrumb\",\"itemListElement\":[{\"@type\":\"ListItem\",\"position\":1,\"name\":\"Productos\",\"item\":\"https:\/\/online.claeh.edu.uy\/en\/product\/\"},{\"@type\":\"ListItem\",\"position\":2,\"name\":\"Certificado en Agile Management\"}]},{\"@type\":\"WebSite\",\"@id\":\"https:\/\/online.claeh.edu.uy\/#website\",\"url\":\"https:\/\/online.claeh.edu.uy\/\",\"name\":\"Capabilia\",\"description\":\"\",\"potentialAction\":[{\"@type\":\"SearchAction\",\"target\":{\"@type\":\"EntryPoint\",\"urlTemplate\":\"https:\/\/online.claeh.edu.uy\/?s={search_term_string}\"},\"query-input\":\"required name=search_term_string\"}],\"inLanguage\":\"en-US\"}]}<\/script>\n<!-- \/ Yoast SEO plugin. -->","yoast_head_json":{"title":"Certificado en Agile Management - Capabilia","robots":{"index":"index","follow":"follow","max-snippet":"max-snippet:-1","max-image-preview":"max-image-preview:large","max-video-preview":"max-video-preview:-1"},"canonical":"https:\/\/online.claeh.edu.uy\/en\/product\/certificado-en-agile-management\/","og_locale":"en_US","og_type":"article","og_title":"Certificado en Agile Management - Capabilia","og_description":"excerpt","og_url":"https:\/\/online.claeh.edu.uy\/en\/product\/certificado-en-agile-management\/","og_site_name":"Capabilia","twitter_card":"summary_large_image","twitter_misc":{"Est. reading time":"1 minute"},"schema":{"@context":"https:\/\/schema.org","@graph":[{"@type":"WebPage","@id":"https:\/\/online.claeh.edu.uy\/en\/product\/certificado-en-agile-management\/","url":"https:\/\/online.claeh.edu.uy\/en\/product\/certificado-en-agile-management\/","name":"Certificado en Agile Management - Capabilia","isPartOf":{"@id":"https:\/\/online.claeh.edu.uy\/#website"},"datePublished":"2023-06-13T14:19:45+00:00","dateModified":"2023-06-13T14:19:45+00:00","breadcrumb":{"@id":"https:\/\/online.claeh.edu.uy\/en\/product\/certificado-en-agile-management\/#breadcrumb"},"inLanguage":"en-US","potentialAction":[{"@type":"ReadAction","target":["https:\/\/online.claeh.edu.uy\/en\/product\/certificado-en-agile-management\/"]}]},{"@type":"BreadcrumbList","@id":"https:\/\/online.claeh.edu.uy\/en\/product\/certificado-en-agile-management\/#breadcrumb","itemListElement":[{"@type":"ListItem","position":1,"name":"Productos","item":"https:\/\/online.claeh.edu.uy\/en\/product\/"},{"@type":"ListItem","position":2,"name":"Certificado en Agile Management"}]},{"@type":"WebSite","@id":"https:\/\/online.claeh.edu.uy\/#website","url":"https:\/\/online.claeh.edu.uy\/","name":"Capabilia","description":"","potentialAction":[{"@type":"SearchAction","target":{"@type":"EntryPoint","urlTemplate":"https:\/\/online.claeh.edu.uy\/?s={search_term_string}"},"query-input":"required name=search_term_string"}],"inLanguage":"en-US"}]}},"idiomas":{"en":1480,"es":1479},"_links":{"self":[{"href":"https:\/\/online.claeh.edu.uy\/en\/wp-json\/wp\/v2\/products\/1480"}],"collection":[{"href":"https:\/\/online.claeh.edu.uy\/en\/wp-json\/wp\/v2\/products"}],"about":[{"href":"https:\/\/online.claeh.edu.uy\/en\/wp-json\/wp\/v2\/types\/product"}],"author":[{"embeddable":true,"href":"https:\/\/online.claeh.edu.uy\/en\/wp-json\/wp\/v2\/users\/3"}],"replies":[{"embeddable":true,"href":"https:\/\/online.claeh.edu.uy\/en\/wp-json\/wp\/v2\/comments?post=1480"}],"version-history":[{"count":4,"href":"https:\/\/online.claeh.edu.uy\/en\/wp-json\/wp\/v2\/products\/1480\/revisions"}],"predecessor-version":[{"id":1594,"href":"https:\/\/online.claeh.edu.uy\/en\/wp-json\/wp\/v2\/products\/1480\/revisions\/1594"}],"wp:attachment":[{"href":"https:\/\/online.claeh.edu.uy\/en\/wp-json\/wp\/v2\/media?parent=1480"}],"wp:term":[{"taxonomy":"category","embeddable":true,"href":"https:\/\/online.claeh.edu.uy\/en\/wp-json\/wp\/v2\/categories?post=1480"}],"curies":[{"name":"wp","href":"https:\/\/api.w.org\/{rel}","templated":true}]}}