{"id":1611,"date":"2024-05-02T14:14:23","date_gmt":"2024-05-02T14:14:23","guid":{"rendered":"https:\/\/online.claeh.edu.uy\/?post_type=product&#038;p=1611"},"modified":"2024-05-21T16:59:01","modified_gmt":"2024-05-21T16:59:01","slug":"estrategia-para-el-desarrollo-del-futbol-juvenil","status":"publish","type":"product","link":"https:\/\/online.claeh.edu.uy\/en\/product\/estrategia-para-el-desarrollo-del-futbol-juvenil\/","title":{"rendered":"Estrategia para el Desarrollo del F\u00fatbol Juvenil"},"content":{"rendered":"<p>contenido<\/p>\n","protected":false},"excerpt":{"rendered":"<p>excerpt<\/p>\n","protected":false},"author":3,"featured_media":0,"comment_status":"open","ping_status":"closed","template":"","meta":{"_acf_changed":false,"footnotes":""},"categories":[16],"class_list":["post-1611","product","type-product","status-publish","hentry","category-producto-claeh-en"],"acf":{"external_id":"2217","titulo_curso":"Estrategia para el Desarrollo del F\u00fatbol Juvenil","precio":"120 usd","impartido_en":"Castellano","id_magento":"","hubspot_product_id":"","imagen_destacada":"https:\/\/static.capabiliaserver.com\/frontend\/clients\/claeh\/wp_prod\/wp-content\/uploads\/31e95bf9-estrategia-para-el-desarrollo-del-futbol-juvenil-1.png","header_image":"https:\/\/static.capabiliaserver.com\/frontend\/clients\/claeh\/wp_prod\/wp-content\/uploads\/31e95bf9-estrategia-para-el-desarrollo-del-futbol-juvenil-1.png","precio_en_cuotas":"","precio_de_lista":"","promocion_vigente":"","duracion_del_curso":"1 mes","tipo_de_programa":"curso","fecha_de_inicio":"","segunda_fecha_de_inicio":"","zona_horaria":"America\/Argentina\/Buenos_Aires","nivel_del_curso":"Intermedio","modalidad":"Online","dedicacion":"Estrategia para el Desarrollo del F\u00fatbol Juvenil","contenido":"<p>La CONMEBOL tiene una visi\u00f3n clara sobre lo que implica trabajar en el f\u00fatbol profesional de alto rendimiento con j\u00f3venes, de ambos sexos y de diversos or\u00edgenes socioculturales y econ\u00f3micos, que se encuentran sujetos a las exigencias emocionales y \u00e9ticas y est\u00e1n atravesados por la tecnolog\u00eda.<\/p>\n<p>Una visi\u00f3n considera fundamental tener como norte de referencia a Sudam\u00e9rica que concibe al f\u00fatbol como un espacio vivo, en el cual las personas pueden tener una representaci\u00f3n mental del mundo. Estas ideas son la base de las propuestas que los entrenadores \u2013profesores\u2013 e instructores de las Selecciones Juveniles deben conocer y hacerlas suyas en lo cotidiano.<\/p>\n<p>Cabe destacar que desde CONMEBOL se impulsa un modelo de trabajo orientado a la calidad, con una matriz de mejora continua donde el jugador o jugadora de los Seleccionados puedan incorporar tanto capacidades como competencias y valores, contribuyendo a su formaci\u00f3n integral como ciudadanos y seres humanos. Es por esto que tanto el entrenador como su equipo deben impulsar la pr\u00e1ctica del f\u00fatbol como deporte, escuela de vida y como espacio riguroso de actuaci\u00f3n, que busca alcanzar, de manear planificada, el m\u00e1s alto nivel en el campo de juego.<\/p>\n<p>Estas l\u00edneas rectoras atraviesan el trabajo que se hace con las Selecciones Juveniles y plantean los principios te\u00f3ricos sobre los cuales se sustenta el Futbol Sudamericano. Todo esto desde la perspectiva de un deporte que evoluciona continuamente y que, al mismo tiempo, es parte de nuestra propia idiosincrasia.<\/p>\n<p><strong>Docentes expertos del certificado:<\/strong><\/p>\n<p><strong>Francisco Maturana:<\/strong> Director T\u00e9cnico de F\u00fatbol, Campe\u00f3n de la Copa Libertadores de Am\u00e9rica 1989, Campe\u00f3n Copa Am\u00e9rica 2001, Mejor Entrenador en Sudam\u00e9rica 1993, Actualmente Embajador de la CONMEBOL.<\/p>\n<p><strong>Reinaldo Rueda:<\/strong> Reinaldo Rueda Director T\u00e9cnico de Futbol, Campe\u00f3n Copa Libertadores de Am\u00e9rica 2016, Mejor entrenador en Sudam\u00e9rica 2016, Actualmente Entrenador de la Selecci\u00f3n de Chile, Licenciado en Educaci\u00f3n F\u00edsica y Salud.<\/p>\n<p><strong>Luis Fernando Ramirez Silva:<\/strong> Coach de aprendizaje, Fundador y director de Centro para el Desarrollo de la inteligencia, y del proyecto Partidi, educaci\u00f3n a trav\u00e9s del F\u00fatbol.<\/p>\n","avalado_por":false,"cursos_que_lo_componen":[{"nombre_del_curso":"MODULO 1: El ADN sudamericano","descripcion_del_curso":"<p>1.1. Una teor\u00eda sencilla y pr\u00e1ctica del F\u00fatbol Sudamericano<br \/>\n1.2. Los clubes juveniles como espacios de derecho de ni\u00f1os, adolescentes y j\u00f3venes<br \/>\n1.3. El f\u00fatbol en Sudam\u00e9rica incluye y dignifica<br \/>\n1.4. Los clubes juveniles como espacios donde ser valorados y aprender a valorar<\/p>\n"},{"nombre_del_curso":"M\u00d3DULO 2: El f\u00fatbol formativo de Sudam\u00e9rica","descripcion_del_curso":"<p>2.1. El concepto de \u201cformaci\u00f3n\u201d en el \u00e1mbito del f\u00fatbol<br \/>\n2.2. La formaci\u00f3n del joven futbolista, la clave del siglo XXI<br \/>\n2.3. El f\u00fatbol que forma tanto al jugador como a su entorno<br \/>\n2.4. La formaci\u00f3n multidisciplinaria<br \/>\n2.5. La formaci\u00f3n como fortalecimiento y promoci\u00f3n de la persona<br \/>\n2.6. La formaci\u00f3n interdisciplinaria<\/p>\n"},{"nombre_del_curso":"M\u00d3DULO 3: Organizaci\u00f3n para los clubes juveniles de Sudam\u00e9rica","descripcion_del_curso":"<p>3.1. La organizaci\u00f3n como valor invisible<br \/>\n3.2. Bases de la formaci\u00f3n y el rendimiento deportivo<br \/>\n3.3. Ideas de cierre<br \/>\n3.4. F\u00fatbol Infantil (6 a 13 a\u00f1os)<br \/>\n3.5. F\u00fatbol Juvenil (14 a 20 a\u00f1os)<\/p>\n"},{"nombre_del_curso":"M\u00d3DULO 4: Estructura de organizaci\u00f3n para los clubes juveniles","descripcion_del_curso":"<p>4.1.  L\u00edneas generales de la estructura de organizaci\u00f3n<br \/>\n4.2.  Recursos humanos para la gesti\u00f3n t\u00e9cnica<br \/>\n4.3.  Infraestructura y equipamiento tecnol\u00f3gico<br \/>\n4.4.  Interacci\u00f3n y relaci\u00f3n con los clubes<br \/>\n4.5.  La competencia como elemento de formaci\u00f3n esencial<br \/>\n4.6.  Sistema de elecci\u00f3n de talentos para los clubes juveniles<br \/>\n4.7.  Interrelaci\u00f3n de los clubes juveniles con la Selecci\u00f3n Mayor<\/p>\n"}],"pdf_brochure":false,"preguntas_frecuentes":false,"titulo":"Estrategia para el Desarrollo del F\u00fatbol Juvenil","docentes_expertos":false,"mostrar_form":false,"mostrar_boton_compra":true,"mostrar_precio":false,"url_cursado_webinar":"","activar_nuevos_banners":false,"mostrar_banner_1":false,"crear_banner_1":{"utilizar_imagen_unica_para_banner":false,"asignar_imagen_unica_para_banner":false,"mostrar_titulo_banner":false,"titulo_para_banner":"","mostrar_subtitulo_banner":false,"subtitulo_del_banner":"","mostrar_cta_banner":false,"texto_cta_banner":"","url_cta_banner":"","fondo_de_color_banner":"","fondo_de_imagen_banner":false,"mostrar_imagen_izquierda_banner":false,"asignar_imagen_izquierda_banner":false},"mostrar_banner_2":false,"crear_banner_2":{"utilizar_imagen_unica_para_banner":false,"asignar_imagen_unica_para_banner":false,"mostrar_titulo_banner":false,"titulo_para_banner":"","mostrar_subtitulo_banner":false,"subtitulo_del_banner":"","mostrar_cta_banner":false,"texto_cta_banner":"","url_cta_banner":"","fondo_de_color_banner":"","fondo_de_imagen_banner":false,"mostrar_imagen_izquierda_banner":false,"asignar_imagen_izquierda_banner":false},"mostrar_banner_3":false,"crear_banner_3":{"utilizar_imagen_unica_para_banner":false,"asignar_imagen_unica_para_banner":false,"mostrar_titulo_banner":false,"titulo_para_banner":"","mostrar_subtitulo_banner":false,"subtitulo_del_banner":"","mostrar_cta_banner":false,"texto_cta_banner":"","url_cta_banner":"","fondo_de_color_banner":"","fondo_de_imagen_banner":false,"mostrar_imagen_izquierda_banner":false,"asignar_imagen_izquierda_banner":false}},"yoast_head":"<!-- This site is optimized with the Yoast SEO plugin v23.0 - https:\/\/yoast.com\/wordpress\/plugins\/seo\/ -->\n<title>Estrategia para el Desarrollo del F\u00fatbol Juvenil - Capabilia<\/title>\n<meta name=\"robots\" content=\"index, follow, max-snippet:-1, max-image-preview:large, max-video-preview:-1\" \/>\n<link rel=\"canonical\" href=\"https:\/\/online.claeh.edu.uy\/en\/product\/estrategia-para-el-desarrollo-del-futbol-juvenil\/\" \/>\n<meta property=\"og:locale\" content=\"en_US\" \/>\n<meta property=\"og:type\" content=\"article\" \/>\n<meta property=\"og:title\" content=\"Estrategia para el Desarrollo del F\u00fatbol Juvenil - Capabilia\" \/>\n<meta property=\"og:description\" content=\"excerpt\" \/>\n<meta property=\"og:url\" content=\"https:\/\/online.claeh.edu.uy\/en\/product\/estrategia-para-el-desarrollo-del-futbol-juvenil\/\" \/>\n<meta property=\"og:site_name\" content=\"Capabilia\" \/>\n<meta property=\"article:modified_time\" content=\"2024-05-21T16:59:01+00:00\" \/>\n<meta name=\"twitter:card\" content=\"summary_large_image\" \/>\n<meta name=\"twitter:label1\" content=\"Est. reading time\" \/>\n\t<meta name=\"twitter:data1\" content=\"1 minute\" \/>\n<script type=\"application\/ld+json\" class=\"yoast-schema-graph\">{\"@context\":\"https:\/\/schema.org\",\"@graph\":[{\"@type\":\"WebPage\",\"@id\":\"https:\/\/online.claeh.edu.uy\/en\/product\/estrategia-para-el-desarrollo-del-futbol-juvenil\/\",\"url\":\"https:\/\/online.claeh.edu.uy\/en\/product\/estrategia-para-el-desarrollo-del-futbol-juvenil\/\",\"name\":\"Estrategia para el Desarrollo del F\u00fatbol Juvenil - Capabilia\",\"isPartOf\":{\"@id\":\"https:\/\/online.claeh.edu.uy\/#website\"},\"datePublished\":\"2024-05-02T14:14:23+00:00\",\"dateModified\":\"2024-05-21T16:59:01+00:00\",\"breadcrumb\":{\"@id\":\"https:\/\/online.claeh.edu.uy\/en\/product\/estrategia-para-el-desarrollo-del-futbol-juvenil\/#breadcrumb\"},\"inLanguage\":\"en-US\",\"potentialAction\":[{\"@type\":\"ReadAction\",\"target\":[\"https:\/\/online.claeh.edu.uy\/en\/product\/estrategia-para-el-desarrollo-del-futbol-juvenil\/\"]}]},{\"@type\":\"BreadcrumbList\",\"@id\":\"https:\/\/online.claeh.edu.uy\/en\/product\/estrategia-para-el-desarrollo-del-futbol-juvenil\/#breadcrumb\",\"itemListElement\":[{\"@type\":\"ListItem\",\"position\":1,\"name\":\"Productos\",\"item\":\"https:\/\/online.claeh.edu.uy\/en\/product\/\"},{\"@type\":\"ListItem\",\"position\":2,\"name\":\"Estrategia para el Desarrollo del F\u00fatbol Juvenil\"}]},{\"@type\":\"WebSite\",\"@id\":\"https:\/\/online.claeh.edu.uy\/#website\",\"url\":\"https:\/\/online.claeh.edu.uy\/\",\"name\":\"Capabilia\",\"description\":\"\",\"potentialAction\":[{\"@type\":\"SearchAction\",\"target\":{\"@type\":\"EntryPoint\",\"urlTemplate\":\"https:\/\/online.claeh.edu.uy\/?s={search_term_string}\"},\"query-input\":\"required name=search_term_string\"}],\"inLanguage\":\"en-US\"}]}<\/script>\n<!-- \/ Yoast SEO plugin. -->","yoast_head_json":{"title":"Estrategia para el Desarrollo del F\u00fatbol Juvenil - Capabilia","robots":{"index":"index","follow":"follow","max-snippet":"max-snippet:-1","max-image-preview":"max-image-preview:large","max-video-preview":"max-video-preview:-1"},"canonical":"https:\/\/online.claeh.edu.uy\/en\/product\/estrategia-para-el-desarrollo-del-futbol-juvenil\/","og_locale":"en_US","og_type":"article","og_title":"Estrategia para el Desarrollo del F\u00fatbol Juvenil - Capabilia","og_description":"excerpt","og_url":"https:\/\/online.claeh.edu.uy\/en\/product\/estrategia-para-el-desarrollo-del-futbol-juvenil\/","og_site_name":"Capabilia","article_modified_time":"2024-05-21T16:59:01+00:00","twitter_card":"summary_large_image","twitter_misc":{"Est. reading time":"1 minute"},"schema":{"@context":"https:\/\/schema.org","@graph":[{"@type":"WebPage","@id":"https:\/\/online.claeh.edu.uy\/en\/product\/estrategia-para-el-desarrollo-del-futbol-juvenil\/","url":"https:\/\/online.claeh.edu.uy\/en\/product\/estrategia-para-el-desarrollo-del-futbol-juvenil\/","name":"Estrategia para el Desarrollo del F\u00fatbol Juvenil - Capabilia","isPartOf":{"@id":"https:\/\/online.claeh.edu.uy\/#website"},"datePublished":"2024-05-02T14:14:23+00:00","dateModified":"2024-05-21T16:59:01+00:00","breadcrumb":{"@id":"https:\/\/online.claeh.edu.uy\/en\/product\/estrategia-para-el-desarrollo-del-futbol-juvenil\/#breadcrumb"},"inLanguage":"en-US","potentialAction":[{"@type":"ReadAction","target":["https:\/\/online.claeh.edu.uy\/en\/product\/estrategia-para-el-desarrollo-del-futbol-juvenil\/"]}]},{"@type":"BreadcrumbList","@id":"https:\/\/online.claeh.edu.uy\/en\/product\/estrategia-para-el-desarrollo-del-futbol-juvenil\/#breadcrumb","itemListElement":[{"@type":"ListItem","position":1,"name":"Productos","item":"https:\/\/online.claeh.edu.uy\/en\/product\/"},{"@type":"ListItem","position":2,"name":"Estrategia para el Desarrollo del F\u00fatbol Juvenil"}]},{"@type":"WebSite","@id":"https:\/\/online.claeh.edu.uy\/#website","url":"https:\/\/online.claeh.edu.uy\/","name":"Capabilia","description":"","potentialAction":[{"@type":"SearchAction","target":{"@type":"EntryPoint","urlTemplate":"https:\/\/online.claeh.edu.uy\/?s={search_term_string}"},"query-input":"required name=search_term_string"}],"inLanguage":"en-US"}]}},"idiomas":{"en":1611,"es":1610},"_links":{"self":[{"href":"https:\/\/online.claeh.edu.uy\/en\/wp-json\/wp\/v2\/products\/1611"}],"collection":[{"href":"https:\/\/online.claeh.edu.uy\/en\/wp-json\/wp\/v2\/products"}],"about":[{"href":"https:\/\/online.claeh.edu.uy\/en\/wp-json\/wp\/v2\/types\/product"}],"author":[{"embeddable":true,"href":"https:\/\/online.claeh.edu.uy\/en\/wp-json\/wp\/v2\/users\/3"}],"replies":[{"embeddable":true,"href":"https:\/\/online.claeh.edu.uy\/en\/wp-json\/wp\/v2\/comments?post=1611"}],"version-history":[{"count":1,"href":"https:\/\/online.claeh.edu.uy\/en\/wp-json\/wp\/v2\/products\/1611\/revisions"}],"predecessor-version":[{"id":1667,"href":"https:\/\/online.claeh.edu.uy\/en\/wp-json\/wp\/v2\/products\/1611\/revisions\/1667"}],"wp:attachment":[{"href":"https:\/\/online.claeh.edu.uy\/en\/wp-json\/wp\/v2\/media?parent=1611"}],"wp:term":[{"taxonomy":"category","embeddable":true,"href":"https:\/\/online.claeh.edu.uy\/en\/wp-json\/wp\/v2\/categories?post=1611"}],"curies":[{"name":"wp","href":"https:\/\/api.w.org\/{rel}","templated":true}]}}