{"id":1613,"date":"2024-05-02T14:32:18","date_gmt":"2024-05-02T14:32:18","guid":{"rendered":"https:\/\/online.claeh.edu.uy\/?post_type=product&#038;p=1613"},"modified":"2024-05-21T17:01:23","modified_gmt":"2024-05-21T17:01:23","slug":"preparacion-y-mantenimiento-de-cesped","status":"publish","type":"product","link":"https:\/\/online.claeh.edu.uy\/en\/product\/preparacion-y-mantenimiento-de-cesped\/","title":{"rendered":"Preparaci\u00f3n y mantenimiento de c\u00e9sped"},"content":{"rendered":"<p>contenido<\/p>\n","protected":false},"excerpt":{"rendered":"<p>excerpt<\/p>\n","protected":false},"author":3,"featured_media":0,"comment_status":"open","ping_status":"closed","template":"","meta":{"_acf_changed":false,"footnotes":""},"categories":[16],"class_list":["post-1613","product","type-product","status-publish","hentry","category-producto-claeh-en"],"acf":{"external_id":"2218","titulo_curso":"Preparaci\u00f3n y mantenimiento de c\u00e9sped","precio":"200 usd","impartido_en":"Castellano","id_magento":"","hubspot_product_id":"","imagen_destacada":"https:\/\/static.capabiliaserver.com\/frontend\/clients\/claeh\/wp_prod\/wp-content\/uploads\/de9f0e27-preparacion-y-mantenimiento-de-cesped.png","header_image":"https:\/\/static.capabiliaserver.com\/frontend\/clients\/claeh\/wp_prod\/wp-content\/uploads\/de9f0e27-preparacion-y-mantenimiento-de-cesped.png","precio_en_cuotas":"","precio_de_lista":"","promocion_vigente":"","duracion_del_curso":"1 mes","tipo_de_programa":"Curso","fecha_de_inicio":"","segunda_fecha_de_inicio":"","zona_horaria":"America\/Argentina\/Buenos_Aires","nivel_del_curso":"Intermedio","modalidad":"Online","dedicacion":"Preparaci\u00f3n y mantenimiento de c\u00e9sped","contenido":"<p>El mantenimiento de las superficies naturales o sint\u00e9ticas de c\u00e9sped en infraestructuras deportivas que suelen suponer miles de metros cuadrados, es un aspecto de atenci\u00f3n muy importante para los gestores deportivos.<\/p>\n<p>Bien sea en el \u00e1mbito p\u00fablico o privado las instalaciones deportivas cuentan con una amplia extensi\u00f3n considerando por ejemplo campos de f\u00fatbol, campos de hockey, pistas de padel, tenis, entre otros.<\/p>\n<p>Por ello resulta clave que el gestor deportivo pueda contar con herramientas y habilidades que aseguren un mantenimiento de los campos deportivos de c\u00e9sped de manera adecuada.<\/p>\n<p>De esta forma, el curso brindar\u00e1 herramientas para la efectividad en el mantenimiento del c\u00e9sped lo cual tiene implicaciones financieras tanto en ingresos como en gastos, as\u00ed mismo tiene un impacto directo en el desarrollo del espect\u00e1culo y repercute en la actividad deportiva, es decir en muchos casos incide en la planificaci\u00f3n y estrategia de trabajo t\u00e9cnico y t\u00e1ctico de los equipos, porque por ejemplo, se pueden definir campo m\u00e1s lento o r\u00e1pido o algunas consideraciones que se deben tomar en cuenta para reducir la probabilidad de lesiones o la maximizaci\u00f3n de un entrenamiento especifico.<\/p>\n<p><strong>Docente experto del certificado:<\/strong><\/p>\n<p><strong>Frederico Nantes:<\/strong> Director de Competiciones de Clubes de CONMEBOL, ex Director Ejecutivo Sports Marketing &amp; Events, Profesor de Producci\u00f3n de Eventos Deportivos en IAG \u2013 Escuela de Neg\u00f3cios de PUC \u2013 Rio, Facultades Ibmec, Trevisan Escuela de Negocios, Comit\u00e9 Ol\u00edmpico Brasile\u00f1o. Match Coordinator \u2013 Copa Am\u00e9rica Centenario 2016, Gerente General de Competiciones y Servicios a los equipos del Comit\u00e9 Organizador de la Copa del Mundo FIFA 2014, Licenciado en Educaci\u00f3n F\u00edsica.<\/p>\n<p><strong>Maristel Kuhn:<\/strong> Ingeniera Agr\u00f3noma, Coordinadora de Proyecto de Campos deportivos del Mundial de la FIFA Brasil 2014, Maestr\u00eda en Fitot\u00e9cnica. Coordinaci\u00f3n de campos deportivos de la CONMEBOL Copa Am\u00e9rica Brasil 2019, y las Finales \u00danicas CONMEBOL Libertadores Lima 2019 y CONMEBOL Sudamericana Asunci\u00f3n 2019. Actualmente, Ingeniera Agr\u00f3noma de la Confederaci\u00f3n Brasile\u00f1a de F\u00fatbol.<\/p>\n","avalado_por":false,"cursos_que_lo_componen":[{"nombre_del_curso":"Curso preparaci\u00f3n b\u00e1sica y mantenimiento de c\u00e9sped ","descripcion_del_curso":"<p>M\u00f3dulo 1: Introducci\u00f3n.<br \/>\nM\u00f3dulo 2: Reforma de canchas antiguas.<br \/>\nM\u00f3dulo 3: Marcaci\u00f3n de canchas, manejo para partidos, d\u00eda de partido.<br \/>\nM\u00f3dulo 4: Operaci\u00f3n de la cancha durante torneos. <\/p>\n"}],"pdf_brochure":false,"preguntas_frecuentes":false,"titulo":"Preparaci\u00f3n y mantenimiento de c\u00e9sped","docentes_expertos":false,"mostrar_form":false,"mostrar_boton_compra":true,"mostrar_precio":false,"url_cursado_webinar":"","activar_nuevos_banners":false,"mostrar_banner_1":false,"crear_banner_1":{"utilizar_imagen_unica_para_banner":false,"asignar_imagen_unica_para_banner":false,"mostrar_titulo_banner":false,"titulo_para_banner":"","mostrar_subtitulo_banner":false,"subtitulo_del_banner":"","mostrar_cta_banner":false,"texto_cta_banner":"","url_cta_banner":"","fondo_de_color_banner":"","fondo_de_imagen_banner":false,"mostrar_imagen_izquierda_banner":false,"asignar_imagen_izquierda_banner":false},"mostrar_banner_2":false,"crear_banner_2":{"utilizar_imagen_unica_para_banner":false,"asignar_imagen_unica_para_banner":false,"mostrar_titulo_banner":false,"titulo_para_banner":"","mostrar_subtitulo_banner":false,"subtitulo_del_banner":"","mostrar_cta_banner":false,"texto_cta_banner":"","url_cta_banner":"","fondo_de_color_banner":"","fondo_de_imagen_banner":false,"mostrar_imagen_izquierda_banner":false,"asignar_imagen_izquierda_banner":false},"mostrar_banner_3":false,"crear_banner_3":{"utilizar_imagen_unica_para_banner":false,"asignar_imagen_unica_para_banner":false,"mostrar_titulo_banner":false,"titulo_para_banner":"","mostrar_subtitulo_banner":false,"subtitulo_del_banner":"","mostrar_cta_banner":false,"texto_cta_banner":"","url_cta_banner":"","fondo_de_color_banner":"","fondo_de_imagen_banner":false,"mostrar_imagen_izquierda_banner":false,"asignar_imagen_izquierda_banner":false}},"yoast_head":"<!-- This site is optimized with the Yoast SEO plugin v23.0 - https:\/\/yoast.com\/wordpress\/plugins\/seo\/ -->\n<title>Preparaci\u00f3n y mantenimiento de c\u00e9sped - Capabilia<\/title>\n<meta name=\"robots\" content=\"index, follow, max-snippet:-1, max-image-preview:large, max-video-preview:-1\" \/>\n<link rel=\"canonical\" href=\"https:\/\/online.claeh.edu.uy\/en\/product\/preparacion-y-mantenimiento-de-cesped\/\" \/>\n<meta property=\"og:locale\" content=\"en_US\" \/>\n<meta property=\"og:type\" content=\"article\" \/>\n<meta property=\"og:title\" content=\"Preparaci\u00f3n y mantenimiento de c\u00e9sped - Capabilia\" \/>\n<meta property=\"og:description\" content=\"excerpt\" \/>\n<meta property=\"og:url\" content=\"https:\/\/online.claeh.edu.uy\/en\/product\/preparacion-y-mantenimiento-de-cesped\/\" \/>\n<meta property=\"og:site_name\" content=\"Capabilia\" \/>\n<meta property=\"article:modified_time\" content=\"2024-05-21T17:01:23+00:00\" \/>\n<meta name=\"twitter:card\" content=\"summary_large_image\" \/>\n<meta name=\"twitter:label1\" content=\"Est. reading time\" \/>\n\t<meta name=\"twitter:data1\" content=\"1 minute\" \/>\n<script type=\"application\/ld+json\" class=\"yoast-schema-graph\">{\"@context\":\"https:\/\/schema.org\",\"@graph\":[{\"@type\":\"WebPage\",\"@id\":\"https:\/\/online.claeh.edu.uy\/en\/product\/preparacion-y-mantenimiento-de-cesped\/\",\"url\":\"https:\/\/online.claeh.edu.uy\/en\/product\/preparacion-y-mantenimiento-de-cesped\/\",\"name\":\"Preparaci\u00f3n y mantenimiento de c\u00e9sped - Capabilia\",\"isPartOf\":{\"@id\":\"https:\/\/online.claeh.edu.uy\/#website\"},\"datePublished\":\"2024-05-02T14:32:18+00:00\",\"dateModified\":\"2024-05-21T17:01:23+00:00\",\"breadcrumb\":{\"@id\":\"https:\/\/online.claeh.edu.uy\/en\/product\/preparacion-y-mantenimiento-de-cesped\/#breadcrumb\"},\"inLanguage\":\"en-US\",\"potentialAction\":[{\"@type\":\"ReadAction\",\"target\":[\"https:\/\/online.claeh.edu.uy\/en\/product\/preparacion-y-mantenimiento-de-cesped\/\"]}]},{\"@type\":\"BreadcrumbList\",\"@id\":\"https:\/\/online.claeh.edu.uy\/en\/product\/preparacion-y-mantenimiento-de-cesped\/#breadcrumb\",\"itemListElement\":[{\"@type\":\"ListItem\",\"position\":1,\"name\":\"Productos\",\"item\":\"https:\/\/online.claeh.edu.uy\/en\/product\/\"},{\"@type\":\"ListItem\",\"position\":2,\"name\":\"Preparaci\u00f3n y mantenimiento de c\u00e9sped\"}]},{\"@type\":\"WebSite\",\"@id\":\"https:\/\/online.claeh.edu.uy\/#website\",\"url\":\"https:\/\/online.claeh.edu.uy\/\",\"name\":\"Capabilia\",\"description\":\"\",\"potentialAction\":[{\"@type\":\"SearchAction\",\"target\":{\"@type\":\"EntryPoint\",\"urlTemplate\":\"https:\/\/online.claeh.edu.uy\/?s={search_term_string}\"},\"query-input\":\"required name=search_term_string\"}],\"inLanguage\":\"en-US\"}]}<\/script>\n<!-- \/ Yoast SEO plugin. -->","yoast_head_json":{"title":"Preparaci\u00f3n y mantenimiento de c\u00e9sped - Capabilia","robots":{"index":"index","follow":"follow","max-snippet":"max-snippet:-1","max-image-preview":"max-image-preview:large","max-video-preview":"max-video-preview:-1"},"canonical":"https:\/\/online.claeh.edu.uy\/en\/product\/preparacion-y-mantenimiento-de-cesped\/","og_locale":"en_US","og_type":"article","og_title":"Preparaci\u00f3n y mantenimiento de c\u00e9sped - Capabilia","og_description":"excerpt","og_url":"https:\/\/online.claeh.edu.uy\/en\/product\/preparacion-y-mantenimiento-de-cesped\/","og_site_name":"Capabilia","article_modified_time":"2024-05-21T17:01:23+00:00","twitter_card":"summary_large_image","twitter_misc":{"Est. reading time":"1 minute"},"schema":{"@context":"https:\/\/schema.org","@graph":[{"@type":"WebPage","@id":"https:\/\/online.claeh.edu.uy\/en\/product\/preparacion-y-mantenimiento-de-cesped\/","url":"https:\/\/online.claeh.edu.uy\/en\/product\/preparacion-y-mantenimiento-de-cesped\/","name":"Preparaci\u00f3n y mantenimiento de c\u00e9sped - Capabilia","isPartOf":{"@id":"https:\/\/online.claeh.edu.uy\/#website"},"datePublished":"2024-05-02T14:32:18+00:00","dateModified":"2024-05-21T17:01:23+00:00","breadcrumb":{"@id":"https:\/\/online.claeh.edu.uy\/en\/product\/preparacion-y-mantenimiento-de-cesped\/#breadcrumb"},"inLanguage":"en-US","potentialAction":[{"@type":"ReadAction","target":["https:\/\/online.claeh.edu.uy\/en\/product\/preparacion-y-mantenimiento-de-cesped\/"]}]},{"@type":"BreadcrumbList","@id":"https:\/\/online.claeh.edu.uy\/en\/product\/preparacion-y-mantenimiento-de-cesped\/#breadcrumb","itemListElement":[{"@type":"ListItem","position":1,"name":"Productos","item":"https:\/\/online.claeh.edu.uy\/en\/product\/"},{"@type":"ListItem","position":2,"name":"Preparaci\u00f3n y mantenimiento de c\u00e9sped"}]},{"@type":"WebSite","@id":"https:\/\/online.claeh.edu.uy\/#website","url":"https:\/\/online.claeh.edu.uy\/","name":"Capabilia","description":"","potentialAction":[{"@type":"SearchAction","target":{"@type":"EntryPoint","urlTemplate":"https:\/\/online.claeh.edu.uy\/?s={search_term_string}"},"query-input":"required name=search_term_string"}],"inLanguage":"en-US"}]}},"idiomas":{"en":1613,"es":1612},"_links":{"self":[{"href":"https:\/\/online.claeh.edu.uy\/en\/wp-json\/wp\/v2\/products\/1613"}],"collection":[{"href":"https:\/\/online.claeh.edu.uy\/en\/wp-json\/wp\/v2\/products"}],"about":[{"href":"https:\/\/online.claeh.edu.uy\/en\/wp-json\/wp\/v2\/types\/product"}],"author":[{"embeddable":true,"href":"https:\/\/online.claeh.edu.uy\/en\/wp-json\/wp\/v2\/users\/3"}],"replies":[{"embeddable":true,"href":"https:\/\/online.claeh.edu.uy\/en\/wp-json\/wp\/v2\/comments?post=1613"}],"version-history":[{"count":1,"href":"https:\/\/online.claeh.edu.uy\/en\/wp-json\/wp\/v2\/products\/1613\/revisions"}],"predecessor-version":[{"id":1677,"href":"https:\/\/online.claeh.edu.uy\/en\/wp-json\/wp\/v2\/products\/1613\/revisions\/1677"}],"wp:attachment":[{"href":"https:\/\/online.claeh.edu.uy\/en\/wp-json\/wp\/v2\/media?parent=1613"}],"wp:term":[{"taxonomy":"category","embeddable":true,"href":"https:\/\/online.claeh.edu.uy\/en\/wp-json\/wp\/v2\/categories?post=1613"}],"curies":[{"name":"wp","href":"https:\/\/api.w.org\/{rel}","templated":true}]}}