{"id":1615,"date":"2024-05-02T14:48:04","date_gmt":"2024-05-02T14:48:04","guid":{"rendered":"https:\/\/online.claeh.edu.uy\/?post_type=product&#038;p=1615"},"modified":"2024-05-21T17:07:39","modified_gmt":"2024-05-21T17:07:39","slug":"planificacion-y-organizacion-de-eventos-deportivos","status":"publish","type":"product","link":"https:\/\/online.claeh.edu.uy\/en\/product\/planificacion-y-organizacion-de-eventos-deportivos\/","title":{"rendered":"Planificaci\u00f3n y Organizaci\u00f3n de Eventos Deportivos"},"content":{"rendered":"<p>contenido<\/p>\n","protected":false},"excerpt":{"rendered":"<p>excerpt<\/p>\n","protected":false},"author":3,"featured_media":0,"comment_status":"open","ping_status":"closed","template":"","meta":{"_acf_changed":false,"footnotes":""},"categories":[16],"class_list":["post-1615","product","type-product","status-publish","hentry","category-producto-claeh-en"],"acf":{"external_id":"2219","titulo_curso":"Planificaci\u00f3n y Organizaci\u00f3n de Eventos Deportivos","precio":"200 usd","impartido_en":"Castellano","id_magento":"","hubspot_product_id":"","imagen_destacada":"https:\/\/static.capabiliaserver.com\/frontend\/clients\/claeh\/wp_prod\/wp-content\/uploads\/3ccdac4b-planificacion-y-organizacion-de-eventos-deportivos-1.png","header_image":"https:\/\/static.capabiliaserver.com\/frontend\/clients\/claeh\/wp_prod\/wp-content\/uploads\/3ccdac4b-planificacion-y-organizacion-de-eventos-deportivos-1.png","precio_en_cuotas":"","precio_de_lista":"","promocion_vigente":"","duracion_del_curso":"2 meses","tipo_de_programa":"Programa","fecha_de_inicio":"","segunda_fecha_de_inicio":"","zona_horaria":"America\/Argentina\/Buenos_Aires","nivel_del_curso":"Intermedio","modalidad":"Online","dedicacion":"Planificaci\u00f3n y Organizaci\u00f3n de Eventos Deportivos","contenido":"<p>El concepto de eventos y arenas deportivas se remonta a la Grecia antigua, concentrando una gran cantidad de cambios significativos durante los \u00faltimos 30 a\u00f1os. Los conceptos de arenas y estadios, la globalizaci\u00f3n, el desarrollo de la transmisi\u00f3n de TV y el aporte del deporte como entretenimiento, han desencadenado la necesidad de profesionalizaci\u00f3n en la operaci\u00f3n y servicios de un evento, as\u00ed como el desarrollo del concepto y gesti\u00f3n de la experiencia de los clientes.<\/p>\n<p>En funci\u00f3n de diferentes aspectos culturales, condiciones de cada continente y pa\u00eds, existen diferentes abordajes en cuanto a los conceptos relacionados a los eventos deportivos. La Confederaci\u00f3n Sudamericana de Futbol, como responsable por el desarrollo y liderazgo del futbol en nuestro continente, viene a traer y compartir su visi\u00f3n, experiencia y aspectos espec\u00edficos que hacen \u00daNICOS a los eventos deportivos en Sudam\u00e9rica.<\/p>\n<p>Con este objetivo, la CONMEBOL ofrece un programa inicial sobre eventos deportivos poniendo de manifiesto el conocimiento y m\u00e9todos de trabajo con el \u201cADN CONMEBOL\u201d. Durante el curso y sus diferentes m\u00f3dulos de aprendizaje, los profesionales de la CONMEBOL desarrollar\u00e1n los principios y conceptos b\u00e1sicos de la planificaci\u00f3n, operaci\u00f3n y organizaci\u00f3n de un evento deportivo. Todo lo que se debe tener en cuenta antes, durante y despu\u00e9s del \u201cpuntapi\u00e9 inicial\u201d. <\/p>\n<p>Utilizaremos ejemplos basados en las experiencias vividas durante todas las competiciones organizadas por la CONMEBOL, en especial las finales \u00fanicas de la CONMEBOL Libertadores 2019 y la CONMEBOL Sudamericana 2019. <\/p>\n<p>Analizaremos las habilidades que todo organizador de eventos debe tener en cuenta, la secuencia l\u00f3gica de tareas y conceptos fundamentales que deben ser considerados para posibilitar una entrega exitosa, optimizando recursos y minimizando riesgos.<\/p>\n<p>&nbsp;<\/p>\n","avalado_por":false,"cursos_que_lo_componen":[{"nombre_del_curso":"Fundamentos sobre la planificaci\u00f3n y organizaci\u00f3n de eventos deportivos","descripcion_del_curso":"<p>M\u00d3DULO 1. Introducci\u00f3n a la planificaci\u00f3n y organizaci\u00f3n de eventos deportivos<br \/>\nUnidad 1. Fundamentos de la planificaci\u00f3n y organizaci\u00f3n de eventos deportivos<br \/>\n1.1.1. Lista de abreviaturas y t\u00e9rminos utilizados<br \/>\n1.1.2. \u00bfQu\u00e9 es un evento deportivo? - La visi\u00f3n desde CONMEBOL y los diferentes tipos de eventos.<br \/>\n1.1.3. Estructura com\u00fan de los eventos deportivos<br \/>\n1.1.4. Cuestiones iniciales, preguntas que nos debemos formular.<br \/>\n1.1.5. Las habilidades de un organizador de eventos<br \/>\nUnidad 2. Aspectos Iniciales de Marketing de una competici\u00f3n<br \/>\n1.2.1. Conceptos b\u00e1sicos de Marketing de Eventos<br \/>\n1.2.2. Desarrollando la identidad de su evento<br \/>\n1.2.3. Ejemplo pr\u00e1ctico I - CONMEBOL Sudamericana<br \/>\n1.2.4. Ejemplo pr\u00e1ctico II \u2013 Look & Feel y embajada del hincha en la ciudad sede de un evento<\/p>\n<p>M\u00d3DULO 2. La Competici\u00f3n Deportiva<br \/>\nUnidad 1. Estableciendo la Competici\u00f3n deportiva: Reglamentos y Manuales Operativos.<br \/>\n2.1.1. Desarrollando el reglamento de su competici\u00f3n<br \/>\n2.1.2. Los Manuales operativos; \u00bfCu\u00e1l es su utilidad?<br \/>\n2.1.3. Manual Operativo Competiciones CONMEBOL.<\/p>\n<p>M\u00d3DULO 3. Un evento deportivo, mucho m\u00e1s que un partido<br \/>\nUnidad 1. Un evento deportivo, mucho m\u00e1s que un partido<br \/>\n3.1.1. Un evento, mucho m\u00e1s que un partido<br \/>\n3.1.2. Finales \u00danicas CONMEBOL Libertadores \u2013 CONMEBOL Sudamericana<br \/>\n3.1.3. Responsabilidad Social y Responsabilidad ambiental<br \/>\n3.1.4. Post evento (oportunidades de legado y debriefing final)<br \/>\nUnidad 2. La cuenta regresiva de un evento deportivo<br \/>\n3.2.1. La importancia de la cuenta regresiva en su planificaci\u00f3n.<br \/>\n3.2.2. La cuenta regresiva de un d\u00eda de partido <\/p>\n<p>M\u00d3DULO 4. Servicios de un evento deportivo y sus clientes<br \/>\nUnidad 1. Otros aspectos del evento deportivo<br \/>\n4.1.1. Campos de entrenamiento<br \/>\n4.1.2. Acomodaci\u00f3n<br \/>\n4.1.3. Servicios a los equipos<br \/>\n4.1.4. Hospitalidad<\/p>\n"},{"nombre_del_curso":"Principales \u00e1reas operacionales de un evento deportivo y conclusiones finales ","descripcion_del_curso":"<p>M\u00d3DULO 1. Operaciones de Producci\u00f3n de TV y de Medios<br \/>\nUnidad 1. BRD \u2013 Operaci\u00f3n de Broadcasting \/ Producci\u00f3n de TV<br \/>\n1.1.1. Presentaci\u00f3n, principales objetivos y responsabilidades.<br \/>\n1.1.2. La operaci\u00f3n de TV - diferentes tipos de evento<br \/>\n1.1.3. Especificaciones t\u00e9cnicas de las diferentes \u00e1reas de la operaci\u00f3n de TV<br \/>\n1.1.4. Interacci\u00f3n con otras \u00e1reas operacionales de un evento deportivo.<br \/>\n1.1.5. Gesti\u00f3n de ingresos y egresos del \u00e1rea<br \/>\nUnidad 2. PRE \u2013 Operaci\u00f3n de Medios y Prensa<br \/>\n1.2.1. Presentaci\u00f3n, principales objetivos y responsabilidades.<br \/>\n1.2.2. La operaci\u00f3n de Prensa<br \/>\n1.2.3. Especificaciones t\u00e9cnicas de las diferentes \u00e1reas de la operaci\u00f3n de Prensa<br \/>\n1.2.4. Interacci\u00f3n con otras \u00e1reas operacionales de un evento deportivo.<br \/>\n1.2.5. Gesti\u00f3n de ingresos y egresos del \u00e1rea<br \/>\n1.2.6. Buenas Pr\u00e1cticas para los profesionales involucrados en la operaci\u00f3n de prensa.<br \/>\n1.2.7. Legado, Lecciones Aprendidas \u2013 Debriefing<\/p>\n<p>M\u00d3DULO 2. Operaciones de Transporte y Seguridad<br \/>\nUnidad 1. TRA \u2013 Transporte<br \/>\n2.1.1. Presentaci\u00f3n, principales objetivos y responsabilidades.<br \/>\n2.1.2. La operaci\u00f3n de Transporte<br \/>\n2.1.3. Flota de veh\u00edculos para un evento deportivo<br \/>\n2.1.4. Interacci\u00f3n con otras \u00e1reas operacionales de un evento deportivo<br \/>\n2.1.5. El dise\u00f1o del plan operativo de transporte.<br \/>\n2.1.6. Consideraciones finales<br \/>\nUnidad 2. SEG - Seguridad<br \/>\n2.2.1. Presentaci\u00f3n, principales objetivos y responsabilidades.<br \/>\n2.2.2. La Operaci\u00f3n de seguridad<br \/>\n2.2.3. Interacci\u00f3n con otras \u00e1reas operacionales de un evento deportivo        .<br \/>\n2.2.4. Gesti\u00f3n de ingresos y egresos del \u00e1rea<br \/>\n2.2.5. Legado, Lecciones aprendidas - Debriefing<\/p>\n<p>M\u00d3DULO 3. Operaciones de Arbitraje, \u00e9tica y cumplimiento<br \/>\nUnidad 1. Arbitraje<br \/>\n3.1.1. Presentaci\u00f3n, principales objetivos y responsabilidades.<br \/>\n3.1.2. La Operaci\u00f3n de arbitraje (hoteler\u00eda y log\u00edstica general)<br \/>\n3.1.3. La Operaci\u00f3n del VAR \u2013 Video Assistant Referee<br \/>\nUnidad 2. \u00c9tica y Cumplimiento<br \/>\n3.2.1. Valores y transformaci\u00f3n cultural de la CONMEBOL<br \/>\n3.2.2. Transparencia en la gesti\u00f3n de las contrataciones.<\/p>\n<p>M\u00d3DULO 4. Conclusiones.<br \/>\nUnidad 1. Conclusiones y reflexiones finales del curso <\/p>\n"}],"pdf_brochure":false,"preguntas_frecuentes":false,"titulo":"Planificaci\u00f3n y Organizaci\u00f3n de Eventos Deportivos","docentes_expertos":false,"mostrar_form":false,"mostrar_boton_compra":true,"mostrar_precio":false,"url_cursado_webinar":"","activar_nuevos_banners":false,"mostrar_banner_1":false,"crear_banner_1":{"utilizar_imagen_unica_para_banner":false,"asignar_imagen_unica_para_banner":false,"mostrar_titulo_banner":false,"titulo_para_banner":"","mostrar_subtitulo_banner":false,"subtitulo_del_banner":"","mostrar_cta_banner":false,"texto_cta_banner":"","url_cta_banner":"","fondo_de_color_banner":"","fondo_de_imagen_banner":false,"mostrar_imagen_izquierda_banner":false,"asignar_imagen_izquierda_banner":false},"mostrar_banner_2":false,"crear_banner_2":{"utilizar_imagen_unica_para_banner":false,"asignar_imagen_unica_para_banner":false,"mostrar_titulo_banner":false,"titulo_para_banner":"","mostrar_subtitulo_banner":false,"subtitulo_del_banner":"","mostrar_cta_banner":false,"texto_cta_banner":"","url_cta_banner":"","fondo_de_color_banner":"","fondo_de_imagen_banner":false,"mostrar_imagen_izquierda_banner":false,"asignar_imagen_izquierda_banner":false},"mostrar_banner_3":false,"crear_banner_3":{"utilizar_imagen_unica_para_banner":false,"asignar_imagen_unica_para_banner":false,"mostrar_titulo_banner":false,"titulo_para_banner":"","mostrar_subtitulo_banner":false,"subtitulo_del_banner":"","mostrar_cta_banner":false,"texto_cta_banner":"","url_cta_banner":"","fondo_de_color_banner":"","fondo_de_imagen_banner":false,"mostrar_imagen_izquierda_banner":false,"asignar_imagen_izquierda_banner":false}},"yoast_head":"<!-- This site is optimized with the Yoast SEO plugin v23.0 - https:\/\/yoast.com\/wordpress\/plugins\/seo\/ -->\n<title>Planificaci\u00f3n y Organizaci\u00f3n de Eventos Deportivos - Capabilia<\/title>\n<meta name=\"robots\" content=\"index, follow, max-snippet:-1, max-image-preview:large, max-video-preview:-1\" \/>\n<link rel=\"canonical\" href=\"https:\/\/online.claeh.edu.uy\/en\/product\/planificacion-y-organizacion-de-eventos-deportivos\/\" \/>\n<meta property=\"og:locale\" content=\"en_US\" \/>\n<meta property=\"og:type\" content=\"article\" \/>\n<meta property=\"og:title\" content=\"Planificaci\u00f3n y Organizaci\u00f3n de Eventos Deportivos - Capabilia\" \/>\n<meta property=\"og:description\" content=\"excerpt\" \/>\n<meta property=\"og:url\" content=\"https:\/\/online.claeh.edu.uy\/en\/product\/planificacion-y-organizacion-de-eventos-deportivos\/\" \/>\n<meta property=\"og:site_name\" content=\"Capabilia\" \/>\n<meta property=\"article:modified_time\" content=\"2024-05-21T17:07:39+00:00\" \/>\n<meta name=\"twitter:card\" content=\"summary_large_image\" \/>\n<meta name=\"twitter:label1\" content=\"Est. reading time\" \/>\n\t<meta name=\"twitter:data1\" content=\"1 minute\" \/>\n<script type=\"application\/ld+json\" class=\"yoast-schema-graph\">{\"@context\":\"https:\/\/schema.org\",\"@graph\":[{\"@type\":\"WebPage\",\"@id\":\"https:\/\/online.claeh.edu.uy\/en\/product\/planificacion-y-organizacion-de-eventos-deportivos\/\",\"url\":\"https:\/\/online.claeh.edu.uy\/en\/product\/planificacion-y-organizacion-de-eventos-deportivos\/\",\"name\":\"Planificaci\u00f3n y Organizaci\u00f3n de Eventos Deportivos - Capabilia\",\"isPartOf\":{\"@id\":\"https:\/\/online.claeh.edu.uy\/#website\"},\"datePublished\":\"2024-05-02T14:48:04+00:00\",\"dateModified\":\"2024-05-21T17:07:39+00:00\",\"breadcrumb\":{\"@id\":\"https:\/\/online.claeh.edu.uy\/en\/product\/planificacion-y-organizacion-de-eventos-deportivos\/#breadcrumb\"},\"inLanguage\":\"en-US\",\"potentialAction\":[{\"@type\":\"ReadAction\",\"target\":[\"https:\/\/online.claeh.edu.uy\/en\/product\/planificacion-y-organizacion-de-eventos-deportivos\/\"]}]},{\"@type\":\"BreadcrumbList\",\"@id\":\"https:\/\/online.claeh.edu.uy\/en\/product\/planificacion-y-organizacion-de-eventos-deportivos\/#breadcrumb\",\"itemListElement\":[{\"@type\":\"ListItem\",\"position\":1,\"name\":\"Productos\",\"item\":\"https:\/\/online.claeh.edu.uy\/en\/product\/\"},{\"@type\":\"ListItem\",\"position\":2,\"name\":\"Planificaci\u00f3n y Organizaci\u00f3n de Eventos Deportivos\"}]},{\"@type\":\"WebSite\",\"@id\":\"https:\/\/online.claeh.edu.uy\/#website\",\"url\":\"https:\/\/online.claeh.edu.uy\/\",\"name\":\"Capabilia\",\"description\":\"\",\"potentialAction\":[{\"@type\":\"SearchAction\",\"target\":{\"@type\":\"EntryPoint\",\"urlTemplate\":\"https:\/\/online.claeh.edu.uy\/?s={search_term_string}\"},\"query-input\":\"required name=search_term_string\"}],\"inLanguage\":\"en-US\"}]}<\/script>\n<!-- \/ Yoast SEO plugin. -->","yoast_head_json":{"title":"Planificaci\u00f3n y Organizaci\u00f3n de Eventos Deportivos - Capabilia","robots":{"index":"index","follow":"follow","max-snippet":"max-snippet:-1","max-image-preview":"max-image-preview:large","max-video-preview":"max-video-preview:-1"},"canonical":"https:\/\/online.claeh.edu.uy\/en\/product\/planificacion-y-organizacion-de-eventos-deportivos\/","og_locale":"en_US","og_type":"article","og_title":"Planificaci\u00f3n y Organizaci\u00f3n de Eventos Deportivos - Capabilia","og_description":"excerpt","og_url":"https:\/\/online.claeh.edu.uy\/en\/product\/planificacion-y-organizacion-de-eventos-deportivos\/","og_site_name":"Capabilia","article_modified_time":"2024-05-21T17:07:39+00:00","twitter_card":"summary_large_image","twitter_misc":{"Est. reading time":"1 minute"},"schema":{"@context":"https:\/\/schema.org","@graph":[{"@type":"WebPage","@id":"https:\/\/online.claeh.edu.uy\/en\/product\/planificacion-y-organizacion-de-eventos-deportivos\/","url":"https:\/\/online.claeh.edu.uy\/en\/product\/planificacion-y-organizacion-de-eventos-deportivos\/","name":"Planificaci\u00f3n y Organizaci\u00f3n de Eventos Deportivos - Capabilia","isPartOf":{"@id":"https:\/\/online.claeh.edu.uy\/#website"},"datePublished":"2024-05-02T14:48:04+00:00","dateModified":"2024-05-21T17:07:39+00:00","breadcrumb":{"@id":"https:\/\/online.claeh.edu.uy\/en\/product\/planificacion-y-organizacion-de-eventos-deportivos\/#breadcrumb"},"inLanguage":"en-US","potentialAction":[{"@type":"ReadAction","target":["https:\/\/online.claeh.edu.uy\/en\/product\/planificacion-y-organizacion-de-eventos-deportivos\/"]}]},{"@type":"BreadcrumbList","@id":"https:\/\/online.claeh.edu.uy\/en\/product\/planificacion-y-organizacion-de-eventos-deportivos\/#breadcrumb","itemListElement":[{"@type":"ListItem","position":1,"name":"Productos","item":"https:\/\/online.claeh.edu.uy\/en\/product\/"},{"@type":"ListItem","position":2,"name":"Planificaci\u00f3n y Organizaci\u00f3n de Eventos Deportivos"}]},{"@type":"WebSite","@id":"https:\/\/online.claeh.edu.uy\/#website","url":"https:\/\/online.claeh.edu.uy\/","name":"Capabilia","description":"","potentialAction":[{"@type":"SearchAction","target":{"@type":"EntryPoint","urlTemplate":"https:\/\/online.claeh.edu.uy\/?s={search_term_string}"},"query-input":"required name=search_term_string"}],"inLanguage":"en-US"}]}},"idiomas":{"en":1615,"es":1614},"_links":{"self":[{"href":"https:\/\/online.claeh.edu.uy\/en\/wp-json\/wp\/v2\/products\/1615"}],"collection":[{"href":"https:\/\/online.claeh.edu.uy\/en\/wp-json\/wp\/v2\/products"}],"about":[{"href":"https:\/\/online.claeh.edu.uy\/en\/wp-json\/wp\/v2\/types\/product"}],"author":[{"embeddable":true,"href":"https:\/\/online.claeh.edu.uy\/en\/wp-json\/wp\/v2\/users\/3"}],"replies":[{"embeddable":true,"href":"https:\/\/online.claeh.edu.uy\/en\/wp-json\/wp\/v2\/comments?post=1615"}],"version-history":[{"count":1,"href":"https:\/\/online.claeh.edu.uy\/en\/wp-json\/wp\/v2\/products\/1615\/revisions"}],"predecessor-version":[{"id":1682,"href":"https:\/\/online.claeh.edu.uy\/en\/wp-json\/wp\/v2\/products\/1615\/revisions\/1682"}],"wp:attachment":[{"href":"https:\/\/online.claeh.edu.uy\/en\/wp-json\/wp\/v2\/media?parent=1615"}],"wp:term":[{"taxonomy":"category","embeddable":true,"href":"https:\/\/online.claeh.edu.uy\/en\/wp-json\/wp\/v2\/categories?post=1615"}],"curies":[{"name":"wp","href":"https:\/\/api.w.org\/{rel}","templated":true}]}}