{"id":1617,"date":"2024-05-21T17:08:39","date_gmt":"2024-05-21T17:08:39","guid":{"rendered":"https:\/\/online.claeh.edu.uy\/?post_type=product&#038;p=1617"},"modified":"2024-05-21T17:08:39","modified_gmt":"2024-05-21T17:08:39","slug":"herramientas-de-liderazgo-para-mujeres-en-gestion-y-direccion-en-la-industria-del-deporte","status":"publish","type":"product","link":"https:\/\/online.claeh.edu.uy\/en\/product\/herramientas-de-liderazgo-para-mujeres-en-gestion-y-direccion-en-la-industria-del-deporte\/","title":{"rendered":"Herramientas de Liderazgo para Mujeres en Gesti\u00f3n y Direcci\u00f3n en la Industria del Deporte"},"content":{"rendered":"<p>contenido<\/p>\n","protected":false},"excerpt":{"rendered":"<p>excerpt<\/p>\n","protected":false},"author":3,"featured_media":0,"comment_status":"open","ping_status":"closed","template":"","meta":{"_acf_changed":false,"footnotes":""},"categories":[16],"class_list":["post-1617","product","type-product","status-publish","hentry","category-producto-claeh-en"],"acf":{"external_id":"2220","titulo_curso":"Herramientas de Liderazgo para Mujeres en Gesti\u00f3n y Direcci\u00f3n en la Industria del Deporte","precio":"120 usd","impartido_en":"Castellano","id_magento":"","hubspot_product_id":"","imagen_destacada":"https:\/\/static.capabiliaserver.com\/frontend\/clients\/claeh\/wp_prod\/wp-content\/uploads\/28e02d74-herramientas-de-liderazgo-para-mujeres-en-gestion-y-direccion-en-la-industria-del-deporte-1.png","header_image":"https:\/\/static.capabiliaserver.com\/frontend\/clients\/claeh\/wp_prod\/wp-content\/uploads\/28e02d74-herramientas-de-liderazgo-para-mujeres-en-gestion-y-direccion-en-la-industria-del-deporte-1.png","precio_en_cuotas":"","precio_de_lista":"","promocion_vigente":"","duracion_del_curso":"1 mes ","tipo_de_programa":"Curso","fecha_de_inicio":"","segunda_fecha_de_inicio":"","zona_horaria":"America\/Argentina\/Buenos_Aires","nivel_del_curso":"Intermedio","modalidad":"Online","dedicacion":"Herramientas de Liderazgo para Mujeres en Gesti\u00f3n y Direcci\u00f3n en la Industria del Deporte","contenido":"<p>El programa de formaci\u00f3n en Herramientas de Liderazgo para Mujeres en Gesti\u00f3n y Direcci\u00f3n en la Industria del Deporte CONMEBOL es un programa orientado a la capacitaci\u00f3n de mujeres que buscan ocupar posiciones de liderazgo en los estamentos y entidades del f\u00fatbol.<\/p>\n<p>El objetivo es brindar herramientas espec\u00edficas de participaci\u00f3n y conducci\u00f3n dentro de las organizaciones para el logro de todas las metas propuestas, maximizando el talento individual. El acceso de las mujeres al mundo de las corporaciones ha tenido un aumento de manera gradual en las \u00faltimas d\u00e9cadas. <\/p>\n<p>El empoderamiento de su rol en las distintas funciones de la empresa logra ser visibilizado desde sus competencias genuinas, como el planteamiento de la conducci\u00f3n horizontal, que permite el liderazgo inclusivo y participativo. La conducci\u00f3n de la mujer en las organizaciones est\u00e1 orientada a los procesos, la cooperaci\u00f3n y el trabajo colaborativo. <\/p>\n<p>En los \u00faltimos a\u00f1os, donde el dominio de lo emocional merece una atenci\u00f3n vital, es la mujer en roles de liderazgo quien enfoca y empatiza asertivamente el trabajo en equipo, con flexible capacidad para el cambio en los entornos de resoluci\u00f3n de conflictos y gesti\u00f3n de crisis. El mundo en general, y el futbol en particular en todos sus estamentos, est\u00e1 generando espacios de poder para ser ocupados por la mujer. <\/p>\n<p>Es nuestra responsabilidad como mujeres ocupar esos espacios con las capacidades y habilidades necesarias para realizarlo con \u00e9xito y generar asi los cambios que la sociedad y el futbol demandan. Cada vez con mayor velocidad, se viene demandando desde diversos sectores la equidad de g\u00e9nero en los \u00e1mbitos laborales.<\/p>\n<p>El futbol no es ajeno a esta realidad y, consecuentemente, se han ido generando cada vez con mayor velocidad los espacios para cumplir con el reclamo de igualdad de g\u00e9nero. Es por ello que debemos entrenarnos y capacitarnos para que los espacios sean bien ganados y sigamos ocupando los mismos desde el conocimiento y la capacidad.<\/p>\n","avalado_por":false,"cursos_que_lo_componen":[{"nombre_del_curso":"Herramientas de Liderazgo para Mujeres en Gesti\u00f3n y Direcci\u00f3n en la Industria del Deporte","descripcion_del_curso":"<p>M\u00d3DULO 1. La construcci\u00f3n del liderazgo femenino en las instituciones<br \/>\nM\u00d3DULO 2. Autoconocimiento<br \/>\nM\u00d3DULO 3. Comunicaci\u00f3n<br \/>\nM\u00d3DULO 4. Negociaci\u00f3n<\/p>\n"}],"pdf_brochure":false,"preguntas_frecuentes":false,"titulo":"Herramientas de Liderazgo para Mujeres en Gesti\u00f3n y Direcci\u00f3n en la Industria del Deporte","docentes_expertos":false,"mostrar_form":false,"mostrar_boton_compra":true,"mostrar_precio":false,"url_cursado_webinar":"","activar_nuevos_banners":false,"mostrar_banner_1":false,"crear_banner_1":{"utilizar_imagen_unica_para_banner":false,"asignar_imagen_unica_para_banner":false,"mostrar_titulo_banner":false,"titulo_para_banner":"","mostrar_subtitulo_banner":false,"subtitulo_del_banner":"","mostrar_cta_banner":false,"texto_cta_banner":"","url_cta_banner":"","fondo_de_color_banner":"","fondo_de_imagen_banner":false,"mostrar_imagen_izquierda_banner":false,"asignar_imagen_izquierda_banner":false},"mostrar_banner_2":false,"crear_banner_2":{"utilizar_imagen_unica_para_banner":false,"asignar_imagen_unica_para_banner":false,"mostrar_titulo_banner":false,"titulo_para_banner":"","mostrar_subtitulo_banner":false,"subtitulo_del_banner":"","mostrar_cta_banner":false,"texto_cta_banner":"","url_cta_banner":"","fondo_de_color_banner":"","fondo_de_imagen_banner":false,"mostrar_imagen_izquierda_banner":false,"asignar_imagen_izquierda_banner":false},"mostrar_banner_3":false,"crear_banner_3":{"utilizar_imagen_unica_para_banner":false,"asignar_imagen_unica_para_banner":false,"mostrar_titulo_banner":false,"titulo_para_banner":"","mostrar_subtitulo_banner":false,"subtitulo_del_banner":"","mostrar_cta_banner":false,"texto_cta_banner":"","url_cta_banner":"","fondo_de_color_banner":"","fondo_de_imagen_banner":false,"mostrar_imagen_izquierda_banner":false,"asignar_imagen_izquierda_banner":false}},"yoast_head":"<!-- This site is optimized with the Yoast SEO plugin v23.0 - https:\/\/yoast.com\/wordpress\/plugins\/seo\/ -->\n<title>Herramientas de Liderazgo para Mujeres en Gesti\u00f3n y Direcci\u00f3n en la Industria del Deporte - Capabilia<\/title>\n<meta name=\"robots\" content=\"index, follow, max-snippet:-1, max-image-preview:large, max-video-preview:-1\" \/>\n<link rel=\"canonical\" href=\"https:\/\/online.claeh.edu.uy\/en\/product\/herramientas-de-liderazgo-para-mujeres-en-gestion-y-direccion-en-la-industria-del-deporte\/\" \/>\n<meta property=\"og:locale\" content=\"en_US\" \/>\n<meta property=\"og:type\" content=\"article\" \/>\n<meta property=\"og:title\" content=\"Herramientas de Liderazgo para Mujeres en Gesti\u00f3n y Direcci\u00f3n en la Industria del Deporte - Capabilia\" \/>\n<meta property=\"og:description\" content=\"excerpt\" \/>\n<meta property=\"og:url\" content=\"https:\/\/online.claeh.edu.uy\/en\/product\/herramientas-de-liderazgo-para-mujeres-en-gestion-y-direccion-en-la-industria-del-deporte\/\" \/>\n<meta property=\"og:site_name\" content=\"Capabilia\" \/>\n<meta name=\"twitter:card\" content=\"summary_large_image\" \/>\n<meta name=\"twitter:label1\" content=\"Est. reading time\" \/>\n\t<meta name=\"twitter:data1\" content=\"1 minute\" \/>\n<script type=\"application\/ld+json\" class=\"yoast-schema-graph\">{\"@context\":\"https:\/\/schema.org\",\"@graph\":[{\"@type\":\"WebPage\",\"@id\":\"https:\/\/online.claeh.edu.uy\/en\/product\/herramientas-de-liderazgo-para-mujeres-en-gestion-y-direccion-en-la-industria-del-deporte\/\",\"url\":\"https:\/\/online.claeh.edu.uy\/en\/product\/herramientas-de-liderazgo-para-mujeres-en-gestion-y-direccion-en-la-industria-del-deporte\/\",\"name\":\"Herramientas de Liderazgo para Mujeres en Gesti\u00f3n y Direcci\u00f3n en la Industria del Deporte - Capabilia\",\"isPartOf\":{\"@id\":\"https:\/\/online.claeh.edu.uy\/#website\"},\"datePublished\":\"2024-05-21T17:08:39+00:00\",\"dateModified\":\"2024-05-21T17:08:39+00:00\",\"breadcrumb\":{\"@id\":\"https:\/\/online.claeh.edu.uy\/en\/product\/herramientas-de-liderazgo-para-mujeres-en-gestion-y-direccion-en-la-industria-del-deporte\/#breadcrumb\"},\"inLanguage\":\"en-US\",\"potentialAction\":[{\"@type\":\"ReadAction\",\"target\":[\"https:\/\/online.claeh.edu.uy\/en\/product\/herramientas-de-liderazgo-para-mujeres-en-gestion-y-direccion-en-la-industria-del-deporte\/\"]}]},{\"@type\":\"BreadcrumbList\",\"@id\":\"https:\/\/online.claeh.edu.uy\/en\/product\/herramientas-de-liderazgo-para-mujeres-en-gestion-y-direccion-en-la-industria-del-deporte\/#breadcrumb\",\"itemListElement\":[{\"@type\":\"ListItem\",\"position\":1,\"name\":\"Productos\",\"item\":\"https:\/\/online.claeh.edu.uy\/en\/product\/\"},{\"@type\":\"ListItem\",\"position\":2,\"name\":\"Herramientas de Liderazgo para Mujeres en Gesti\u00f3n y Direcci\u00f3n en la Industria del Deporte\"}]},{\"@type\":\"WebSite\",\"@id\":\"https:\/\/online.claeh.edu.uy\/#website\",\"url\":\"https:\/\/online.claeh.edu.uy\/\",\"name\":\"Capabilia\",\"description\":\"\",\"potentialAction\":[{\"@type\":\"SearchAction\",\"target\":{\"@type\":\"EntryPoint\",\"urlTemplate\":\"https:\/\/online.claeh.edu.uy\/?s={search_term_string}\"},\"query-input\":\"required name=search_term_string\"}],\"inLanguage\":\"en-US\"}]}<\/script>\n<!-- \/ Yoast SEO plugin. -->","yoast_head_json":{"title":"Herramientas de Liderazgo para Mujeres en Gesti\u00f3n y Direcci\u00f3n en la Industria del Deporte - Capabilia","robots":{"index":"index","follow":"follow","max-snippet":"max-snippet:-1","max-image-preview":"max-image-preview:large","max-video-preview":"max-video-preview:-1"},"canonical":"https:\/\/online.claeh.edu.uy\/en\/product\/herramientas-de-liderazgo-para-mujeres-en-gestion-y-direccion-en-la-industria-del-deporte\/","og_locale":"en_US","og_type":"article","og_title":"Herramientas de Liderazgo para Mujeres en Gesti\u00f3n y Direcci\u00f3n en la Industria del Deporte - Capabilia","og_description":"excerpt","og_url":"https:\/\/online.claeh.edu.uy\/en\/product\/herramientas-de-liderazgo-para-mujeres-en-gestion-y-direccion-en-la-industria-del-deporte\/","og_site_name":"Capabilia","twitter_card":"summary_large_image","twitter_misc":{"Est. reading time":"1 minute"},"schema":{"@context":"https:\/\/schema.org","@graph":[{"@type":"WebPage","@id":"https:\/\/online.claeh.edu.uy\/en\/product\/herramientas-de-liderazgo-para-mujeres-en-gestion-y-direccion-en-la-industria-del-deporte\/","url":"https:\/\/online.claeh.edu.uy\/en\/product\/herramientas-de-liderazgo-para-mujeres-en-gestion-y-direccion-en-la-industria-del-deporte\/","name":"Herramientas de Liderazgo para Mujeres en Gesti\u00f3n y Direcci\u00f3n en la Industria del Deporte - Capabilia","isPartOf":{"@id":"https:\/\/online.claeh.edu.uy\/#website"},"datePublished":"2024-05-21T17:08:39+00:00","dateModified":"2024-05-21T17:08:39+00:00","breadcrumb":{"@id":"https:\/\/online.claeh.edu.uy\/en\/product\/herramientas-de-liderazgo-para-mujeres-en-gestion-y-direccion-en-la-industria-del-deporte\/#breadcrumb"},"inLanguage":"en-US","potentialAction":[{"@type":"ReadAction","target":["https:\/\/online.claeh.edu.uy\/en\/product\/herramientas-de-liderazgo-para-mujeres-en-gestion-y-direccion-en-la-industria-del-deporte\/"]}]},{"@type":"BreadcrumbList","@id":"https:\/\/online.claeh.edu.uy\/en\/product\/herramientas-de-liderazgo-para-mujeres-en-gestion-y-direccion-en-la-industria-del-deporte\/#breadcrumb","itemListElement":[{"@type":"ListItem","position":1,"name":"Productos","item":"https:\/\/online.claeh.edu.uy\/en\/product\/"},{"@type":"ListItem","position":2,"name":"Herramientas de Liderazgo para Mujeres en Gesti\u00f3n y Direcci\u00f3n en la Industria del Deporte"}]},{"@type":"WebSite","@id":"https:\/\/online.claeh.edu.uy\/#website","url":"https:\/\/online.claeh.edu.uy\/","name":"Capabilia","description":"","potentialAction":[{"@type":"SearchAction","target":{"@type":"EntryPoint","urlTemplate":"https:\/\/online.claeh.edu.uy\/?s={search_term_string}"},"query-input":"required name=search_term_string"}],"inLanguage":"en-US"}]}},"idiomas":{"en":1617,"es":1616},"_links":{"self":[{"href":"https:\/\/online.claeh.edu.uy\/en\/wp-json\/wp\/v2\/products\/1617"}],"collection":[{"href":"https:\/\/online.claeh.edu.uy\/en\/wp-json\/wp\/v2\/products"}],"about":[{"href":"https:\/\/online.claeh.edu.uy\/en\/wp-json\/wp\/v2\/types\/product"}],"author":[{"embeddable":true,"href":"https:\/\/online.claeh.edu.uy\/en\/wp-json\/wp\/v2\/users\/3"}],"replies":[{"embeddable":true,"href":"https:\/\/online.claeh.edu.uy\/en\/wp-json\/wp\/v2\/comments?post=1617"}],"version-history":[{"count":1,"href":"https:\/\/online.claeh.edu.uy\/en\/wp-json\/wp\/v2\/products\/1617\/revisions"}],"predecessor-version":[{"id":1685,"href":"https:\/\/online.claeh.edu.uy\/en\/wp-json\/wp\/v2\/products\/1617\/revisions\/1685"}],"wp:attachment":[{"href":"https:\/\/online.claeh.edu.uy\/en\/wp-json\/wp\/v2\/media?parent=1617"}],"wp:term":[{"taxonomy":"category","embeddable":true,"href":"https:\/\/online.claeh.edu.uy\/en\/wp-json\/wp\/v2\/categories?post=1617"}],"curies":[{"name":"wp","href":"https:\/\/api.w.org\/{rel}","templated":true}]}}