{"id":1619,"date":"2024-05-21T17:09:56","date_gmt":"2024-05-21T17:09:56","guid":{"rendered":"https:\/\/online.claeh.edu.uy\/?post_type=product&#038;p=1619"},"modified":"2024-05-21T17:09:56","modified_gmt":"2024-05-21T17:09:56","slug":"origen-y-desarrollo-del-arbitraje","status":"publish","type":"product","link":"https:\/\/online.claeh.edu.uy\/en\/product\/origen-y-desarrollo-del-arbitraje\/","title":{"rendered":"Origen y Desarrollo del Arbitraje"},"content":{"rendered":"<p>contenido<\/p>\n\n\n<p><\/p>\n","protected":false},"excerpt":{"rendered":"<p>excerpt<\/p>\n","protected":false},"author":3,"featured_media":0,"comment_status":"open","ping_status":"closed","template":"","meta":{"_acf_changed":false,"footnotes":""},"categories":[16],"class_list":["post-1619","product","type-product","status-publish","hentry","category-producto-claeh-en"],"acf":{"external_id":"2221","titulo_curso":"Origen y Desarrollo del Arbitraje","precio":"120 usd","impartido_en":"Castellano","id_magento":"","hubspot_product_id":"","imagen_destacada":"https:\/\/static.capabiliaserver.com\/frontend\/clients\/claeh\/wp_prod\/wp-content\/uploads\/6b69e7f0-origen-y-desarrollo-del-arbitraje-1.png","header_image":"https:\/\/static.capabiliaserver.com\/frontend\/clients\/claeh\/wp_prod\/wp-content\/uploads\/6b69e7f0-origen-y-desarrollo-del-arbitraje-1.png","precio_en_cuotas":"","precio_de_lista":"","promocion_vigente":"","duracion_del_curso":"1 mes ","tipo_de_programa":"Curso ","fecha_de_inicio":"","segunda_fecha_de_inicio":"","zona_horaria":"America\/Argentina\/Buenos_Aires","nivel_del_curso":"Intermedio","modalidad":"Online","dedicacion":"Origen y Desarrollo del Arbitraje","contenido":"<p>En el mundo deportivo actual, debido principalmente a su vertiginoso desarrollo, se hace necesario estar actualizado en las nuevas metodolog\u00edas y tecnolog\u00edas en las formas de trabajar. Esto no es ajeno al arbitraje: se deben proporcionar las herramientas, conocimientos espec\u00edficos y funcionales para lograr objetivos al respecto. Asimismo, cada vez m\u00e1s los actores del deporte, junto con la opini\u00f3n p\u00fablica, exigen poder comprender y acercarse a este segmento de gran importancia en el f\u00fatbol que es el arbitraje.<\/p>\n","avalado_por":false,"cursos_que_lo_componen":[{"nombre_del_curso":"Origen y Desarrollo del Arbitraje","descripcion_del_curso":"<p>M\u00f3dulo 1. Historia del arbitraje<br \/>\nM\u00f3dulo 2. Reglas del juego<br \/>\nM\u00f3dulo 3. Estructura y organizaci\u00f3n arbitral<br \/>\nModulo 4. Tecnolog\u00eda en el arbitraje<\/p>\n"}],"pdf_brochure":false,"preguntas_frecuentes":false,"titulo":"Origen y Desarrollo del Arbitraje","docentes_expertos":false,"mostrar_form":false,"mostrar_boton_compra":true,"mostrar_precio":false,"url_cursado_webinar":"","activar_nuevos_banners":false,"mostrar_banner_1":false,"crear_banner_1":{"utilizar_imagen_unica_para_banner":false,"asignar_imagen_unica_para_banner":false,"mostrar_titulo_banner":false,"titulo_para_banner":"","mostrar_subtitulo_banner":false,"subtitulo_del_banner":"","mostrar_cta_banner":false,"texto_cta_banner":"","url_cta_banner":"","fondo_de_color_banner":"","fondo_de_imagen_banner":false,"mostrar_imagen_izquierda_banner":false,"asignar_imagen_izquierda_banner":false},"mostrar_banner_2":false,"crear_banner_2":{"utilizar_imagen_unica_para_banner":false,"asignar_imagen_unica_para_banner":false,"mostrar_titulo_banner":false,"titulo_para_banner":"","mostrar_subtitulo_banner":false,"subtitulo_del_banner":"","mostrar_cta_banner":false,"texto_cta_banner":"","url_cta_banner":"","fondo_de_color_banner":"","fondo_de_imagen_banner":false,"mostrar_imagen_izquierda_banner":false,"asignar_imagen_izquierda_banner":false},"mostrar_banner_3":false,"crear_banner_3":{"utilizar_imagen_unica_para_banner":false,"asignar_imagen_unica_para_banner":false,"mostrar_titulo_banner":false,"titulo_para_banner":"","mostrar_subtitulo_banner":false,"subtitulo_del_banner":"","mostrar_cta_banner":false,"texto_cta_banner":"","url_cta_banner":"","fondo_de_color_banner":"","fondo_de_imagen_banner":false,"mostrar_imagen_izquierda_banner":false,"asignar_imagen_izquierda_banner":false}},"yoast_head":"<!-- This site is optimized with the Yoast SEO plugin v23.0 - https:\/\/yoast.com\/wordpress\/plugins\/seo\/ -->\n<title>Origen y Desarrollo del Arbitraje - Capabilia<\/title>\n<meta name=\"robots\" content=\"index, follow, max-snippet:-1, max-image-preview:large, max-video-preview:-1\" \/>\n<link rel=\"canonical\" href=\"https:\/\/online.claeh.edu.uy\/en\/product\/origen-y-desarrollo-del-arbitraje\/\" \/>\n<meta property=\"og:locale\" content=\"en_US\" \/>\n<meta property=\"og:type\" content=\"article\" \/>\n<meta property=\"og:title\" content=\"Origen y Desarrollo del Arbitraje - Capabilia\" \/>\n<meta property=\"og:description\" content=\"excerpt\" \/>\n<meta property=\"og:url\" content=\"https:\/\/online.claeh.edu.uy\/en\/product\/origen-y-desarrollo-del-arbitraje\/\" \/>\n<meta property=\"og:site_name\" content=\"Capabilia\" \/>\n<meta name=\"twitter:card\" content=\"summary_large_image\" \/>\n<meta name=\"twitter:label1\" content=\"Est. reading time\" \/>\n\t<meta name=\"twitter:data1\" content=\"1 minute\" \/>\n<script type=\"application\/ld+json\" class=\"yoast-schema-graph\">{\"@context\":\"https:\/\/schema.org\",\"@graph\":[{\"@type\":\"WebPage\",\"@id\":\"https:\/\/online.claeh.edu.uy\/en\/product\/origen-y-desarrollo-del-arbitraje\/\",\"url\":\"https:\/\/online.claeh.edu.uy\/en\/product\/origen-y-desarrollo-del-arbitraje\/\",\"name\":\"Origen y Desarrollo del Arbitraje - Capabilia\",\"isPartOf\":{\"@id\":\"https:\/\/online.claeh.edu.uy\/#website\"},\"datePublished\":\"2024-05-21T17:09:56+00:00\",\"dateModified\":\"2024-05-21T17:09:56+00:00\",\"breadcrumb\":{\"@id\":\"https:\/\/online.claeh.edu.uy\/en\/product\/origen-y-desarrollo-del-arbitraje\/#breadcrumb\"},\"inLanguage\":\"en-US\",\"potentialAction\":[{\"@type\":\"ReadAction\",\"target\":[\"https:\/\/online.claeh.edu.uy\/en\/product\/origen-y-desarrollo-del-arbitraje\/\"]}]},{\"@type\":\"BreadcrumbList\",\"@id\":\"https:\/\/online.claeh.edu.uy\/en\/product\/origen-y-desarrollo-del-arbitraje\/#breadcrumb\",\"itemListElement\":[{\"@type\":\"ListItem\",\"position\":1,\"name\":\"Productos\",\"item\":\"https:\/\/online.claeh.edu.uy\/en\/product\/\"},{\"@type\":\"ListItem\",\"position\":2,\"name\":\"Origen y Desarrollo del Arbitraje\"}]},{\"@type\":\"WebSite\",\"@id\":\"https:\/\/online.claeh.edu.uy\/#website\",\"url\":\"https:\/\/online.claeh.edu.uy\/\",\"name\":\"Capabilia\",\"description\":\"\",\"potentialAction\":[{\"@type\":\"SearchAction\",\"target\":{\"@type\":\"EntryPoint\",\"urlTemplate\":\"https:\/\/online.claeh.edu.uy\/?s={search_term_string}\"},\"query-input\":\"required name=search_term_string\"}],\"inLanguage\":\"en-US\"}]}<\/script>\n<!-- \/ Yoast SEO plugin. -->","yoast_head_json":{"title":"Origen y Desarrollo del Arbitraje - Capabilia","robots":{"index":"index","follow":"follow","max-snippet":"max-snippet:-1","max-image-preview":"max-image-preview:large","max-video-preview":"max-video-preview:-1"},"canonical":"https:\/\/online.claeh.edu.uy\/en\/product\/origen-y-desarrollo-del-arbitraje\/","og_locale":"en_US","og_type":"article","og_title":"Origen y Desarrollo del Arbitraje - Capabilia","og_description":"excerpt","og_url":"https:\/\/online.claeh.edu.uy\/en\/product\/origen-y-desarrollo-del-arbitraje\/","og_site_name":"Capabilia","twitter_card":"summary_large_image","twitter_misc":{"Est. reading time":"1 minute"},"schema":{"@context":"https:\/\/schema.org","@graph":[{"@type":"WebPage","@id":"https:\/\/online.claeh.edu.uy\/en\/product\/origen-y-desarrollo-del-arbitraje\/","url":"https:\/\/online.claeh.edu.uy\/en\/product\/origen-y-desarrollo-del-arbitraje\/","name":"Origen y Desarrollo del Arbitraje - Capabilia","isPartOf":{"@id":"https:\/\/online.claeh.edu.uy\/#website"},"datePublished":"2024-05-21T17:09:56+00:00","dateModified":"2024-05-21T17:09:56+00:00","breadcrumb":{"@id":"https:\/\/online.claeh.edu.uy\/en\/product\/origen-y-desarrollo-del-arbitraje\/#breadcrumb"},"inLanguage":"en-US","potentialAction":[{"@type":"ReadAction","target":["https:\/\/online.claeh.edu.uy\/en\/product\/origen-y-desarrollo-del-arbitraje\/"]}]},{"@type":"BreadcrumbList","@id":"https:\/\/online.claeh.edu.uy\/en\/product\/origen-y-desarrollo-del-arbitraje\/#breadcrumb","itemListElement":[{"@type":"ListItem","position":1,"name":"Productos","item":"https:\/\/online.claeh.edu.uy\/en\/product\/"},{"@type":"ListItem","position":2,"name":"Origen y Desarrollo del Arbitraje"}]},{"@type":"WebSite","@id":"https:\/\/online.claeh.edu.uy\/#website","url":"https:\/\/online.claeh.edu.uy\/","name":"Capabilia","description":"","potentialAction":[{"@type":"SearchAction","target":{"@type":"EntryPoint","urlTemplate":"https:\/\/online.claeh.edu.uy\/?s={search_term_string}"},"query-input":"required name=search_term_string"}],"inLanguage":"en-US"}]}},"idiomas":{"en":1619,"es":1618},"_links":{"self":[{"href":"https:\/\/online.claeh.edu.uy\/en\/wp-json\/wp\/v2\/products\/1619"}],"collection":[{"href":"https:\/\/online.claeh.edu.uy\/en\/wp-json\/wp\/v2\/products"}],"about":[{"href":"https:\/\/online.claeh.edu.uy\/en\/wp-json\/wp\/v2\/types\/product"}],"author":[{"embeddable":true,"href":"https:\/\/online.claeh.edu.uy\/en\/wp-json\/wp\/v2\/users\/3"}],"replies":[{"embeddable":true,"href":"https:\/\/online.claeh.edu.uy\/en\/wp-json\/wp\/v2\/comments?post=1619"}],"version-history":[{"count":1,"href":"https:\/\/online.claeh.edu.uy\/en\/wp-json\/wp\/v2\/products\/1619\/revisions"}],"predecessor-version":[{"id":1693,"href":"https:\/\/online.claeh.edu.uy\/en\/wp-json\/wp\/v2\/products\/1619\/revisions\/1693"}],"wp:attachment":[{"href":"https:\/\/online.claeh.edu.uy\/en\/wp-json\/wp\/v2\/media?parent=1619"}],"wp:term":[{"taxonomy":"category","embeddable":true,"href":"https:\/\/online.claeh.edu.uy\/en\/wp-json\/wp\/v2\/categories?post=1619"}],"curies":[{"name":"wp","href":"https:\/\/api.w.org\/{rel}","templated":true}]}}