{"id":1625,"date":"2024-05-21T17:13:47","date_gmt":"2024-05-21T17:13:47","guid":{"rendered":"https:\/\/online.claeh.edu.uy\/?post_type=product&#038;p=1625"},"modified":"2024-05-21T17:13:47","modified_gmt":"2024-05-21T17:13:47","slug":"certificado-de-gestion-deportiva","status":"publish","type":"product","link":"https:\/\/online.claeh.edu.uy\/en\/product\/certificado-de-gestion-deportiva\/","title":{"rendered":"Certificado de Gesti\u00f3n Deportiva"},"content":{"rendered":"<p>contenido<\/p>\n","protected":false},"excerpt":{"rendered":"<p>excerpt<\/p>\n","protected":false},"author":3,"featured_media":0,"comment_status":"open","ping_status":"closed","template":"","meta":{"_acf_changed":false,"footnotes":""},"categories":[16],"class_list":["post-1625","product","type-product","status-publish","hentry","category-producto-claeh-en"],"acf":{"external_id":"2224","titulo_curso":"Certificado de Gesti\u00f3n Deportiva","precio":"400 usd","impartido_en":"Castellano","id_magento":"","hubspot_product_id":"","imagen_destacada":"https:\/\/static.capabiliaserver.com\/frontend\/clients\/claeh\/wp_prod\/wp-content\/uploads\/2b1a8866-diseno-sin-titulo-12-1.png","header_image":"https:\/\/static.capabiliaserver.com\/frontend\/clients\/claeh\/wp_prod\/wp-content\/uploads\/2b1a8866-diseno-sin-titulo-12-1.png","precio_en_cuotas":"","precio_de_lista":"","promocion_vigente":"","duracion_del_curso":"4 meses","tipo_de_programa":"Diplomado","fecha_de_inicio":"","segunda_fecha_de_inicio":"","zona_horaria":"America\/Argentina\/Buenos_Aires","nivel_del_curso":"Intermedio","modalidad":"Online ","dedicacion":"Certificado de Gesti\u00f3n Deportiva","contenido":"<p>Las instituciones deportivas privadas y pu\u0301blicas atraviesan un profundo cambio. <\/p>\n<p>Profesionalizar las actividades es clave en esta nueva era donde la demanda del medio deportivo, las instituciones y los mismos deportistas exigen otra preparaci\u00f3n dirigencial.<\/p>\n<p>El trabajo en equipo y el liderazgo de grupos, entre otros, son claves para llevar adelante esta evoluci\u00f3n. En este contexto, es cada vez ma\u0301s evidente la necesidad de profesionalizaci\u00f3n de las personas que trabajan en medios deportivos y que esta\u0301n en contacto con instituciones, quienes tienen el desaf\u00edo de absorber la experiencia de las gestiones anteriores para generar nuevas ideas y\/o mejoras en los modelos de entes deportivos. <\/p>\n<p>En respuesta a esta evolucio\u0301n, a las nuevas demandas del mundo del deporte y con el objetivo de fortalecer competencias gerenciales, se presenta el Diplomado en Gesti\u00f3n Deportiva. <\/p>\n<p>Este Diplomado te va a permitir desarrollar las competencias necesarias para detectar los problemas de una entidad deportiva, los caminos hacia las posibles soluciones, do\u0301nde buscarlas o co\u0301mo delegarlas, conociendo y comprendiendo los caminos, roles y reglas para poder subsistir en una e\u0301poca muy competitiva, no solo dentro del terreno de juego sino tambie\u0301n lo que mantendra\u0301 el proyecto en el tiempo, que sera\u0301 fuera del mismo.<\/p>\n","avalado_por":false,"cursos_que_lo_componen":[{"nombre_del_curso":"Gesti\u00f3n Deportiva","descripcion_del_curso":"<p>M\u00f3dulo 1: Sujetos del deporte y gesti\u00f3n deportiva.<br \/>\nM\u00f3dulo 2: Planificaci\u00f3n, organizaci\u00f3n y administraci\u00f3n en el deporte.<br \/>\nM\u00f3dulo 3: Las perspectivas econ\u00f3mico financieras del deporte<br \/>\nM\u00f3dulo 4: El control de la gesti\u00f3n deportiva.<\/p>\n"},{"nombre_del_curso":"Coaching y Liderazgo","descripcion_del_curso":"<p>M\u00f3dulo 1: Introducci\u00f3n al Coaching.<br \/>\nM\u00f3dulo 2: El uso del Coaching como proceso de aprendizaje.<br \/>\nM\u00f3dulo 3: El liderazgo eficaz.<br \/>\nM\u00f3dulo 4: El l\u00edder como coach del proceso de cambio en las organizaciones deportivas.<\/p>\n"},{"nombre_del_curso":"Organizaci\u00f3n, Administraci\u00f3n Deportiva y Eventos","descripcion_del_curso":"<p>M\u00f3dulo 1: El deporte y la gesti\u00f3n.<br \/>\nM\u00f3dulo 2: Las organizaciones deportivas.<br \/>\nM\u00f3dulo 3: El gestor deportivo.<br \/>\nM\u00f3dulo 4: Planificaci\u00f3n y eventos.<\/p>\n"},{"nombre_del_curso":"Deportes, Social Media y  Media Training","descripcion_del_curso":"<p>M\u00f3dulo 1: Factores Claves del Social Media.<br \/>\nM\u00f3dulo 2: Gesti\u00f3n en Social Media.<br \/>\nM\u00f3dulo 3: Media training y Social Media training.<br \/>\nM\u00f3dulo 4: Plan de Social Media Deportivo.<\/p>\n"}],"pdf_brochure":false,"preguntas_frecuentes":false,"titulo":"Diplomado en  Gesti\u00f3n Deportiva","docentes_expertos":false,"mostrar_form":false,"mostrar_boton_compra":true,"mostrar_precio":false,"url_cursado_webinar":"","activar_nuevos_banners":false,"mostrar_banner_1":false,"crear_banner_1":{"utilizar_imagen_unica_para_banner":false,"asignar_imagen_unica_para_banner":false,"mostrar_titulo_banner":false,"titulo_para_banner":"","mostrar_subtitulo_banner":false,"subtitulo_del_banner":"","mostrar_cta_banner":false,"texto_cta_banner":"","url_cta_banner":"","fondo_de_color_banner":"","fondo_de_imagen_banner":false,"mostrar_imagen_izquierda_banner":false,"asignar_imagen_izquierda_banner":false},"mostrar_banner_2":false,"crear_banner_2":{"utilizar_imagen_unica_para_banner":false,"asignar_imagen_unica_para_banner":false,"mostrar_titulo_banner":false,"titulo_para_banner":"","mostrar_subtitulo_banner":false,"subtitulo_del_banner":"","mostrar_cta_banner":false,"texto_cta_banner":"","url_cta_banner":"","fondo_de_color_banner":"","fondo_de_imagen_banner":false,"mostrar_imagen_izquierda_banner":false,"asignar_imagen_izquierda_banner":false},"mostrar_banner_3":false,"crear_banner_3":{"utilizar_imagen_unica_para_banner":false,"asignar_imagen_unica_para_banner":false,"mostrar_titulo_banner":false,"titulo_para_banner":"","mostrar_subtitulo_banner":false,"subtitulo_del_banner":"","mostrar_cta_banner":false,"texto_cta_banner":"","url_cta_banner":"","fondo_de_color_banner":"","fondo_de_imagen_banner":false,"mostrar_imagen_izquierda_banner":false,"asignar_imagen_izquierda_banner":false}},"yoast_head":"<!-- This site is optimized with the Yoast SEO plugin v23.0 - https:\/\/yoast.com\/wordpress\/plugins\/seo\/ -->\n<title>Certificado de Gesti\u00f3n Deportiva - Capabilia<\/title>\n<meta name=\"robots\" content=\"index, follow, max-snippet:-1, max-image-preview:large, max-video-preview:-1\" \/>\n<link rel=\"canonical\" href=\"https:\/\/online.claeh.edu.uy\/en\/product\/certificado-de-gestion-deportiva\/\" \/>\n<meta property=\"og:locale\" content=\"en_US\" \/>\n<meta property=\"og:type\" content=\"article\" \/>\n<meta property=\"og:title\" content=\"Certificado de Gesti\u00f3n Deportiva - Capabilia\" \/>\n<meta property=\"og:description\" content=\"excerpt\" \/>\n<meta property=\"og:url\" content=\"https:\/\/online.claeh.edu.uy\/en\/product\/certificado-de-gestion-deportiva\/\" \/>\n<meta property=\"og:site_name\" content=\"Capabilia\" \/>\n<meta name=\"twitter:card\" content=\"summary_large_image\" \/>\n<meta name=\"twitter:label1\" content=\"Est. reading time\" \/>\n\t<meta name=\"twitter:data1\" content=\"1 minute\" \/>\n<script type=\"application\/ld+json\" class=\"yoast-schema-graph\">{\"@context\":\"https:\/\/schema.org\",\"@graph\":[{\"@type\":\"WebPage\",\"@id\":\"https:\/\/online.claeh.edu.uy\/en\/product\/certificado-de-gestion-deportiva\/\",\"url\":\"https:\/\/online.claeh.edu.uy\/en\/product\/certificado-de-gestion-deportiva\/\",\"name\":\"Certificado de Gesti\u00f3n Deportiva - Capabilia\",\"isPartOf\":{\"@id\":\"https:\/\/online.claeh.edu.uy\/#website\"},\"datePublished\":\"2024-05-21T17:13:47+00:00\",\"dateModified\":\"2024-05-21T17:13:47+00:00\",\"breadcrumb\":{\"@id\":\"https:\/\/online.claeh.edu.uy\/en\/product\/certificado-de-gestion-deportiva\/#breadcrumb\"},\"inLanguage\":\"en-US\",\"potentialAction\":[{\"@type\":\"ReadAction\",\"target\":[\"https:\/\/online.claeh.edu.uy\/en\/product\/certificado-de-gestion-deportiva\/\"]}]},{\"@type\":\"BreadcrumbList\",\"@id\":\"https:\/\/online.claeh.edu.uy\/en\/product\/certificado-de-gestion-deportiva\/#breadcrumb\",\"itemListElement\":[{\"@type\":\"ListItem\",\"position\":1,\"name\":\"Productos\",\"item\":\"https:\/\/online.claeh.edu.uy\/en\/product\/\"},{\"@type\":\"ListItem\",\"position\":2,\"name\":\"Certificado de Gesti\u00f3n Deportiva\"}]},{\"@type\":\"WebSite\",\"@id\":\"https:\/\/online.claeh.edu.uy\/#website\",\"url\":\"https:\/\/online.claeh.edu.uy\/\",\"name\":\"Capabilia\",\"description\":\"\",\"potentialAction\":[{\"@type\":\"SearchAction\",\"target\":{\"@type\":\"EntryPoint\",\"urlTemplate\":\"https:\/\/online.claeh.edu.uy\/?s={search_term_string}\"},\"query-input\":\"required name=search_term_string\"}],\"inLanguage\":\"en-US\"}]}<\/script>\n<!-- \/ Yoast SEO plugin. -->","yoast_head_json":{"title":"Certificado de Gesti\u00f3n Deportiva - Capabilia","robots":{"index":"index","follow":"follow","max-snippet":"max-snippet:-1","max-image-preview":"max-image-preview:large","max-video-preview":"max-video-preview:-1"},"canonical":"https:\/\/online.claeh.edu.uy\/en\/product\/certificado-de-gestion-deportiva\/","og_locale":"en_US","og_type":"article","og_title":"Certificado de Gesti\u00f3n Deportiva - Capabilia","og_description":"excerpt","og_url":"https:\/\/online.claeh.edu.uy\/en\/product\/certificado-de-gestion-deportiva\/","og_site_name":"Capabilia","twitter_card":"summary_large_image","twitter_misc":{"Est. reading time":"1 minute"},"schema":{"@context":"https:\/\/schema.org","@graph":[{"@type":"WebPage","@id":"https:\/\/online.claeh.edu.uy\/en\/product\/certificado-de-gestion-deportiva\/","url":"https:\/\/online.claeh.edu.uy\/en\/product\/certificado-de-gestion-deportiva\/","name":"Certificado de Gesti\u00f3n Deportiva - Capabilia","isPartOf":{"@id":"https:\/\/online.claeh.edu.uy\/#website"},"datePublished":"2024-05-21T17:13:47+00:00","dateModified":"2024-05-21T17:13:47+00:00","breadcrumb":{"@id":"https:\/\/online.claeh.edu.uy\/en\/product\/certificado-de-gestion-deportiva\/#breadcrumb"},"inLanguage":"en-US","potentialAction":[{"@type":"ReadAction","target":["https:\/\/online.claeh.edu.uy\/en\/product\/certificado-de-gestion-deportiva\/"]}]},{"@type":"BreadcrumbList","@id":"https:\/\/online.claeh.edu.uy\/en\/product\/certificado-de-gestion-deportiva\/#breadcrumb","itemListElement":[{"@type":"ListItem","position":1,"name":"Productos","item":"https:\/\/online.claeh.edu.uy\/en\/product\/"},{"@type":"ListItem","position":2,"name":"Certificado de Gesti\u00f3n Deportiva"}]},{"@type":"WebSite","@id":"https:\/\/online.claeh.edu.uy\/#website","url":"https:\/\/online.claeh.edu.uy\/","name":"Capabilia","description":"","potentialAction":[{"@type":"SearchAction","target":{"@type":"EntryPoint","urlTemplate":"https:\/\/online.claeh.edu.uy\/?s={search_term_string}"},"query-input":"required name=search_term_string"}],"inLanguage":"en-US"}]}},"idiomas":{"en":1625,"es":1624},"_links":{"self":[{"href":"https:\/\/online.claeh.edu.uy\/en\/wp-json\/wp\/v2\/products\/1625"}],"collection":[{"href":"https:\/\/online.claeh.edu.uy\/en\/wp-json\/wp\/v2\/products"}],"about":[{"href":"https:\/\/online.claeh.edu.uy\/en\/wp-json\/wp\/v2\/types\/product"}],"author":[{"embeddable":true,"href":"https:\/\/online.claeh.edu.uy\/en\/wp-json\/wp\/v2\/users\/3"}],"replies":[{"embeddable":true,"href":"https:\/\/online.claeh.edu.uy\/en\/wp-json\/wp\/v2\/comments?post=1625"}],"version-history":[{"count":1,"href":"https:\/\/online.claeh.edu.uy\/en\/wp-json\/wp\/v2\/products\/1625\/revisions"}],"predecessor-version":[{"id":1716,"href":"https:\/\/online.claeh.edu.uy\/en\/wp-json\/wp\/v2\/products\/1625\/revisions\/1716"}],"wp:attachment":[{"href":"https:\/\/online.claeh.edu.uy\/en\/wp-json\/wp\/v2\/media?parent=1625"}],"wp:term":[{"taxonomy":"category","embeddable":true,"href":"https:\/\/online.claeh.edu.uy\/en\/wp-json\/wp\/v2\/categories?post=1625"}],"curies":[{"name":"wp","href":"https:\/\/api.w.org\/{rel}","templated":true}]}}