{"id":1627,"date":"2024-05-21T17:14:46","date_gmt":"2024-05-21T17:14:46","guid":{"rendered":"https:\/\/online.claeh.edu.uy\/?post_type=product&#038;p=1627"},"modified":"2024-05-21T17:14:46","modified_gmt":"2024-05-21T17:14:46","slug":"gestion-tecnica-del-futbol-profesional","status":"publish","type":"product","link":"https:\/\/online.claeh.edu.uy\/en\/product\/gestion-tecnica-del-futbol-profesional\/","title":{"rendered":"Gesti\u00f3n T\u00e9cnica del F\u00fatbol Profesional"},"content":{"rendered":"<p>contenido<\/p>\n","protected":false},"excerpt":{"rendered":"<p>excerpt<\/p>\n","protected":false},"author":3,"featured_media":0,"comment_status":"open","ping_status":"closed","template":"","meta":{"_acf_changed":false,"footnotes":""},"categories":[16],"class_list":["post-1627","product","type-product","status-publish","hentry","category-producto-claeh-en"],"acf":{"external_id":"2225","titulo_curso":"Gesti\u00f3n T\u00e9cnica del F\u00fatbol Profesional","precio":"120 usd","impartido_en":"Castellano","id_magento":"","hubspot_product_id":"","imagen_destacada":"https:\/\/static.capabiliaserver.com\/frontend\/clients\/claeh\/wp_prod\/wp-content\/uploads\/88b289c3-diseno-sin-titulo-13.png","header_image":"https:\/\/static.capabiliaserver.com\/frontend\/clients\/claeh\/wp_prod\/wp-content\/uploads\/88b289c3-diseno-sin-titulo-13.png","precio_en_cuotas":"","precio_de_lista":"","promocion_vigente":"","duracion_del_curso":"1 mes","tipo_de_programa":"Certificado","fecha_de_inicio":"","segunda_fecha_de_inicio":"","zona_horaria":"America\/Argentina\/Buenos_Aires","nivel_del_curso":"Intermedio","modalidad":"Online","dedicacion":"Gesti\u00f3n T\u00e9cnica del F\u00fatbol Profesional","contenido":"<p>Comprendiendo los r\u00e1pidos cambios que la construcci\u00f3n del conocimiento provoca en el mundo, hemos estructurado un proyecto de formaci\u00f3n que respalda nuestro compromiso y responsabilidad social con los procesos educativos.<\/p>\n<p>En este sentido, el Curso de Gesti\u00f3n T\u00e9cnica del F\u00fatbol Profesional tiene como objetivo formar, transformar e instrumentalizar cualitativamente a los profesionales que desean desempe\u00f1arse en el f\u00fatbol como gestores t\u00e9cnicos, ejecutivos de f\u00fatbol, coordinadores t\u00e9cnicos, directores de f\u00fatbol, as\u00ed como aquellos jugadores que ya trabajan directa o indirectamente en la gesti\u00f3n t\u00e9cnica del deporte m\u00e1s popular del mundo.<\/p>\n","avalado_por":false,"cursos_que_lo_componen":[{"nombre_del_curso":"Gesti\u00f3n T\u00e9cnica del F\u00fatbol Profesional","descripcion_del_curso":"<p>M\u00f3dulo 1: Identificaci\u00f3n y caracterizaci\u00f3n de liderazgo en la gesti\u00f3n de clubes;<br \/>\nM\u00f3dulo 2: An\u00e1lisis de plantilla (actual, pr\u00e9stamos, proyecciones);<br \/>\nM\u00f3dulo 3: \u00c1reas de Salud y Desempe\u00f1o;<br \/>\nM\u00f3dulo 4: Consideraciones sobre la cultura organizacional.;<\/p>\n"}],"pdf_brochure":false,"preguntas_frecuentes":false,"titulo":"Gesti\u00f3n T\u00e9cnica del F\u00fatbol Profesional","docentes_expertos":false,"mostrar_form":false,"mostrar_boton_compra":true,"mostrar_precio":false,"url_cursado_webinar":"","activar_nuevos_banners":false,"mostrar_banner_1":false,"crear_banner_1":{"utilizar_imagen_unica_para_banner":false,"asignar_imagen_unica_para_banner":false,"mostrar_titulo_banner":false,"titulo_para_banner":"","mostrar_subtitulo_banner":false,"subtitulo_del_banner":"","mostrar_cta_banner":false,"texto_cta_banner":"","url_cta_banner":"","fondo_de_color_banner":"","fondo_de_imagen_banner":false,"mostrar_imagen_izquierda_banner":false,"asignar_imagen_izquierda_banner":false},"mostrar_banner_2":false,"crear_banner_2":{"utilizar_imagen_unica_para_banner":false,"asignar_imagen_unica_para_banner":false,"mostrar_titulo_banner":false,"titulo_para_banner":"","mostrar_subtitulo_banner":false,"subtitulo_del_banner":"","mostrar_cta_banner":false,"texto_cta_banner":"","url_cta_banner":"","fondo_de_color_banner":"","fondo_de_imagen_banner":false,"mostrar_imagen_izquierda_banner":false,"asignar_imagen_izquierda_banner":false},"mostrar_banner_3":false,"crear_banner_3":{"utilizar_imagen_unica_para_banner":false,"asignar_imagen_unica_para_banner":false,"mostrar_titulo_banner":false,"titulo_para_banner":"","mostrar_subtitulo_banner":false,"subtitulo_del_banner":"","mostrar_cta_banner":false,"texto_cta_banner":"","url_cta_banner":"","fondo_de_color_banner":"","fondo_de_imagen_banner":false,"mostrar_imagen_izquierda_banner":false,"asignar_imagen_izquierda_banner":false}},"yoast_head":"<!-- This site is optimized with the Yoast SEO plugin v23.0 - https:\/\/yoast.com\/wordpress\/plugins\/seo\/ -->\n<title>Gesti\u00f3n T\u00e9cnica del F\u00fatbol Profesional - Capabilia<\/title>\n<meta name=\"robots\" content=\"index, follow, max-snippet:-1, max-image-preview:large, max-video-preview:-1\" \/>\n<link rel=\"canonical\" href=\"https:\/\/online.claeh.edu.uy\/en\/product\/gestion-tecnica-del-futbol-profesional\/\" \/>\n<meta property=\"og:locale\" content=\"en_US\" \/>\n<meta property=\"og:type\" content=\"article\" \/>\n<meta property=\"og:title\" content=\"Gesti\u00f3n T\u00e9cnica del F\u00fatbol Profesional - Capabilia\" \/>\n<meta property=\"og:description\" content=\"excerpt\" \/>\n<meta property=\"og:url\" content=\"https:\/\/online.claeh.edu.uy\/en\/product\/gestion-tecnica-del-futbol-profesional\/\" \/>\n<meta property=\"og:site_name\" content=\"Capabilia\" \/>\n<meta name=\"twitter:card\" content=\"summary_large_image\" \/>\n<meta name=\"twitter:label1\" content=\"Est. reading time\" \/>\n\t<meta name=\"twitter:data1\" content=\"1 minute\" \/>\n<script type=\"application\/ld+json\" class=\"yoast-schema-graph\">{\"@context\":\"https:\/\/schema.org\",\"@graph\":[{\"@type\":\"WebPage\",\"@id\":\"https:\/\/online.claeh.edu.uy\/en\/product\/gestion-tecnica-del-futbol-profesional\/\",\"url\":\"https:\/\/online.claeh.edu.uy\/en\/product\/gestion-tecnica-del-futbol-profesional\/\",\"name\":\"Gesti\u00f3n T\u00e9cnica del F\u00fatbol Profesional - Capabilia\",\"isPartOf\":{\"@id\":\"https:\/\/online.claeh.edu.uy\/#website\"},\"datePublished\":\"2024-05-21T17:14:46+00:00\",\"dateModified\":\"2024-05-21T17:14:46+00:00\",\"breadcrumb\":{\"@id\":\"https:\/\/online.claeh.edu.uy\/en\/product\/gestion-tecnica-del-futbol-profesional\/#breadcrumb\"},\"inLanguage\":\"en-US\",\"potentialAction\":[{\"@type\":\"ReadAction\",\"target\":[\"https:\/\/online.claeh.edu.uy\/en\/product\/gestion-tecnica-del-futbol-profesional\/\"]}]},{\"@type\":\"BreadcrumbList\",\"@id\":\"https:\/\/online.claeh.edu.uy\/en\/product\/gestion-tecnica-del-futbol-profesional\/#breadcrumb\",\"itemListElement\":[{\"@type\":\"ListItem\",\"position\":1,\"name\":\"Productos\",\"item\":\"https:\/\/online.claeh.edu.uy\/en\/product\/\"},{\"@type\":\"ListItem\",\"position\":2,\"name\":\"Gesti\u00f3n T\u00e9cnica del F\u00fatbol Profesional\"}]},{\"@type\":\"WebSite\",\"@id\":\"https:\/\/online.claeh.edu.uy\/#website\",\"url\":\"https:\/\/online.claeh.edu.uy\/\",\"name\":\"Capabilia\",\"description\":\"\",\"potentialAction\":[{\"@type\":\"SearchAction\",\"target\":{\"@type\":\"EntryPoint\",\"urlTemplate\":\"https:\/\/online.claeh.edu.uy\/?s={search_term_string}\"},\"query-input\":\"required name=search_term_string\"}],\"inLanguage\":\"en-US\"}]}<\/script>\n<!-- \/ Yoast SEO plugin. -->","yoast_head_json":{"title":"Gesti\u00f3n T\u00e9cnica del F\u00fatbol Profesional - Capabilia","robots":{"index":"index","follow":"follow","max-snippet":"max-snippet:-1","max-image-preview":"max-image-preview:large","max-video-preview":"max-video-preview:-1"},"canonical":"https:\/\/online.claeh.edu.uy\/en\/product\/gestion-tecnica-del-futbol-profesional\/","og_locale":"en_US","og_type":"article","og_title":"Gesti\u00f3n T\u00e9cnica del F\u00fatbol Profesional - Capabilia","og_description":"excerpt","og_url":"https:\/\/online.claeh.edu.uy\/en\/product\/gestion-tecnica-del-futbol-profesional\/","og_site_name":"Capabilia","twitter_card":"summary_large_image","twitter_misc":{"Est. reading time":"1 minute"},"schema":{"@context":"https:\/\/schema.org","@graph":[{"@type":"WebPage","@id":"https:\/\/online.claeh.edu.uy\/en\/product\/gestion-tecnica-del-futbol-profesional\/","url":"https:\/\/online.claeh.edu.uy\/en\/product\/gestion-tecnica-del-futbol-profesional\/","name":"Gesti\u00f3n T\u00e9cnica del F\u00fatbol Profesional - Capabilia","isPartOf":{"@id":"https:\/\/online.claeh.edu.uy\/#website"},"datePublished":"2024-05-21T17:14:46+00:00","dateModified":"2024-05-21T17:14:46+00:00","breadcrumb":{"@id":"https:\/\/online.claeh.edu.uy\/en\/product\/gestion-tecnica-del-futbol-profesional\/#breadcrumb"},"inLanguage":"en-US","potentialAction":[{"@type":"ReadAction","target":["https:\/\/online.claeh.edu.uy\/en\/product\/gestion-tecnica-del-futbol-profesional\/"]}]},{"@type":"BreadcrumbList","@id":"https:\/\/online.claeh.edu.uy\/en\/product\/gestion-tecnica-del-futbol-profesional\/#breadcrumb","itemListElement":[{"@type":"ListItem","position":1,"name":"Productos","item":"https:\/\/online.claeh.edu.uy\/en\/product\/"},{"@type":"ListItem","position":2,"name":"Gesti\u00f3n T\u00e9cnica del F\u00fatbol Profesional"}]},{"@type":"WebSite","@id":"https:\/\/online.claeh.edu.uy\/#website","url":"https:\/\/online.claeh.edu.uy\/","name":"Capabilia","description":"","potentialAction":[{"@type":"SearchAction","target":{"@type":"EntryPoint","urlTemplate":"https:\/\/online.claeh.edu.uy\/?s={search_term_string}"},"query-input":"required name=search_term_string"}],"inLanguage":"en-US"}]}},"idiomas":{"en":1627,"es":1626},"_links":{"self":[{"href":"https:\/\/online.claeh.edu.uy\/en\/wp-json\/wp\/v2\/products\/1627"}],"collection":[{"href":"https:\/\/online.claeh.edu.uy\/en\/wp-json\/wp\/v2\/products"}],"about":[{"href":"https:\/\/online.claeh.edu.uy\/en\/wp-json\/wp\/v2\/types\/product"}],"author":[{"embeddable":true,"href":"https:\/\/online.claeh.edu.uy\/en\/wp-json\/wp\/v2\/users\/3"}],"replies":[{"embeddable":true,"href":"https:\/\/online.claeh.edu.uy\/en\/wp-json\/wp\/v2\/comments?post=1627"}],"version-history":[{"count":1,"href":"https:\/\/online.claeh.edu.uy\/en\/wp-json\/wp\/v2\/products\/1627\/revisions"}],"predecessor-version":[{"id":1719,"href":"https:\/\/online.claeh.edu.uy\/en\/wp-json\/wp\/v2\/products\/1627\/revisions\/1719"}],"wp:attachment":[{"href":"https:\/\/online.claeh.edu.uy\/en\/wp-json\/wp\/v2\/media?parent=1627"}],"wp:term":[{"taxonomy":"category","embeddable":true,"href":"https:\/\/online.claeh.edu.uy\/en\/wp-json\/wp\/v2\/categories?post=1627"}],"curies":[{"name":"wp","href":"https:\/\/api.w.org\/{rel}","templated":true}]}}