{"id":1635,"date":"2024-05-21T17:19:51","date_gmt":"2024-05-21T17:19:51","guid":{"rendered":"https:\/\/online.claeh.edu.uy\/?post_type=product&#038;p=1635"},"modified":"2024-05-21T17:19:51","modified_gmt":"2024-05-21T17:19:51","slug":"entrenamiento-de-fuerza-en-el-futbol-profesional","status":"publish","type":"product","link":"https:\/\/online.claeh.edu.uy\/en\/product\/entrenamiento-de-fuerza-en-el-futbol-profesional\/","title":{"rendered":"Entrenamiento de Fuerza en el F\u00fatbol Profesional"},"content":{"rendered":"<p>contenido<\/p>\n","protected":false},"excerpt":{"rendered":"<p>excerpt<\/p>\n","protected":false},"author":3,"featured_media":0,"comment_status":"open","ping_status":"closed","template":"","meta":{"_acf_changed":false,"footnotes":""},"categories":[16],"class_list":["post-1635","product","type-product","status-publish","hentry","category-producto-claeh-en"],"acf":{"external_id":"2229","titulo_curso":"Entrenamiento de Fuerza en el F\u00fatbol Profesional","precio":"120 usd","impartido_en":"Castellano","id_magento":"","hubspot_product_id":"","imagen_destacada":"https:\/\/static.capabiliaserver.com\/frontend\/clients\/claeh\/wp_prod\/wp-content\/uploads\/646fb93a-entrenamiento-de-fuerza-en-el-futbol-profesional.png","header_image":"https:\/\/static.capabiliaserver.com\/frontend\/clients\/claeh\/wp_prod\/wp-content\/uploads\/646fb93a-entrenamiento-de-fuerza-en-el-futbol-profesional.png","precio_en_cuotas":"","precio_de_lista":"","promocion_vigente":"","duracion_del_curso":"1 mes","tipo_de_programa":" Curso","fecha_de_inicio":"","segunda_fecha_de_inicio":"","zona_horaria":"America\/Argentina\/Buenos_Aires","nivel_del_curso":"Intermedio","modalidad":"Online","dedicacion":"Entrenamiento de Fuerza en el F\u00fatbol Profesional","contenido":"<p>El estudio y el conocimiento sobre el entrenamiento de fuerza son aspectos de vital importancia para los preparadores f\u00edsicos de un equipo de f\u00fatbol, y para los profesionales de las ciencias del ejercicio que est\u00e9n enfocados en optimizar el rendimiento del futbolista.. En primer lugar, el entrenamiento de fuerza desempe\u00f1a un papel fundamental en la prevenci\u00f3n de lesiones. Los preparadores f\u00edsicos deben entender c\u00f3mo dise\u00f1ar programas de fuerza adecuados, reduciendo as\u00ed el riesgo de lesiones musculares y articulares durante la temporada. <\/p>\n<p>Adem\u00e1s, el entrenamiento de fuerza es un agente optimizador del rendimiento en el campo. Los jugadores que han desarrollado una base s\u00f3lida de fuerza tienen la capacidad de expresrla desde una perspectiva de explosividad y potencia, aplicadas a sus movimientos, como las aceleraciones, los remates y saltos, lo que puede marcar la diferencia en situaciones de juego cruciales. <\/p>\n<p>El conocimiento de las t\u00e9cnicas de entrenamiento de fuerza espec\u00edficas para el f\u00fatbol es esencial para maximizar el potencial de los atletas. Otro punto clave es la gesti\u00f3n de la fatiga. Los preparadores f\u00edsicos deben comprender c\u00f3mo programar el entrenamiento de fuerza en funci\u00f3n de la carga de trabajo total de los jugadores, evitando el agotamiento excesivo que podr\u00eda perjudicar su desempe\u00f1o en los partidos. <\/p>\n<p>La periodizaci\u00f3n adecuada es esencial para equilibrar el desarrollo de la fuerza con la recuperaci\u00f3n. <\/p>\n<p>Por \u00faltimo, el conocimiento sobre el entrenamiento de fuerza permite a los preparadores f\u00edsicos adaptarse a las necesidades individuales de los jugadores. Cada atleta tiene fortalezas y debilidades diferentes, y un enfoque personalizado en el entrenamiento de fuerza puede ayudar a optimizar su rendimiento y minimizar el riesgo de lesiones. En resumen, este programa facilitari\u00e1 el estudio y la aplicaci\u00f3n efectiva del entrenamiento de fuerza, como pilares esenciales para el rendimiento de un equipo de f\u00fatbol, y los preparadores f\u00edsicos desempe\u00f1an un papel clave en este proceso.<\/p>\n","avalado_por":false,"cursos_que_lo_componen":[{"nombre_del_curso":"Entrenamiento de Fuerza en el F\u00fatbol Profesional","descripcion_del_curso":"<p>M\u00f3dulo 1:Introducci\u00f3n a la fuerza mirada etimol\u00f3gica<br \/>\nM\u00f3dulo 2:La fuerza y sus aspectos biol\u00f3gicos<br \/>\nM\u00f3dulo 3: La fuerza y sus aspectos metodol\u00f3gicos<br \/>\nM\u00f3dulo 4:La fuerza y su importancia en el trabajo preventivo.<\/p>\n"}],"pdf_brochure":false,"preguntas_frecuentes":false,"titulo":"Entrenamiento de Fuerza en el F\u00fatbol Profesional","docentes_expertos":false,"mostrar_form":false,"mostrar_boton_compra":true,"mostrar_precio":false,"url_cursado_webinar":"","activar_nuevos_banners":false,"mostrar_banner_1":false,"crear_banner_1":{"utilizar_imagen_unica_para_banner":false,"asignar_imagen_unica_para_banner":false,"mostrar_titulo_banner":false,"titulo_para_banner":"","mostrar_subtitulo_banner":false,"subtitulo_del_banner":"","mostrar_cta_banner":false,"texto_cta_banner":"","url_cta_banner":"","fondo_de_color_banner":"","fondo_de_imagen_banner":false,"mostrar_imagen_izquierda_banner":false,"asignar_imagen_izquierda_banner":false},"mostrar_banner_2":false,"crear_banner_2":{"utilizar_imagen_unica_para_banner":false,"asignar_imagen_unica_para_banner":false,"mostrar_titulo_banner":false,"titulo_para_banner":"","mostrar_subtitulo_banner":false,"subtitulo_del_banner":"","mostrar_cta_banner":false,"texto_cta_banner":"","url_cta_banner":"","fondo_de_color_banner":"","fondo_de_imagen_banner":false,"mostrar_imagen_izquierda_banner":false,"asignar_imagen_izquierda_banner":false},"mostrar_banner_3":false,"crear_banner_3":{"utilizar_imagen_unica_para_banner":false,"asignar_imagen_unica_para_banner":false,"mostrar_titulo_banner":false,"titulo_para_banner":"","mostrar_subtitulo_banner":false,"subtitulo_del_banner":"","mostrar_cta_banner":false,"texto_cta_banner":"","url_cta_banner":"","fondo_de_color_banner":"","fondo_de_imagen_banner":false,"mostrar_imagen_izquierda_banner":false,"asignar_imagen_izquierda_banner":false}},"yoast_head":"<!-- This site is optimized with the Yoast SEO plugin v23.0 - https:\/\/yoast.com\/wordpress\/plugins\/seo\/ -->\n<title>Entrenamiento de Fuerza en el F\u00fatbol Profesional - Capabilia<\/title>\n<meta name=\"robots\" content=\"index, follow, max-snippet:-1, max-image-preview:large, max-video-preview:-1\" \/>\n<link rel=\"canonical\" href=\"https:\/\/online.claeh.edu.uy\/en\/product\/entrenamiento-de-fuerza-en-el-futbol-profesional\/\" \/>\n<meta property=\"og:locale\" content=\"en_US\" \/>\n<meta property=\"og:type\" content=\"article\" \/>\n<meta property=\"og:title\" content=\"Entrenamiento de Fuerza en el F\u00fatbol Profesional - Capabilia\" \/>\n<meta property=\"og:description\" content=\"excerpt\" \/>\n<meta property=\"og:url\" content=\"https:\/\/online.claeh.edu.uy\/en\/product\/entrenamiento-de-fuerza-en-el-futbol-profesional\/\" \/>\n<meta property=\"og:site_name\" content=\"Capabilia\" \/>\n<meta name=\"twitter:card\" content=\"summary_large_image\" \/>\n<meta name=\"twitter:label1\" content=\"Est. reading time\" \/>\n\t<meta name=\"twitter:data1\" content=\"1 minute\" \/>\n<script type=\"application\/ld+json\" class=\"yoast-schema-graph\">{\"@context\":\"https:\/\/schema.org\",\"@graph\":[{\"@type\":\"WebPage\",\"@id\":\"https:\/\/online.claeh.edu.uy\/en\/product\/entrenamiento-de-fuerza-en-el-futbol-profesional\/\",\"url\":\"https:\/\/online.claeh.edu.uy\/en\/product\/entrenamiento-de-fuerza-en-el-futbol-profesional\/\",\"name\":\"Entrenamiento de Fuerza en el F\u00fatbol Profesional - Capabilia\",\"isPartOf\":{\"@id\":\"https:\/\/online.claeh.edu.uy\/#website\"},\"datePublished\":\"2024-05-21T17:19:51+00:00\",\"dateModified\":\"2024-05-21T17:19:51+00:00\",\"breadcrumb\":{\"@id\":\"https:\/\/online.claeh.edu.uy\/en\/product\/entrenamiento-de-fuerza-en-el-futbol-profesional\/#breadcrumb\"},\"inLanguage\":\"en-US\",\"potentialAction\":[{\"@type\":\"ReadAction\",\"target\":[\"https:\/\/online.claeh.edu.uy\/en\/product\/entrenamiento-de-fuerza-en-el-futbol-profesional\/\"]}]},{\"@type\":\"BreadcrumbList\",\"@id\":\"https:\/\/online.claeh.edu.uy\/en\/product\/entrenamiento-de-fuerza-en-el-futbol-profesional\/#breadcrumb\",\"itemListElement\":[{\"@type\":\"ListItem\",\"position\":1,\"name\":\"Productos\",\"item\":\"https:\/\/online.claeh.edu.uy\/en\/product\/\"},{\"@type\":\"ListItem\",\"position\":2,\"name\":\"Entrenamiento de Fuerza en el F\u00fatbol Profesional\"}]},{\"@type\":\"WebSite\",\"@id\":\"https:\/\/online.claeh.edu.uy\/#website\",\"url\":\"https:\/\/online.claeh.edu.uy\/\",\"name\":\"Capabilia\",\"description\":\"\",\"potentialAction\":[{\"@type\":\"SearchAction\",\"target\":{\"@type\":\"EntryPoint\",\"urlTemplate\":\"https:\/\/online.claeh.edu.uy\/?s={search_term_string}\"},\"query-input\":\"required name=search_term_string\"}],\"inLanguage\":\"en-US\"}]}<\/script>\n<!-- \/ Yoast SEO plugin. -->","yoast_head_json":{"title":"Entrenamiento de Fuerza en el F\u00fatbol Profesional - Capabilia","robots":{"index":"index","follow":"follow","max-snippet":"max-snippet:-1","max-image-preview":"max-image-preview:large","max-video-preview":"max-video-preview:-1"},"canonical":"https:\/\/online.claeh.edu.uy\/en\/product\/entrenamiento-de-fuerza-en-el-futbol-profesional\/","og_locale":"en_US","og_type":"article","og_title":"Entrenamiento de Fuerza en el F\u00fatbol Profesional - Capabilia","og_description":"excerpt","og_url":"https:\/\/online.claeh.edu.uy\/en\/product\/entrenamiento-de-fuerza-en-el-futbol-profesional\/","og_site_name":"Capabilia","twitter_card":"summary_large_image","twitter_misc":{"Est. reading time":"1 minute"},"schema":{"@context":"https:\/\/schema.org","@graph":[{"@type":"WebPage","@id":"https:\/\/online.claeh.edu.uy\/en\/product\/entrenamiento-de-fuerza-en-el-futbol-profesional\/","url":"https:\/\/online.claeh.edu.uy\/en\/product\/entrenamiento-de-fuerza-en-el-futbol-profesional\/","name":"Entrenamiento de Fuerza en el F\u00fatbol Profesional - Capabilia","isPartOf":{"@id":"https:\/\/online.claeh.edu.uy\/#website"},"datePublished":"2024-05-21T17:19:51+00:00","dateModified":"2024-05-21T17:19:51+00:00","breadcrumb":{"@id":"https:\/\/online.claeh.edu.uy\/en\/product\/entrenamiento-de-fuerza-en-el-futbol-profesional\/#breadcrumb"},"inLanguage":"en-US","potentialAction":[{"@type":"ReadAction","target":["https:\/\/online.claeh.edu.uy\/en\/product\/entrenamiento-de-fuerza-en-el-futbol-profesional\/"]}]},{"@type":"BreadcrumbList","@id":"https:\/\/online.claeh.edu.uy\/en\/product\/entrenamiento-de-fuerza-en-el-futbol-profesional\/#breadcrumb","itemListElement":[{"@type":"ListItem","position":1,"name":"Productos","item":"https:\/\/online.claeh.edu.uy\/en\/product\/"},{"@type":"ListItem","position":2,"name":"Entrenamiento de Fuerza en el F\u00fatbol Profesional"}]},{"@type":"WebSite","@id":"https:\/\/online.claeh.edu.uy\/#website","url":"https:\/\/online.claeh.edu.uy\/","name":"Capabilia","description":"","potentialAction":[{"@type":"SearchAction","target":{"@type":"EntryPoint","urlTemplate":"https:\/\/online.claeh.edu.uy\/?s={search_term_string}"},"query-input":"required name=search_term_string"}],"inLanguage":"en-US"}]}},"idiomas":{"en":1635,"es":1634},"_links":{"self":[{"href":"https:\/\/online.claeh.edu.uy\/en\/wp-json\/wp\/v2\/products\/1635"}],"collection":[{"href":"https:\/\/online.claeh.edu.uy\/en\/wp-json\/wp\/v2\/products"}],"about":[{"href":"https:\/\/online.claeh.edu.uy\/en\/wp-json\/wp\/v2\/types\/product"}],"author":[{"embeddable":true,"href":"https:\/\/online.claeh.edu.uy\/en\/wp-json\/wp\/v2\/users\/3"}],"replies":[{"embeddable":true,"href":"https:\/\/online.claeh.edu.uy\/en\/wp-json\/wp\/v2\/comments?post=1635"}],"version-history":[{"count":1,"href":"https:\/\/online.claeh.edu.uy\/en\/wp-json\/wp\/v2\/products\/1635\/revisions"}],"predecessor-version":[{"id":1736,"href":"https:\/\/online.claeh.edu.uy\/en\/wp-json\/wp\/v2\/products\/1635\/revisions\/1736"}],"wp:attachment":[{"href":"https:\/\/online.claeh.edu.uy\/en\/wp-json\/wp\/v2\/media?parent=1635"}],"wp:term":[{"taxonomy":"category","embeddable":true,"href":"https:\/\/online.claeh.edu.uy\/en\/wp-json\/wp\/v2\/categories?post=1635"}],"curies":[{"name":"wp","href":"https:\/\/api.w.org\/{rel}","templated":true}]}}