{"id":1637,"date":"2024-05-21T17:20:50","date_gmt":"2024-05-21T17:20:50","guid":{"rendered":"https:\/\/online.claeh.edu.uy\/?post_type=product&#038;p=1637"},"modified":"2024-05-21T17:20:50","modified_gmt":"2024-05-21T17:20:50","slug":"seguridad-en-eventos-deportivos","status":"publish","type":"product","link":"https:\/\/online.claeh.edu.uy\/en\/product\/seguridad-en-eventos-deportivos\/","title":{"rendered":"Seguridad en Eventos Deportivos"},"content":{"rendered":"<p>contenido<\/p>\n","protected":false},"excerpt":{"rendered":"<p>excerpt<\/p>\n","protected":false},"author":3,"featured_media":0,"comment_status":"open","ping_status":"closed","template":"","meta":{"_acf_changed":false,"footnotes":""},"categories":[16],"class_list":["post-1637","product","type-product","status-publish","hentry","category-producto-claeh-en"],"acf":{"external_id":"2230","titulo_curso":"Seguridad en Eventos Deportivos","precio":"200 uds","impartido_en":"Castellano","id_magento":"","hubspot_product_id":"","imagen_destacada":"https:\/\/static.capabiliaserver.com\/frontend\/clients\/claeh\/wp_prod\/wp-content\/uploads\/184ad50b-seguridad-en-eventos-deportivos.png","header_image":"https:\/\/static.capabiliaserver.com\/frontend\/clients\/claeh\/wp_prod\/wp-content\/uploads\/184ad50b-seguridad-en-eventos-deportivos.png","precio_en_cuotas":"","precio_de_lista":"","promocion_vigente":"","duracion_del_curso":"2 meses","tipo_de_programa":"Programa","fecha_de_inicio":"","segunda_fecha_de_inicio":"","zona_horaria":"America\/Argentina\/Buenos_Aires","nivel_del_curso":"Intermedio","modalidad":"Online","dedicacion":"Seguridad en Eventos Deportivos","contenido":"<p>La seguridad de los estadios tiene una estrecha vinculaci\u00f3n con el contexto social, raz\u00f3n por la cual requiere un abordaje integral. Dicho abordaje debe, por un lado, considerar el concepto de seguridad como parte de una planeaci\u00f3n estrat\u00e9gica empresarial, y por otro, representar un est\u00edmulo de consumo por parte de nuestros clientes, satisfaciendo de esta forma sus necesidades y contribuyendo as\u00ed al posicionamiento de la marca.<\/p>\n<p>En este programa se presenta una visi\u00f3n hol\u00edstica donde se brindar\u00e1n herramientas que aseguren el desarrollo de un espect\u00e1culo seguro.<\/p>\n","avalado_por":false,"cursos_que_lo_componen":[{"nombre_del_curso":"Seguridad en eventos deportivos I","descripcion_del_curso":"<p>M\u00d3DULO 1. Introducci\u00f3n a la seguridad de eventos deportivos<br \/>\nM\u00d3DULO 2. Leyes antiviolencia\/ La empresa futbol<br \/>\nM\u00d3DULO 3. Planificaci\u00f3n estrat\u00e9gica de eventos deportivos<br \/>\nM\u00d3DULO 4. Gesti\u00f3n de una competici\u00f3n deportiva<\/p>\n"},{"nombre_del_curso":"Seguridad en eventos deportivos II","descripcion_del_curso":"<p>M\u00d3DULO 1. El marketing de la seguridad en el f\u00fatbol<br \/>\nM\u00d3DULO 2. Cliente, producto y servicio en el deporte<br \/>\nM\u00d3DULO 3. Concepto integral de seguridad de estadios<br \/>\nM\u00d3DULO 4. Planes operacionales de seguridad<\/p>\n"}],"pdf_brochure":false,"preguntas_frecuentes":false,"titulo":"Seguridad en Eventos Deportivos","docentes_expertos":false,"mostrar_form":false,"mostrar_boton_compra":true,"mostrar_precio":false,"url_cursado_webinar":"","activar_nuevos_banners":false,"mostrar_banner_1":false,"crear_banner_1":{"utilizar_imagen_unica_para_banner":false,"asignar_imagen_unica_para_banner":false,"mostrar_titulo_banner":false,"titulo_para_banner":"","mostrar_subtitulo_banner":false,"subtitulo_del_banner":"","mostrar_cta_banner":false,"texto_cta_banner":"","url_cta_banner":"","fondo_de_color_banner":"","fondo_de_imagen_banner":false,"mostrar_imagen_izquierda_banner":false,"asignar_imagen_izquierda_banner":false},"mostrar_banner_2":false,"crear_banner_2":{"utilizar_imagen_unica_para_banner":false,"asignar_imagen_unica_para_banner":false,"mostrar_titulo_banner":false,"titulo_para_banner":"","mostrar_subtitulo_banner":false,"subtitulo_del_banner":"","mostrar_cta_banner":false,"texto_cta_banner":"","url_cta_banner":"","fondo_de_color_banner":"","fondo_de_imagen_banner":false,"mostrar_imagen_izquierda_banner":false,"asignar_imagen_izquierda_banner":false},"mostrar_banner_3":false,"crear_banner_3":{"utilizar_imagen_unica_para_banner":false,"asignar_imagen_unica_para_banner":false,"mostrar_titulo_banner":false,"titulo_para_banner":"","mostrar_subtitulo_banner":false,"subtitulo_del_banner":"","mostrar_cta_banner":false,"texto_cta_banner":"","url_cta_banner":"","fondo_de_color_banner":"","fondo_de_imagen_banner":false,"mostrar_imagen_izquierda_banner":false,"asignar_imagen_izquierda_banner":false}},"yoast_head":"<!-- This site is optimized with the Yoast SEO plugin v23.0 - https:\/\/yoast.com\/wordpress\/plugins\/seo\/ -->\n<title>Seguridad en Eventos Deportivos - Capabilia<\/title>\n<meta name=\"robots\" content=\"index, follow, max-snippet:-1, max-image-preview:large, max-video-preview:-1\" \/>\n<link rel=\"canonical\" href=\"https:\/\/online.claeh.edu.uy\/en\/product\/seguridad-en-eventos-deportivos\/\" \/>\n<meta property=\"og:locale\" content=\"en_US\" \/>\n<meta property=\"og:type\" content=\"article\" \/>\n<meta property=\"og:title\" content=\"Seguridad en Eventos Deportivos - Capabilia\" \/>\n<meta property=\"og:description\" content=\"excerpt\" \/>\n<meta property=\"og:url\" content=\"https:\/\/online.claeh.edu.uy\/en\/product\/seguridad-en-eventos-deportivos\/\" \/>\n<meta property=\"og:site_name\" content=\"Capabilia\" \/>\n<meta name=\"twitter:card\" content=\"summary_large_image\" \/>\n<meta name=\"twitter:label1\" content=\"Est. reading time\" \/>\n\t<meta name=\"twitter:data1\" content=\"1 minute\" \/>\n<script type=\"application\/ld+json\" class=\"yoast-schema-graph\">{\"@context\":\"https:\/\/schema.org\",\"@graph\":[{\"@type\":\"WebPage\",\"@id\":\"https:\/\/online.claeh.edu.uy\/en\/product\/seguridad-en-eventos-deportivos\/\",\"url\":\"https:\/\/online.claeh.edu.uy\/en\/product\/seguridad-en-eventos-deportivos\/\",\"name\":\"Seguridad en Eventos Deportivos - Capabilia\",\"isPartOf\":{\"@id\":\"https:\/\/online.claeh.edu.uy\/#website\"},\"datePublished\":\"2024-05-21T17:20:50+00:00\",\"dateModified\":\"2024-05-21T17:20:50+00:00\",\"breadcrumb\":{\"@id\":\"https:\/\/online.claeh.edu.uy\/en\/product\/seguridad-en-eventos-deportivos\/#breadcrumb\"},\"inLanguage\":\"en-US\",\"potentialAction\":[{\"@type\":\"ReadAction\",\"target\":[\"https:\/\/online.claeh.edu.uy\/en\/product\/seguridad-en-eventos-deportivos\/\"]}]},{\"@type\":\"BreadcrumbList\",\"@id\":\"https:\/\/online.claeh.edu.uy\/en\/product\/seguridad-en-eventos-deportivos\/#breadcrumb\",\"itemListElement\":[{\"@type\":\"ListItem\",\"position\":1,\"name\":\"Productos\",\"item\":\"https:\/\/online.claeh.edu.uy\/en\/product\/\"},{\"@type\":\"ListItem\",\"position\":2,\"name\":\"Seguridad en Eventos Deportivos\"}]},{\"@type\":\"WebSite\",\"@id\":\"https:\/\/online.claeh.edu.uy\/#website\",\"url\":\"https:\/\/online.claeh.edu.uy\/\",\"name\":\"Capabilia\",\"description\":\"\",\"potentialAction\":[{\"@type\":\"SearchAction\",\"target\":{\"@type\":\"EntryPoint\",\"urlTemplate\":\"https:\/\/online.claeh.edu.uy\/?s={search_term_string}\"},\"query-input\":\"required name=search_term_string\"}],\"inLanguage\":\"en-US\"}]}<\/script>\n<!-- \/ Yoast SEO plugin. -->","yoast_head_json":{"title":"Seguridad en Eventos Deportivos - Capabilia","robots":{"index":"index","follow":"follow","max-snippet":"max-snippet:-1","max-image-preview":"max-image-preview:large","max-video-preview":"max-video-preview:-1"},"canonical":"https:\/\/online.claeh.edu.uy\/en\/product\/seguridad-en-eventos-deportivos\/","og_locale":"en_US","og_type":"article","og_title":"Seguridad en Eventos Deportivos - Capabilia","og_description":"excerpt","og_url":"https:\/\/online.claeh.edu.uy\/en\/product\/seguridad-en-eventos-deportivos\/","og_site_name":"Capabilia","twitter_card":"summary_large_image","twitter_misc":{"Est. reading time":"1 minute"},"schema":{"@context":"https:\/\/schema.org","@graph":[{"@type":"WebPage","@id":"https:\/\/online.claeh.edu.uy\/en\/product\/seguridad-en-eventos-deportivos\/","url":"https:\/\/online.claeh.edu.uy\/en\/product\/seguridad-en-eventos-deportivos\/","name":"Seguridad en Eventos Deportivos - Capabilia","isPartOf":{"@id":"https:\/\/online.claeh.edu.uy\/#website"},"datePublished":"2024-05-21T17:20:50+00:00","dateModified":"2024-05-21T17:20:50+00:00","breadcrumb":{"@id":"https:\/\/online.claeh.edu.uy\/en\/product\/seguridad-en-eventos-deportivos\/#breadcrumb"},"inLanguage":"en-US","potentialAction":[{"@type":"ReadAction","target":["https:\/\/online.claeh.edu.uy\/en\/product\/seguridad-en-eventos-deportivos\/"]}]},{"@type":"BreadcrumbList","@id":"https:\/\/online.claeh.edu.uy\/en\/product\/seguridad-en-eventos-deportivos\/#breadcrumb","itemListElement":[{"@type":"ListItem","position":1,"name":"Productos","item":"https:\/\/online.claeh.edu.uy\/en\/product\/"},{"@type":"ListItem","position":2,"name":"Seguridad en Eventos Deportivos"}]},{"@type":"WebSite","@id":"https:\/\/online.claeh.edu.uy\/#website","url":"https:\/\/online.claeh.edu.uy\/","name":"Capabilia","description":"","potentialAction":[{"@type":"SearchAction","target":{"@type":"EntryPoint","urlTemplate":"https:\/\/online.claeh.edu.uy\/?s={search_term_string}"},"query-input":"required name=search_term_string"}],"inLanguage":"en-US"}]}},"idiomas":{"en":1637,"es":1636},"_links":{"self":[{"href":"https:\/\/online.claeh.edu.uy\/en\/wp-json\/wp\/v2\/products\/1637"}],"collection":[{"href":"https:\/\/online.claeh.edu.uy\/en\/wp-json\/wp\/v2\/products"}],"about":[{"href":"https:\/\/online.claeh.edu.uy\/en\/wp-json\/wp\/v2\/types\/product"}],"author":[{"embeddable":true,"href":"https:\/\/online.claeh.edu.uy\/en\/wp-json\/wp\/v2\/users\/3"}],"replies":[{"embeddable":true,"href":"https:\/\/online.claeh.edu.uy\/en\/wp-json\/wp\/v2\/comments?post=1637"}],"version-history":[{"count":1,"href":"https:\/\/online.claeh.edu.uy\/en\/wp-json\/wp\/v2\/products\/1637\/revisions"}],"predecessor-version":[{"id":1744,"href":"https:\/\/online.claeh.edu.uy\/en\/wp-json\/wp\/v2\/products\/1637\/revisions\/1744"}],"wp:attachment":[{"href":"https:\/\/online.claeh.edu.uy\/en\/wp-json\/wp\/v2\/media?parent=1637"}],"wp:term":[{"taxonomy":"category","embeddable":true,"href":"https:\/\/online.claeh.edu.uy\/en\/wp-json\/wp\/v2\/categories?post=1637"}],"curies":[{"name":"wp","href":"https:\/\/api.w.org\/{rel}","templated":true}]}}