{"id":1641,"date":"2024-05-21T17:22:25","date_gmt":"2024-05-21T17:22:25","guid":{"rendered":"https:\/\/online.claeh.edu.uy\/?post_type=product&#038;p=1641"},"modified":"2024-05-21T17:22:25","modified_gmt":"2024-05-21T17:22:25","slug":"preparacion-fisica-y-calendario-aplicaciones-practicas","status":"publish","type":"product","link":"https:\/\/online.claeh.edu.uy\/en\/product\/preparacion-fisica-y-calendario-aplicaciones-practicas\/","title":{"rendered":"Preparaci\u00f3n F\u00edsica y Calendario: Aplicaciones Pr\u00e1cticas"},"content":{"rendered":"<p>contenido<\/p>\n","protected":false},"excerpt":{"rendered":"<p>excerpt<\/p>\n","protected":false},"author":3,"featured_media":0,"comment_status":"open","ping_status":"closed","template":"","meta":{"_acf_changed":false,"footnotes":""},"categories":[16],"class_list":["post-1641","product","type-product","status-publish","hentry","category-producto-claeh-en"],"acf":{"external_id":"2232","titulo_curso":"Preparaci\u00f3n F\u00edsica y Calendario: Aplicaciones Pr\u00e1cticas","precio":"120 usd","impartido_en":"Castellano","id_magento":"","hubspot_product_id":"","imagen_destacada":"https:\/\/static.capabiliaserver.com\/frontend\/clients\/claeh\/wp_prod\/wp-content\/uploads\/992806f7-preparacion-fisica-y-calendario-aplicaciones-practicas.png","header_image":"https:\/\/static.capabiliaserver.com\/frontend\/clients\/claeh\/wp_prod\/wp-content\/uploads\/992806f7-preparacion-fisica-y-calendario-aplicaciones-practicas.png","precio_en_cuotas":"","precio_de_lista":"","promocion_vigente":"","duracion_del_curso":"1 mes","tipo_de_programa":"Curso","fecha_de_inicio":"","segunda_fecha_de_inicio":"","zona_horaria":"America\/Argentina\/Buenos_Aires","nivel_del_curso":"Intermedio","modalidad":"Online","dedicacion":"Preparaci\u00f3n F\u00edsica y Calendario: Aplicaciones Pr\u00e1cticas","contenido":"<p>Ante los desaf\u00edos que supone el calendario de f\u00fatbol profesional sudamericano y los elevados est\u00e1ndares en la preparaci\u00f3n f\u00edsica de los jugadores, la propuesta del curso se basa en presentar y analizar contenido actualizado de la realidad del \u00e1mbito futbol\u00edstico profesional, orientado a preparadores f\u00edsicos que trabajan o buscan ingresar en los niveles de alto rendimiento de dicho deporte.<\/p>\n<p>Al finalizar el curso, el egresado tendr\u00e1 una comprensi\u00f3n sist\u00e9mica y cient\u00edfica de las acciones pr\u00e1cticas tendientes al dise\u00f1o del entrenamiento f\u00edsico en m\u00faltiples contextos del f\u00fatbol profesional sudamericano, desarrollando nuevas ideas y soluciones para sus desaf\u00edos diarios.<\/p>\n","avalado_por":false,"cursos_que_lo_componen":[{"nombre_del_curso":"Preparaci\u00f3n f\u00edsica y evoluci\u00f3n metodol\u00f3gica.","descripcion_del_curso":"<p>Unidad 1. Preparaci\u00f3n f\u00edsica y fisiolog\u00eda.<br \/>\n Unidad 2. Capacidades f\u00edsicas espec\u00edficas.<br \/>\n Unidad 3. Entrenamiento de las capacidades f\u00edsicas en el f\u00fatbol profesional.<\/p>\n"},{"nombre_del_curso":"Control de cargas en el f\u00fatbol","descripcion_del_curso":"<p>Unidad 1. Control de cargas.<br \/>\n Unidad 2. Seguimiento del entrenamiento.<br \/>\n Unidad 3. Planificaci\u00f3n del entrenamiento.<\/p>\n"},{"nombre_del_curso":"Calendario del f\u00fatbol profesional y modelo de juego","descripcion_del_curso":"<p>Unidad 1. Calendario del f\u00fatbol profesional: particularidades y desaf\u00edos.<br \/>\n Unidad 2. Modelos de microciclos en el calendario del f\u00fatbol profesional.<br \/>\n Unidad 3. La preparaci\u00f3n f\u00edsica y el modelo de juego.<\/p>\n"},{"nombre_del_curso":"Prevenci\u00f3n de lesiones y estrategias de rehabilitaci\u00f3n","descripcion_del_curso":"<p>Unidad 1: prevenci\u00f3n de lesiones.<br \/>\nUnidad 2: estrategias de rehabilitaci\u00f3n.<\/p>\n"}],"pdf_brochure":false,"preguntas_frecuentes":false,"titulo":"Preparaci\u00f3n F\u00edsica y Calendario: Aplicaciones Pr\u00e1cticas","docentes_expertos":false,"mostrar_form":false,"mostrar_boton_compra":true,"mostrar_precio":false,"url_cursado_webinar":"","activar_nuevos_banners":false,"mostrar_banner_1":false,"crear_banner_1":{"utilizar_imagen_unica_para_banner":false,"asignar_imagen_unica_para_banner":false,"mostrar_titulo_banner":false,"titulo_para_banner":"","mostrar_subtitulo_banner":false,"subtitulo_del_banner":"","mostrar_cta_banner":false,"texto_cta_banner":"","url_cta_banner":"","fondo_de_color_banner":"","fondo_de_imagen_banner":false,"mostrar_imagen_izquierda_banner":false,"asignar_imagen_izquierda_banner":false},"mostrar_banner_2":false,"crear_banner_2":{"utilizar_imagen_unica_para_banner":false,"asignar_imagen_unica_para_banner":false,"mostrar_titulo_banner":false,"titulo_para_banner":"","mostrar_subtitulo_banner":false,"subtitulo_del_banner":"","mostrar_cta_banner":false,"texto_cta_banner":"","url_cta_banner":"","fondo_de_color_banner":"","fondo_de_imagen_banner":false,"mostrar_imagen_izquierda_banner":false,"asignar_imagen_izquierda_banner":false},"mostrar_banner_3":false,"crear_banner_3":{"utilizar_imagen_unica_para_banner":false,"asignar_imagen_unica_para_banner":false,"mostrar_titulo_banner":false,"titulo_para_banner":"","mostrar_subtitulo_banner":false,"subtitulo_del_banner":"","mostrar_cta_banner":false,"texto_cta_banner":"","url_cta_banner":"","fondo_de_color_banner":"","fondo_de_imagen_banner":false,"mostrar_imagen_izquierda_banner":false,"asignar_imagen_izquierda_banner":false}},"yoast_head":"<!-- This site is optimized with the Yoast SEO plugin v23.0 - https:\/\/yoast.com\/wordpress\/plugins\/seo\/ -->\n<title>Preparaci\u00f3n F\u00edsica y Calendario: Aplicaciones Pr\u00e1cticas - Capabilia<\/title>\n<meta name=\"robots\" content=\"index, follow, max-snippet:-1, max-image-preview:large, max-video-preview:-1\" \/>\n<link rel=\"canonical\" href=\"https:\/\/online.claeh.edu.uy\/en\/product\/preparacion-fisica-y-calendario-aplicaciones-practicas\/\" \/>\n<meta property=\"og:locale\" content=\"en_US\" \/>\n<meta property=\"og:type\" content=\"article\" \/>\n<meta property=\"og:title\" content=\"Preparaci\u00f3n F\u00edsica y Calendario: Aplicaciones Pr\u00e1cticas - Capabilia\" \/>\n<meta property=\"og:description\" content=\"excerpt\" \/>\n<meta property=\"og:url\" content=\"https:\/\/online.claeh.edu.uy\/en\/product\/preparacion-fisica-y-calendario-aplicaciones-practicas\/\" \/>\n<meta property=\"og:site_name\" content=\"Capabilia\" \/>\n<meta name=\"twitter:card\" content=\"summary_large_image\" \/>\n<meta name=\"twitter:label1\" content=\"Est. reading time\" \/>\n\t<meta name=\"twitter:data1\" content=\"1 minute\" \/>\n<script type=\"application\/ld+json\" class=\"yoast-schema-graph\">{\"@context\":\"https:\/\/schema.org\",\"@graph\":[{\"@type\":\"WebPage\",\"@id\":\"https:\/\/online.claeh.edu.uy\/en\/product\/preparacion-fisica-y-calendario-aplicaciones-practicas\/\",\"url\":\"https:\/\/online.claeh.edu.uy\/en\/product\/preparacion-fisica-y-calendario-aplicaciones-practicas\/\",\"name\":\"Preparaci\u00f3n F\u00edsica y Calendario: Aplicaciones Pr\u00e1cticas - Capabilia\",\"isPartOf\":{\"@id\":\"https:\/\/online.claeh.edu.uy\/#website\"},\"datePublished\":\"2024-05-21T17:22:25+00:00\",\"dateModified\":\"2024-05-21T17:22:25+00:00\",\"breadcrumb\":{\"@id\":\"https:\/\/online.claeh.edu.uy\/en\/product\/preparacion-fisica-y-calendario-aplicaciones-practicas\/#breadcrumb\"},\"inLanguage\":\"en-US\",\"potentialAction\":[{\"@type\":\"ReadAction\",\"target\":[\"https:\/\/online.claeh.edu.uy\/en\/product\/preparacion-fisica-y-calendario-aplicaciones-practicas\/\"]}]},{\"@type\":\"BreadcrumbList\",\"@id\":\"https:\/\/online.claeh.edu.uy\/en\/product\/preparacion-fisica-y-calendario-aplicaciones-practicas\/#breadcrumb\",\"itemListElement\":[{\"@type\":\"ListItem\",\"position\":1,\"name\":\"Productos\",\"item\":\"https:\/\/online.claeh.edu.uy\/en\/product\/\"},{\"@type\":\"ListItem\",\"position\":2,\"name\":\"Preparaci\u00f3n F\u00edsica y Calendario: Aplicaciones Pr\u00e1cticas\"}]},{\"@type\":\"WebSite\",\"@id\":\"https:\/\/online.claeh.edu.uy\/#website\",\"url\":\"https:\/\/online.claeh.edu.uy\/\",\"name\":\"Capabilia\",\"description\":\"\",\"potentialAction\":[{\"@type\":\"SearchAction\",\"target\":{\"@type\":\"EntryPoint\",\"urlTemplate\":\"https:\/\/online.claeh.edu.uy\/?s={search_term_string}\"},\"query-input\":\"required name=search_term_string\"}],\"inLanguage\":\"en-US\"}]}<\/script>\n<!-- \/ Yoast SEO plugin. -->","yoast_head_json":{"title":"Preparaci\u00f3n F\u00edsica y Calendario: Aplicaciones Pr\u00e1cticas - Capabilia","robots":{"index":"index","follow":"follow","max-snippet":"max-snippet:-1","max-image-preview":"max-image-preview:large","max-video-preview":"max-video-preview:-1"},"canonical":"https:\/\/online.claeh.edu.uy\/en\/product\/preparacion-fisica-y-calendario-aplicaciones-practicas\/","og_locale":"en_US","og_type":"article","og_title":"Preparaci\u00f3n F\u00edsica y Calendario: Aplicaciones Pr\u00e1cticas - Capabilia","og_description":"excerpt","og_url":"https:\/\/online.claeh.edu.uy\/en\/product\/preparacion-fisica-y-calendario-aplicaciones-practicas\/","og_site_name":"Capabilia","twitter_card":"summary_large_image","twitter_misc":{"Est. reading time":"1 minute"},"schema":{"@context":"https:\/\/schema.org","@graph":[{"@type":"WebPage","@id":"https:\/\/online.claeh.edu.uy\/en\/product\/preparacion-fisica-y-calendario-aplicaciones-practicas\/","url":"https:\/\/online.claeh.edu.uy\/en\/product\/preparacion-fisica-y-calendario-aplicaciones-practicas\/","name":"Preparaci\u00f3n F\u00edsica y Calendario: Aplicaciones Pr\u00e1cticas - Capabilia","isPartOf":{"@id":"https:\/\/online.claeh.edu.uy\/#website"},"datePublished":"2024-05-21T17:22:25+00:00","dateModified":"2024-05-21T17:22:25+00:00","breadcrumb":{"@id":"https:\/\/online.claeh.edu.uy\/en\/product\/preparacion-fisica-y-calendario-aplicaciones-practicas\/#breadcrumb"},"inLanguage":"en-US","potentialAction":[{"@type":"ReadAction","target":["https:\/\/online.claeh.edu.uy\/en\/product\/preparacion-fisica-y-calendario-aplicaciones-practicas\/"]}]},{"@type":"BreadcrumbList","@id":"https:\/\/online.claeh.edu.uy\/en\/product\/preparacion-fisica-y-calendario-aplicaciones-practicas\/#breadcrumb","itemListElement":[{"@type":"ListItem","position":1,"name":"Productos","item":"https:\/\/online.claeh.edu.uy\/en\/product\/"},{"@type":"ListItem","position":2,"name":"Preparaci\u00f3n F\u00edsica y Calendario: Aplicaciones Pr\u00e1cticas"}]},{"@type":"WebSite","@id":"https:\/\/online.claeh.edu.uy\/#website","url":"https:\/\/online.claeh.edu.uy\/","name":"Capabilia","description":"","potentialAction":[{"@type":"SearchAction","target":{"@type":"EntryPoint","urlTemplate":"https:\/\/online.claeh.edu.uy\/?s={search_term_string}"},"query-input":"required name=search_term_string"}],"inLanguage":"en-US"}]}},"idiomas":{"en":1641,"es":1640},"_links":{"self":[{"href":"https:\/\/online.claeh.edu.uy\/en\/wp-json\/wp\/v2\/products\/1641"}],"collection":[{"href":"https:\/\/online.claeh.edu.uy\/en\/wp-json\/wp\/v2\/products"}],"about":[{"href":"https:\/\/online.claeh.edu.uy\/en\/wp-json\/wp\/v2\/types\/product"}],"author":[{"embeddable":true,"href":"https:\/\/online.claeh.edu.uy\/en\/wp-json\/wp\/v2\/users\/3"}],"replies":[{"embeddable":true,"href":"https:\/\/online.claeh.edu.uy\/en\/wp-json\/wp\/v2\/comments?post=1641"}],"version-history":[{"count":1,"href":"https:\/\/online.claeh.edu.uy\/en\/wp-json\/wp\/v2\/products\/1641\/revisions"}],"predecessor-version":[{"id":1754,"href":"https:\/\/online.claeh.edu.uy\/en\/wp-json\/wp\/v2\/products\/1641\/revisions\/1754"}],"wp:attachment":[{"href":"https:\/\/online.claeh.edu.uy\/en\/wp-json\/wp\/v2\/media?parent=1641"}],"wp:term":[{"taxonomy":"category","embeddable":true,"href":"https:\/\/online.claeh.edu.uy\/en\/wp-json\/wp\/v2\/categories?post=1641"}],"curies":[{"name":"wp","href":"https:\/\/api.w.org\/{rel}","templated":true}]}}