{"id":1643,"date":"2024-05-21T17:24:08","date_gmt":"2024-05-21T17:24:08","guid":{"rendered":"https:\/\/online.claeh.edu.uy\/?post_type=product&#038;p=1643"},"modified":"2024-05-21T17:24:08","modified_gmt":"2024-05-21T17:24:08","slug":"gestion-deportiva-ii","status":"publish","type":"product","link":"https:\/\/online.claeh.edu.uy\/en\/product\/gestion-deportiva-ii\/","title":{"rendered":"Gesti\u00f3n Deportiva II"},"content":{"rendered":"<p>contenido<\/p>\n","protected":false},"excerpt":{"rendered":"<p>excerpt<\/p>\n","protected":false},"author":3,"featured_media":0,"comment_status":"open","ping_status":"closed","template":"","meta":{"_acf_changed":false,"footnotes":""},"categories":[16],"class_list":["post-1643","product","type-product","status-publish","hentry","category-producto-claeh-en"],"acf":{"external_id":"2233","titulo_curso":"Gesti\u00f3n Deportiva II","precio":"120 usd ","impartido_en":"Castellano","id_magento":"","hubspot_product_id":"","imagen_destacada":"https:\/\/static.capabiliaserver.com\/frontend\/clients\/claeh\/wp_prod\/wp-content\/uploads\/13c82dfe-gestion-deportiva-ii-1.png","header_image":"https:\/\/static.capabiliaserver.com\/frontend\/clients\/claeh\/wp_prod\/wp-content\/uploads\/13c82dfe-gestion-deportiva-ii-1.png","precio_en_cuotas":"","precio_de_lista":"","promocion_vigente":"","duracion_del_curso":"3 meses","tipo_de_programa":"Curso","fecha_de_inicio":"","segunda_fecha_de_inicio":"","zona_horaria":"America\/Argentina\/Buenos_Aires","nivel_del_curso":"Intermedio","modalidad":"Online","dedicacion":"Gesti\u00f3n Deportiva II","contenido":"<p>Las instituciones deportivas privadas y p\u00fablicas, como toda organizaci\u00f3n, est\u00e1n atravesadas por constantes cambios producto de los avances tecnol\u00f3gicos o de lo que hoy conocemos como la Cuarta Revoluci\u00f3n Industrial o Industria 4.0.<\/p>\n<p>Esto les exige tanto a ellas como a sus miembros, dirigentes y deportistas, una capacitaci\u00f3n continua para adaptarse a las nuevas formas de gerenciamiento y adquirir las competencias espec\u00edficas necesarias de gesti\u00f3n que permitan construir organizaciones en movimiento, acordes a la industria. Resulta imprescindible, en estos d\u00edas, profesionalizar las actividades que demanda el medio deportivo, las instituciones y los mismos deportistas, porque las habilidades de antes quedan obsoletas si no se complementan con los nuevos saberes y aprendizajes que exige la actual situaci\u00f3n. <\/p>\n<p>Lo que ayer era una opci\u00f3n, hoy es el camino obligado hacia una gesti\u00f3n transparente y eficiente, donde el trabajo en equipo, el liderazgo y el buen uso de los recursos son clave para diferenciarse de otras organizaciones. En respuesta a esta evoluci\u00f3n, a las nuevas demandas del mundo del deporte y con el objetivo de fortalecer competencias gerenciales, se presenta el Certificado en Gesti\u00f3n Estrat\u00e9gica de Organizaciones Deportivas. <\/p>\n<p>Este Certificado te permitir\u00e1 desarrollar las competencias necesarias para administrar y gestionar una entidad deportiva, detectando los problemas y desaf\u00edos que hoy enfrentan para adaptarse al contexto cambiante que se nos presenta. <\/p>\n<p>A partir de estos conocimientos, podr\u00e1s planificar estrat\u00e9gicamente los caminos que traer\u00e1n las soluciones. Pero, adem\u00e1s, te dotar\u00e1n de herramientas para un \u00f3ptimo tratamiento, seguimiento, control y evaluaci\u00f3n de los procesos para alcanzar los resultados esperados, en l\u00ednea con la misi\u00f3n organizacional y las demandas del mercado. <\/p>\n<p>Las nuevas competencias que exige el mercado laboral y que encontrar\u00e1s en este Certificado, te ayudar\u00e1n a desempe\u00f1arte en funciones de management y gerenciamiento de instituciones deportivas, tanto en el \u00e1mbito p\u00fablico como privado. De igual modo, este Certificado es un excelente veh\u00edculo para aquellos que deseen dar un paso crucial de su rol de deportista al de profesional de la gerencia deportiva.<\/p>\n","avalado_por":false,"cursos_que_lo_componen":[{"nombre_del_curso":"Gesti\u00f3n de proyectos en el deporte","descripcion_del_curso":"<p>M\u00f3dulo 1: Gesti\u00f3n de Proyectos<br \/>\nM\u00f3dulo 2: Optimizar la gesti\u00f3n<br \/>\nM\u00f3dulo 3: La gesti\u00f3n de proyectos en el deporte<br \/>\nM\u00f3dulo 4: El l\u00edder de un proyecto<\/p>\n"},{"nombre_del_curso":"Gesti\u00f3n financiera de una organizaci\u00f3n deportiva","descripcion_del_curso":"<p>M\u00f3dulo 1: Conceptos fundamentales de finanzas corporativas<br \/>\nM\u00f3dulo 2: La pr\u00e1ctica financiera: herramientas de gesti\u00f3n y an\u00e1lisis aplicadas a organizaciones deportivas<br \/>\nM\u00f3dulo 3: Proyectando el futuro: alternativas de inversi\u00f3n y financiamiento para el largo plazo<br \/>\nM\u00f3dulo 4: La digitalizaci\u00f3n en la gesti\u00f3n financiera y su impacto en las organizaciones deportivas.<\/p>\n"},{"nombre_del_curso":"Marketing Deportivo","descripcion_del_curso":"<p>M\u00f3dulo 1: El deporte como industria<br \/>\nM\u00f3dulo 2: Marketing<br \/>\nM\u00f3dulo 3: Marketing digital<br \/>\nM\u00f3dulo 4: Marketing relacional<\/p>\n"}],"pdf_brochure":false,"preguntas_frecuentes":false,"titulo":"Gesti\u00f3n Deportiva II","docentes_expertos":false,"mostrar_form":false,"mostrar_boton_compra":true,"mostrar_precio":false,"url_cursado_webinar":"","activar_nuevos_banners":false,"mostrar_banner_1":false,"crear_banner_1":{"utilizar_imagen_unica_para_banner":false,"asignar_imagen_unica_para_banner":false,"mostrar_titulo_banner":false,"titulo_para_banner":"","mostrar_subtitulo_banner":false,"subtitulo_del_banner":"","mostrar_cta_banner":false,"texto_cta_banner":"","url_cta_banner":"","fondo_de_color_banner":"","fondo_de_imagen_banner":false,"mostrar_imagen_izquierda_banner":false,"asignar_imagen_izquierda_banner":false},"mostrar_banner_2":false,"crear_banner_2":{"utilizar_imagen_unica_para_banner":false,"asignar_imagen_unica_para_banner":false,"mostrar_titulo_banner":false,"titulo_para_banner":"","mostrar_subtitulo_banner":false,"subtitulo_del_banner":"","mostrar_cta_banner":false,"texto_cta_banner":"","url_cta_banner":"","fondo_de_color_banner":"","fondo_de_imagen_banner":false,"mostrar_imagen_izquierda_banner":false,"asignar_imagen_izquierda_banner":false},"mostrar_banner_3":false,"crear_banner_3":{"utilizar_imagen_unica_para_banner":false,"asignar_imagen_unica_para_banner":false,"mostrar_titulo_banner":false,"titulo_para_banner":"","mostrar_subtitulo_banner":false,"subtitulo_del_banner":"","mostrar_cta_banner":false,"texto_cta_banner":"","url_cta_banner":"","fondo_de_color_banner":"","fondo_de_imagen_banner":false,"mostrar_imagen_izquierda_banner":false,"asignar_imagen_izquierda_banner":false}},"yoast_head":"<!-- This site is optimized with the Yoast SEO plugin v23.0 - https:\/\/yoast.com\/wordpress\/plugins\/seo\/ -->\n<title>Gesti\u00f3n Deportiva II - Capabilia<\/title>\n<meta name=\"robots\" content=\"index, follow, max-snippet:-1, max-image-preview:large, max-video-preview:-1\" \/>\n<link rel=\"canonical\" href=\"https:\/\/online.claeh.edu.uy\/en\/product\/gestion-deportiva-ii\/\" \/>\n<meta property=\"og:locale\" content=\"en_US\" \/>\n<meta property=\"og:type\" content=\"article\" \/>\n<meta property=\"og:title\" content=\"Gesti\u00f3n Deportiva II - Capabilia\" \/>\n<meta property=\"og:description\" content=\"excerpt\" \/>\n<meta property=\"og:url\" content=\"https:\/\/online.claeh.edu.uy\/en\/product\/gestion-deportiva-ii\/\" \/>\n<meta property=\"og:site_name\" content=\"Capabilia\" \/>\n<meta name=\"twitter:card\" content=\"summary_large_image\" \/>\n<meta name=\"twitter:label1\" content=\"Est. reading time\" \/>\n\t<meta name=\"twitter:data1\" content=\"1 minute\" \/>\n<script type=\"application\/ld+json\" class=\"yoast-schema-graph\">{\"@context\":\"https:\/\/schema.org\",\"@graph\":[{\"@type\":\"WebPage\",\"@id\":\"https:\/\/online.claeh.edu.uy\/en\/product\/gestion-deportiva-ii\/\",\"url\":\"https:\/\/online.claeh.edu.uy\/en\/product\/gestion-deportiva-ii\/\",\"name\":\"Gesti\u00f3n Deportiva II - Capabilia\",\"isPartOf\":{\"@id\":\"https:\/\/online.claeh.edu.uy\/#website\"},\"datePublished\":\"2024-05-21T17:24:08+00:00\",\"dateModified\":\"2024-05-21T17:24:08+00:00\",\"breadcrumb\":{\"@id\":\"https:\/\/online.claeh.edu.uy\/en\/product\/gestion-deportiva-ii\/#breadcrumb\"},\"inLanguage\":\"en-US\",\"potentialAction\":[{\"@type\":\"ReadAction\",\"target\":[\"https:\/\/online.claeh.edu.uy\/en\/product\/gestion-deportiva-ii\/\"]}]},{\"@type\":\"BreadcrumbList\",\"@id\":\"https:\/\/online.claeh.edu.uy\/en\/product\/gestion-deportiva-ii\/#breadcrumb\",\"itemListElement\":[{\"@type\":\"ListItem\",\"position\":1,\"name\":\"Productos\",\"item\":\"https:\/\/online.claeh.edu.uy\/en\/product\/\"},{\"@type\":\"ListItem\",\"position\":2,\"name\":\"Gesti\u00f3n Deportiva II\"}]},{\"@type\":\"WebSite\",\"@id\":\"https:\/\/online.claeh.edu.uy\/#website\",\"url\":\"https:\/\/online.claeh.edu.uy\/\",\"name\":\"Capabilia\",\"description\":\"\",\"potentialAction\":[{\"@type\":\"SearchAction\",\"target\":{\"@type\":\"EntryPoint\",\"urlTemplate\":\"https:\/\/online.claeh.edu.uy\/?s={search_term_string}\"},\"query-input\":\"required name=search_term_string\"}],\"inLanguage\":\"en-US\"}]}<\/script>\n<!-- \/ Yoast SEO plugin. -->","yoast_head_json":{"title":"Gesti\u00f3n Deportiva II - Capabilia","robots":{"index":"index","follow":"follow","max-snippet":"max-snippet:-1","max-image-preview":"max-image-preview:large","max-video-preview":"max-video-preview:-1"},"canonical":"https:\/\/online.claeh.edu.uy\/en\/product\/gestion-deportiva-ii\/","og_locale":"en_US","og_type":"article","og_title":"Gesti\u00f3n Deportiva II - Capabilia","og_description":"excerpt","og_url":"https:\/\/online.claeh.edu.uy\/en\/product\/gestion-deportiva-ii\/","og_site_name":"Capabilia","twitter_card":"summary_large_image","twitter_misc":{"Est. reading time":"1 minute"},"schema":{"@context":"https:\/\/schema.org","@graph":[{"@type":"WebPage","@id":"https:\/\/online.claeh.edu.uy\/en\/product\/gestion-deportiva-ii\/","url":"https:\/\/online.claeh.edu.uy\/en\/product\/gestion-deportiva-ii\/","name":"Gesti\u00f3n Deportiva II - Capabilia","isPartOf":{"@id":"https:\/\/online.claeh.edu.uy\/#website"},"datePublished":"2024-05-21T17:24:08+00:00","dateModified":"2024-05-21T17:24:08+00:00","breadcrumb":{"@id":"https:\/\/online.claeh.edu.uy\/en\/product\/gestion-deportiva-ii\/#breadcrumb"},"inLanguage":"en-US","potentialAction":[{"@type":"ReadAction","target":["https:\/\/online.claeh.edu.uy\/en\/product\/gestion-deportiva-ii\/"]}]},{"@type":"BreadcrumbList","@id":"https:\/\/online.claeh.edu.uy\/en\/product\/gestion-deportiva-ii\/#breadcrumb","itemListElement":[{"@type":"ListItem","position":1,"name":"Productos","item":"https:\/\/online.claeh.edu.uy\/en\/product\/"},{"@type":"ListItem","position":2,"name":"Gesti\u00f3n Deportiva II"}]},{"@type":"WebSite","@id":"https:\/\/online.claeh.edu.uy\/#website","url":"https:\/\/online.claeh.edu.uy\/","name":"Capabilia","description":"","potentialAction":[{"@type":"SearchAction","target":{"@type":"EntryPoint","urlTemplate":"https:\/\/online.claeh.edu.uy\/?s={search_term_string}"},"query-input":"required name=search_term_string"}],"inLanguage":"en-US"}]}},"idiomas":{"en":1643,"es":1642},"_links":{"self":[{"href":"https:\/\/online.claeh.edu.uy\/en\/wp-json\/wp\/v2\/products\/1643"}],"collection":[{"href":"https:\/\/online.claeh.edu.uy\/en\/wp-json\/wp\/v2\/products"}],"about":[{"href":"https:\/\/online.claeh.edu.uy\/en\/wp-json\/wp\/v2\/types\/product"}],"author":[{"embeddable":true,"href":"https:\/\/online.claeh.edu.uy\/en\/wp-json\/wp\/v2\/users\/3"}],"replies":[{"embeddable":true,"href":"https:\/\/online.claeh.edu.uy\/en\/wp-json\/wp\/v2\/comments?post=1643"}],"version-history":[{"count":1,"href":"https:\/\/online.claeh.edu.uy\/en\/wp-json\/wp\/v2\/products\/1643\/revisions"}],"predecessor-version":[{"id":1759,"href":"https:\/\/online.claeh.edu.uy\/en\/wp-json\/wp\/v2\/products\/1643\/revisions\/1759"}],"wp:attachment":[{"href":"https:\/\/online.claeh.edu.uy\/en\/wp-json\/wp\/v2\/media?parent=1643"}],"wp:term":[{"taxonomy":"category","embeddable":true,"href":"https:\/\/online.claeh.edu.uy\/en\/wp-json\/wp\/v2\/categories?post=1643"}],"curies":[{"name":"wp","href":"https:\/\/api.w.org\/{rel}","templated":true}]}}