{"id":1645,"date":"2024-05-21T17:24:46","date_gmt":"2024-05-21T17:24:46","guid":{"rendered":"https:\/\/online.claeh.edu.uy\/?post_type=product&#038;p=1645"},"modified":"2024-05-21T17:24:46","modified_gmt":"2024-05-21T17:24:46","slug":"enfoque-ludico-del-futbol-infantil","status":"publish","type":"product","link":"https:\/\/online.claeh.edu.uy\/en\/product\/enfoque-ludico-del-futbol-infantil\/","title":{"rendered":"Enfoque L\u00fadico del F\u00fatbol Infantil"},"content":{"rendered":"<p>contenido<\/p>\n","protected":false},"excerpt":{"rendered":"<p>excerpt<\/p>\n","protected":false},"author":3,"featured_media":0,"comment_status":"open","ping_status":"closed","template":"","meta":{"_acf_changed":false,"footnotes":""},"categories":[16],"class_list":["post-1645","product","type-product","status-publish","hentry","category-producto-claeh-en"],"acf":{"external_id":"2234","titulo_curso":"Enfoque L\u00fadico del F\u00fatbol Infantil","precio":"200 usd","impartido_en":"Castellano","id_magento":"","hubspot_product_id":"","imagen_destacada":"https:\/\/static.capabiliaserver.com\/frontend\/clients\/claeh\/wp_prod\/wp-content\/uploads\/c359e3c3-enfoque-ludico-del-futbol-infantil.png","header_image":"https:\/\/static.capabiliaserver.com\/frontend\/clients\/claeh\/wp_prod\/wp-content\/uploads\/c359e3c3-enfoque-ludico-del-futbol-infantil.png","precio_en_cuotas":"","precio_de_lista":"","promocion_vigente":"","duracion_del_curso":"1 mes","tipo_de_programa":"Programa","fecha_de_inicio":"","segunda_fecha_de_inicio":"","zona_horaria":"America\/Argentina\/Buenos_Aires","nivel_del_curso":"Intermedio","modalidad":"Online","dedicacion":"Enfoque L\u00fadico del F\u00fatbol Infantil","contenido":"<p>El F\u00fatbol Sudamericano es parte de un tiempo de transformaci\u00f3n y cambio, donde a la pr\u00e1ctica de un deporte multitudinario y de gran impacto sociocultural, se suman las exigencias del conocimiento cada vez mayor sobre el desarrollo humano, en todas sus facetas, tanto emocionales como de comunicaci\u00f3n y realizaci\u00f3n personal, ya sea en lo deportivo como en lo profesional.<\/p>\n<p>Es as\u00ed que, a nivel mundial y regional, las Asociaciones y los clubes, se ocupan cada vez m\u00e1s de las etapas evolutivas y trayectorias formativas por las que transitan los jugadores y jugadoras cuando dan sus primeros pasos en el F\u00fatbol. En este sentido, el contenido de los diferentes m\u00f3dulos de este programa, les ofrece a los entrenadores, equipos t\u00e9cnicos y dirigentes de los clubes, un marco te\u00f3rico y herramientas pr\u00e1cticas, para lograr una trayectoria formativa que parta de las bases m\u00e1s consistentes, eficientes y productivas del trabajo con los ni\u00f1os y las ni\u00f1as en el \u00e1mbito del F\u00fatbol, es decir, desde el aprendizaje a trav\u00e9s del juego, desde un enfoque l\u00fadico.<\/p>\n<p>Asi, los egresados de este curso tendr\u00e1n la oportunidad de llevar adelante, en el \u00e1mbito de los clubes, diferentes propuestas, proyectos, iniciativas, programas y emprendimientos, orientados a desarrollar el aprendizaje a trav\u00e9s del juego (enfoque l\u00fadico), donde los futuros futbolistas profesionales, en la etapa inicial de su formaci\u00f3n, se apropiaran de la t\u00e9cnica, la t\u00e1ctica y la conducta futbolera desde el \u00e1mbito natural del \u201cjugar a la pelota\u201d, elemento que est\u00e1 en la base del ADN Sudamericano del F\u00fatbol y que hoy se busca profundizar, sistematizar y desarrollar en el F\u00fatbol Formativo.<\/p>\n","avalado_por":false,"cursos_que_lo_componen":[{"nombre_del_curso":"Aprender Jugando y Jugar Aprendiendo en el F\u00fatbol Infantil","descripcion_del_curso":"<p>Conocer los conceptos b\u00e1sicos de la formaci\u00f3n en el \u00e1mbito del F\u00fatbol Infantil<br \/>\nIdentificar los actores del contexto del F\u00fatbol Infantil que tienen una funci\u00f3n relevante en un proceso deportivo enfocado desde el \u201cmodelo propio\u201d sudamericano de F\u00fatbol Infantil<br \/>\nComprender los modelos, etapas y aportes del \u201cmodelo propio\u201d sudamericano en el proceso de formaci\u00f3n personal y deportiva de los ni\u00f1os que juegan a la pelota<\/p>\n"},{"nombre_del_curso":"El f\u00fatbol como espacio de desarrollo integral de la ni\u00f1ez","descripcion_del_curso":"<p>Comprender las variables psicol\u00f3gicas que intervienen en la formaci\u00f3n integral de los ni\u00f1os en la etapa formativa del f\u00fatbol<br \/>\nValorar las consecuencias vocacionales de los contextos y las conductas en el rendimiento futbol\u00edsticos orientadas desde el enfoque l\u00fadico del F\u00fatbol Infantil<br \/>\nConocer formas y metodolog\u00edas de abordaje de los procesos de desarrollo personal y deportivo del ni\u00f1o en los contextos de entrenamiento orientados a lo l\u00fadico<br \/>\nComprender el rol del \u201cAyudador\u201d o \u201cFacilitador\u201d en la formaci\u00f3n deportiva y humana, a partir de lo l\u00fadico, en el F\u00fatbol Infantil<\/p>\n"},{"nombre_del_curso":"Jugar al f\u00fatbol desde un enfoque l\u00fadico","descripcion_del_curso":"<p>Reconocer las etapas de transici\u00f3n dentro del \u00e1mbito del F\u00fatbol Infantil desde un enfoque l\u00fadico<br \/>\nDescribir los procesos evolutivos y deportivos intervinientes en el desarrollo de un \u201cmodelo propio\u201d sudamericano de formaci\u00f3n en el F\u00fatbol Infantil<br \/>\nDistinguir el rol del profesional de los adultos que orientan los procesos de formaci\u00f3n en el F\u00fatbol Infantil dentro del marco te\u00f3rico y pr\u00e1ctico del enfoque l\u00fadico<\/p>\n"},{"nombre_del_curso":"En b\u00fasqueda de una nueva propuesta para el F\u00fatbol Infantil","descripcion_del_curso":"<p>Identificar las problem\u00e1ticas actuales del f\u00fatbol formativo orientado a la ni\u00f1ez<br \/>\nDesarrollar propuestas alternativas, desde el enfoque l\u00fadico, para responder a las problem\u00e1ticas des f\u00fatbol formativo orientado a la ni\u00f1ez<br \/>\nEstablecer las bases para recuperar el \u201cmodelo propio\u201d sudamericano como espacio l\u00fadico de desarrollo del talento deportivo dentro de la pr\u00e1ctica del f\u00fatbol como juego y como vocaci\u00f3n<\/p>\n"}],"pdf_brochure":false,"preguntas_frecuentes":false,"titulo":"Enfoque L\u00fadico del F\u00fatbol Infantil","docentes_expertos":false,"mostrar_form":false,"mostrar_boton_compra":true,"mostrar_precio":false,"url_cursado_webinar":"","activar_nuevos_banners":false,"mostrar_banner_1":false,"crear_banner_1":{"utilizar_imagen_unica_para_banner":false,"asignar_imagen_unica_para_banner":false,"mostrar_titulo_banner":false,"titulo_para_banner":"","mostrar_subtitulo_banner":false,"subtitulo_del_banner":"","mostrar_cta_banner":false,"texto_cta_banner":"","url_cta_banner":"","fondo_de_color_banner":"","fondo_de_imagen_banner":false,"mostrar_imagen_izquierda_banner":false,"asignar_imagen_izquierda_banner":false},"mostrar_banner_2":false,"crear_banner_2":{"utilizar_imagen_unica_para_banner":false,"asignar_imagen_unica_para_banner":false,"mostrar_titulo_banner":false,"titulo_para_banner":"","mostrar_subtitulo_banner":false,"subtitulo_del_banner":"","mostrar_cta_banner":false,"texto_cta_banner":"","url_cta_banner":"","fondo_de_color_banner":"","fondo_de_imagen_banner":false,"mostrar_imagen_izquierda_banner":false,"asignar_imagen_izquierda_banner":false},"mostrar_banner_3":false,"crear_banner_3":{"utilizar_imagen_unica_para_banner":false,"asignar_imagen_unica_para_banner":false,"mostrar_titulo_banner":false,"titulo_para_banner":"","mostrar_subtitulo_banner":false,"subtitulo_del_banner":"","mostrar_cta_banner":false,"texto_cta_banner":"","url_cta_banner":"","fondo_de_color_banner":"","fondo_de_imagen_banner":false,"mostrar_imagen_izquierda_banner":false,"asignar_imagen_izquierda_banner":false}},"yoast_head":"<!-- This site is optimized with the Yoast SEO plugin v23.0 - https:\/\/yoast.com\/wordpress\/plugins\/seo\/ -->\n<title>Enfoque L\u00fadico del F\u00fatbol Infantil - Capabilia<\/title>\n<meta name=\"robots\" content=\"index, follow, max-snippet:-1, max-image-preview:large, max-video-preview:-1\" \/>\n<link rel=\"canonical\" href=\"https:\/\/online.claeh.edu.uy\/en\/product\/enfoque-ludico-del-futbol-infantil\/\" \/>\n<meta property=\"og:locale\" content=\"en_US\" \/>\n<meta property=\"og:type\" content=\"article\" \/>\n<meta property=\"og:title\" content=\"Enfoque L\u00fadico del F\u00fatbol Infantil - Capabilia\" \/>\n<meta property=\"og:description\" content=\"excerpt\" \/>\n<meta property=\"og:url\" content=\"https:\/\/online.claeh.edu.uy\/en\/product\/enfoque-ludico-del-futbol-infantil\/\" \/>\n<meta property=\"og:site_name\" content=\"Capabilia\" \/>\n<meta name=\"twitter:card\" content=\"summary_large_image\" \/>\n<meta name=\"twitter:label1\" content=\"Est. reading time\" \/>\n\t<meta name=\"twitter:data1\" content=\"1 minute\" \/>\n<script type=\"application\/ld+json\" class=\"yoast-schema-graph\">{\"@context\":\"https:\/\/schema.org\",\"@graph\":[{\"@type\":\"WebPage\",\"@id\":\"https:\/\/online.claeh.edu.uy\/en\/product\/enfoque-ludico-del-futbol-infantil\/\",\"url\":\"https:\/\/online.claeh.edu.uy\/en\/product\/enfoque-ludico-del-futbol-infantil\/\",\"name\":\"Enfoque L\u00fadico del F\u00fatbol Infantil - Capabilia\",\"isPartOf\":{\"@id\":\"https:\/\/online.claeh.edu.uy\/#website\"},\"datePublished\":\"2024-05-21T17:24:46+00:00\",\"dateModified\":\"2024-05-21T17:24:46+00:00\",\"breadcrumb\":{\"@id\":\"https:\/\/online.claeh.edu.uy\/en\/product\/enfoque-ludico-del-futbol-infantil\/#breadcrumb\"},\"inLanguage\":\"en-US\",\"potentialAction\":[{\"@type\":\"ReadAction\",\"target\":[\"https:\/\/online.claeh.edu.uy\/en\/product\/enfoque-ludico-del-futbol-infantil\/\"]}]},{\"@type\":\"BreadcrumbList\",\"@id\":\"https:\/\/online.claeh.edu.uy\/en\/product\/enfoque-ludico-del-futbol-infantil\/#breadcrumb\",\"itemListElement\":[{\"@type\":\"ListItem\",\"position\":1,\"name\":\"Productos\",\"item\":\"https:\/\/online.claeh.edu.uy\/en\/product\/\"},{\"@type\":\"ListItem\",\"position\":2,\"name\":\"Enfoque L\u00fadico del F\u00fatbol Infantil\"}]},{\"@type\":\"WebSite\",\"@id\":\"https:\/\/online.claeh.edu.uy\/#website\",\"url\":\"https:\/\/online.claeh.edu.uy\/\",\"name\":\"Capabilia\",\"description\":\"\",\"potentialAction\":[{\"@type\":\"SearchAction\",\"target\":{\"@type\":\"EntryPoint\",\"urlTemplate\":\"https:\/\/online.claeh.edu.uy\/?s={search_term_string}\"},\"query-input\":\"required name=search_term_string\"}],\"inLanguage\":\"en-US\"}]}<\/script>\n<!-- \/ Yoast SEO plugin. -->","yoast_head_json":{"title":"Enfoque L\u00fadico del F\u00fatbol Infantil - Capabilia","robots":{"index":"index","follow":"follow","max-snippet":"max-snippet:-1","max-image-preview":"max-image-preview:large","max-video-preview":"max-video-preview:-1"},"canonical":"https:\/\/online.claeh.edu.uy\/en\/product\/enfoque-ludico-del-futbol-infantil\/","og_locale":"en_US","og_type":"article","og_title":"Enfoque L\u00fadico del F\u00fatbol Infantil - Capabilia","og_description":"excerpt","og_url":"https:\/\/online.claeh.edu.uy\/en\/product\/enfoque-ludico-del-futbol-infantil\/","og_site_name":"Capabilia","twitter_card":"summary_large_image","twitter_misc":{"Est. reading time":"1 minute"},"schema":{"@context":"https:\/\/schema.org","@graph":[{"@type":"WebPage","@id":"https:\/\/online.claeh.edu.uy\/en\/product\/enfoque-ludico-del-futbol-infantil\/","url":"https:\/\/online.claeh.edu.uy\/en\/product\/enfoque-ludico-del-futbol-infantil\/","name":"Enfoque L\u00fadico del F\u00fatbol Infantil - Capabilia","isPartOf":{"@id":"https:\/\/online.claeh.edu.uy\/#website"},"datePublished":"2024-05-21T17:24:46+00:00","dateModified":"2024-05-21T17:24:46+00:00","breadcrumb":{"@id":"https:\/\/online.claeh.edu.uy\/en\/product\/enfoque-ludico-del-futbol-infantil\/#breadcrumb"},"inLanguage":"en-US","potentialAction":[{"@type":"ReadAction","target":["https:\/\/online.claeh.edu.uy\/en\/product\/enfoque-ludico-del-futbol-infantil\/"]}]},{"@type":"BreadcrumbList","@id":"https:\/\/online.claeh.edu.uy\/en\/product\/enfoque-ludico-del-futbol-infantil\/#breadcrumb","itemListElement":[{"@type":"ListItem","position":1,"name":"Productos","item":"https:\/\/online.claeh.edu.uy\/en\/product\/"},{"@type":"ListItem","position":2,"name":"Enfoque L\u00fadico del F\u00fatbol Infantil"}]},{"@type":"WebSite","@id":"https:\/\/online.claeh.edu.uy\/#website","url":"https:\/\/online.claeh.edu.uy\/","name":"Capabilia","description":"","potentialAction":[{"@type":"SearchAction","target":{"@type":"EntryPoint","urlTemplate":"https:\/\/online.claeh.edu.uy\/?s={search_term_string}"},"query-input":"required name=search_term_string"}],"inLanguage":"en-US"}]}},"idiomas":{"en":1645,"es":1644},"_links":{"self":[{"href":"https:\/\/online.claeh.edu.uy\/en\/wp-json\/wp\/v2\/products\/1645"}],"collection":[{"href":"https:\/\/online.claeh.edu.uy\/en\/wp-json\/wp\/v2\/products"}],"about":[{"href":"https:\/\/online.claeh.edu.uy\/en\/wp-json\/wp\/v2\/types\/product"}],"author":[{"embeddable":true,"href":"https:\/\/online.claeh.edu.uy\/en\/wp-json\/wp\/v2\/users\/3"}],"replies":[{"embeddable":true,"href":"https:\/\/online.claeh.edu.uy\/en\/wp-json\/wp\/v2\/comments?post=1645"}],"version-history":[{"count":1,"href":"https:\/\/online.claeh.edu.uy\/en\/wp-json\/wp\/v2\/products\/1645\/revisions"}],"predecessor-version":[{"id":1764,"href":"https:\/\/online.claeh.edu.uy\/en\/wp-json\/wp\/v2\/products\/1645\/revisions\/1764"}],"wp:attachment":[{"href":"https:\/\/online.claeh.edu.uy\/en\/wp-json\/wp\/v2\/media?parent=1645"}],"wp:term":[{"taxonomy":"category","embeddable":true,"href":"https:\/\/online.claeh.edu.uy\/en\/wp-json\/wp\/v2\/categories?post=1645"}],"curies":[{"name":"wp","href":"https:\/\/api.w.org\/{rel}","templated":true}]}}