{"id":1647,"date":"2024-05-21T17:25:50","date_gmt":"2024-05-21T17:25:50","guid":{"rendered":"https:\/\/online.claeh.edu.uy\/?post_type=product&#038;p=1647"},"modified":"2024-05-21T17:25:50","modified_gmt":"2024-05-21T17:25:50","slug":"fundamentos-de-psicologia-aplicado-al-futbol-formativo","status":"publish","type":"product","link":"https:\/\/online.claeh.edu.uy\/en\/product\/fundamentos-de-psicologia-aplicado-al-futbol-formativo\/","title":{"rendered":"Fundamentos de Psicolog\u00eda aplicado al F\u00fatbol Formativo"},"content":{"rendered":"<p>contenido<\/p>\n","protected":false},"excerpt":{"rendered":"<p>excerpt<\/p>\n","protected":false},"author":3,"featured_media":0,"comment_status":"open","ping_status":"closed","template":"","meta":{"_acf_changed":false,"footnotes":""},"categories":[16],"class_list":["post-1647","product","type-product","status-publish","hentry","category-producto-claeh-en"],"acf":{"external_id":"2235","titulo_curso":"Fundamentos de Psicolog\u00eda aplicado al F\u00fatbol Formativo","precio":"120 usd","impartido_en":"Castellano","id_magento":"","hubspot_product_id":"","imagen_destacada":"https:\/\/static.capabiliaserver.com\/frontend\/clients\/claeh\/wp_prod\/wp-content\/uploads\/2ebeae1c-psicologia-futbol.png","header_image":"https:\/\/static.capabiliaserver.com\/frontend\/clients\/claeh\/wp_prod\/wp-content\/uploads\/2ebeae1c-psicologia-futbol.png","precio_en_cuotas":"","precio_de_lista":"","promocion_vigente":"","duracion_del_curso":"1 mes","tipo_de_programa":"Curso","fecha_de_inicio":"","segunda_fecha_de_inicio":"","zona_horaria":"America\/Argentina\/Buenos_Aires","nivel_del_curso":"Intermedio","modalidad":"Online","dedicacion":"Fundamentos de Psicolog\u00eda aplicado al F\u00fatbol Formativo","contenido":"<p>Hoy, en el contexto del Futbol Formativo, en Sudam\u00e9rica, los ni\u00f1os, ni\u00f1as, adolescentes y j\u00f3venes futbolistas son acompa\u00f1ados en sus procesos de desarrollo evolutivo, personal y deportivo, tanto por los entrenadores como por los equipos t\u00e9cnicos de los clubes y selecciones en donde juegan. Acompa\u00f1amiento que incluye, en la actualidad, el componente psicol\u00f3gico, dentro de la presente propuesta integral del f\u00fatbol formativo y que, por lo tanto, lleva a la necesidad de que los hombres y mujeres del f\u00fatbol de inicios del Siglo XXI, manejen los fundamentos psicol\u00f3gicos b\u00e1sicos que ahora son aplicados en el f\u00fatbol practicado por los menores de edad. <\/p>\n<p>As\u00ed, las nuevas realidades del F\u00fatbol sudamericano, han puesto en evidencia que los clubes, cada vez m\u00e1s, valoran la contribuci\u00f3n de la psicolog\u00eda, ya que esta ciencia del comportamiento humano brinda aportes significativos al proceso de desarrollo deportivo y humano que viven los jugadores y las jugadoras, tomando en cuenta factores como el contexto socioecon\u00f3mico, la etapa socioemocional de los atletas o el nivel de exigencia deportiva de la etapa formativa del f\u00fatbol en que se encuentra. Este aporte se materializa, concretamente, en el trabajo que hace el miembro del equipo t\u00e9cnico, con formaci\u00f3n en psicolog\u00eda. Este profesional, acompa\u00f1a al deportista, a los entrenadores, clubes y familias, en los procesos de adquisici\u00f3n de las herramientas psicoafectivas que les permiten gestionar las emociones, v\u00ednculos y conductas relacionadas con el buen desempe\u00f1o deportivo y humano, dentro y fuera de la cancha. <\/p>\n<p>De esta forma, este curso le brinda a los participantes las capacidades, competencias y conocimientos necesarios, en el \u00e1mbito de la psicolog\u00eda deportiva, para poder realizar el acompa\u00f1amiento y monitoreo integral a los jugadores y jugadoras que se encuentran entren\u00e1ndose y jugando en las \u00e1reas formativas de los clubes y asociaciones del F\u00fatbol sudamericano.<\/p>\n","avalado_por":false,"cursos_que_lo_componen":[{"nombre_del_curso":"Fundamentos de Psicolog\u00eda aplicada al F\u00fatbol Formativo","descripcion_del_curso":"<p>M\u00f3dulo 1: Fundamentos psicol\u00f3gicos aplicados al mundo del f\u00fatbol actual<br \/>\nM\u00f3dulo 2: Aportes de la psicolog\u00eda y del profesional de la psicolog\u00eda al desarrollo humano y deportivo de los futbolistas (Sub13 a Sub20)<br \/>\nM\u00f3dulo 3: Las habilidades esenciales para la transici\u00f3n al f\u00fatbol profesional<br \/>\nM\u00f3dulo 4: \u00c1rea de psicolog\u00eda aplicada al deporte: El trabajo psicol\u00f3gico en una instituci\u00f3n de f\u00fatbol<\/p>\n"}],"pdf_brochure":false,"preguntas_frecuentes":false,"titulo":"Fundamentos de Psicolog\u00eda aplicado al F\u00fatbol Formativo","docentes_expertos":false,"mostrar_form":false,"mostrar_boton_compra":true,"mostrar_precio":false,"url_cursado_webinar":"","activar_nuevos_banners":false,"mostrar_banner_1":false,"crear_banner_1":{"utilizar_imagen_unica_para_banner":false,"asignar_imagen_unica_para_banner":false,"mostrar_titulo_banner":false,"titulo_para_banner":"","mostrar_subtitulo_banner":false,"subtitulo_del_banner":"","mostrar_cta_banner":false,"texto_cta_banner":"","url_cta_banner":"","fondo_de_color_banner":"","fondo_de_imagen_banner":false,"mostrar_imagen_izquierda_banner":false,"asignar_imagen_izquierda_banner":false},"mostrar_banner_2":false,"crear_banner_2":{"utilizar_imagen_unica_para_banner":false,"asignar_imagen_unica_para_banner":false,"mostrar_titulo_banner":false,"titulo_para_banner":"","mostrar_subtitulo_banner":false,"subtitulo_del_banner":"","mostrar_cta_banner":false,"texto_cta_banner":"","url_cta_banner":"","fondo_de_color_banner":"","fondo_de_imagen_banner":false,"mostrar_imagen_izquierda_banner":false,"asignar_imagen_izquierda_banner":false},"mostrar_banner_3":false,"crear_banner_3":{"utilizar_imagen_unica_para_banner":false,"asignar_imagen_unica_para_banner":false,"mostrar_titulo_banner":false,"titulo_para_banner":"","mostrar_subtitulo_banner":false,"subtitulo_del_banner":"","mostrar_cta_banner":false,"texto_cta_banner":"","url_cta_banner":"","fondo_de_color_banner":"","fondo_de_imagen_banner":false,"mostrar_imagen_izquierda_banner":false,"asignar_imagen_izquierda_banner":false}},"yoast_head":"<!-- This site is optimized with the Yoast SEO plugin v23.0 - https:\/\/yoast.com\/wordpress\/plugins\/seo\/ -->\n<title>Fundamentos de Psicolog\u00eda aplicado al F\u00fatbol Formativo - Capabilia<\/title>\n<meta name=\"robots\" content=\"index, follow, max-snippet:-1, max-image-preview:large, max-video-preview:-1\" \/>\n<link rel=\"canonical\" href=\"https:\/\/online.claeh.edu.uy\/en\/product\/fundamentos-de-psicologia-aplicado-al-futbol-formativo\/\" \/>\n<meta property=\"og:locale\" content=\"en_US\" \/>\n<meta property=\"og:type\" content=\"article\" \/>\n<meta property=\"og:title\" content=\"Fundamentos de Psicolog\u00eda aplicado al F\u00fatbol Formativo - Capabilia\" \/>\n<meta property=\"og:description\" content=\"excerpt\" \/>\n<meta property=\"og:url\" content=\"https:\/\/online.claeh.edu.uy\/en\/product\/fundamentos-de-psicologia-aplicado-al-futbol-formativo\/\" \/>\n<meta property=\"og:site_name\" content=\"Capabilia\" \/>\n<meta name=\"twitter:card\" content=\"summary_large_image\" \/>\n<meta name=\"twitter:label1\" content=\"Est. reading time\" \/>\n\t<meta name=\"twitter:data1\" content=\"1 minute\" \/>\n<script type=\"application\/ld+json\" class=\"yoast-schema-graph\">{\"@context\":\"https:\/\/schema.org\",\"@graph\":[{\"@type\":\"WebPage\",\"@id\":\"https:\/\/online.claeh.edu.uy\/en\/product\/fundamentos-de-psicologia-aplicado-al-futbol-formativo\/\",\"url\":\"https:\/\/online.claeh.edu.uy\/en\/product\/fundamentos-de-psicologia-aplicado-al-futbol-formativo\/\",\"name\":\"Fundamentos de Psicolog\u00eda aplicado al F\u00fatbol Formativo - Capabilia\",\"isPartOf\":{\"@id\":\"https:\/\/online.claeh.edu.uy\/#website\"},\"datePublished\":\"2024-05-21T17:25:50+00:00\",\"dateModified\":\"2024-05-21T17:25:50+00:00\",\"breadcrumb\":{\"@id\":\"https:\/\/online.claeh.edu.uy\/en\/product\/fundamentos-de-psicologia-aplicado-al-futbol-formativo\/#breadcrumb\"},\"inLanguage\":\"en-US\",\"potentialAction\":[{\"@type\":\"ReadAction\",\"target\":[\"https:\/\/online.claeh.edu.uy\/en\/product\/fundamentos-de-psicologia-aplicado-al-futbol-formativo\/\"]}]},{\"@type\":\"BreadcrumbList\",\"@id\":\"https:\/\/online.claeh.edu.uy\/en\/product\/fundamentos-de-psicologia-aplicado-al-futbol-formativo\/#breadcrumb\",\"itemListElement\":[{\"@type\":\"ListItem\",\"position\":1,\"name\":\"Productos\",\"item\":\"https:\/\/online.claeh.edu.uy\/en\/product\/\"},{\"@type\":\"ListItem\",\"position\":2,\"name\":\"Fundamentos de Psicolog\u00eda aplicado al F\u00fatbol Formativo\"}]},{\"@type\":\"WebSite\",\"@id\":\"https:\/\/online.claeh.edu.uy\/#website\",\"url\":\"https:\/\/online.claeh.edu.uy\/\",\"name\":\"Capabilia\",\"description\":\"\",\"potentialAction\":[{\"@type\":\"SearchAction\",\"target\":{\"@type\":\"EntryPoint\",\"urlTemplate\":\"https:\/\/online.claeh.edu.uy\/?s={search_term_string}\"},\"query-input\":\"required name=search_term_string\"}],\"inLanguage\":\"en-US\"}]}<\/script>\n<!-- \/ Yoast SEO plugin. -->","yoast_head_json":{"title":"Fundamentos de Psicolog\u00eda aplicado al F\u00fatbol Formativo - Capabilia","robots":{"index":"index","follow":"follow","max-snippet":"max-snippet:-1","max-image-preview":"max-image-preview:large","max-video-preview":"max-video-preview:-1"},"canonical":"https:\/\/online.claeh.edu.uy\/en\/product\/fundamentos-de-psicologia-aplicado-al-futbol-formativo\/","og_locale":"en_US","og_type":"article","og_title":"Fundamentos de Psicolog\u00eda aplicado al F\u00fatbol Formativo - Capabilia","og_description":"excerpt","og_url":"https:\/\/online.claeh.edu.uy\/en\/product\/fundamentos-de-psicologia-aplicado-al-futbol-formativo\/","og_site_name":"Capabilia","twitter_card":"summary_large_image","twitter_misc":{"Est. reading time":"1 minute"},"schema":{"@context":"https:\/\/schema.org","@graph":[{"@type":"WebPage","@id":"https:\/\/online.claeh.edu.uy\/en\/product\/fundamentos-de-psicologia-aplicado-al-futbol-formativo\/","url":"https:\/\/online.claeh.edu.uy\/en\/product\/fundamentos-de-psicologia-aplicado-al-futbol-formativo\/","name":"Fundamentos de Psicolog\u00eda aplicado al F\u00fatbol Formativo - Capabilia","isPartOf":{"@id":"https:\/\/online.claeh.edu.uy\/#website"},"datePublished":"2024-05-21T17:25:50+00:00","dateModified":"2024-05-21T17:25:50+00:00","breadcrumb":{"@id":"https:\/\/online.claeh.edu.uy\/en\/product\/fundamentos-de-psicologia-aplicado-al-futbol-formativo\/#breadcrumb"},"inLanguage":"en-US","potentialAction":[{"@type":"ReadAction","target":["https:\/\/online.claeh.edu.uy\/en\/product\/fundamentos-de-psicologia-aplicado-al-futbol-formativo\/"]}]},{"@type":"BreadcrumbList","@id":"https:\/\/online.claeh.edu.uy\/en\/product\/fundamentos-de-psicologia-aplicado-al-futbol-formativo\/#breadcrumb","itemListElement":[{"@type":"ListItem","position":1,"name":"Productos","item":"https:\/\/online.claeh.edu.uy\/en\/product\/"},{"@type":"ListItem","position":2,"name":"Fundamentos de Psicolog\u00eda aplicado al F\u00fatbol Formativo"}]},{"@type":"WebSite","@id":"https:\/\/online.claeh.edu.uy\/#website","url":"https:\/\/online.claeh.edu.uy\/","name":"Capabilia","description":"","potentialAction":[{"@type":"SearchAction","target":{"@type":"EntryPoint","urlTemplate":"https:\/\/online.claeh.edu.uy\/?s={search_term_string}"},"query-input":"required name=search_term_string"}],"inLanguage":"en-US"}]}},"idiomas":{"en":1647,"es":1646},"_links":{"self":[{"href":"https:\/\/online.claeh.edu.uy\/en\/wp-json\/wp\/v2\/products\/1647"}],"collection":[{"href":"https:\/\/online.claeh.edu.uy\/en\/wp-json\/wp\/v2\/products"}],"about":[{"href":"https:\/\/online.claeh.edu.uy\/en\/wp-json\/wp\/v2\/types\/product"}],"author":[{"embeddable":true,"href":"https:\/\/online.claeh.edu.uy\/en\/wp-json\/wp\/v2\/users\/3"}],"replies":[{"embeddable":true,"href":"https:\/\/online.claeh.edu.uy\/en\/wp-json\/wp\/v2\/comments?post=1647"}],"version-history":[{"count":1,"href":"https:\/\/online.claeh.edu.uy\/en\/wp-json\/wp\/v2\/products\/1647\/revisions"}],"predecessor-version":[{"id":1769,"href":"https:\/\/online.claeh.edu.uy\/en\/wp-json\/wp\/v2\/products\/1647\/revisions\/1769"}],"wp:attachment":[{"href":"https:\/\/online.claeh.edu.uy\/en\/wp-json\/wp\/v2\/media?parent=1647"}],"wp:term":[{"taxonomy":"category","embeddable":true,"href":"https:\/\/online.claeh.edu.uy\/en\/wp-json\/wp\/v2\/categories?post=1647"}],"curies":[{"name":"wp","href":"https:\/\/api.w.org\/{rel}","templated":true}]}}