{"id":1653,"date":"2024-05-21T17:28:41","date_gmt":"2024-05-21T17:28:41","guid":{"rendered":"https:\/\/online.claeh.edu.uy\/?post_type=product&#038;p=1653"},"modified":"2024-05-21T17:28:41","modified_gmt":"2024-05-21T17:28:41","slug":"inteligencia-y-creatividad-en-el-proceso-de-formacion","status":"publish","type":"product","link":"https:\/\/online.claeh.edu.uy\/en\/product\/inteligencia-y-creatividad-en-el-proceso-de-formacion\/","title":{"rendered":"Inteligencia y creatividad en el proceso de formaci\u00f3n"},"content":{"rendered":"<p>contenido<\/p>\n","protected":false},"excerpt":{"rendered":"<p>excerpt<\/p>\n","protected":false},"author":3,"featured_media":0,"comment_status":"open","ping_status":"closed","template":"","meta":{"_acf_changed":false,"footnotes":""},"categories":[16],"class_list":["post-1653","product","type-product","status-publish","hentry","category-producto-claeh-en"],"acf":{"external_id":"2238","titulo_curso":"Inteligencia y creatividad en el proceso de formaci\u00f3n","precio":"120 usd","impartido_en":"Castellano","id_magento":"","hubspot_product_id":"","imagen_destacada":"https:\/\/static.capabiliaserver.com\/frontend\/clients\/claeh\/wp_prod\/wp-content\/uploads\/1c3668da-inteligencia-y-creatividad-en-el-proceso-de-formacion.png","header_image":"https:\/\/static.capabiliaserver.com\/frontend\/clients\/claeh\/wp_prod\/wp-content\/uploads\/1c3668da-inteligencia-y-creatividad-en-el-proceso-de-formacion.png","precio_en_cuotas":"","precio_de_lista":"","promocion_vigente":"","duracion_del_curso":"1 mes","tipo_de_programa":"Curso","fecha_de_inicio":"","segunda_fecha_de_inicio":"","zona_horaria":"America\/Argentina\/Buenos_Aires","nivel_del_curso":"Intermedio","modalidad":"Online","dedicacion":"Inteligencia y creatividad en el proceso de formaci\u00f3n","contenido":"<p>Este curso le permitir\u00e1 desarrollar el conocimiento de los elementos esenciales en el desarrollo de la inteligencia y la creatividad de los jugadores. <\/p>\n<p>Le permitir\u00e1 comprender los elementos esenciales del proceso de desarrollo cognitivo y motor de los individuos, y la mejor manera de evaluarlos y entrenarlos. <\/p>\n<p>El curso tambi\u00e9n le permitir\u00e1 reflexionar y estructurar mejor la planificaci\u00f3n a largo plazo de la formaci\u00f3n de jugadores inteligentes y creativos para el juego, as\u00ed como mejorar la organizaci\u00f3n de su entrenamiento bas\u00e1ndose en evaluaciones objetivas y, en consecuencia, contribuir a mejorar el rendimiento de sus jugadores. <\/p>\n<p>El contenido de este curso aporta la informaci\u00f3n m\u00e1s reciente comprobada por estudios cientificos y de alta transferencia a la pr\u00e1ctica diaria en clubes y equipos nacionales. <\/p>\n<p>Al realizar este curso, se pondr\u00e1 al d\u00eda en uno de los contenidos que cada vez se tratan m\u00e1s en el contexto del entrenamiento y el rendimiento del f\u00fatbol.<\/p>\n","avalado_por":false,"cursos_que_lo_componen":[{"nombre_del_curso":"inteligencia y creatividad en el proceso de formaci\u00f3n","descripcion_del_curso":"<p>M\u00f3dulo1: El juego y sus caracter\u00edsticas<br \/>\nM\u00f3dulo2: Contenido de la formaci\u00f3n y procesos cognitivos<br \/>\nM\u00f3dulo3: Evaluaci\u00f3n y entrenamiento del comportamiento t\u00e1ctico<br \/>\nM\u00f3dulo4: Evaluaci\u00f3n y entrenamiento de elementos cognitivos para apoyar el comportamiento t\u00e1ctico<\/p>\n"}],"pdf_brochure":false,"preguntas_frecuentes":false,"titulo":"Inteligencia y creatividad en el proceso de formaci\u00f3n","docentes_expertos":false,"mostrar_form":false,"mostrar_boton_compra":true,"mostrar_precio":false,"url_cursado_webinar":"","activar_nuevos_banners":false,"mostrar_banner_1":false,"crear_banner_1":{"utilizar_imagen_unica_para_banner":false,"asignar_imagen_unica_para_banner":false,"mostrar_titulo_banner":false,"titulo_para_banner":"","mostrar_subtitulo_banner":false,"subtitulo_del_banner":"","mostrar_cta_banner":false,"texto_cta_banner":"","url_cta_banner":"","fondo_de_color_banner":"","fondo_de_imagen_banner":false,"mostrar_imagen_izquierda_banner":false,"asignar_imagen_izquierda_banner":false},"mostrar_banner_2":false,"crear_banner_2":{"utilizar_imagen_unica_para_banner":false,"asignar_imagen_unica_para_banner":false,"mostrar_titulo_banner":false,"titulo_para_banner":"","mostrar_subtitulo_banner":false,"subtitulo_del_banner":"","mostrar_cta_banner":false,"texto_cta_banner":"","url_cta_banner":"","fondo_de_color_banner":"","fondo_de_imagen_banner":false,"mostrar_imagen_izquierda_banner":false,"asignar_imagen_izquierda_banner":false},"mostrar_banner_3":false,"crear_banner_3":{"utilizar_imagen_unica_para_banner":false,"asignar_imagen_unica_para_banner":false,"mostrar_titulo_banner":false,"titulo_para_banner":"","mostrar_subtitulo_banner":false,"subtitulo_del_banner":"","mostrar_cta_banner":false,"texto_cta_banner":"","url_cta_banner":"","fondo_de_color_banner":"","fondo_de_imagen_banner":false,"mostrar_imagen_izquierda_banner":false,"asignar_imagen_izquierda_banner":false}},"yoast_head":"<!-- This site is optimized with the Yoast SEO plugin v23.0 - https:\/\/yoast.com\/wordpress\/plugins\/seo\/ -->\n<title>Inteligencia y creatividad en el proceso de formaci\u00f3n - Capabilia<\/title>\n<meta name=\"robots\" content=\"index, follow, max-snippet:-1, max-image-preview:large, max-video-preview:-1\" \/>\n<link rel=\"canonical\" href=\"https:\/\/online.claeh.edu.uy\/en\/product\/inteligencia-y-creatividad-en-el-proceso-de-formacion\/\" \/>\n<meta property=\"og:locale\" content=\"en_US\" \/>\n<meta property=\"og:type\" content=\"article\" \/>\n<meta property=\"og:title\" content=\"Inteligencia y creatividad en el proceso de formaci\u00f3n - Capabilia\" \/>\n<meta property=\"og:description\" content=\"excerpt\" \/>\n<meta property=\"og:url\" content=\"https:\/\/online.claeh.edu.uy\/en\/product\/inteligencia-y-creatividad-en-el-proceso-de-formacion\/\" \/>\n<meta property=\"og:site_name\" content=\"Capabilia\" \/>\n<meta name=\"twitter:card\" content=\"summary_large_image\" \/>\n<meta name=\"twitter:label1\" content=\"Est. reading time\" \/>\n\t<meta name=\"twitter:data1\" content=\"1 minute\" \/>\n<script type=\"application\/ld+json\" class=\"yoast-schema-graph\">{\"@context\":\"https:\/\/schema.org\",\"@graph\":[{\"@type\":\"WebPage\",\"@id\":\"https:\/\/online.claeh.edu.uy\/en\/product\/inteligencia-y-creatividad-en-el-proceso-de-formacion\/\",\"url\":\"https:\/\/online.claeh.edu.uy\/en\/product\/inteligencia-y-creatividad-en-el-proceso-de-formacion\/\",\"name\":\"Inteligencia y creatividad en el proceso de formaci\u00f3n - Capabilia\",\"isPartOf\":{\"@id\":\"https:\/\/online.claeh.edu.uy\/#website\"},\"datePublished\":\"2024-05-21T17:28:41+00:00\",\"dateModified\":\"2024-05-21T17:28:41+00:00\",\"breadcrumb\":{\"@id\":\"https:\/\/online.claeh.edu.uy\/en\/product\/inteligencia-y-creatividad-en-el-proceso-de-formacion\/#breadcrumb\"},\"inLanguage\":\"en-US\",\"potentialAction\":[{\"@type\":\"ReadAction\",\"target\":[\"https:\/\/online.claeh.edu.uy\/en\/product\/inteligencia-y-creatividad-en-el-proceso-de-formacion\/\"]}]},{\"@type\":\"BreadcrumbList\",\"@id\":\"https:\/\/online.claeh.edu.uy\/en\/product\/inteligencia-y-creatividad-en-el-proceso-de-formacion\/#breadcrumb\",\"itemListElement\":[{\"@type\":\"ListItem\",\"position\":1,\"name\":\"Productos\",\"item\":\"https:\/\/online.claeh.edu.uy\/en\/product\/\"},{\"@type\":\"ListItem\",\"position\":2,\"name\":\"Inteligencia y creatividad en el proceso de formaci\u00f3n\"}]},{\"@type\":\"WebSite\",\"@id\":\"https:\/\/online.claeh.edu.uy\/#website\",\"url\":\"https:\/\/online.claeh.edu.uy\/\",\"name\":\"Capabilia\",\"description\":\"\",\"potentialAction\":[{\"@type\":\"SearchAction\",\"target\":{\"@type\":\"EntryPoint\",\"urlTemplate\":\"https:\/\/online.claeh.edu.uy\/?s={search_term_string}\"},\"query-input\":\"required name=search_term_string\"}],\"inLanguage\":\"en-US\"}]}<\/script>\n<!-- \/ Yoast SEO plugin. -->","yoast_head_json":{"title":"Inteligencia y creatividad en el proceso de formaci\u00f3n - Capabilia","robots":{"index":"index","follow":"follow","max-snippet":"max-snippet:-1","max-image-preview":"max-image-preview:large","max-video-preview":"max-video-preview:-1"},"canonical":"https:\/\/online.claeh.edu.uy\/en\/product\/inteligencia-y-creatividad-en-el-proceso-de-formacion\/","og_locale":"en_US","og_type":"article","og_title":"Inteligencia y creatividad en el proceso de formaci\u00f3n - Capabilia","og_description":"excerpt","og_url":"https:\/\/online.claeh.edu.uy\/en\/product\/inteligencia-y-creatividad-en-el-proceso-de-formacion\/","og_site_name":"Capabilia","twitter_card":"summary_large_image","twitter_misc":{"Est. reading time":"1 minute"},"schema":{"@context":"https:\/\/schema.org","@graph":[{"@type":"WebPage","@id":"https:\/\/online.claeh.edu.uy\/en\/product\/inteligencia-y-creatividad-en-el-proceso-de-formacion\/","url":"https:\/\/online.claeh.edu.uy\/en\/product\/inteligencia-y-creatividad-en-el-proceso-de-formacion\/","name":"Inteligencia y creatividad en el proceso de formaci\u00f3n - Capabilia","isPartOf":{"@id":"https:\/\/online.claeh.edu.uy\/#website"},"datePublished":"2024-05-21T17:28:41+00:00","dateModified":"2024-05-21T17:28:41+00:00","breadcrumb":{"@id":"https:\/\/online.claeh.edu.uy\/en\/product\/inteligencia-y-creatividad-en-el-proceso-de-formacion\/#breadcrumb"},"inLanguage":"en-US","potentialAction":[{"@type":"ReadAction","target":["https:\/\/online.claeh.edu.uy\/en\/product\/inteligencia-y-creatividad-en-el-proceso-de-formacion\/"]}]},{"@type":"BreadcrumbList","@id":"https:\/\/online.claeh.edu.uy\/en\/product\/inteligencia-y-creatividad-en-el-proceso-de-formacion\/#breadcrumb","itemListElement":[{"@type":"ListItem","position":1,"name":"Productos","item":"https:\/\/online.claeh.edu.uy\/en\/product\/"},{"@type":"ListItem","position":2,"name":"Inteligencia y creatividad en el proceso de formaci\u00f3n"}]},{"@type":"WebSite","@id":"https:\/\/online.claeh.edu.uy\/#website","url":"https:\/\/online.claeh.edu.uy\/","name":"Capabilia","description":"","potentialAction":[{"@type":"SearchAction","target":{"@type":"EntryPoint","urlTemplate":"https:\/\/online.claeh.edu.uy\/?s={search_term_string}"},"query-input":"required name=search_term_string"}],"inLanguage":"en-US"}]}},"idiomas":{"en":1653,"es":1652},"_links":{"self":[{"href":"https:\/\/online.claeh.edu.uy\/en\/wp-json\/wp\/v2\/products\/1653"}],"collection":[{"href":"https:\/\/online.claeh.edu.uy\/en\/wp-json\/wp\/v2\/products"}],"about":[{"href":"https:\/\/online.claeh.edu.uy\/en\/wp-json\/wp\/v2\/types\/product"}],"author":[{"embeddable":true,"href":"https:\/\/online.claeh.edu.uy\/en\/wp-json\/wp\/v2\/users\/3"}],"replies":[{"embeddable":true,"href":"https:\/\/online.claeh.edu.uy\/en\/wp-json\/wp\/v2\/comments?post=1653"}],"version-history":[{"count":1,"href":"https:\/\/online.claeh.edu.uy\/en\/wp-json\/wp\/v2\/products\/1653\/revisions"}],"predecessor-version":[{"id":1784,"href":"https:\/\/online.claeh.edu.uy\/en\/wp-json\/wp\/v2\/products\/1653\/revisions\/1784"}],"wp:attachment":[{"href":"https:\/\/online.claeh.edu.uy\/en\/wp-json\/wp\/v2\/media?parent=1653"}],"wp:term":[{"taxonomy":"category","embeddable":true,"href":"https:\/\/online.claeh.edu.uy\/en\/wp-json\/wp\/v2\/categories?post=1653"}],"curies":[{"name":"wp","href":"https:\/\/api.w.org\/{rel}","templated":true}]}}