{"id":1657,"date":"2024-05-21T17:30:15","date_gmt":"2024-05-21T17:30:15","guid":{"rendered":"https:\/\/online.claeh.edu.uy\/?post_type=product&#038;p=1657"},"modified":"2024-05-21T17:30:15","modified_gmt":"2024-05-21T17:30:15","slug":"transformacion-digital-en-el-futbol","status":"publish","type":"product","link":"https:\/\/online.claeh.edu.uy\/en\/product\/transformacion-digital-en-el-futbol\/","title":{"rendered":"Transformaci\u00f3n Digital en el F\u00fatbol"},"content":{"rendered":"<p>contenido<\/p>\n","protected":false},"excerpt":{"rendered":"<p>excerpt<\/p>\n","protected":false},"author":3,"featured_media":0,"comment_status":"open","ping_status":"closed","template":"","meta":{"_acf_changed":false,"footnotes":""},"categories":[16],"class_list":["post-1657","product","type-product","status-publish","hentry","category-producto-claeh-en"],"acf":{"external_id":"2240","titulo_curso":"Transformaci\u00f3n Digital en el F\u00fatbol","precio":"200 usd","impartido_en":"Castellano","id_magento":"","hubspot_product_id":"","imagen_destacada":"https:\/\/static.capabiliaserver.com\/frontend\/clients\/claeh\/wp_prod\/wp-content\/uploads\/18e4b6f8-diseno-sin-titulo-6.png","header_image":"https:\/\/static.capabiliaserver.com\/frontend\/clients\/claeh\/wp_prod\/wp-content\/uploads\/18e4b6f8-diseno-sin-titulo-6.png","precio_en_cuotas":"","precio_de_lista":"","promocion_vigente":"","duracion_del_curso":"2 meses","tipo_de_programa":"curso","fecha_de_inicio":"","segunda_fecha_de_inicio":"","zona_horaria":"America\/Argentina\/Buenos_Aires","nivel_del_curso":"Intermedio","modalidad":"Online","dedicacion":"","contenido":"<p>La creciente influencia de la tecnolog\u00eda en todas las facetas de la industria del deporte ha llevado a las organizaciones deportivas a tener que adaptarse al din\u00e1mico entorno tecnol\u00f3gico. La integraci\u00f3n de tecnolog\u00edas digitales resulta esencial para mejorar el rendimiento, la gesti\u00f3n y la experiencia en el mundo del deporte. <\/p>\n<p>Este programa ofrece una formaci\u00f3n especializada para cumplir con las demandas actuales, lo que resulta una oportunidad significativa para la formaci\u00f3n en este campo. <\/p>\n<p>El impacto potencial en los aspectos pol\u00edtico, social, econ\u00f3mico y cultural es profundo, impulsando el deporte hacia una nueva era de innovaci\u00f3n y compromiso. Los conocimientos y habilidades adquiridos en esta formaci\u00f3n permitir\u00e1n a los profesionales del deporte aprovechar al m\u00e1ximo las oportunidades que ofrecen las tecnolog\u00edas digitales.<\/p>\n","avalado_por":false,"cursos_que_lo_componen":[{"nombre_del_curso":"Introducci\u00f3n a la transformaci\u00f3n digital y estrategias Innovadoras en el deporte.","descripcion_del_curso":"<p>M\u00f3dulo 1: Fundamentos de la Transformaci\u00f3n Digital en el entorno VUCA: Este m\u00f3dulo ofrece una panor\u00e1mica s\u00f3lida sobre la importancia de la transformaci\u00f3n digital en un mundo VUCA (Vol\u00e1til, Incierto, Complejo y Ambiguo). Aprender\u00e1s a identificar oportunidades, tendencias y desaf\u00edos digitales que alcanzan a las organizaciones modernas.<\/p>\n<p>M\u00f3dulo 2: Gestionando el Cambio: Innovaci\u00f3n del Modelo de Negocio: Este m\u00f3dulo se enfoca en las estrategias pr\u00e1cticas para gestionar el cambio organizacional e incorporar la tecnolog\u00eda e innovaci\u00f3n en el modelo de negocio de las organizaciones deportivas.<\/p>\n<p>M\u00f3dulo 3: Tecnolog\u00eda al Servicio del \u00c9xito: Herramientas, Patrocinadores y eSports: Ad\u00e9ntrate en el uso estrat\u00e9gico de la tecnolog\u00eda, desde herramientas espec\u00edficas hasta el fen\u00f3meno de los eSports. Explorando tambi\u00e9n c\u00f3mo los patrocinadores pueden ser aliados valiosos en el trayecto de transformaci\u00f3n digital.<\/p>\n<p>M\u00f3dulo 4: Optimizaci\u00f3n de Datos: Plataformas Digitales y Gesti\u00f3n de Relaciones con el Cliente (CRM): Este m\u00f3dulo cubre c\u00f3mo utilizar eficazmente las plataformas digitales y el CRM para tomar decisiones basadas en datos. Aprender\u00e1s a personalizar la experiencia del cliente y a mejorar la eficiencia operativa.<\/p>\n"},{"nombre_del_curso":"Tecnolog\u00eda y F\u00fatbol: Finanzas, marketing y el futuro de la transformaci\u00f3n digital en el F\u00fatbol.","descripcion_del_curso":"<p>M\u00f3dulo 1: Tecnolog\u00edas Emergentes en el F\u00fatbol: Uso de la inteligencia artificial en la gesti\u00f3n de clubes de f\u00fatbol. Aplicaci\u00f3n de la realidad virtual y aumentada en la formaci\u00f3n y el entretenimiento. Internet de las cosas (IoT) y su impacto en el seguimiento de jugadores y la gesti\u00f3n de instalaciones.<\/p>\n<p>M\u00f3dulo 2: Fan Engagement y Experiencia Digital: Estrategias para involucrar a los aficionados en l\u00ednea. Plataformas de medios sociales y contenido digital. Venta de entradas y mercadotecnia digital.<\/p>\n<p>M\u00f3dulo 3: Econom\u00eda del conocimiento y f\u00fatbol: Econom\u00eda del conocmiento. Crowdfunding. Blockchain. Cripto. NFT<\/p>\n<p>M\u00f3dulo 4: El Futuro de la Transformaci\u00f3n Digital en el F\u00fatbol: Tendencias emergentes y tecnolog\u00edas futuras. Reflexiones sobre c\u00f3mo seguir evolucionando en la era digital.<\/p>\n"}],"pdf_brochure":false,"preguntas_frecuentes":false,"titulo":"Transformaci\u00f3n Digital en el F\u00fatbol","docentes_expertos":false,"mostrar_form":false,"mostrar_boton_compra":true,"mostrar_precio":false,"url_cursado_webinar":"","activar_nuevos_banners":false,"mostrar_banner_1":false,"crear_banner_1":{"utilizar_imagen_unica_para_banner":false,"asignar_imagen_unica_para_banner":false,"mostrar_titulo_banner":false,"titulo_para_banner":"","mostrar_subtitulo_banner":false,"subtitulo_del_banner":"","mostrar_cta_banner":false,"texto_cta_banner":"","url_cta_banner":"","fondo_de_color_banner":"","fondo_de_imagen_banner":false,"mostrar_imagen_izquierda_banner":false,"asignar_imagen_izquierda_banner":false},"mostrar_banner_2":false,"crear_banner_2":{"utilizar_imagen_unica_para_banner":false,"asignar_imagen_unica_para_banner":false,"mostrar_titulo_banner":false,"titulo_para_banner":"","mostrar_subtitulo_banner":false,"subtitulo_del_banner":"","mostrar_cta_banner":false,"texto_cta_banner":"","url_cta_banner":"","fondo_de_color_banner":"","fondo_de_imagen_banner":false,"mostrar_imagen_izquierda_banner":false,"asignar_imagen_izquierda_banner":false},"mostrar_banner_3":false,"crear_banner_3":{"utilizar_imagen_unica_para_banner":false,"asignar_imagen_unica_para_banner":false,"mostrar_titulo_banner":false,"titulo_para_banner":"","mostrar_subtitulo_banner":false,"subtitulo_del_banner":"","mostrar_cta_banner":false,"texto_cta_banner":"","url_cta_banner":"","fondo_de_color_banner":"","fondo_de_imagen_banner":false,"mostrar_imagen_izquierda_banner":false,"asignar_imagen_izquierda_banner":false}},"yoast_head":"<!-- This site is optimized with the Yoast SEO plugin v23.0 - https:\/\/yoast.com\/wordpress\/plugins\/seo\/ -->\n<title>Transformaci\u00f3n Digital en el F\u00fatbol - Capabilia<\/title>\n<meta name=\"robots\" content=\"index, follow, max-snippet:-1, max-image-preview:large, max-video-preview:-1\" \/>\n<link rel=\"canonical\" href=\"https:\/\/online.claeh.edu.uy\/en\/product\/transformacion-digital-en-el-futbol\/\" \/>\n<meta property=\"og:locale\" content=\"en_US\" \/>\n<meta property=\"og:type\" content=\"article\" \/>\n<meta property=\"og:title\" content=\"Transformaci\u00f3n Digital en el F\u00fatbol - Capabilia\" \/>\n<meta property=\"og:description\" content=\"excerpt\" \/>\n<meta property=\"og:url\" content=\"https:\/\/online.claeh.edu.uy\/en\/product\/transformacion-digital-en-el-futbol\/\" \/>\n<meta property=\"og:site_name\" content=\"Capabilia\" \/>\n<meta name=\"twitter:card\" content=\"summary_large_image\" \/>\n<meta name=\"twitter:label1\" content=\"Est. reading time\" \/>\n\t<meta name=\"twitter:data1\" content=\"1 minute\" \/>\n<script type=\"application\/ld+json\" class=\"yoast-schema-graph\">{\"@context\":\"https:\/\/schema.org\",\"@graph\":[{\"@type\":\"WebPage\",\"@id\":\"https:\/\/online.claeh.edu.uy\/en\/product\/transformacion-digital-en-el-futbol\/\",\"url\":\"https:\/\/online.claeh.edu.uy\/en\/product\/transformacion-digital-en-el-futbol\/\",\"name\":\"Transformaci\u00f3n Digital en el F\u00fatbol - Capabilia\",\"isPartOf\":{\"@id\":\"https:\/\/online.claeh.edu.uy\/#website\"},\"datePublished\":\"2024-05-21T17:30:15+00:00\",\"dateModified\":\"2024-05-21T17:30:15+00:00\",\"breadcrumb\":{\"@id\":\"https:\/\/online.claeh.edu.uy\/en\/product\/transformacion-digital-en-el-futbol\/#breadcrumb\"},\"inLanguage\":\"en-US\",\"potentialAction\":[{\"@type\":\"ReadAction\",\"target\":[\"https:\/\/online.claeh.edu.uy\/en\/product\/transformacion-digital-en-el-futbol\/\"]}]},{\"@type\":\"BreadcrumbList\",\"@id\":\"https:\/\/online.claeh.edu.uy\/en\/product\/transformacion-digital-en-el-futbol\/#breadcrumb\",\"itemListElement\":[{\"@type\":\"ListItem\",\"position\":1,\"name\":\"Productos\",\"item\":\"https:\/\/online.claeh.edu.uy\/en\/product\/\"},{\"@type\":\"ListItem\",\"position\":2,\"name\":\"Transformaci\u00f3n Digital en el F\u00fatbol\"}]},{\"@type\":\"WebSite\",\"@id\":\"https:\/\/online.claeh.edu.uy\/#website\",\"url\":\"https:\/\/online.claeh.edu.uy\/\",\"name\":\"Capabilia\",\"description\":\"\",\"potentialAction\":[{\"@type\":\"SearchAction\",\"target\":{\"@type\":\"EntryPoint\",\"urlTemplate\":\"https:\/\/online.claeh.edu.uy\/?s={search_term_string}\"},\"query-input\":\"required name=search_term_string\"}],\"inLanguage\":\"en-US\"}]}<\/script>\n<!-- \/ Yoast SEO plugin. -->","yoast_head_json":{"title":"Transformaci\u00f3n Digital en el F\u00fatbol - Capabilia","robots":{"index":"index","follow":"follow","max-snippet":"max-snippet:-1","max-image-preview":"max-image-preview:large","max-video-preview":"max-video-preview:-1"},"canonical":"https:\/\/online.claeh.edu.uy\/en\/product\/transformacion-digital-en-el-futbol\/","og_locale":"en_US","og_type":"article","og_title":"Transformaci\u00f3n Digital en el F\u00fatbol - Capabilia","og_description":"excerpt","og_url":"https:\/\/online.claeh.edu.uy\/en\/product\/transformacion-digital-en-el-futbol\/","og_site_name":"Capabilia","twitter_card":"summary_large_image","twitter_misc":{"Est. reading time":"1 minute"},"schema":{"@context":"https:\/\/schema.org","@graph":[{"@type":"WebPage","@id":"https:\/\/online.claeh.edu.uy\/en\/product\/transformacion-digital-en-el-futbol\/","url":"https:\/\/online.claeh.edu.uy\/en\/product\/transformacion-digital-en-el-futbol\/","name":"Transformaci\u00f3n Digital en el F\u00fatbol - Capabilia","isPartOf":{"@id":"https:\/\/online.claeh.edu.uy\/#website"},"datePublished":"2024-05-21T17:30:15+00:00","dateModified":"2024-05-21T17:30:15+00:00","breadcrumb":{"@id":"https:\/\/online.claeh.edu.uy\/en\/product\/transformacion-digital-en-el-futbol\/#breadcrumb"},"inLanguage":"en-US","potentialAction":[{"@type":"ReadAction","target":["https:\/\/online.claeh.edu.uy\/en\/product\/transformacion-digital-en-el-futbol\/"]}]},{"@type":"BreadcrumbList","@id":"https:\/\/online.claeh.edu.uy\/en\/product\/transformacion-digital-en-el-futbol\/#breadcrumb","itemListElement":[{"@type":"ListItem","position":1,"name":"Productos","item":"https:\/\/online.claeh.edu.uy\/en\/product\/"},{"@type":"ListItem","position":2,"name":"Transformaci\u00f3n Digital en el F\u00fatbol"}]},{"@type":"WebSite","@id":"https:\/\/online.claeh.edu.uy\/#website","url":"https:\/\/online.claeh.edu.uy\/","name":"Capabilia","description":"","potentialAction":[{"@type":"SearchAction","target":{"@type":"EntryPoint","urlTemplate":"https:\/\/online.claeh.edu.uy\/?s={search_term_string}"},"query-input":"required name=search_term_string"}],"inLanguage":"en-US"}]}},"idiomas":{"en":1657,"es":1656},"_links":{"self":[{"href":"https:\/\/online.claeh.edu.uy\/en\/wp-json\/wp\/v2\/products\/1657"}],"collection":[{"href":"https:\/\/online.claeh.edu.uy\/en\/wp-json\/wp\/v2\/products"}],"about":[{"href":"https:\/\/online.claeh.edu.uy\/en\/wp-json\/wp\/v2\/types\/product"}],"author":[{"embeddable":true,"href":"https:\/\/online.claeh.edu.uy\/en\/wp-json\/wp\/v2\/users\/3"}],"replies":[{"embeddable":true,"href":"https:\/\/online.claeh.edu.uy\/en\/wp-json\/wp\/v2\/comments?post=1657"}],"version-history":[{"count":1,"href":"https:\/\/online.claeh.edu.uy\/en\/wp-json\/wp\/v2\/products\/1657\/revisions"}],"predecessor-version":[{"id":1794,"href":"https:\/\/online.claeh.edu.uy\/en\/wp-json\/wp\/v2\/products\/1657\/revisions\/1794"}],"wp:attachment":[{"href":"https:\/\/online.claeh.edu.uy\/en\/wp-json\/wp\/v2\/media?parent=1657"}],"wp:term":[{"taxonomy":"category","embeddable":true,"href":"https:\/\/online.claeh.edu.uy\/en\/wp-json\/wp\/v2\/categories?post=1657"}],"curies":[{"name":"wp","href":"https:\/\/api.w.org\/{rel}","templated":true}]}}