{"id":1659,"date":"2024-05-21T17:31:33","date_gmt":"2024-05-21T17:31:33","guid":{"rendered":"https:\/\/online.claeh.edu.uy\/?post_type=product&#038;p=1659"},"modified":"2024-05-21T17:31:33","modified_gmt":"2024-05-21T17:31:33","slug":"patrocinio-deportivo","status":"publish","type":"product","link":"https:\/\/online.claeh.edu.uy\/en\/product\/patrocinio-deportivo\/","title":{"rendered":"Patrocinio deportivo"},"content":{"rendered":"<p>contenido<\/p>\n","protected":false},"excerpt":{"rendered":"<p>excerpt<\/p>\n","protected":false},"author":3,"featured_media":0,"comment_status":"open","ping_status":"closed","template":"","meta":{"_acf_changed":false,"footnotes":""},"categories":[16],"class_list":["post-1659","product","type-product","status-publish","hentry","category-producto-claeh-en"],"acf":{"external_id":"2241","titulo_curso":"Patrocinio deportivo","precio":"200","impartido_en":"Castellano","id_magento":"","hubspot_product_id":"","imagen_destacada":"https:\/\/static.capabiliaserver.com\/frontend\/clients\/claeh\/wp_prod\/wp-content\/uploads\/2bebf22d-diseno-sin-titulo-7.png","header_image":"https:\/\/static.capabiliaserver.com\/frontend\/clients\/claeh\/wp_prod\/wp-content\/uploads\/2bebf22d-diseno-sin-titulo-7.png","precio_en_cuotas":"","precio_de_lista":"","promocion_vigente":"","duracion_del_curso":"2 meses","tipo_de_programa":"Curso","fecha_de_inicio":"","segunda_fecha_de_inicio":"","zona_horaria":"America\/Argentina\/Buenos_Aires","nivel_del_curso":"Intermedio","modalidad":"Online","dedicacion":"","contenido":"<p>Existe una marcada necesidad de poder desarrollar las distintas maneras en las que se realiza Patrocinio Deportivo, ya que al d\u00eda de hoy no hay demasiada informaci\u00f3n sobre el tema y adem\u00e1s, es un rubro en donde cada d\u00eda se necesita m\u00e1s y mejores conocimientos. <\/p>\n<p>La crisis econ\u00f3mica a nivel global, los patrocinadores migrando a otro tipo de inversiones y la falta de profesionalismo dentro del deporte marcan esta necesidad de capacitarse y especializarse. <\/p>\n<p>Por otra parte, la necesidad de generar recursos genuinos por parte de la mayor\u00eda de las instituciones deportivas hacen de este programa una propuesta de valor y contenido destacado para quienes trabajan en el deporte, basado en casos de \u00e9xito y una amplia experiencia dentro del mercado de patrocinios Latinoamericano. <\/p>\n<p>Este programa incluye el material sobre qu\u00e9 hacen los clubes que m\u00e1s ingresos logran en el \u00e1rea. Actualmente, no existe ning\u00fan equipo en latinoamerica que no tenga, al menos, una persona encargada del patrocinio dentro de la instituci\u00f3n a la que pertenece. Por tanto, este programa contar\u00e1 con material tanto te\u00f3rico como pr\u00e1ctico para brindar las herramientas para un patrocinio exitoso, y dar respuesta al evidente crecimiento sostenido del Marketing Deportivo en la regi\u00f3n.<\/p>\n","avalado_por":false,"cursos_que_lo_componen":[{"nombre_del_curso":"\u00bfC\u00f3mo sacar el mayor provecho al Patrocinio Deportivo?","descripcion_del_curso":"<p>M\u00f3dulo 1: Los pasos previos a desarrollar antes de conseguir patrocinadores.<br \/>\nM\u00f3dulo 2: Categorizaci\u00f3n de sponsors.<br \/>\nM\u00f3dulo 3: Valorizaci\u00f3n de los patrocinios.<br \/>\nM\u00f3dulo 4: Activaciones y derechos adquiridos por auspicios.<\/p>\n"},{"nombre_del_curso":"Optimizaci\u00f3n de los Patrocinios Deportivos","descripcion_del_curso":"<p>M\u00f3dulo 1: Renovaci\u00f3n y continuidad de Sponsoreos. Planificaci\u00f3n de estrategia a largo plazo.<br \/>\nM\u00f3dulo 2: Innovaciones tecnol\u00f3gicas en el espacio del patrocinio deportivo.<br \/>\nM\u00f3dulo 3: Medici\u00f3n del retorno por Patrocinio.<br \/>\nM\u00f3dulo 4: Casos de \u00e9xito en Latam.<\/p>\n"}],"pdf_brochure":false,"preguntas_frecuentes":false,"titulo":"Patrocinio deportivo ","docentes_expertos":false,"mostrar_form":false,"mostrar_boton_compra":true,"mostrar_precio":false,"url_cursado_webinar":"","activar_nuevos_banners":false,"mostrar_banner_1":false,"crear_banner_1":{"utilizar_imagen_unica_para_banner":false,"asignar_imagen_unica_para_banner":false,"mostrar_titulo_banner":false,"titulo_para_banner":"","mostrar_subtitulo_banner":false,"subtitulo_del_banner":"","mostrar_cta_banner":false,"texto_cta_banner":"","url_cta_banner":"","fondo_de_color_banner":"","fondo_de_imagen_banner":false,"mostrar_imagen_izquierda_banner":false,"asignar_imagen_izquierda_banner":false},"mostrar_banner_2":false,"crear_banner_2":{"utilizar_imagen_unica_para_banner":false,"asignar_imagen_unica_para_banner":false,"mostrar_titulo_banner":false,"titulo_para_banner":"","mostrar_subtitulo_banner":false,"subtitulo_del_banner":"","mostrar_cta_banner":false,"texto_cta_banner":"","url_cta_banner":"","fondo_de_color_banner":"","fondo_de_imagen_banner":false,"mostrar_imagen_izquierda_banner":false,"asignar_imagen_izquierda_banner":false},"mostrar_banner_3":false,"crear_banner_3":{"utilizar_imagen_unica_para_banner":false,"asignar_imagen_unica_para_banner":false,"mostrar_titulo_banner":false,"titulo_para_banner":"","mostrar_subtitulo_banner":false,"subtitulo_del_banner":"","mostrar_cta_banner":false,"texto_cta_banner":"","url_cta_banner":"","fondo_de_color_banner":"","fondo_de_imagen_banner":false,"mostrar_imagen_izquierda_banner":false,"asignar_imagen_izquierda_banner":false}},"yoast_head":"<!-- This site is optimized with the Yoast SEO plugin v23.0 - https:\/\/yoast.com\/wordpress\/plugins\/seo\/ -->\n<title>Patrocinio deportivo - Capabilia<\/title>\n<meta name=\"robots\" content=\"index, follow, max-snippet:-1, max-image-preview:large, max-video-preview:-1\" \/>\n<link rel=\"canonical\" href=\"https:\/\/online.claeh.edu.uy\/en\/product\/patrocinio-deportivo\/\" \/>\n<meta property=\"og:locale\" content=\"en_US\" \/>\n<meta property=\"og:type\" content=\"article\" \/>\n<meta property=\"og:title\" content=\"Patrocinio deportivo - Capabilia\" \/>\n<meta property=\"og:description\" content=\"excerpt\" \/>\n<meta property=\"og:url\" content=\"https:\/\/online.claeh.edu.uy\/en\/product\/patrocinio-deportivo\/\" \/>\n<meta property=\"og:site_name\" content=\"Capabilia\" \/>\n<meta name=\"twitter:card\" content=\"summary_large_image\" \/>\n<meta name=\"twitter:label1\" content=\"Est. reading time\" \/>\n\t<meta name=\"twitter:data1\" content=\"1 minute\" \/>\n<script type=\"application\/ld+json\" class=\"yoast-schema-graph\">{\"@context\":\"https:\/\/schema.org\",\"@graph\":[{\"@type\":\"WebPage\",\"@id\":\"https:\/\/online.claeh.edu.uy\/en\/product\/patrocinio-deportivo\/\",\"url\":\"https:\/\/online.claeh.edu.uy\/en\/product\/patrocinio-deportivo\/\",\"name\":\"Patrocinio deportivo - Capabilia\",\"isPartOf\":{\"@id\":\"https:\/\/online.claeh.edu.uy\/#website\"},\"datePublished\":\"2024-05-21T17:31:33+00:00\",\"dateModified\":\"2024-05-21T17:31:33+00:00\",\"breadcrumb\":{\"@id\":\"https:\/\/online.claeh.edu.uy\/en\/product\/patrocinio-deportivo\/#breadcrumb\"},\"inLanguage\":\"en-US\",\"potentialAction\":[{\"@type\":\"ReadAction\",\"target\":[\"https:\/\/online.claeh.edu.uy\/en\/product\/patrocinio-deportivo\/\"]}]},{\"@type\":\"BreadcrumbList\",\"@id\":\"https:\/\/online.claeh.edu.uy\/en\/product\/patrocinio-deportivo\/#breadcrumb\",\"itemListElement\":[{\"@type\":\"ListItem\",\"position\":1,\"name\":\"Productos\",\"item\":\"https:\/\/online.claeh.edu.uy\/en\/product\/\"},{\"@type\":\"ListItem\",\"position\":2,\"name\":\"Patrocinio deportivo\"}]},{\"@type\":\"WebSite\",\"@id\":\"https:\/\/online.claeh.edu.uy\/#website\",\"url\":\"https:\/\/online.claeh.edu.uy\/\",\"name\":\"Capabilia\",\"description\":\"\",\"potentialAction\":[{\"@type\":\"SearchAction\",\"target\":{\"@type\":\"EntryPoint\",\"urlTemplate\":\"https:\/\/online.claeh.edu.uy\/?s={search_term_string}\"},\"query-input\":\"required name=search_term_string\"}],\"inLanguage\":\"en-US\"}]}<\/script>\n<!-- \/ Yoast SEO plugin. -->","yoast_head_json":{"title":"Patrocinio deportivo - Capabilia","robots":{"index":"index","follow":"follow","max-snippet":"max-snippet:-1","max-image-preview":"max-image-preview:large","max-video-preview":"max-video-preview:-1"},"canonical":"https:\/\/online.claeh.edu.uy\/en\/product\/patrocinio-deportivo\/","og_locale":"en_US","og_type":"article","og_title":"Patrocinio deportivo - Capabilia","og_description":"excerpt","og_url":"https:\/\/online.claeh.edu.uy\/en\/product\/patrocinio-deportivo\/","og_site_name":"Capabilia","twitter_card":"summary_large_image","twitter_misc":{"Est. reading time":"1 minute"},"schema":{"@context":"https:\/\/schema.org","@graph":[{"@type":"WebPage","@id":"https:\/\/online.claeh.edu.uy\/en\/product\/patrocinio-deportivo\/","url":"https:\/\/online.claeh.edu.uy\/en\/product\/patrocinio-deportivo\/","name":"Patrocinio deportivo - Capabilia","isPartOf":{"@id":"https:\/\/online.claeh.edu.uy\/#website"},"datePublished":"2024-05-21T17:31:33+00:00","dateModified":"2024-05-21T17:31:33+00:00","breadcrumb":{"@id":"https:\/\/online.claeh.edu.uy\/en\/product\/patrocinio-deportivo\/#breadcrumb"},"inLanguage":"en-US","potentialAction":[{"@type":"ReadAction","target":["https:\/\/online.claeh.edu.uy\/en\/product\/patrocinio-deportivo\/"]}]},{"@type":"BreadcrumbList","@id":"https:\/\/online.claeh.edu.uy\/en\/product\/patrocinio-deportivo\/#breadcrumb","itemListElement":[{"@type":"ListItem","position":1,"name":"Productos","item":"https:\/\/online.claeh.edu.uy\/en\/product\/"},{"@type":"ListItem","position":2,"name":"Patrocinio deportivo"}]},{"@type":"WebSite","@id":"https:\/\/online.claeh.edu.uy\/#website","url":"https:\/\/online.claeh.edu.uy\/","name":"Capabilia","description":"","potentialAction":[{"@type":"SearchAction","target":{"@type":"EntryPoint","urlTemplate":"https:\/\/online.claeh.edu.uy\/?s={search_term_string}"},"query-input":"required name=search_term_string"}],"inLanguage":"en-US"}]}},"idiomas":{"en":1659,"es":1658},"_links":{"self":[{"href":"https:\/\/online.claeh.edu.uy\/en\/wp-json\/wp\/v2\/products\/1659"}],"collection":[{"href":"https:\/\/online.claeh.edu.uy\/en\/wp-json\/wp\/v2\/products"}],"about":[{"href":"https:\/\/online.claeh.edu.uy\/en\/wp-json\/wp\/v2\/types\/product"}],"author":[{"embeddable":true,"href":"https:\/\/online.claeh.edu.uy\/en\/wp-json\/wp\/v2\/users\/3"}],"replies":[{"embeddable":true,"href":"https:\/\/online.claeh.edu.uy\/en\/wp-json\/wp\/v2\/comments?post=1659"}],"version-history":[{"count":1,"href":"https:\/\/online.claeh.edu.uy\/en\/wp-json\/wp\/v2\/products\/1659\/revisions"}],"predecessor-version":[{"id":1799,"href":"https:\/\/online.claeh.edu.uy\/en\/wp-json\/wp\/v2\/products\/1659\/revisions\/1799"}],"wp:attachment":[{"href":"https:\/\/online.claeh.edu.uy\/en\/wp-json\/wp\/v2\/media?parent=1659"}],"wp:term":[{"taxonomy":"category","embeddable":true,"href":"https:\/\/online.claeh.edu.uy\/en\/wp-json\/wp\/v2\/categories?post=1659"}],"curies":[{"name":"wp","href":"https:\/\/api.w.org\/{rel}","templated":true}]}}