{"id":1661,"date":"2024-05-21T17:32:30","date_gmt":"2024-05-21T17:32:30","guid":{"rendered":"https:\/\/online.claeh.edu.uy\/?post_type=product&#038;p=1661"},"modified":"2024-05-21T17:32:30","modified_gmt":"2024-05-21T17:32:30","slug":"gestion-de-proyectos-orientados-a-la-industria-deportiva","status":"publish","type":"product","link":"https:\/\/online.claeh.edu.uy\/en\/product\/gestion-de-proyectos-orientados-a-la-industria-deportiva\/","title":{"rendered":"Gesti\u00f3n de Proyectos orientados a la Industria Deportiva"},"content":{"rendered":"<p>contenido<\/p>\n","protected":false},"excerpt":{"rendered":"<p>excerpt<\/p>\n","protected":false},"author":3,"featured_media":0,"comment_status":"open","ping_status":"closed","template":"","meta":{"_acf_changed":false,"footnotes":""},"categories":[16],"class_list":["post-1661","product","type-product","status-publish","hentry","category-producto-claeh-en"],"acf":{"external_id":"2242","titulo_curso":"Gesti\u00f3n de Proyectos orientados a la Industria Deportiva","precio":"400 usd","impartido_en":"Castellano","id_magento":"","hubspot_product_id":"","imagen_destacada":"https:\/\/static.capabiliaserver.com\/frontend\/clients\/claeh\/wp_prod\/wp-content\/uploads\/80379ab2-diseno-sin-titulo-12.png","header_image":"https:\/\/static.capabiliaserver.com\/frontend\/clients\/claeh\/wp_prod\/wp-content\/uploads\/80379ab2-diseno-sin-titulo-12.png","precio_en_cuotas":"","precio_de_lista":"","promocion_vigente":"","duracion_del_curso":"4 meses","tipo_de_programa":"Programa","fecha_de_inicio":"","segunda_fecha_de_inicio":"","zona_horaria":"America\/Argentina\/Buenos_Aires","nivel_del_curso":"Intermedio","modalidad":"Online","dedicacion":"","contenido":"<p>El curso de Gesti\u00f3n de Proyectos orientados a la Industria del Deporte busca preparar profesionales para planificar y gestionar equipos y procesos relacionados con los espacios de pr\u00e1ctica deportiva. <\/p>\n<p>El mercado de los eventos deportivos ha ido creciendo y profesionaliz\u00e1ndose cada vez m\u00e1s, apoyado por los sectores del turismo y la cultura. <\/p>\n<p>Estructurar los proyectos que son desarrollados en las entidades deportivas es esencial. Dirigido a profesionales de las \u00e1reas de deporte, administraci\u00f3n, gesti\u00f3n de proyectos, gesti\u00f3n de personas y planificaci\u00f3n involucrados en los clubes, federaciones, confederaciones y agencias de producci\u00f3n de eventos.<\/p>\n","avalado_por":false,"cursos_que_lo_componen":[{"nombre_del_curso":"Ciclo de vida de los proyectos deportivos","descripcion_del_curso":"<p>M\u00f3dulo 1: Introducci\u00f3n a la gesti\u00f3n de proyectos deportivos<br \/>\nM\u00f3dulo 2: Documentos del proyecto<br \/>\nM\u00f3dulo 3: Procesos del Inicio y Planificaci\u00f3n<br \/>\nM\u00f3dulo 4: Procesos de la Ejecuci\u00f3n, Control y Cierre<\/p>\n"},{"nombre_del_curso":"Producci\u00f3n grupal en proyectos deportivos","descripcion_del_curso":"<p>M\u00f3dulo 1: La esencia de los proyectos<br \/>\nM\u00f3dulo 2: Las organizaciones deportivas<br \/>\nM\u00f3dulo 3: Equipos de proyectos - Definici\u00f3n, estructura y rendimiento<br \/>\nM\u00f3dulo 4: Comunicaci\u00f3n en las organizaciones<\/p>\n"},{"nombre_del_curso":"Desarrollo de documentos para la gesti\u00f3n de proyectos deportivos","descripcion_del_curso":"<p>M\u00f3dulo 1: \u00c1reas de conocimiento: Integraci\u00f3n, Alcance y Cronograma<br \/>\nM\u00f3dulo 2: \u00c1reas de Conocimiento: Costo y Calidad<br \/>\nM\u00f3dulo 3: \u00c1reas de Conocimiento: Recursos, Contrataciones e Interesados<br \/>\nM\u00f3dulo 4: \u00c1reas de conocimiento: Riesgo y Comunicaci\u00f3n<\/p>\n"},{"nombre_del_curso":"Herramientas de software para la gesti\u00f3n de proyectos deportivos","descripcion_del_curso":"<p>M\u00f3dulo 1: Herramientas de software para la gesti\u00f3n de proyectos<br \/>\nM\u00f3dulo 2: Repositorios de documentaci\u00f3n y bit\u00e1coras<br \/>\nM\u00f3dulo 3: Gesti\u00f3n del Tiempo<br \/>\nM\u00f3dulo 4: Comunicaci\u00f3n y gesti\u00f3n de m\u00faltiples proyectos<\/p>\n"}],"pdf_brochure":false,"preguntas_frecuentes":false,"titulo":"Gesti\u00f3n de Proyectos orientados a la Industria Deportiva","docentes_expertos":false,"mostrar_form":false,"mostrar_boton_compra":true,"mostrar_precio":false,"url_cursado_webinar":"","activar_nuevos_banners":false,"mostrar_banner_1":false,"crear_banner_1":{"utilizar_imagen_unica_para_banner":false,"asignar_imagen_unica_para_banner":false,"mostrar_titulo_banner":false,"titulo_para_banner":"","mostrar_subtitulo_banner":false,"subtitulo_del_banner":"","mostrar_cta_banner":false,"texto_cta_banner":"","url_cta_banner":"","fondo_de_color_banner":"","fondo_de_imagen_banner":false,"mostrar_imagen_izquierda_banner":false,"asignar_imagen_izquierda_banner":false},"mostrar_banner_2":false,"crear_banner_2":{"utilizar_imagen_unica_para_banner":false,"asignar_imagen_unica_para_banner":false,"mostrar_titulo_banner":false,"titulo_para_banner":"","mostrar_subtitulo_banner":false,"subtitulo_del_banner":"","mostrar_cta_banner":false,"texto_cta_banner":"","url_cta_banner":"","fondo_de_color_banner":"","fondo_de_imagen_banner":false,"mostrar_imagen_izquierda_banner":false,"asignar_imagen_izquierda_banner":false},"mostrar_banner_3":false,"crear_banner_3":{"utilizar_imagen_unica_para_banner":false,"asignar_imagen_unica_para_banner":false,"mostrar_titulo_banner":false,"titulo_para_banner":"","mostrar_subtitulo_banner":false,"subtitulo_del_banner":"","mostrar_cta_banner":false,"texto_cta_banner":"","url_cta_banner":"","fondo_de_color_banner":"","fondo_de_imagen_banner":false,"mostrar_imagen_izquierda_banner":false,"asignar_imagen_izquierda_banner":false}},"yoast_head":"<!-- This site is optimized with the Yoast SEO plugin v23.0 - https:\/\/yoast.com\/wordpress\/plugins\/seo\/ -->\n<title>Gesti\u00f3n de Proyectos orientados a la Industria Deportiva - Capabilia<\/title>\n<meta name=\"robots\" content=\"index, follow, max-snippet:-1, max-image-preview:large, max-video-preview:-1\" \/>\n<link rel=\"canonical\" href=\"https:\/\/online.claeh.edu.uy\/en\/product\/gestion-de-proyectos-orientados-a-la-industria-deportiva\/\" \/>\n<meta property=\"og:locale\" content=\"en_US\" \/>\n<meta property=\"og:type\" content=\"article\" \/>\n<meta property=\"og:title\" content=\"Gesti\u00f3n de Proyectos orientados a la Industria Deportiva - Capabilia\" \/>\n<meta property=\"og:description\" content=\"excerpt\" \/>\n<meta property=\"og:url\" content=\"https:\/\/online.claeh.edu.uy\/en\/product\/gestion-de-proyectos-orientados-a-la-industria-deportiva\/\" \/>\n<meta property=\"og:site_name\" content=\"Capabilia\" \/>\n<meta name=\"twitter:card\" content=\"summary_large_image\" \/>\n<meta name=\"twitter:label1\" content=\"Est. reading time\" \/>\n\t<meta name=\"twitter:data1\" content=\"1 minute\" \/>\n<script type=\"application\/ld+json\" class=\"yoast-schema-graph\">{\"@context\":\"https:\/\/schema.org\",\"@graph\":[{\"@type\":\"WebPage\",\"@id\":\"https:\/\/online.claeh.edu.uy\/en\/product\/gestion-de-proyectos-orientados-a-la-industria-deportiva\/\",\"url\":\"https:\/\/online.claeh.edu.uy\/en\/product\/gestion-de-proyectos-orientados-a-la-industria-deportiva\/\",\"name\":\"Gesti\u00f3n de Proyectos orientados a la Industria Deportiva - Capabilia\",\"isPartOf\":{\"@id\":\"https:\/\/online.claeh.edu.uy\/#website\"},\"datePublished\":\"2024-05-21T17:32:30+00:00\",\"dateModified\":\"2024-05-21T17:32:30+00:00\",\"breadcrumb\":{\"@id\":\"https:\/\/online.claeh.edu.uy\/en\/product\/gestion-de-proyectos-orientados-a-la-industria-deportiva\/#breadcrumb\"},\"inLanguage\":\"en-US\",\"potentialAction\":[{\"@type\":\"ReadAction\",\"target\":[\"https:\/\/online.claeh.edu.uy\/en\/product\/gestion-de-proyectos-orientados-a-la-industria-deportiva\/\"]}]},{\"@type\":\"BreadcrumbList\",\"@id\":\"https:\/\/online.claeh.edu.uy\/en\/product\/gestion-de-proyectos-orientados-a-la-industria-deportiva\/#breadcrumb\",\"itemListElement\":[{\"@type\":\"ListItem\",\"position\":1,\"name\":\"Productos\",\"item\":\"https:\/\/online.claeh.edu.uy\/en\/product\/\"},{\"@type\":\"ListItem\",\"position\":2,\"name\":\"Gesti\u00f3n de Proyectos orientados a la Industria Deportiva\"}]},{\"@type\":\"WebSite\",\"@id\":\"https:\/\/online.claeh.edu.uy\/#website\",\"url\":\"https:\/\/online.claeh.edu.uy\/\",\"name\":\"Capabilia\",\"description\":\"\",\"potentialAction\":[{\"@type\":\"SearchAction\",\"target\":{\"@type\":\"EntryPoint\",\"urlTemplate\":\"https:\/\/online.claeh.edu.uy\/?s={search_term_string}\"},\"query-input\":\"required name=search_term_string\"}],\"inLanguage\":\"en-US\"}]}<\/script>\n<!-- \/ Yoast SEO plugin. -->","yoast_head_json":{"title":"Gesti\u00f3n de Proyectos orientados a la Industria Deportiva - Capabilia","robots":{"index":"index","follow":"follow","max-snippet":"max-snippet:-1","max-image-preview":"max-image-preview:large","max-video-preview":"max-video-preview:-1"},"canonical":"https:\/\/online.claeh.edu.uy\/en\/product\/gestion-de-proyectos-orientados-a-la-industria-deportiva\/","og_locale":"en_US","og_type":"article","og_title":"Gesti\u00f3n de Proyectos orientados a la Industria Deportiva - Capabilia","og_description":"excerpt","og_url":"https:\/\/online.claeh.edu.uy\/en\/product\/gestion-de-proyectos-orientados-a-la-industria-deportiva\/","og_site_name":"Capabilia","twitter_card":"summary_large_image","twitter_misc":{"Est. reading time":"1 minute"},"schema":{"@context":"https:\/\/schema.org","@graph":[{"@type":"WebPage","@id":"https:\/\/online.claeh.edu.uy\/en\/product\/gestion-de-proyectos-orientados-a-la-industria-deportiva\/","url":"https:\/\/online.claeh.edu.uy\/en\/product\/gestion-de-proyectos-orientados-a-la-industria-deportiva\/","name":"Gesti\u00f3n de Proyectos orientados a la Industria Deportiva - Capabilia","isPartOf":{"@id":"https:\/\/online.claeh.edu.uy\/#website"},"datePublished":"2024-05-21T17:32:30+00:00","dateModified":"2024-05-21T17:32:30+00:00","breadcrumb":{"@id":"https:\/\/online.claeh.edu.uy\/en\/product\/gestion-de-proyectos-orientados-a-la-industria-deportiva\/#breadcrumb"},"inLanguage":"en-US","potentialAction":[{"@type":"ReadAction","target":["https:\/\/online.claeh.edu.uy\/en\/product\/gestion-de-proyectos-orientados-a-la-industria-deportiva\/"]}]},{"@type":"BreadcrumbList","@id":"https:\/\/online.claeh.edu.uy\/en\/product\/gestion-de-proyectos-orientados-a-la-industria-deportiva\/#breadcrumb","itemListElement":[{"@type":"ListItem","position":1,"name":"Productos","item":"https:\/\/online.claeh.edu.uy\/en\/product\/"},{"@type":"ListItem","position":2,"name":"Gesti\u00f3n de Proyectos orientados a la Industria Deportiva"}]},{"@type":"WebSite","@id":"https:\/\/online.claeh.edu.uy\/#website","url":"https:\/\/online.claeh.edu.uy\/","name":"Capabilia","description":"","potentialAction":[{"@type":"SearchAction","target":{"@type":"EntryPoint","urlTemplate":"https:\/\/online.claeh.edu.uy\/?s={search_term_string}"},"query-input":"required name=search_term_string"}],"inLanguage":"en-US"}]}},"idiomas":{"en":1661,"es":1660},"_links":{"self":[{"href":"https:\/\/online.claeh.edu.uy\/en\/wp-json\/wp\/v2\/products\/1661"}],"collection":[{"href":"https:\/\/online.claeh.edu.uy\/en\/wp-json\/wp\/v2\/products"}],"about":[{"href":"https:\/\/online.claeh.edu.uy\/en\/wp-json\/wp\/v2\/types\/product"}],"author":[{"embeddable":true,"href":"https:\/\/online.claeh.edu.uy\/en\/wp-json\/wp\/v2\/users\/3"}],"replies":[{"embeddable":true,"href":"https:\/\/online.claeh.edu.uy\/en\/wp-json\/wp\/v2\/comments?post=1661"}],"version-history":[{"count":1,"href":"https:\/\/online.claeh.edu.uy\/en\/wp-json\/wp\/v2\/products\/1661\/revisions"}],"predecessor-version":[{"id":1804,"href":"https:\/\/online.claeh.edu.uy\/en\/wp-json\/wp\/v2\/products\/1661\/revisions\/1804"}],"wp:attachment":[{"href":"https:\/\/online.claeh.edu.uy\/en\/wp-json\/wp\/v2\/media?parent=1661"}],"wp:term":[{"taxonomy":"category","embeddable":true,"href":"https:\/\/online.claeh.edu.uy\/en\/wp-json\/wp\/v2\/categories?post=1661"}],"curies":[{"name":"wp","href":"https:\/\/api.w.org\/{rel}","templated":true}]}}