{"id":616,"date":"2022-02-02T15:18:41","date_gmt":"2022-02-02T15:18:41","guid":{"rendered":"https:\/\/online.claeh.edu.uy\/?post_type=product&#038;p=616"},"modified":"2023-05-19T15:39:06","modified_gmt":"2023-05-19T15:39:06","slug":"diplomado-en-community-management","status":"publish","type":"product","link":"https:\/\/online.claeh.edu.uy\/en\/product\/diplomado-en-community-management\/","title":{"rendered":"Diplomado en Community Management"},"content":{"rendered":"<p>contenido<\/p>\n","protected":false},"excerpt":{"rendered":"<p>excerpt<\/p>\n","protected":false},"author":3,"featured_media":0,"comment_status":"open","ping_status":"closed","template":"","meta":{"_acf_changed":false,"footnotes":""},"categories":[16],"class_list":["post-616","product","type-product","status-publish","hentry","category-producto-claeh-en"],"acf":{"external_id":"1715","titulo_curso":"Diploma en Community Management","precio":"","impartido_en":"Castellano","id_magento":"3","hubspot_product_id":"59343848","imagen_destacada":"https:\/\/static.capabiliaserver.com\/frontend\/clients\/claeh\/wp_dev\/wp-content\/uploads\/05953ad4-diplomado-en-community-management.jpg.jpg","header_image":"https:\/\/static.capabiliaserver.com\/frontend\/clients\/claeh\/wp_dev\/wp-content\/uploads\/05953ad4-diplomado-en-community-management.jpg.jpg","precio_en_cuotas":"","precio_de_lista":"","promocion_vigente":"","duracion_del_curso":"4 meses","tipo_de_programa":"Educaci\u00f3n Continua","fecha_de_inicio":"","segunda_fecha_de_inicio":"","zona_horaria":"America\/Los_Angeles","nivel_del_curso":"B\u00e1sico","modalidad":"100% online","dedicacion":"","contenido":"<p>La proliferaci\u00f3n de los canales digitales de comunicaci\u00f3n y la mayor participaci\u00f3n de los consumidores oblig\u00f3 a empresas, organizaciones comunitarias y gobiernos a desarrollar un nuevo rol dentro de sus equipos: el del \u201cencargado de relacionamiento y atenci\u00f3n de las comunidades de clientes online\u201d o \u201cCommunity Manager\u201d.<\/p>\n<p>Las redes sociales contin\u00faan consolid\u00e1ndose como los espacios de la web donde los usuarios pasan m\u00e1s tiempo online. Ya sea de manera proactiva -buscando a los clientes en el ciberespacio- o reactiva -atendiendo a sus comentarios y demandas-, pr\u00e1cticamente todas las empresas deben decidir c\u00f3mo gestionar su presencia en la web y en las redes sociales.<\/p>\n<p>Esta realidad convierte al diplomado en Community Management en un programa que habilita una amplia y creciente variedad de opciones en t\u00e9rminos de salida laboral, resultando \u00fatil para j\u00f3venes egresados de carreras de Comunicaci\u00f3n, Marketing, Publicidad y afines; consultores externos; ejecutivos y gerentes que trabajan en esas \u00e1reas dentro de las corporaciones; y peque\u00f1os y medianos empresarios que quieren comprender o manejar personalmente sus comunicaciones digitales.<\/p>\n","avalado_por":"https:\/\/static.capabiliaserver.com\/frontend\/clients\/claeh\/wp_prod\/wp-content\/uploads\/2023\/03\/7e8c4999-claeh-logo-png.png","cursos_que_lo_componen":[{"nombre_del_curso":" Gesti\u00f3n de Facebook, LinkedIn,  YouTube y Google My Business ","descripcion_del_curso":"<p>\u2022 M\u00f3dulo 1: El community manager<br \/>\n\u2022 M\u00f3dulo 2: Gesti\u00f3n de Facebook<br \/>\n\u2022 M\u00f3dulo 3: Gesti\u00f3n de LinkedIn, Google My Business y YouTube<br \/>\n\u2022 M\u00f3dulo 4: Lectura integradora<\/p>\n"},{"nombre_del_curso":"Herramientas para Community Managers","descripcion_del_curso":"<p>M\u00f3dulo 1: Herramientas de investigaci\u00f3n y de escucha<br \/>\nM\u00f3dulo 2: Herramientas de planificaci\u00f3n y gesti\u00f3n<br \/>\nM\u00f3dulo 3: Herramientas de gesti\u00f3n y elaboraci\u00f3n de contenidos<br \/>\nM\u00f3dulo 4: Herramientas de Medici\u00f3n y Reporte<\/p>\n"},{"nombre_del_curso":"Twitter, Instagram, Whatsapp y otras redes actuales","descripcion_del_curso":"<p>M\u00f3dulo 1: Twitter<br \/>\nM\u00f3dulo 2: Instagram<br \/>\nM\u00f3dulo 3: WhatsApp Business y otras redes actuales<br \/>\nM\u00f3dulo 4: Integrando los conceptos<\/p>\n"},{"nombre_del_curso":" Planificaci\u00f3n y Creaci\u00f3n de contenidos para Social Media","descripcion_del_curso":"<p>M\u00f3dulo 1: Marketing del permiso y marketing de contenidos<br \/>\nM\u00f3dulo 2: Planificaci\u00f3n de contenidos para social media<br \/>\nM\u00f3dulo 3: Producci\u00f3n de contenidos para redes sociales<br \/>\nM\u00f3dulo 4: Feedback directo<\/p>\n"}],"pdf_brochure":false,"preguntas_frecuentes":false,"titulo":" Diplomado en Community Management","docentes_expertos":false,"mostrar_form":false,"mostrar_boton_compra":true,"url_cursado_webinar":"","activar_nuevos_banners":false,"mostrar_banner_1":false,"crear_banner_1":{"utilizar_imagen_unica_para_banner":false,"asignar_imagen_unica_para_banner":false,"mostrar_titulo_banner":false,"titulo_para_banner":"","mostrar_subtitulo_banner":false,"subtitulo_del_banner":"","mostrar_cta_banner":false,"texto_cta_banner":"","url_cta_banner":"","fondo_de_color_banner":"","fondo_de_imagen_banner":false,"mostrar_imagen_izquierda_banner":false,"asignar_imagen_izquierda_banner":false},"mostrar_banner_2":false,"crear_banner_2":{"utilizar_imagen_unica_para_banner":false,"asignar_imagen_unica_para_banner":false,"mostrar_titulo_banner":false,"titulo_para_banner":"","mostrar_subtitulo_banner":false,"subtitulo_del_banner":"","mostrar_cta_banner":false,"texto_cta_banner":"","url_cta_banner":"","fondo_de_color_banner":"","fondo_de_imagen_banner":false,"mostrar_imagen_izquierda_banner":false,"asignar_imagen_izquierda_banner":false},"mostrar_banner_3":false,"crear_banner_3":{"utilizar_imagen_unica_para_banner":false,"asignar_imagen_unica_para_banner":false,"mostrar_titulo_banner":false,"titulo_para_banner":"","mostrar_subtitulo_banner":false,"subtitulo_del_banner":"","mostrar_cta_banner":false,"texto_cta_banner":"","url_cta_banner":"","fondo_de_color_banner":"","fondo_de_imagen_banner":false,"mostrar_imagen_izquierda_banner":false,"asignar_imagen_izquierda_banner":false},"mostrar_precio":false},"yoast_head":"<!-- This site is optimized with the Yoast SEO plugin v23.0 - https:\/\/yoast.com\/wordpress\/plugins\/seo\/ -->\n<title>Diplomado en Community Management - Capabilia<\/title>\n<meta name=\"description\" content=\"Un programa que habilita una amplia y creciente variedad de opciones en t\u00e9rminos de salida laboral, resultando \u00fatil para j\u00f3venes egresados de carreras de Comunicaci\u00f3n, Marketing, Publicidad y afines.\" \/>\n<meta name=\"robots\" content=\"index, follow, max-snippet:-1, max-image-preview:large, max-video-preview:-1\" \/>\n<link rel=\"canonical\" href=\"https:\/\/online.claeh.edu.uy\/en\/product\/diplomado-en-community-management\/\" \/>\n<meta property=\"og:locale\" content=\"en_US\" \/>\n<meta property=\"og:type\" content=\"article\" \/>\n<meta property=\"og:title\" content=\"Diplomado en Community Management\" \/>\n<meta property=\"og:description\" content=\"Un programa que habilita una amplia y creciente variedad de opciones en t\u00e9rminos de salida laboral, resultando \u00fatil para j\u00f3venes egresados de carreras de Comunicaci\u00f3n, Marketing, Publicidad y afines.\" \/>\n<meta property=\"og:url\" content=\"https:\/\/online.claeh.edu.uy\/en\/product\/diplomado-en-community-management\/\" \/>\n<meta property=\"og:site_name\" content=\"Capabilia\" \/>\n<meta property=\"article:modified_time\" content=\"2023-05-19T15:39:06+00:00\" \/>\n<meta property=\"og:image\" content=\"https:\/\/static.capabiliaserver.com\/frontend\/clients\/claeh\/wp_dev\/wp-content\/uploads\/a218a6aa-diplomado-en-community-management.jpg-1.jpg\" \/>\n\t<meta property=\"og:image:width\" content=\"1200\" \/>\n\t<meta property=\"og:image:height\" content=\"1200\" \/>\n\t<meta property=\"og:image:type\" content=\"image\/jpeg\" \/>\n<meta name=\"twitter:card\" content=\"summary_large_image\" \/>\n<meta name=\"twitter:title\" content=\"Diplomado en Community Management\" \/>\n<meta name=\"twitter:description\" content=\"Un programa que habilita una amplia y creciente variedad de opciones en t\u00e9rminos de salida laboral, resultando \u00fatil para j\u00f3venes egresados de carreras de Comunicaci\u00f3n, Marketing, Publicidad y afines.\" \/>\n<meta name=\"twitter:image\" content=\"https:\/\/static.capabiliaserver.com\/frontend\/clients\/claeh\/wp_dev\/wp-content\/uploads\/a218a6aa-diplomado-en-community-management.jpg-1.jpg\" \/>\n<meta name=\"twitter:label1\" content=\"Est. reading time\" \/>\n\t<meta name=\"twitter:data1\" content=\"1 minute\" \/>\n<script type=\"application\/ld+json\" class=\"yoast-schema-graph\">{\"@context\":\"https:\/\/schema.org\",\"@graph\":[{\"@type\":\"WebPage\",\"@id\":\"https:\/\/online.claeh.edu.uy\/en\/product\/diplomado-en-community-management\/\",\"url\":\"https:\/\/online.claeh.edu.uy\/en\/product\/diplomado-en-community-management\/\",\"name\":\"Diplomado en Community Management - Capabilia\",\"isPartOf\":{\"@id\":\"https:\/\/online.claeh.edu.uy\/#website\"},\"datePublished\":\"2022-02-02T15:18:41+00:00\",\"dateModified\":\"2023-05-19T15:39:06+00:00\",\"description\":\"Un programa que habilita una amplia y creciente variedad de opciones en t\u00e9rminos de salida laboral, resultando \u00fatil para j\u00f3venes egresados de carreras de Comunicaci\u00f3n, Marketing, Publicidad y afines.\",\"breadcrumb\":{\"@id\":\"https:\/\/online.claeh.edu.uy\/en\/product\/diplomado-en-community-management\/#breadcrumb\"},\"inLanguage\":\"en-US\",\"potentialAction\":[{\"@type\":\"ReadAction\",\"target\":[\"https:\/\/online.claeh.edu.uy\/en\/product\/diplomado-en-community-management\/\"]}]},{\"@type\":\"BreadcrumbList\",\"@id\":\"https:\/\/online.claeh.edu.uy\/en\/product\/diplomado-en-community-management\/#breadcrumb\",\"itemListElement\":[{\"@type\":\"ListItem\",\"position\":1,\"name\":\"Productos\",\"item\":\"https:\/\/online.claeh.edu.uy\/en\/product\/\"},{\"@type\":\"ListItem\",\"position\":2,\"name\":\"Diplomado en Community Management\"}]},{\"@type\":\"WebSite\",\"@id\":\"https:\/\/online.claeh.edu.uy\/#website\",\"url\":\"https:\/\/online.claeh.edu.uy\/\",\"name\":\"Capabilia\",\"description\":\"\",\"potentialAction\":[{\"@type\":\"SearchAction\",\"target\":{\"@type\":\"EntryPoint\",\"urlTemplate\":\"https:\/\/online.claeh.edu.uy\/?s={search_term_string}\"},\"query-input\":\"required name=search_term_string\"}],\"inLanguage\":\"en-US\"}]}<\/script>\n<!-- \/ Yoast SEO plugin. -->","yoast_head_json":{"title":"Diplomado en Community Management - Capabilia","description":"Un programa que habilita una amplia y creciente variedad de opciones en t\u00e9rminos de salida laboral, resultando \u00fatil para j\u00f3venes egresados de carreras de Comunicaci\u00f3n, Marketing, Publicidad y afines.","robots":{"index":"index","follow":"follow","max-snippet":"max-snippet:-1","max-image-preview":"max-image-preview:large","max-video-preview":"max-video-preview:-1"},"canonical":"https:\/\/online.claeh.edu.uy\/en\/product\/diplomado-en-community-management\/","og_locale":"en_US","og_type":"article","og_title":"Diplomado en Community Management","og_description":"Un programa que habilita una amplia y creciente variedad de opciones en t\u00e9rminos de salida laboral, resultando \u00fatil para j\u00f3venes egresados de carreras de Comunicaci\u00f3n, Marketing, Publicidad y afines.","og_url":"https:\/\/online.claeh.edu.uy\/en\/product\/diplomado-en-community-management\/","og_site_name":"Capabilia","article_modified_time":"2023-05-19T15:39:06+00:00","og_image":[{"width":1200,"height":1200,"url":"https:\/\/static.capabiliaserver.com\/frontend\/clients\/claeh\/wp_dev\/wp-content\/uploads\/a218a6aa-diplomado-en-community-management.jpg-1.jpg","type":"image\/jpeg"}],"twitter_card":"summary_large_image","twitter_title":"Diplomado en Community Management","twitter_description":"Un programa que habilita una amplia y creciente variedad de opciones en t\u00e9rminos de salida laboral, resultando \u00fatil para j\u00f3venes egresados de carreras de Comunicaci\u00f3n, Marketing, Publicidad y afines.","twitter_image":"https:\/\/static.capabiliaserver.com\/frontend\/clients\/claeh\/wp_dev\/wp-content\/uploads\/a218a6aa-diplomado-en-community-management.jpg-1.jpg","twitter_misc":{"Est. reading time":"1 minute"},"schema":{"@context":"https:\/\/schema.org","@graph":[{"@type":"WebPage","@id":"https:\/\/online.claeh.edu.uy\/en\/product\/diplomado-en-community-management\/","url":"https:\/\/online.claeh.edu.uy\/en\/product\/diplomado-en-community-management\/","name":"Diplomado en Community Management - Capabilia","isPartOf":{"@id":"https:\/\/online.claeh.edu.uy\/#website"},"datePublished":"2022-02-02T15:18:41+00:00","dateModified":"2023-05-19T15:39:06+00:00","description":"Un programa que habilita una amplia y creciente variedad de opciones en t\u00e9rminos de salida laboral, resultando \u00fatil para j\u00f3venes egresados de carreras de Comunicaci\u00f3n, Marketing, Publicidad y afines.","breadcrumb":{"@id":"https:\/\/online.claeh.edu.uy\/en\/product\/diplomado-en-community-management\/#breadcrumb"},"inLanguage":"en-US","potentialAction":[{"@type":"ReadAction","target":["https:\/\/online.claeh.edu.uy\/en\/product\/diplomado-en-community-management\/"]}]},{"@type":"BreadcrumbList","@id":"https:\/\/online.claeh.edu.uy\/en\/product\/diplomado-en-community-management\/#breadcrumb","itemListElement":[{"@type":"ListItem","position":1,"name":"Productos","item":"https:\/\/online.claeh.edu.uy\/en\/product\/"},{"@type":"ListItem","position":2,"name":"Diplomado en Community Management"}]},{"@type":"WebSite","@id":"https:\/\/online.claeh.edu.uy\/#website","url":"https:\/\/online.claeh.edu.uy\/","name":"Capabilia","description":"","potentialAction":[{"@type":"SearchAction","target":{"@type":"EntryPoint","urlTemplate":"https:\/\/online.claeh.edu.uy\/?s={search_term_string}"},"query-input":"required name=search_term_string"}],"inLanguage":"en-US"}]}},"idiomas":{"en":616,"es":615},"_links":{"self":[{"href":"https:\/\/online.claeh.edu.uy\/en\/wp-json\/wp\/v2\/products\/616"}],"collection":[{"href":"https:\/\/online.claeh.edu.uy\/en\/wp-json\/wp\/v2\/products"}],"about":[{"href":"https:\/\/online.claeh.edu.uy\/en\/wp-json\/wp\/v2\/types\/product"}],"author":[{"embeddable":true,"href":"https:\/\/online.claeh.edu.uy\/en\/wp-json\/wp\/v2\/users\/3"}],"replies":[{"embeddable":true,"href":"https:\/\/online.claeh.edu.uy\/en\/wp-json\/wp\/v2\/comments?post=616"}],"version-history":[{"count":5,"href":"https:\/\/online.claeh.edu.uy\/en\/wp-json\/wp\/v2\/products\/616\/revisions"}],"predecessor-version":[{"id":1566,"href":"https:\/\/online.claeh.edu.uy\/en\/wp-json\/wp\/v2\/products\/616\/revisions\/1566"}],"wp:attachment":[{"href":"https:\/\/online.claeh.edu.uy\/en\/wp-json\/wp\/v2\/media?parent=616"}],"wp:term":[{"taxonomy":"category","embeddable":true,"href":"https:\/\/online.claeh.edu.uy\/en\/wp-json\/wp\/v2\/categories?post=616"}],"curies":[{"name":"wp","href":"https:\/\/api.w.org\/{rel}","templated":true}]}}