{"id":618,"date":"2022-02-02T18:40:16","date_gmt":"2022-02-02T18:40:16","guid":{"rendered":"https:\/\/online.claeh.edu.uy\/?post_type=product&#038;p=618"},"modified":"2023-05-19T15:40:16","modified_gmt":"2023-05-19T15:40:16","slug":"diplomado-en-social-media-aplicado-al-turismo","status":"publish","type":"product","link":"https:\/\/online.claeh.edu.uy\/en\/product\/diplomado-en-social-media-aplicado-al-turismo\/","title":{"rendered":"Diplomado en Social Media Aplicado al Turismo"},"content":{"rendered":"<p>contenido<\/p>\n","protected":false},"excerpt":{"rendered":"<p>excerpt<\/p>\n","protected":false},"author":3,"featured_media":0,"comment_status":"open","ping_status":"closed","template":"","meta":{"_acf_changed":false,"footnotes":""},"categories":[16],"class_list":["post-618","product","type-product","status-publish","hentry","category-producto-claeh-en"],"acf":{"external_id":"1758","titulo_curso":"Diploma en Social Media Management","precio":"","impartido_en":"Castellano","id_magento":"26","hubspot_product_id":"1582148116","imagen_destacada":"https:\/\/static.capabiliaserver.com\/frontend\/clients\/claeh\/wp_dev\/wp-content\/uploads\/a19728d9-diplomado-en-social-media-aplicado-al-turismo.jpg.jpg","header_image":"https:\/\/static.capabiliaserver.com\/frontend\/clients\/claeh\/wp_dev\/wp-content\/uploads\/a19728d9-diplomado-en-social-media-aplicado-al-turismo.jpg.jpg","precio_en_cuotas":"","precio_de_lista":"","promocion_vigente":"","duracion_del_curso":"4 meses","tipo_de_programa":"Educaci\u00f3n Continua","fecha_de_inicio":"","segunda_fecha_de_inicio":"","zona_horaria":"America\/Los_Angeles","nivel_del_curso":"B\u00e1sico","modalidad":"100% online","dedicacion":"","contenido":"<p>Social Media es una disciplina que ha avanzado en su aplicaci\u00f3n y en su uso de una manera vertiginosa, tanto por parte de las personas como de las marcas.<\/p>\n<p>Este diplomado te permitir\u00e1 desempe\u00f1arte con conocimiento, aptitudes y habilidades en el \u00e1mbito del Social Media aplicado al turismo, para poder llevar adelante la conceptualizaci\u00f3n, planificaci\u00f3n y desarrollo de un plan de Social Media aplicado a la marca de la industria del turismo en la que trabajes, en el marco de una estrategia general de comunicaci\u00f3n.<\/p>\n","avalado_por":"https:\/\/static.capabiliaserver.com\/frontend\/clients\/claeh\/wp_prod\/wp-content\/uploads\/2023\/03\/7e8c4999-claeh-logo-png.png","cursos_que_lo_componen":[{"nombre_del_curso":"Estrategia de Social Media","descripcion_del_curso":"<p>M\u00f3dulo 1: Factores Claves del Crecimiento Acelerado del Social Media<br \/>\nM\u00f3dulo 2: La Capa T\u00e9cnica<br \/>\nM\u00f3dulo 3: La Capa de la Socializaci\u00f3n<br \/>\nM\u00f3dulo 4: La Capa de la Informaci\u00f3n y el Entretenimiento<\/p>\n"},{"nombre_del_curso":"T\u00e1ctica en Social Media","descripcion_del_curso":"<p>M\u00f3dulo 1: Los Pasos T\u00e1cticos del Plan de Social Media<br \/>\nM\u00f3dulo 2: Procesos T\u00e1cticos del Social Media<br \/>\nM\u00f3dulo 3: Presupuestos de Social Media<br \/>\nM\u00f3dulo 4: La Integraci\u00f3n de la T\u00e1ctica<\/p>\n"},{"nombre_del_curso":"Gesti\u00f3n y Reporte en Social Media","descripcion_del_curso":"<p>M\u00f3dulo 1: Gesti\u00f3n de Redes Sociales<br \/>\nM\u00f3dulo 2: Tipos de Contenido<br \/>\nM\u00f3dulo 3: Usos de Herramientas y Calendarios<br \/>\nM\u00f3dulo 4: Reporte en Social Media<\/p>\n"},{"nombre_del_curso":"Social Media aplicado a Turismo","descripcion_del_curso":"<p>M\u00f3dulo 1: Las particularidades del turismo como industria<br \/>\nM\u00f3dulo 2: La Estrategia en Social Media Aplicada al Turismo<br \/>\nM\u00f3dulo 3: La T\u00e1ctica en Social Media aplicada al turismo<br \/>\nM\u00f3dulo 4: La Gesti\u00f3n de Social Media en Turismo<\/p>\n"}],"pdf_brochure":false,"preguntas_frecuentes":false,"titulo":"Diplomado en Social Media Aplicado al Turismo","docentes_expertos":false,"mostrar_form":false,"mostrar_boton_compra":true,"url_cursado_webinar":"","activar_nuevos_banners":false,"mostrar_banner_1":false,"crear_banner_1":{"utilizar_imagen_unica_para_banner":false,"asignar_imagen_unica_para_banner":false,"mostrar_titulo_banner":false,"titulo_para_banner":"","mostrar_subtitulo_banner":false,"subtitulo_del_banner":"","mostrar_cta_banner":false,"texto_cta_banner":"","url_cta_banner":"","fondo_de_color_banner":"","fondo_de_imagen_banner":false,"mostrar_imagen_izquierda_banner":false,"asignar_imagen_izquierda_banner":false},"mostrar_banner_2":false,"crear_banner_2":{"utilizar_imagen_unica_para_banner":false,"asignar_imagen_unica_para_banner":false,"mostrar_titulo_banner":false,"titulo_para_banner":"","mostrar_subtitulo_banner":false,"subtitulo_del_banner":"","mostrar_cta_banner":false,"texto_cta_banner":"","url_cta_banner":"","fondo_de_color_banner":"","fondo_de_imagen_banner":false,"mostrar_imagen_izquierda_banner":false,"asignar_imagen_izquierda_banner":false},"mostrar_banner_3":false,"crear_banner_3":{"utilizar_imagen_unica_para_banner":false,"asignar_imagen_unica_para_banner":false,"mostrar_titulo_banner":false,"titulo_para_banner":"","mostrar_subtitulo_banner":false,"subtitulo_del_banner":"","mostrar_cta_banner":false,"texto_cta_banner":"","url_cta_banner":"","fondo_de_color_banner":"","fondo_de_imagen_banner":false,"mostrar_imagen_izquierda_banner":false,"asignar_imagen_izquierda_banner":false},"mostrar_precio":false},"yoast_head":"<!-- This site is optimized with the Yoast SEO plugin v23.0 - https:\/\/yoast.com\/wordpress\/plugins\/seo\/ -->\n<title>Diplomado en Social Media Aplicado al Turismo - Capabilia<\/title>\n<meta name=\"description\" content=\"Este diplomado te permitir\u00e1 desempe\u00f1arte con conocimiento, aptitudes y habilidades en el \u00e1mbito del Social Media aplicado al turismo, para poder llevar adelante la conceptualizaci\u00f3n, planificaci\u00f3n y desarrollo de un plan de Social Media.\" \/>\n<meta name=\"robots\" content=\"index, follow, max-snippet:-1, max-image-preview:large, max-video-preview:-1\" \/>\n<link rel=\"canonical\" href=\"https:\/\/online.claeh.edu.uy\/en\/product\/diplomado-en-social-media-aplicado-al-turismo\/\" \/>\n<meta property=\"og:locale\" content=\"en_US\" \/>\n<meta property=\"og:type\" content=\"article\" \/>\n<meta property=\"og:title\" content=\"Diplomado en Social Media Aplicado al Turismo\" \/>\n<meta property=\"og:description\" content=\"Este diplomado te permitir\u00e1 desempe\u00f1arte con conocimiento, aptitudes y habilidades en el \u00e1mbito del Social Media aplicado al turismo, para poder llevar adelante la conceptualizaci\u00f3n, planificaci\u00f3n y desarrollo de un plan de Social Media.\" \/>\n<meta property=\"og:url\" content=\"https:\/\/online.claeh.edu.uy\/en\/product\/diplomado-en-social-media-aplicado-al-turismo\/\" \/>\n<meta property=\"og:site_name\" content=\"Capabilia\" \/>\n<meta property=\"article:modified_time\" content=\"2023-05-19T15:40:16+00:00\" \/>\n<meta property=\"og:image\" content=\"https:\/\/static.capabiliaserver.com\/frontend\/clients\/claeh\/wp_dev\/wp-content\/uploads\/f4118518-diplomado-en-social-media-aplicado-al-turismo.jpg-1.jpg\" \/>\n\t<meta property=\"og:image:width\" content=\"1200\" \/>\n\t<meta property=\"og:image:height\" content=\"1200\" \/>\n\t<meta property=\"og:image:type\" content=\"image\/jpeg\" \/>\n<meta name=\"twitter:card\" content=\"summary_large_image\" \/>\n<meta name=\"twitter:title\" content=\"Diplomado en Social Media Aplicado al Turismo\" \/>\n<meta name=\"twitter:description\" content=\"Este diplomado te permitir\u00e1 desempe\u00f1arte con conocimiento, aptitudes y habilidades en el \u00e1mbito del Social Media aplicado al turismo, para poder llevar adelante la conceptualizaci\u00f3n, planificaci\u00f3n y desarrollo de un plan de Social Media.\" \/>\n<meta name=\"twitter:image\" content=\"https:\/\/static.capabiliaserver.com\/frontend\/clients\/claeh\/wp_dev\/wp-content\/uploads\/f4118518-diplomado-en-social-media-aplicado-al-turismo.jpg-1.jpg\" \/>\n<meta name=\"twitter:label1\" content=\"Est. reading time\" \/>\n\t<meta name=\"twitter:data1\" content=\"1 minute\" \/>\n<script type=\"application\/ld+json\" class=\"yoast-schema-graph\">{\"@context\":\"https:\/\/schema.org\",\"@graph\":[{\"@type\":\"WebPage\",\"@id\":\"https:\/\/online.claeh.edu.uy\/en\/product\/diplomado-en-social-media-aplicado-al-turismo\/\",\"url\":\"https:\/\/online.claeh.edu.uy\/en\/product\/diplomado-en-social-media-aplicado-al-turismo\/\",\"name\":\"Diplomado en Social Media Aplicado al Turismo - Capabilia\",\"isPartOf\":{\"@id\":\"https:\/\/online.claeh.edu.uy\/#website\"},\"datePublished\":\"2022-02-02T18:40:16+00:00\",\"dateModified\":\"2023-05-19T15:40:16+00:00\",\"description\":\"Este diplomado te permitir\u00e1 desempe\u00f1arte con conocimiento, aptitudes y habilidades en el \u00e1mbito del Social Media aplicado al turismo, para poder llevar adelante la conceptualizaci\u00f3n, planificaci\u00f3n y desarrollo de un plan de Social Media.\",\"breadcrumb\":{\"@id\":\"https:\/\/online.claeh.edu.uy\/en\/product\/diplomado-en-social-media-aplicado-al-turismo\/#breadcrumb\"},\"inLanguage\":\"en-US\",\"potentialAction\":[{\"@type\":\"ReadAction\",\"target\":[\"https:\/\/online.claeh.edu.uy\/en\/product\/diplomado-en-social-media-aplicado-al-turismo\/\"]}]},{\"@type\":\"BreadcrumbList\",\"@id\":\"https:\/\/online.claeh.edu.uy\/en\/product\/diplomado-en-social-media-aplicado-al-turismo\/#breadcrumb\",\"itemListElement\":[{\"@type\":\"ListItem\",\"position\":1,\"name\":\"Productos\",\"item\":\"https:\/\/online.claeh.edu.uy\/en\/product\/\"},{\"@type\":\"ListItem\",\"position\":2,\"name\":\"Diplomado en Social Media Aplicado al Turismo\"}]},{\"@type\":\"WebSite\",\"@id\":\"https:\/\/online.claeh.edu.uy\/#website\",\"url\":\"https:\/\/online.claeh.edu.uy\/\",\"name\":\"Capabilia\",\"description\":\"\",\"potentialAction\":[{\"@type\":\"SearchAction\",\"target\":{\"@type\":\"EntryPoint\",\"urlTemplate\":\"https:\/\/online.claeh.edu.uy\/?s={search_term_string}\"},\"query-input\":\"required name=search_term_string\"}],\"inLanguage\":\"en-US\"}]}<\/script>\n<!-- \/ Yoast SEO plugin. -->","yoast_head_json":{"title":"Diplomado en Social Media Aplicado al Turismo - Capabilia","description":"Este diplomado te permitir\u00e1 desempe\u00f1arte con conocimiento, aptitudes y habilidades en el \u00e1mbito del Social Media aplicado al turismo, para poder llevar adelante la conceptualizaci\u00f3n, planificaci\u00f3n y desarrollo de un plan de Social Media.","robots":{"index":"index","follow":"follow","max-snippet":"max-snippet:-1","max-image-preview":"max-image-preview:large","max-video-preview":"max-video-preview:-1"},"canonical":"https:\/\/online.claeh.edu.uy\/en\/product\/diplomado-en-social-media-aplicado-al-turismo\/","og_locale":"en_US","og_type":"article","og_title":"Diplomado en Social Media Aplicado al Turismo","og_description":"Este diplomado te permitir\u00e1 desempe\u00f1arte con conocimiento, aptitudes y habilidades en el \u00e1mbito del Social Media aplicado al turismo, para poder llevar adelante la conceptualizaci\u00f3n, planificaci\u00f3n y desarrollo de un plan de Social Media.","og_url":"https:\/\/online.claeh.edu.uy\/en\/product\/diplomado-en-social-media-aplicado-al-turismo\/","og_site_name":"Capabilia","article_modified_time":"2023-05-19T15:40:16+00:00","og_image":[{"width":1200,"height":1200,"url":"https:\/\/static.capabiliaserver.com\/frontend\/clients\/claeh\/wp_dev\/wp-content\/uploads\/f4118518-diplomado-en-social-media-aplicado-al-turismo.jpg-1.jpg","type":"image\/jpeg"}],"twitter_card":"summary_large_image","twitter_title":"Diplomado en Social Media Aplicado al Turismo","twitter_description":"Este diplomado te permitir\u00e1 desempe\u00f1arte con conocimiento, aptitudes y habilidades en el \u00e1mbito del Social Media aplicado al turismo, para poder llevar adelante la conceptualizaci\u00f3n, planificaci\u00f3n y desarrollo de un plan de Social Media.","twitter_image":"https:\/\/static.capabiliaserver.com\/frontend\/clients\/claeh\/wp_dev\/wp-content\/uploads\/f4118518-diplomado-en-social-media-aplicado-al-turismo.jpg-1.jpg","twitter_misc":{"Est. reading time":"1 minute"},"schema":{"@context":"https:\/\/schema.org","@graph":[{"@type":"WebPage","@id":"https:\/\/online.claeh.edu.uy\/en\/product\/diplomado-en-social-media-aplicado-al-turismo\/","url":"https:\/\/online.claeh.edu.uy\/en\/product\/diplomado-en-social-media-aplicado-al-turismo\/","name":"Diplomado en Social Media Aplicado al Turismo - Capabilia","isPartOf":{"@id":"https:\/\/online.claeh.edu.uy\/#website"},"datePublished":"2022-02-02T18:40:16+00:00","dateModified":"2023-05-19T15:40:16+00:00","description":"Este diplomado te permitir\u00e1 desempe\u00f1arte con conocimiento, aptitudes y habilidades en el \u00e1mbito del Social Media aplicado al turismo, para poder llevar adelante la conceptualizaci\u00f3n, planificaci\u00f3n y desarrollo de un plan de Social Media.","breadcrumb":{"@id":"https:\/\/online.claeh.edu.uy\/en\/product\/diplomado-en-social-media-aplicado-al-turismo\/#breadcrumb"},"inLanguage":"en-US","potentialAction":[{"@type":"ReadAction","target":["https:\/\/online.claeh.edu.uy\/en\/product\/diplomado-en-social-media-aplicado-al-turismo\/"]}]},{"@type":"BreadcrumbList","@id":"https:\/\/online.claeh.edu.uy\/en\/product\/diplomado-en-social-media-aplicado-al-turismo\/#breadcrumb","itemListElement":[{"@type":"ListItem","position":1,"name":"Productos","item":"https:\/\/online.claeh.edu.uy\/en\/product\/"},{"@type":"ListItem","position":2,"name":"Diplomado en Social Media Aplicado al Turismo"}]},{"@type":"WebSite","@id":"https:\/\/online.claeh.edu.uy\/#website","url":"https:\/\/online.claeh.edu.uy\/","name":"Capabilia","description":"","potentialAction":[{"@type":"SearchAction","target":{"@type":"EntryPoint","urlTemplate":"https:\/\/online.claeh.edu.uy\/?s={search_term_string}"},"query-input":"required name=search_term_string"}],"inLanguage":"en-US"}]}},"idiomas":{"en":618,"es":617},"_links":{"self":[{"href":"https:\/\/online.claeh.edu.uy\/en\/wp-json\/wp\/v2\/products\/618"}],"collection":[{"href":"https:\/\/online.claeh.edu.uy\/en\/wp-json\/wp\/v2\/products"}],"about":[{"href":"https:\/\/online.claeh.edu.uy\/en\/wp-json\/wp\/v2\/types\/product"}],"author":[{"embeddable":true,"href":"https:\/\/online.claeh.edu.uy\/en\/wp-json\/wp\/v2\/users\/3"}],"replies":[{"embeddable":true,"href":"https:\/\/online.claeh.edu.uy\/en\/wp-json\/wp\/v2\/comments?post=618"}],"version-history":[{"count":5,"href":"https:\/\/online.claeh.edu.uy\/en\/wp-json\/wp\/v2\/products\/618\/revisions"}],"predecessor-version":[{"id":1576,"href":"https:\/\/online.claeh.edu.uy\/en\/wp-json\/wp\/v2\/products\/618\/revisions\/1576"}],"wp:attachment":[{"href":"https:\/\/online.claeh.edu.uy\/en\/wp-json\/wp\/v2\/media?parent=618"}],"wp:term":[{"taxonomy":"category","embeddable":true,"href":"https:\/\/online.claeh.edu.uy\/en\/wp-json\/wp\/v2\/categories?post=618"}],"curies":[{"name":"wp","href":"https:\/\/api.w.org\/{rel}","templated":true}]}}