{"id":620,"date":"2022-03-23T12:54:42","date_gmt":"2022-03-23T12:54:42","guid":{"rendered":"https:\/\/online.claeh.edu.uy\/?post_type=product&#038;p=620"},"modified":"2023-05-19T15:35:42","modified_gmt":"2023-05-19T15:35:42","slug":"diploma-en-gestion-estrategica-de-los-recursos-humanos","status":"publish","type":"product","link":"https:\/\/online.claeh.edu.uy\/en\/product\/diploma-en-gestion-estrategica-de-los-recursos-humanos\/","title":{"rendered":"Diploma en Gesti\u00f3n Estrat\u00e9gica de los Recursos Humanos"},"content":{"rendered":"<p>contenido<\/p>\n","protected":false},"excerpt":{"rendered":"<p>excerpt<\/p>\n","protected":false},"author":3,"featured_media":0,"comment_status":"open","ping_status":"closed","template":"","meta":{"_acf_changed":false,"footnotes":""},"categories":[16],"class_list":["post-620","product","type-product","status-publish","hentry","category-producto-claeh-en"],"acf":{"external_id":"1717","titulo_curso":"Diploma en Gestion Estrat\u00e9gica de los Recursos Humanos","precio":"","impartido_en":"Castellano","id_magento":"5","hubspot_product_id":"1459311932","imagen_destacada":"https:\/\/static.capabiliaserver.com\/frontend\/clients\/claeh\/wp_dev\/wp-content\/uploads\/efc49d47-certificado-en-gestion-estrategica-de-rrhh.jpg","header_image":false,"precio_en_cuotas":"","precio_de_lista":"","promocion_vigente":"","duracion_del_curso":"4 meses","tipo_de_programa":"Educaci\u00f3n Continua","fecha_de_inicio":"","segunda_fecha_de_inicio":"","zona_horaria":"America\/Los_Angeles","nivel_del_curso":"B\u00e1sico","modalidad":"100% Virtual ","dedicacion":"","contenido":"<p>El capital humano es el factor clave que hace que las cosas sucedan en las organizaciones. De ah\u00ed el valor y la importancia de desarrollar habilidades de gesti\u00f3n de estos recursos de manera de alcanzar el m\u00e1ximo impacto positivo en los resultados de negocio. Este certificado te dar\u00e1 la capacidad y las herramientas para operar y articular los recursos humanos, de manera de contribuir al cumplimiento de los objetivos generales, del \u00e1rea y de la organizaci\u00f3n. Desarrollar\u00e1s la capacidad de analizar y comprender el contexto situacional para la gesti\u00f3n de las personas y su influencia. Ser\u00e1s capaz de intervenir en el reclutamiento, selecci\u00f3n y formaci\u00f3n de recursos humanos, adem\u00e1s de participar y colaborar en su desarrollo dentro de la organizaci\u00f3n, incluida la determinaci\u00f3n de recompensas.<\/p>\n","avalado_por":"https:\/\/static.capabiliaserver.com\/frontend\/clients\/claeh\/wp_prod\/wp-content\/uploads\/2023\/03\/7e8c4999-claeh-logo-png.png","cursos_que_lo_componen":[{"nombre_del_curso":"DIRECCI\u00d3N ESTRAT\u00c9GICA DE RECURSOS HUMANOS","descripcion_del_curso":"<p>M\u00f3dulo 1: Actividad de apertura.<br \/>\nM\u00f3dulo 2: Modelo de gesti\u00f3n de Recursos Humanos.<br \/>\nM\u00f3dulo 3: Subsistemas del \u00e1rea de Recursos Humanos.<br \/>\nM\u00f3dulo 4: Tablero de gesti\u00f3n del \u00e1rea de Recursos Humanos.<\/p>\n"},{"nombre_del_curso":"  INCORPORANDO EL CAPITAL HUMANO","descripcion_del_curso":"<p>M\u00f3dulo 1: Actividad de apertura.<br \/>\nM\u00f3dulo 2: Flujo Organizacional.<br \/>\nM\u00f3dulo 3: Liderazgo y desarrollo del capital humano.<br \/>\nM\u00f3dulo 4: Planeamiento de la gesti\u00f3n del talento.<\/p>\n"},{"nombre_del_curso":"  DESARROLLANDO EL CAPITAL HUMANO","descripcion_del_curso":"<p>M\u00f3dulo 1: Tendencias del Capital Humano y de Atracci\u00f3n y Selecci\u00f3n.<br \/>\nM\u00f3dulo 2: Flujo Organizacional.<br \/>\nM\u00f3dulo 3: Entrevistas de selecci\u00f3n de personal.<br \/>\nM\u00f3dulo 4: Propuesta de valor al empleado (PVE) y la socializaci\u00f3n del nuevo empleado.<\/p>\n"},{"nombre_del_curso":" PLANEAMIENTO DEL CAPITAL HUMANO Y LA GESTI\u00d3N ESTRAT\u00c9GICA DE LAS COMPENSACIONES","descripcion_del_curso":"<p>M\u00f3dulo 1: Actividad de apertura.<br \/>\nM\u00f3dulo 2: Marco General de an\u00e1lisis de la gesti\u00f3n de las compensaciones.<br \/>\nM\u00f3dulo 3: Implementaci\u00f3n de un sistema de compensaciones.<br \/>\nM\u00f3dulo 4: De las Herramientas al Negocio.<\/p>\n"}],"pdf_brochure":false,"preguntas_frecuentes":false,"titulo":"Diploma en Gesti\u00f3n Estrat\u00e9gica de los Recursos Humanos","docentes_expertos":false,"mostrar_form":false,"mostrar_boton_compra":true,"url_cursado_webinar":"","activar_nuevos_banners":false,"mostrar_banner_1":false,"crear_banner_1":{"utilizar_imagen_unica_para_banner":false,"asignar_imagen_unica_para_banner":false,"mostrar_titulo_banner":false,"titulo_para_banner":"","mostrar_subtitulo_banner":false,"subtitulo_del_banner":"","mostrar_cta_banner":false,"texto_cta_banner":"","url_cta_banner":"","fondo_de_color_banner":"","fondo_de_imagen_banner":false,"mostrar_imagen_izquierda_banner":false,"asignar_imagen_izquierda_banner":false},"mostrar_banner_2":false,"crear_banner_2":{"utilizar_imagen_unica_para_banner":false,"asignar_imagen_unica_para_banner":false,"mostrar_titulo_banner":false,"titulo_para_banner":"","mostrar_subtitulo_banner":false,"subtitulo_del_banner":"","mostrar_cta_banner":false,"texto_cta_banner":"","url_cta_banner":"","fondo_de_color_banner":"","fondo_de_imagen_banner":false,"mostrar_imagen_izquierda_banner":false,"asignar_imagen_izquierda_banner":false},"mostrar_banner_3":false,"crear_banner_3":{"utilizar_imagen_unica_para_banner":false,"asignar_imagen_unica_para_banner":false,"mostrar_titulo_banner":false,"titulo_para_banner":"","mostrar_subtitulo_banner":false,"subtitulo_del_banner":"","mostrar_cta_banner":false,"texto_cta_banner":"","url_cta_banner":"","fondo_de_color_banner":"","fondo_de_imagen_banner":false,"mostrar_imagen_izquierda_banner":false,"asignar_imagen_izquierda_banner":false},"mostrar_precio":false},"yoast_head":"<!-- This site is optimized with the Yoast SEO plugin v23.0 - https:\/\/yoast.com\/wordpress\/plugins\/seo\/ -->\n<title>Diploma en Gesti\u00f3n Estrat\u00e9gica de los Recursos Humanos - Capabilia<\/title>\n<meta name=\"robots\" content=\"index, follow, max-snippet:-1, max-image-preview:large, max-video-preview:-1\" \/>\n<link rel=\"canonical\" href=\"https:\/\/online.claeh.edu.uy\/en\/product\/diploma-en-gestion-estrategica-de-los-recursos-humanos\/\" \/>\n<meta property=\"og:locale\" content=\"en_US\" \/>\n<meta property=\"og:type\" content=\"article\" \/>\n<meta property=\"og:title\" content=\"Diploma en Gesti\u00f3n Estrat\u00e9gica de los Recursos Humanos - Capabilia\" \/>\n<meta property=\"og:description\" content=\"excerpt\" \/>\n<meta property=\"og:url\" content=\"https:\/\/online.claeh.edu.uy\/en\/product\/diploma-en-gestion-estrategica-de-los-recursos-humanos\/\" \/>\n<meta property=\"og:site_name\" content=\"Capabilia\" \/>\n<meta property=\"article:modified_time\" content=\"2023-05-19T15:35:42+00:00\" \/>\n<meta name=\"twitter:card\" content=\"summary_large_image\" \/>\n<meta name=\"twitter:label1\" content=\"Est. reading time\" \/>\n\t<meta name=\"twitter:data1\" content=\"1 minute\" \/>\n<script type=\"application\/ld+json\" class=\"yoast-schema-graph\">{\"@context\":\"https:\/\/schema.org\",\"@graph\":[{\"@type\":\"WebPage\",\"@id\":\"https:\/\/online.claeh.edu.uy\/en\/product\/diploma-en-gestion-estrategica-de-los-recursos-humanos\/\",\"url\":\"https:\/\/online.claeh.edu.uy\/en\/product\/diploma-en-gestion-estrategica-de-los-recursos-humanos\/\",\"name\":\"Diploma en Gesti\u00f3n Estrat\u00e9gica de los Recursos Humanos - Capabilia\",\"isPartOf\":{\"@id\":\"https:\/\/online.claeh.edu.uy\/#website\"},\"datePublished\":\"2022-03-23T12:54:42+00:00\",\"dateModified\":\"2023-05-19T15:35:42+00:00\",\"breadcrumb\":{\"@id\":\"https:\/\/online.claeh.edu.uy\/en\/product\/diploma-en-gestion-estrategica-de-los-recursos-humanos\/#breadcrumb\"},\"inLanguage\":\"en-US\",\"potentialAction\":[{\"@type\":\"ReadAction\",\"target\":[\"https:\/\/online.claeh.edu.uy\/en\/product\/diploma-en-gestion-estrategica-de-los-recursos-humanos\/\"]}]},{\"@type\":\"BreadcrumbList\",\"@id\":\"https:\/\/online.claeh.edu.uy\/en\/product\/diploma-en-gestion-estrategica-de-los-recursos-humanos\/#breadcrumb\",\"itemListElement\":[{\"@type\":\"ListItem\",\"position\":1,\"name\":\"Productos\",\"item\":\"https:\/\/online.claeh.edu.uy\/en\/product\/\"},{\"@type\":\"ListItem\",\"position\":2,\"name\":\"Diploma en Gesti\u00f3n Estrat\u00e9gica de los Recursos Humanos\"}]},{\"@type\":\"WebSite\",\"@id\":\"https:\/\/online.claeh.edu.uy\/#website\",\"url\":\"https:\/\/online.claeh.edu.uy\/\",\"name\":\"Capabilia\",\"description\":\"\",\"potentialAction\":[{\"@type\":\"SearchAction\",\"target\":{\"@type\":\"EntryPoint\",\"urlTemplate\":\"https:\/\/online.claeh.edu.uy\/?s={search_term_string}\"},\"query-input\":\"required name=search_term_string\"}],\"inLanguage\":\"en-US\"}]}<\/script>\n<!-- \/ Yoast SEO plugin. -->","yoast_head_json":{"title":"Diploma en Gesti\u00f3n Estrat\u00e9gica de los Recursos Humanos - Capabilia","robots":{"index":"index","follow":"follow","max-snippet":"max-snippet:-1","max-image-preview":"max-image-preview:large","max-video-preview":"max-video-preview:-1"},"canonical":"https:\/\/online.claeh.edu.uy\/en\/product\/diploma-en-gestion-estrategica-de-los-recursos-humanos\/","og_locale":"en_US","og_type":"article","og_title":"Diploma en Gesti\u00f3n Estrat\u00e9gica de los Recursos Humanos - Capabilia","og_description":"excerpt","og_url":"https:\/\/online.claeh.edu.uy\/en\/product\/diploma-en-gestion-estrategica-de-los-recursos-humanos\/","og_site_name":"Capabilia","article_modified_time":"2023-05-19T15:35:42+00:00","twitter_card":"summary_large_image","twitter_misc":{"Est. reading time":"1 minute"},"schema":{"@context":"https:\/\/schema.org","@graph":[{"@type":"WebPage","@id":"https:\/\/online.claeh.edu.uy\/en\/product\/diploma-en-gestion-estrategica-de-los-recursos-humanos\/","url":"https:\/\/online.claeh.edu.uy\/en\/product\/diploma-en-gestion-estrategica-de-los-recursos-humanos\/","name":"Diploma en Gesti\u00f3n Estrat\u00e9gica de los Recursos Humanos - Capabilia","isPartOf":{"@id":"https:\/\/online.claeh.edu.uy\/#website"},"datePublished":"2022-03-23T12:54:42+00:00","dateModified":"2023-05-19T15:35:42+00:00","breadcrumb":{"@id":"https:\/\/online.claeh.edu.uy\/en\/product\/diploma-en-gestion-estrategica-de-los-recursos-humanos\/#breadcrumb"},"inLanguage":"en-US","potentialAction":[{"@type":"ReadAction","target":["https:\/\/online.claeh.edu.uy\/en\/product\/diploma-en-gestion-estrategica-de-los-recursos-humanos\/"]}]},{"@type":"BreadcrumbList","@id":"https:\/\/online.claeh.edu.uy\/en\/product\/diploma-en-gestion-estrategica-de-los-recursos-humanos\/#breadcrumb","itemListElement":[{"@type":"ListItem","position":1,"name":"Productos","item":"https:\/\/online.claeh.edu.uy\/en\/product\/"},{"@type":"ListItem","position":2,"name":"Diploma en Gesti\u00f3n Estrat\u00e9gica de los Recursos Humanos"}]},{"@type":"WebSite","@id":"https:\/\/online.claeh.edu.uy\/#website","url":"https:\/\/online.claeh.edu.uy\/","name":"Capabilia","description":"","potentialAction":[{"@type":"SearchAction","target":{"@type":"EntryPoint","urlTemplate":"https:\/\/online.claeh.edu.uy\/?s={search_term_string}"},"query-input":"required name=search_term_string"}],"inLanguage":"en-US"}]}},"idiomas":{"en":620,"es":619},"_links":{"self":[{"href":"https:\/\/online.claeh.edu.uy\/en\/wp-json\/wp\/v2\/products\/620"}],"collection":[{"href":"https:\/\/online.claeh.edu.uy\/en\/wp-json\/wp\/v2\/products"}],"about":[{"href":"https:\/\/online.claeh.edu.uy\/en\/wp-json\/wp\/v2\/types\/product"}],"author":[{"embeddable":true,"href":"https:\/\/online.claeh.edu.uy\/en\/wp-json\/wp\/v2\/users\/3"}],"replies":[{"embeddable":true,"href":"https:\/\/online.claeh.edu.uy\/en\/wp-json\/wp\/v2\/comments?post=620"}],"version-history":[{"count":5,"href":"https:\/\/online.claeh.edu.uy\/en\/wp-json\/wp\/v2\/products\/620\/revisions"}],"predecessor-version":[{"id":1556,"href":"https:\/\/online.claeh.edu.uy\/en\/wp-json\/wp\/v2\/products\/620\/revisions\/1556"}],"wp:attachment":[{"href":"https:\/\/online.claeh.edu.uy\/en\/wp-json\/wp\/v2\/media?parent=620"}],"wp:term":[{"taxonomy":"category","embeddable":true,"href":"https:\/\/online.claeh.edu.uy\/en\/wp-json\/wp\/v2\/categories?post=620"}],"curies":[{"name":"wp","href":"https:\/\/api.w.org\/{rel}","templated":true}]}}