{"id":626,"date":"2022-02-02T15:14:15","date_gmt":"2022-02-02T15:14:15","guid":{"rendered":"https:\/\/online.claeh.edu.uy\/?post_type=product&#038;p=626"},"modified":"2023-05-19T15:39:09","modified_gmt":"2023-05-19T15:39:09","slug":"diplomado-en-business-analytics","status":"publish","type":"product","link":"https:\/\/online.claeh.edu.uy\/en\/product\/diplomado-en-business-analytics\/","title":{"rendered":"Diplomado en Business Analytics"},"content":{"rendered":"<p>contenido<\/p>\n","protected":false},"excerpt":{"rendered":"<p>excerpt<\/p>\n","protected":false},"author":3,"featured_media":0,"comment_status":"open","ping_status":"closed","template":"","meta":{"_acf_changed":false,"footnotes":""},"categories":[16],"class_list":["post-626","product","type-product","status-publish","hentry","category-producto-claeh-en"],"acf":{"external_id":"1720","titulo_curso":"Diploma en Business Analytics","precio":"","impartido_en":"Castellano","id_magento":"8","hubspot_product_id":"59343841","imagen_destacada":"https:\/\/static.capabiliaserver.com\/frontend\/clients\/claeh\/wp_dev\/wp-content\/uploads\/cc48fbc5-diplomado-en-business-analytics.jpg.jpg","header_image":"https:\/\/static.capabiliaserver.com\/frontend\/clients\/claeh\/wp_dev\/wp-content\/uploads\/cc48fbc5-diplomado-en-business-analytics.jpg.jpg","precio_en_cuotas":"","precio_de_lista":"","promocion_vigente":"","duracion_del_curso":"4 meses","tipo_de_programa":"Educaci\u00f3n Continua","fecha_de_inicio":"","segunda_fecha_de_inicio":"","zona_horaria":"America\/Los_Angeles","nivel_del_curso":"B\u00e1sico","modalidad":"100% online","dedicacion":"","contenido":"<p>Las soluciones de Business Analytics son sin lugar a dudas herramientas fundamentales para el desarrollo de las empresas. El conocimiento de sus principales caracter\u00edsticas forma parte de la cultura profesional de cualquier director de una empresa.<\/p>\n<p>El profesional con tareas directivas o de coordinaci\u00f3n de \u00e1reas debe no solo tener conocimientos b\u00e1sicos de los sistemas de informaci\u00f3n, sino que debe tambi\u00e9n conocer c\u00f3mo los mismos ayudan y favorecen al proceso de toma de decisiones, y las formas m\u00e1s efectivas de interacci\u00f3n entre \u00e1reas multidisciplinarias gestionando y democratizando el uso efectivo de la informaci\u00f3n.<\/p>\n","avalado_por":"https:\/\/static.capabiliaserver.com\/frontend\/clients\/claeh\/wp_prod\/wp-content\/uploads\/2023\/03\/7e8c4999-claeh-logo-png.png","cursos_que_lo_componen":[{"nombre_del_curso":"Datawarehouse & Business Intelligence","descripcion_del_curso":"<p>M\u00f3dulo 1: Introducci\u00f3n a los Conceptos de Business Intelligence.<br \/>\nM\u00f3dulo 2: Arquitectura de Business Intelligence.<br \/>\nM\u00f3dulo 3: Flujo de Trabajo y Estructura.<br \/>\nM\u00f3dulo 4: Procesos de Business Intelligence.<\/p>\n"},{"nombre_del_curso":"Dashboarding, Scorecards and Data Visualization","descripcion_del_curso":"<p>M\u00f3dulo 1: Herramientas de BI.<br \/>\nM\u00f3dulo 2: Data Visualization.<br \/>\nM\u00f3dulo 3: Selecci\u00f3n de Herramientas.<br \/>\nM\u00f3dulo 4: BI Governance.<\/p>\n"},{"nombre_del_curso":"Advanced Analytics","descripcion_del_curso":"<p>M\u00f3dulo 1: An\u00e1lisis de Datos.<br \/>\nM\u00f3dulo 2: Machine learning.<br \/>\nM\u00f3dulo 3: Enfoque Estad\u00edstico.<br \/>\nM\u00f3dulo 4: An\u00e1lisis Inteligente de Datos.<\/p>\n"},{"nombre_del_curso":"Data Governance & Data Innovation","descripcion_del_curso":"<p>M\u00f3dulo 1: Introducci\u00f3n a Data Governance.<br \/>\nM\u00f3dulo 2: Data Governance.<br \/>\nM\u00f3dulo 3: Administraci\u00f3n de datos maestros.<br \/>\nM\u00f3dulo 4: Data Innovation.<\/p>\n"}],"pdf_brochure":false,"preguntas_frecuentes":false,"titulo":"Diplomado en Business Analytics","docentes_expertos":false,"mostrar_form":false,"mostrar_boton_compra":true,"url_cursado_webinar":"","activar_nuevos_banners":false,"mostrar_banner_1":false,"crear_banner_1":{"utilizar_imagen_unica_para_banner":false,"asignar_imagen_unica_para_banner":false,"mostrar_titulo_banner":false,"titulo_para_banner":"","mostrar_subtitulo_banner":false,"subtitulo_del_banner":"","mostrar_cta_banner":false,"texto_cta_banner":"","url_cta_banner":"","fondo_de_color_banner":"","fondo_de_imagen_banner":false,"mostrar_imagen_izquierda_banner":false,"asignar_imagen_izquierda_banner":false},"mostrar_banner_2":false,"crear_banner_2":{"utilizar_imagen_unica_para_banner":false,"asignar_imagen_unica_para_banner":false,"mostrar_titulo_banner":false,"titulo_para_banner":"","mostrar_subtitulo_banner":false,"subtitulo_del_banner":"","mostrar_cta_banner":false,"texto_cta_banner":"","url_cta_banner":"","fondo_de_color_banner":"","fondo_de_imagen_banner":false,"mostrar_imagen_izquierda_banner":false,"asignar_imagen_izquierda_banner":false},"mostrar_banner_3":false,"crear_banner_3":{"utilizar_imagen_unica_para_banner":false,"asignar_imagen_unica_para_banner":false,"mostrar_titulo_banner":false,"titulo_para_banner":"","mostrar_subtitulo_banner":false,"subtitulo_del_banner":"","mostrar_cta_banner":false,"texto_cta_banner":"","url_cta_banner":"","fondo_de_color_banner":"","fondo_de_imagen_banner":false,"mostrar_imagen_izquierda_banner":false,"asignar_imagen_izquierda_banner":false},"mostrar_precio":false},"yoast_head":"<!-- This site is optimized with the Yoast SEO plugin v23.0 - https:\/\/yoast.com\/wordpress\/plugins\/seo\/ -->\n<title>Diplomado en Business Analytics - Capabilia<\/title>\n<meta name=\"description\" content=\"Las soluciones de Business Analytics son sin lugar a dudas herramientas fundamentales para el desarrollo de las empresas.\" \/>\n<meta name=\"robots\" content=\"index, follow, max-snippet:-1, max-image-preview:large, max-video-preview:-1\" \/>\n<link rel=\"canonical\" href=\"https:\/\/online.claeh.edu.uy\/en\/product\/diplomado-en-business-analytics\/\" \/>\n<meta property=\"og:locale\" content=\"en_US\" \/>\n<meta property=\"og:type\" content=\"article\" \/>\n<meta property=\"og:title\" content=\"Diplomado en Business Analytics\" \/>\n<meta property=\"og:description\" content=\"Las soluciones de Business Analytics son sin lugar a dudas herramientas fundamentales para el desarrollo de las empresas.\" \/>\n<meta property=\"og:url\" content=\"https:\/\/online.claeh.edu.uy\/en\/product\/diplomado-en-business-analytics\/\" \/>\n<meta property=\"og:site_name\" content=\"Capabilia\" \/>\n<meta property=\"article:modified_time\" content=\"2023-05-19T15:39:09+00:00\" \/>\n<meta property=\"og:image\" content=\"https:\/\/static.capabiliaserver.com\/frontend\/clients\/claeh\/wp_dev\/wp-content\/uploads\/95fafcae-diplomado-en-business-analytics.jpg-1.jpg\" \/>\n\t<meta property=\"og:image:width\" content=\"1200\" \/>\n\t<meta property=\"og:image:height\" content=\"1200\" \/>\n\t<meta property=\"og:image:type\" content=\"image\/jpeg\" \/>\n<meta name=\"twitter:card\" content=\"summary_large_image\" \/>\n<meta name=\"twitter:title\" content=\"Diplomado en Business Analytics\" \/>\n<meta name=\"twitter:description\" content=\"Las soluciones de Business Analytics son sin lugar a dudas herramientas fundamentales para el desarrollo de las empresas.\" \/>\n<meta name=\"twitter:image\" content=\"https:\/\/static.capabiliaserver.com\/frontend\/clients\/claeh\/wp_dev\/wp-content\/uploads\/95fafcae-diplomado-en-business-analytics.jpg-1.jpg\" \/>\n<meta name=\"twitter:label1\" content=\"Est. reading time\" \/>\n\t<meta name=\"twitter:data1\" content=\"1 minute\" \/>\n<script type=\"application\/ld+json\" class=\"yoast-schema-graph\">{\"@context\":\"https:\/\/schema.org\",\"@graph\":[{\"@type\":\"WebPage\",\"@id\":\"https:\/\/online.claeh.edu.uy\/en\/product\/diplomado-en-business-analytics\/\",\"url\":\"https:\/\/online.claeh.edu.uy\/en\/product\/diplomado-en-business-analytics\/\",\"name\":\"Diplomado en Business Analytics - Capabilia\",\"isPartOf\":{\"@id\":\"https:\/\/online.claeh.edu.uy\/#website\"},\"datePublished\":\"2022-02-02T15:14:15+00:00\",\"dateModified\":\"2023-05-19T15:39:09+00:00\",\"description\":\"Las soluciones de Business Analytics son sin lugar a dudas herramientas fundamentales para el desarrollo de las empresas.\",\"breadcrumb\":{\"@id\":\"https:\/\/online.claeh.edu.uy\/en\/product\/diplomado-en-business-analytics\/#breadcrumb\"},\"inLanguage\":\"en-US\",\"potentialAction\":[{\"@type\":\"ReadAction\",\"target\":[\"https:\/\/online.claeh.edu.uy\/en\/product\/diplomado-en-business-analytics\/\"]}]},{\"@type\":\"BreadcrumbList\",\"@id\":\"https:\/\/online.claeh.edu.uy\/en\/product\/diplomado-en-business-analytics\/#breadcrumb\",\"itemListElement\":[{\"@type\":\"ListItem\",\"position\":1,\"name\":\"Productos\",\"item\":\"https:\/\/online.claeh.edu.uy\/en\/product\/\"},{\"@type\":\"ListItem\",\"position\":2,\"name\":\"Diplomado en Business Analytics\"}]},{\"@type\":\"WebSite\",\"@id\":\"https:\/\/online.claeh.edu.uy\/#website\",\"url\":\"https:\/\/online.claeh.edu.uy\/\",\"name\":\"Capabilia\",\"description\":\"\",\"potentialAction\":[{\"@type\":\"SearchAction\",\"target\":{\"@type\":\"EntryPoint\",\"urlTemplate\":\"https:\/\/online.claeh.edu.uy\/?s={search_term_string}\"},\"query-input\":\"required name=search_term_string\"}],\"inLanguage\":\"en-US\"}]}<\/script>\n<!-- \/ Yoast SEO plugin. -->","yoast_head_json":{"title":"Diplomado en Business Analytics - Capabilia","description":"Las soluciones de Business Analytics son sin lugar a dudas herramientas fundamentales para el desarrollo de las empresas.","robots":{"index":"index","follow":"follow","max-snippet":"max-snippet:-1","max-image-preview":"max-image-preview:large","max-video-preview":"max-video-preview:-1"},"canonical":"https:\/\/online.claeh.edu.uy\/en\/product\/diplomado-en-business-analytics\/","og_locale":"en_US","og_type":"article","og_title":"Diplomado en Business Analytics","og_description":"Las soluciones de Business Analytics son sin lugar a dudas herramientas fundamentales para el desarrollo de las empresas.","og_url":"https:\/\/online.claeh.edu.uy\/en\/product\/diplomado-en-business-analytics\/","og_site_name":"Capabilia","article_modified_time":"2023-05-19T15:39:09+00:00","og_image":[{"width":1200,"height":1200,"url":"https:\/\/static.capabiliaserver.com\/frontend\/clients\/claeh\/wp_dev\/wp-content\/uploads\/95fafcae-diplomado-en-business-analytics.jpg-1.jpg","type":"image\/jpeg"}],"twitter_card":"summary_large_image","twitter_title":"Diplomado en Business Analytics","twitter_description":"Las soluciones de Business Analytics son sin lugar a dudas herramientas fundamentales para el desarrollo de las empresas.","twitter_image":"https:\/\/static.capabiliaserver.com\/frontend\/clients\/claeh\/wp_dev\/wp-content\/uploads\/95fafcae-diplomado-en-business-analytics.jpg-1.jpg","twitter_misc":{"Est. reading time":"1 minute"},"schema":{"@context":"https:\/\/schema.org","@graph":[{"@type":"WebPage","@id":"https:\/\/online.claeh.edu.uy\/en\/product\/diplomado-en-business-analytics\/","url":"https:\/\/online.claeh.edu.uy\/en\/product\/diplomado-en-business-analytics\/","name":"Diplomado en Business Analytics - Capabilia","isPartOf":{"@id":"https:\/\/online.claeh.edu.uy\/#website"},"datePublished":"2022-02-02T15:14:15+00:00","dateModified":"2023-05-19T15:39:09+00:00","description":"Las soluciones de Business Analytics son sin lugar a dudas herramientas fundamentales para el desarrollo de las empresas.","breadcrumb":{"@id":"https:\/\/online.claeh.edu.uy\/en\/product\/diplomado-en-business-analytics\/#breadcrumb"},"inLanguage":"en-US","potentialAction":[{"@type":"ReadAction","target":["https:\/\/online.claeh.edu.uy\/en\/product\/diplomado-en-business-analytics\/"]}]},{"@type":"BreadcrumbList","@id":"https:\/\/online.claeh.edu.uy\/en\/product\/diplomado-en-business-analytics\/#breadcrumb","itemListElement":[{"@type":"ListItem","position":1,"name":"Productos","item":"https:\/\/online.claeh.edu.uy\/en\/product\/"},{"@type":"ListItem","position":2,"name":"Diplomado en Business Analytics"}]},{"@type":"WebSite","@id":"https:\/\/online.claeh.edu.uy\/#website","url":"https:\/\/online.claeh.edu.uy\/","name":"Capabilia","description":"","potentialAction":[{"@type":"SearchAction","target":{"@type":"EntryPoint","urlTemplate":"https:\/\/online.claeh.edu.uy\/?s={search_term_string}"},"query-input":"required name=search_term_string"}],"inLanguage":"en-US"}]}},"idiomas":{"en":626,"es":625},"_links":{"self":[{"href":"https:\/\/online.claeh.edu.uy\/en\/wp-json\/wp\/v2\/products\/626"}],"collection":[{"href":"https:\/\/online.claeh.edu.uy\/en\/wp-json\/wp\/v2\/products"}],"about":[{"href":"https:\/\/online.claeh.edu.uy\/en\/wp-json\/wp\/v2\/types\/product"}],"author":[{"embeddable":true,"href":"https:\/\/online.claeh.edu.uy\/en\/wp-json\/wp\/v2\/users\/3"}],"replies":[{"embeddable":true,"href":"https:\/\/online.claeh.edu.uy\/en\/wp-json\/wp\/v2\/comments?post=626"}],"version-history":[{"count":5,"href":"https:\/\/online.claeh.edu.uy\/en\/wp-json\/wp\/v2\/products\/626\/revisions"}],"predecessor-version":[{"id":1568,"href":"https:\/\/online.claeh.edu.uy\/en\/wp-json\/wp\/v2\/products\/626\/revisions\/1568"}],"wp:attachment":[{"href":"https:\/\/online.claeh.edu.uy\/en\/wp-json\/wp\/v2\/media?parent=626"}],"wp:term":[{"taxonomy":"category","embeddable":true,"href":"https:\/\/online.claeh.edu.uy\/en\/wp-json\/wp\/v2\/categories?post=626"}],"curies":[{"name":"wp","href":"https:\/\/api.w.org\/{rel}","templated":true}]}}