{"id":630,"date":"2022-02-02T18:31:51","date_gmt":"2022-02-02T18:31:51","guid":{"rendered":"https:\/\/online.claeh.edu.uy\/?post_type=product&#038;p=630"},"modified":"2023-05-19T15:38:45","modified_gmt":"2023-05-19T15:38:45","slug":"diplomado-en-growth-hacking","status":"publish","type":"product","link":"https:\/\/online.claeh.edu.uy\/en\/product\/diplomado-en-growth-hacking\/","title":{"rendered":"Diplomado en Growth Hacking"},"content":{"rendered":"<p>contenido<\/p>\n","protected":false},"excerpt":{"rendered":"<p>excerpt<\/p>\n","protected":false},"author":3,"featured_media":0,"comment_status":"open","ping_status":"closed","template":"","meta":{"_acf_changed":false,"footnotes":""},"categories":[16],"class_list":["post-630","product","type-product","status-publish","hentry","category-producto-claeh-en"],"acf":{"external_id":"1722","titulo_curso":"Diploma en Growth Hacking","precio":"","impartido_en":"Castellano","id_magento":"10","hubspot_product_id":"59343850","imagen_destacada":"https:\/\/static.capabiliaserver.com\/frontend\/clients\/claeh\/wp_dev\/wp-content\/uploads\/5f829b7f-diplomado-growth-hacking.jpg.jpg","header_image":"https:\/\/static.capabiliaserver.com\/frontend\/clients\/claeh\/wp_dev\/wp-content\/uploads\/5f829b7f-diplomado-growth-hacking.jpg.jpg","precio_en_cuotas":"","precio_de_lista":"","promocion_vigente":"","duracion_del_curso":"4 meses","tipo_de_programa":"Educaci\u00f3n Continua","fecha_de_inicio":"","segunda_fecha_de_inicio":"","zona_horaria":"America\/Los_Angeles","nivel_del_curso":"B\u00e1sico","modalidad":"100% online","dedicacion":"","contenido":"<p>As\u00ed como las nuevas organizaciones son concebidas como producto de un mundo crecientemente digital, las organizaciones existentes deben transitar un proceso de transformaci\u00f3n digital para generar productos o servicios en l\u00ednea con lo que los usuarios necesitan y demandan.<\/p>\n<p>Tanto para unas como para otras, es clave comprender el nuevo mindset y convertirse en organizaciones 100% de servicio y enfocarse en conseguir escala en sus operaciones. Independientemente de cu\u00e1l sea su producto y las caracter\u00edsticas de su mercado, crecer r\u00e1pidamente es uno de los principales \u2014si no el m\u00e1s importante\u2014 objetivo de cualquier startup o peque\u00f1a y mediana empresa. En este punto resulta imprescindible contar con capacidades creativas, anal\u00edticas, de testing y de aprendizaje r\u00e1pido y \u00e1gil, con el solo objetivo de encontrar oportunidades de crecimiento en todos los procesos de la organizaci\u00f3n de cara al usuario, y lograr r\u00e1pidamente la escala deseada.<\/p>\n<p>Empresas como Airbnb, Facebook, Twitter, Youtube, Uber y Spotify ya cuentan con profesionales del Growth Hacking en sus equipos. Esta es una tendencia que se espera crezca exponencialmente en el futuro pr\u00f3ximo generando una demanda de profesionales que son escasos en este momento y se encuentran concentrados geogr\u00e1ficamente. Este diplomado te permitir\u00e1 desarrollar las competencias requeridas para pertenecer a ese grupo de profesionales, desarrollando una carrera como Growth Hacker en emprendimientos, startups o empresas de mediana y gran envergadura, en particular en aquellas con un modelo de negocio fuertemente online, pudiendo actuar en todas las etapas del proceso de comercializaci\u00f3n.<\/p>\n","avalado_por":"https:\/\/static.capabiliaserver.com\/frontend\/clients\/claeh\/wp_prod\/wp-content\/uploads\/2023\/03\/7e8c4999-claeh-logo-png.png","cursos_que_lo_componen":[{"nombre_del_curso":"Mindset y estrategia de Growth Hacking","descripcion_del_curso":"<p>M\u00f3dulo 1: Mindset Inicial del Growth Hacker.<br \/>\nM\u00f3dulo 2: Comportamiento del Usuario en Negocios Digitales.<br \/>\nM\u00f3dulo 3: Tracking del Comportamiento del Usuario.<br \/>\nM\u00f3dulo 4: C\u00e1lculo de ROI y Modelos de Atribuci\u00f3n.<\/p>\n"},{"nombre_del_curso":"Estrategia de GH para la investigaci\u00f3n de Mercado y generaci\u00f3n de tr\u00e1fico","descripcion_del_curso":"<p>M\u00f3dulo 1: An\u00e1lisis de Audiencia.<br \/>\nM\u00f3dulo 2: Investigaci\u00f3n Online de Mercado.<br \/>\nM\u00f3dulo 3: T\u00e1cticas para Conseguir Visitas.<br \/>\nM\u00f3dulo 4: Push & Product.<\/p>\n"},{"nombre_del_curso":"Estrategia de Growth Hacking para activar usuarios","descripcion_del_curso":"<p>M\u00f3dulo 1: Estrategia de Activaci\u00f3n de Usuarios.<br \/>\nM\u00f3dulo 2: Content Marketing.<br \/>\nM\u00f3dulo 3: Estrategias de Hack en Propiedades Digitales.<br \/>\nM\u00f3dulo 4: Estrategia de Lead Nurturing.<\/p>\n"},{"nombre_del_curso":" Estrategias de Conversi\u00f3n y Retenci\u00f3n de Usuarios ","descripcion_del_curso":"<p>M\u00f3dulo 1: Estrategias de Conversi\u00f3n.<br \/>\nM\u00f3dulo 2: Estrategia de Retenci\u00f3n de Usuarios con Social Media.<br \/>\nM\u00f3dulo 3: Cuatro T\u00e1cticas para Retenci\u00f3n de Usuarios.<br \/>\nM\u00f3dulo 4: Estrategias de Revenue y Optimizaci\u00f3n de E-commerce para Retenci\u00f3n.<\/p>\n"}],"pdf_brochure":false,"preguntas_frecuentes":false,"titulo":"Diplomado en Growth Hacking","docentes_expertos":false,"mostrar_form":false,"mostrar_boton_compra":true,"url_cursado_webinar":"","activar_nuevos_banners":false,"mostrar_banner_1":false,"crear_banner_1":{"utilizar_imagen_unica_para_banner":false,"asignar_imagen_unica_para_banner":false,"mostrar_titulo_banner":false,"titulo_para_banner":"","mostrar_subtitulo_banner":false,"subtitulo_del_banner":"","mostrar_cta_banner":false,"texto_cta_banner":"","url_cta_banner":"","fondo_de_color_banner":"","fondo_de_imagen_banner":false,"mostrar_imagen_izquierda_banner":false,"asignar_imagen_izquierda_banner":false},"mostrar_banner_2":false,"crear_banner_2":{"utilizar_imagen_unica_para_banner":false,"asignar_imagen_unica_para_banner":false,"mostrar_titulo_banner":false,"titulo_para_banner":"","mostrar_subtitulo_banner":false,"subtitulo_del_banner":"","mostrar_cta_banner":false,"texto_cta_banner":"","url_cta_banner":"","fondo_de_color_banner":"","fondo_de_imagen_banner":false,"mostrar_imagen_izquierda_banner":false,"asignar_imagen_izquierda_banner":false},"mostrar_banner_3":false,"crear_banner_3":{"utilizar_imagen_unica_para_banner":false,"asignar_imagen_unica_para_banner":false,"mostrar_titulo_banner":false,"titulo_para_banner":"","mostrar_subtitulo_banner":false,"subtitulo_del_banner":"","mostrar_cta_banner":false,"texto_cta_banner":"","url_cta_banner":"","fondo_de_color_banner":"","fondo_de_imagen_banner":false,"mostrar_imagen_izquierda_banner":false,"asignar_imagen_izquierda_banner":false},"mostrar_precio":false},"yoast_head":"<!-- This site is optimized with the Yoast SEO plugin v23.0 - https:\/\/yoast.com\/wordpress\/plugins\/seo\/ -->\n<title>Diplomado en Growth Hacking - Capabilia<\/title>\n<meta name=\"description\" content=\"Este diplomado te permitir\u00e1 desarrollar las competencias requeridas para pertenecer a ese grupo de profesionales, desarrollando una carrera como Growth Hacker en emprendimientos, startups o empresas de mediana y gran envergadura.\" \/>\n<meta name=\"robots\" content=\"index, follow, max-snippet:-1, max-image-preview:large, max-video-preview:-1\" \/>\n<link rel=\"canonical\" href=\"https:\/\/online.claeh.edu.uy\/en\/product\/diplomado-en-growth-hacking\/\" \/>\n<meta property=\"og:locale\" content=\"en_US\" \/>\n<meta property=\"og:type\" content=\"article\" \/>\n<meta property=\"og:title\" content=\"Diplomado en Growth Hacking\" \/>\n<meta property=\"og:description\" content=\"Este diplomado te permitir\u00e1 desarrollar las competencias requeridas para pertenecer a ese grupo de profesionales, desarrollando una carrera como Growth Hacker en emprendimientos, startups o empresas de mediana y gran envergadura.\" \/>\n<meta property=\"og:url\" content=\"https:\/\/online.claeh.edu.uy\/en\/product\/diplomado-en-growth-hacking\/\" \/>\n<meta property=\"og:site_name\" content=\"Capabilia\" \/>\n<meta property=\"article:modified_time\" content=\"2023-05-19T15:38:45+00:00\" \/>\n<meta property=\"og:image\" content=\"https:\/\/static.capabiliaserver.com\/frontend\/clients\/claeh\/wp_dev\/wp-content\/uploads\/cbe034e9-diplomado-growth-hacking.jpg-1.jpg\" \/>\n\t<meta property=\"og:image:width\" content=\"1200\" \/>\n\t<meta property=\"og:image:height\" content=\"1200\" \/>\n\t<meta property=\"og:image:type\" content=\"image\/jpeg\" \/>\n<meta name=\"twitter:card\" content=\"summary_large_image\" \/>\n<meta name=\"twitter:title\" content=\"Diplomado en Growth Hacking\" \/>\n<meta name=\"twitter:description\" content=\"Este diplomado te permitir\u00e1 desarrollar las competencias requeridas para pertenecer a ese grupo de profesionales, desarrollando una carrera como Growth Hacker en emprendimientos, startups o empresas de mediana y gran envergadura.\" \/>\n<meta name=\"twitter:image\" content=\"https:\/\/static.capabiliaserver.com\/frontend\/clients\/claeh\/wp_dev\/wp-content\/uploads\/cbe034e9-diplomado-growth-hacking.jpg-1.jpg\" \/>\n<meta name=\"twitter:label1\" content=\"Est. reading time\" \/>\n\t<meta name=\"twitter:data1\" content=\"1 minute\" \/>\n<script type=\"application\/ld+json\" class=\"yoast-schema-graph\">{\"@context\":\"https:\/\/schema.org\",\"@graph\":[{\"@type\":\"WebPage\",\"@id\":\"https:\/\/online.claeh.edu.uy\/en\/product\/diplomado-en-growth-hacking\/\",\"url\":\"https:\/\/online.claeh.edu.uy\/en\/product\/diplomado-en-growth-hacking\/\",\"name\":\"Diplomado en Growth Hacking - Capabilia\",\"isPartOf\":{\"@id\":\"https:\/\/online.claeh.edu.uy\/#website\"},\"datePublished\":\"2022-02-02T18:31:51+00:00\",\"dateModified\":\"2023-05-19T15:38:45+00:00\",\"description\":\"Este diplomado te permitir\u00e1 desarrollar las competencias requeridas para pertenecer a ese grupo de profesionales, desarrollando una carrera como Growth Hacker en emprendimientos, startups o empresas de mediana y gran envergadura.\",\"breadcrumb\":{\"@id\":\"https:\/\/online.claeh.edu.uy\/en\/product\/diplomado-en-growth-hacking\/#breadcrumb\"},\"inLanguage\":\"en-US\",\"potentialAction\":[{\"@type\":\"ReadAction\",\"target\":[\"https:\/\/online.claeh.edu.uy\/en\/product\/diplomado-en-growth-hacking\/\"]}]},{\"@type\":\"BreadcrumbList\",\"@id\":\"https:\/\/online.claeh.edu.uy\/en\/product\/diplomado-en-growth-hacking\/#breadcrumb\",\"itemListElement\":[{\"@type\":\"ListItem\",\"position\":1,\"name\":\"Productos\",\"item\":\"https:\/\/online.claeh.edu.uy\/en\/product\/\"},{\"@type\":\"ListItem\",\"position\":2,\"name\":\"Diplomado en Growth Hacking\"}]},{\"@type\":\"WebSite\",\"@id\":\"https:\/\/online.claeh.edu.uy\/#website\",\"url\":\"https:\/\/online.claeh.edu.uy\/\",\"name\":\"Capabilia\",\"description\":\"\",\"potentialAction\":[{\"@type\":\"SearchAction\",\"target\":{\"@type\":\"EntryPoint\",\"urlTemplate\":\"https:\/\/online.claeh.edu.uy\/?s={search_term_string}\"},\"query-input\":\"required name=search_term_string\"}],\"inLanguage\":\"en-US\"}]}<\/script>\n<!-- \/ Yoast SEO plugin. -->","yoast_head_json":{"title":"Diplomado en Growth Hacking - Capabilia","description":"Este diplomado te permitir\u00e1 desarrollar las competencias requeridas para pertenecer a ese grupo de profesionales, desarrollando una carrera como Growth Hacker en emprendimientos, startups o empresas de mediana y gran envergadura.","robots":{"index":"index","follow":"follow","max-snippet":"max-snippet:-1","max-image-preview":"max-image-preview:large","max-video-preview":"max-video-preview:-1"},"canonical":"https:\/\/online.claeh.edu.uy\/en\/product\/diplomado-en-growth-hacking\/","og_locale":"en_US","og_type":"article","og_title":"Diplomado en Growth Hacking","og_description":"Este diplomado te permitir\u00e1 desarrollar las competencias requeridas para pertenecer a ese grupo de profesionales, desarrollando una carrera como Growth Hacker en emprendimientos, startups o empresas de mediana y gran envergadura.","og_url":"https:\/\/online.claeh.edu.uy\/en\/product\/diplomado-en-growth-hacking\/","og_site_name":"Capabilia","article_modified_time":"2023-05-19T15:38:45+00:00","og_image":[{"width":1200,"height":1200,"url":"https:\/\/static.capabiliaserver.com\/frontend\/clients\/claeh\/wp_dev\/wp-content\/uploads\/cbe034e9-diplomado-growth-hacking.jpg-1.jpg","type":"image\/jpeg"}],"twitter_card":"summary_large_image","twitter_title":"Diplomado en Growth Hacking","twitter_description":"Este diplomado te permitir\u00e1 desarrollar las competencias requeridas para pertenecer a ese grupo de profesionales, desarrollando una carrera como Growth Hacker en emprendimientos, startups o empresas de mediana y gran envergadura.","twitter_image":"https:\/\/static.capabiliaserver.com\/frontend\/clients\/claeh\/wp_dev\/wp-content\/uploads\/cbe034e9-diplomado-growth-hacking.jpg-1.jpg","twitter_misc":{"Est. reading time":"1 minute"},"schema":{"@context":"https:\/\/schema.org","@graph":[{"@type":"WebPage","@id":"https:\/\/online.claeh.edu.uy\/en\/product\/diplomado-en-growth-hacking\/","url":"https:\/\/online.claeh.edu.uy\/en\/product\/diplomado-en-growth-hacking\/","name":"Diplomado en Growth Hacking - Capabilia","isPartOf":{"@id":"https:\/\/online.claeh.edu.uy\/#website"},"datePublished":"2022-02-02T18:31:51+00:00","dateModified":"2023-05-19T15:38:45+00:00","description":"Este diplomado te permitir\u00e1 desarrollar las competencias requeridas para pertenecer a ese grupo de profesionales, desarrollando una carrera como Growth Hacker en emprendimientos, startups o empresas de mediana y gran envergadura.","breadcrumb":{"@id":"https:\/\/online.claeh.edu.uy\/en\/product\/diplomado-en-growth-hacking\/#breadcrumb"},"inLanguage":"en-US","potentialAction":[{"@type":"ReadAction","target":["https:\/\/online.claeh.edu.uy\/en\/product\/diplomado-en-growth-hacking\/"]}]},{"@type":"BreadcrumbList","@id":"https:\/\/online.claeh.edu.uy\/en\/product\/diplomado-en-growth-hacking\/#breadcrumb","itemListElement":[{"@type":"ListItem","position":1,"name":"Productos","item":"https:\/\/online.claeh.edu.uy\/en\/product\/"},{"@type":"ListItem","position":2,"name":"Diplomado en Growth Hacking"}]},{"@type":"WebSite","@id":"https:\/\/online.claeh.edu.uy\/#website","url":"https:\/\/online.claeh.edu.uy\/","name":"Capabilia","description":"","potentialAction":[{"@type":"SearchAction","target":{"@type":"EntryPoint","urlTemplate":"https:\/\/online.claeh.edu.uy\/?s={search_term_string}"},"query-input":"required name=search_term_string"}],"inLanguage":"en-US"}]}},"idiomas":{"en":630,"es":629},"_links":{"self":[{"href":"https:\/\/online.claeh.edu.uy\/en\/wp-json\/wp\/v2\/products\/630"}],"collection":[{"href":"https:\/\/online.claeh.edu.uy\/en\/wp-json\/wp\/v2\/products"}],"about":[{"href":"https:\/\/online.claeh.edu.uy\/en\/wp-json\/wp\/v2\/types\/product"}],"author":[{"embeddable":true,"href":"https:\/\/online.claeh.edu.uy\/en\/wp-json\/wp\/v2\/users\/3"}],"replies":[{"embeddable":true,"href":"https:\/\/online.claeh.edu.uy\/en\/wp-json\/wp\/v2\/comments?post=630"}],"version-history":[{"count":5,"href":"https:\/\/online.claeh.edu.uy\/en\/wp-json\/wp\/v2\/products\/630\/revisions"}],"predecessor-version":[{"id":1562,"href":"https:\/\/online.claeh.edu.uy\/en\/wp-json\/wp\/v2\/products\/630\/revisions\/1562"}],"wp:attachment":[{"href":"https:\/\/online.claeh.edu.uy\/en\/wp-json\/wp\/v2\/media?parent=630"}],"wp:term":[{"taxonomy":"category","embeddable":true,"href":"https:\/\/online.claeh.edu.uy\/en\/wp-json\/wp\/v2\/categories?post=630"}],"curies":[{"name":"wp","href":"https:\/\/api.w.org\/{rel}","templated":true}]}}