{"id":632,"date":"2022-03-23T16:50:43","date_gmt":"2022-03-23T16:50:43","guid":{"rendered":"https:\/\/online.claeh.edu.uy\/?post_type=product&#038;p=632"},"modified":"2023-05-18T20:35:43","modified_gmt":"2023-05-18T20:35:43","slug":"diploma-en-online-advertising-analytics","status":"publish","type":"product","link":"https:\/\/online.claeh.edu.uy\/en\/product\/diploma-en-online-advertising-analytics\/","title":{"rendered":"Diploma en Online Advertising analytics"},"content":{"rendered":"<p>contenido<\/p>\n","protected":false},"excerpt":{"rendered":"<p>excerpt<\/p>\n","protected":false},"author":3,"featured_media":0,"comment_status":"open","ping_status":"closed","template":"","meta":{"_acf_changed":false,"footnotes":""},"categories":[16],"class_list":["post-632","product","type-product","status-publish","hentry","category-producto-claeh-en"],"acf":{"external_id":"1723","titulo_curso":"Diploma en On line Advertising analytics","precio":"","impartido_en":"Castellano","id_magento":"11","hubspot_product_id":"59343844","imagen_destacada":"https:\/\/static.capabiliaserver.com\/frontend\/clients\/claeh\/wp_dev\/wp-content\/uploads\/a5519d62-certificado-en-online-advertising-analytics.png","header_image":"https:\/\/static.capabiliaserver.com\/frontend\/clients\/claeh\/wp_dev\/wp-content\/uploads\/a5519d62-certificado-en-online-advertising-analytics.png","precio_en_cuotas":"","precio_de_lista":"","promocion_vigente":"","duracion_del_curso":"4 meses","tipo_de_programa":"Educaci\u00f3n Continua","fecha_de_inicio":"","segunda_fecha_de_inicio":"","zona_horaria":"America\/Los_Angeles","nivel_del_curso":"B\u00e1sico","modalidad":"100% Virtual","dedicacion":"","contenido":"<p>Actualmente, los consumidores se encuentran permanentemente expuestos a comunicaciones de marketing emitidas a trav\u00e9s de gran cantidad de canales. Al mismo tiempo, el avance de la tecnolog\u00eda y los cambios en el comportamiento del consumidor han llevado a que numerosas acciones que antes se realizaban con la presencia f\u00edsica de un potencial cliente en un ambiente real, hoy se lleven a cabo 100% online. En este escenario, el consumidor produce toneladas de datos a cada segundo, tanto online como offline. El volumen de informaci\u00f3n al alcance del profesional de marketing es abrumador, y mucha de esta informaci\u00f3n carece de utilidad. Esto representa una enorme oportunidad y a la vez un desaf\u00edo: contar con las herramientas, t\u00e9cnicas y habilidades necesarias para \u00ableer\u00bb los datos, procesar esa informaci\u00f3n y transformarla en conocimiento \u00fatil para la estrategia del negocio. Este Certificado te permitir\u00e1 adquirir y desarrollar competencias relacionadas con el an\u00e1lisis de performance en campa\u00f1as de publicidad online. Ser\u00e1s capaz de gestionar un plan de medici\u00f3n acorde a las necesidades estrat\u00e9gicas del negocio, monitorear los resultados y optimizar las campa\u00f1as desplegadas en distintas plataformas digitales. Tambi\u00e9n adquirir\u00e1s habilidades para interrelacionar los resultados obtenidos en todos los canales de publicidad, tanto online como offline.<\/p>\n","avalado_por":"https:\/\/static.capabiliaserver.com\/frontend\/clients\/claeh\/wp_prod\/wp-content\/uploads\/2023\/03\/44880524-logo-ab-@2x-color.png","cursos_que_lo_componen":[{"nombre_del_curso":" SOCIAL Y MOBILE ANALYTICS","descripcion_del_curso":"<p>M\u00f3dulo 1: Introducci\u00f3n y Contextualizaci\u00f3n de la Tem\u00e1tica.<br \/>\nM\u00f3dulo 2: Relaciones P\u00fablicas 2.0.<br \/>\nM\u00f3dulo 3: Estrategias de Gesti\u00f3n de Reputaci\u00f3n Online.<br \/>\nM\u00f3dulo 4: Mobile Analytics.<\/p>\n"},{"nombre_del_curso":" ONLINE ADVERTISING EN ACCI\u00d3N","descripcion_del_curso":"<p>M\u00f3dulo 1: Publicidad Online.<br \/>\nM\u00f3dulo 2: Soportes Publicitarios.<br \/>\nM\u00f3dulo 3: Modelos de Pricing.<br \/>\nM\u00f3dulo 4: Redes de Display y Sociales.<\/p>\n"},{"nombre_del_curso":"  CRO (CONVERSION RATE OPTIMIZATION)","descripcion_del_curso":"<p>M\u00f3dulo 1: Introducci\u00f3n.<br \/>\nM\u00f3dulo 2: Etapa 1. Descubrimiento.<br \/>\nM\u00f3dulo 3: Etapa 2. Experimentaci\u00f3n.<br \/>\nM\u00f3dulo 4: Etapa 3. Aprendizaje.<\/p>\n"},{"nombre_del_curso":"CONSTRUYENDO MARKETING INTELLIGENCE","descripcion_del_curso":"<p>M\u00f3dulo 1: Market Intelligence y Big Data.<br \/>\nM\u00f3dulo 2: Fuentes de Informaci\u00f3n.<br \/>\nM\u00f3dulo 3: Business Intelligence.<br \/>\nM\u00f3dulo 4: Aplicaciones de MI.<\/p>\n"}],"pdf_brochure":false,"preguntas_frecuentes":false,"titulo":"Diploma en Online Advertising analytics","docentes_expertos":false,"mostrar_form":false,"mostrar_boton_compra":true,"url_cursado_webinar":"","activar_nuevos_banners":false,"mostrar_banner_1":false,"crear_banner_1":{"utilizar_imagen_unica_para_banner":false,"asignar_imagen_unica_para_banner":false,"mostrar_titulo_banner":false,"titulo_para_banner":"","mostrar_subtitulo_banner":false,"subtitulo_del_banner":"","mostrar_cta_banner":false,"texto_cta_banner":"","url_cta_banner":"","fondo_de_color_banner":"","fondo_de_imagen_banner":false,"mostrar_imagen_izquierda_banner":false,"asignar_imagen_izquierda_banner":false},"mostrar_banner_2":false,"crear_banner_2":{"utilizar_imagen_unica_para_banner":false,"asignar_imagen_unica_para_banner":false,"mostrar_titulo_banner":false,"titulo_para_banner":"","mostrar_subtitulo_banner":false,"subtitulo_del_banner":"","mostrar_cta_banner":false,"texto_cta_banner":"","url_cta_banner":"","fondo_de_color_banner":"","fondo_de_imagen_banner":false,"mostrar_imagen_izquierda_banner":false,"asignar_imagen_izquierda_banner":false},"mostrar_banner_3":false,"crear_banner_3":{"utilizar_imagen_unica_para_banner":false,"asignar_imagen_unica_para_banner":false,"mostrar_titulo_banner":false,"titulo_para_banner":"","mostrar_subtitulo_banner":false,"subtitulo_del_banner":"","mostrar_cta_banner":false,"texto_cta_banner":"","url_cta_banner":"","fondo_de_color_banner":"","fondo_de_imagen_banner":false,"mostrar_imagen_izquierda_banner":false,"asignar_imagen_izquierda_banner":false},"mostrar_precio":false},"yoast_head":"<!-- This site is optimized with the Yoast SEO plugin v23.0 - https:\/\/yoast.com\/wordpress\/plugins\/seo\/ -->\n<title>Diploma en Online Advertising analytics - Capabilia<\/title>\n<meta name=\"robots\" content=\"index, follow, max-snippet:-1, max-image-preview:large, max-video-preview:-1\" \/>\n<link rel=\"canonical\" href=\"https:\/\/online.claeh.edu.uy\/en\/product\/diploma-en-online-advertising-analytics\/\" \/>\n<meta property=\"og:locale\" content=\"en_US\" \/>\n<meta property=\"og:type\" content=\"article\" \/>\n<meta property=\"og:title\" content=\"Diploma en Online Advertising analytics - Capabilia\" \/>\n<meta property=\"og:description\" content=\"excerpt\" \/>\n<meta property=\"og:url\" content=\"https:\/\/online.claeh.edu.uy\/en\/product\/diploma-en-online-advertising-analytics\/\" \/>\n<meta property=\"og:site_name\" content=\"Capabilia\" \/>\n<meta property=\"article:modified_time\" content=\"2023-05-18T20:35:43+00:00\" \/>\n<meta name=\"twitter:card\" content=\"summary_large_image\" \/>\n<meta name=\"twitter:label1\" content=\"Est. reading time\" \/>\n\t<meta name=\"twitter:data1\" content=\"1 minute\" \/>\n<script type=\"application\/ld+json\" class=\"yoast-schema-graph\">{\"@context\":\"https:\/\/schema.org\",\"@graph\":[{\"@type\":\"WebPage\",\"@id\":\"https:\/\/online.claeh.edu.uy\/en\/product\/diploma-en-online-advertising-analytics\/\",\"url\":\"https:\/\/online.claeh.edu.uy\/en\/product\/diploma-en-online-advertising-analytics\/\",\"name\":\"Diploma en Online Advertising analytics - Capabilia\",\"isPartOf\":{\"@id\":\"https:\/\/online.claeh.edu.uy\/#website\"},\"datePublished\":\"2022-03-23T16:50:43+00:00\",\"dateModified\":\"2023-05-18T20:35:43+00:00\",\"breadcrumb\":{\"@id\":\"https:\/\/online.claeh.edu.uy\/en\/product\/diploma-en-online-advertising-analytics\/#breadcrumb\"},\"inLanguage\":\"en-US\",\"potentialAction\":[{\"@type\":\"ReadAction\",\"target\":[\"https:\/\/online.claeh.edu.uy\/en\/product\/diploma-en-online-advertising-analytics\/\"]}]},{\"@type\":\"BreadcrumbList\",\"@id\":\"https:\/\/online.claeh.edu.uy\/en\/product\/diploma-en-online-advertising-analytics\/#breadcrumb\",\"itemListElement\":[{\"@type\":\"ListItem\",\"position\":1,\"name\":\"Productos\",\"item\":\"https:\/\/online.claeh.edu.uy\/en\/product\/\"},{\"@type\":\"ListItem\",\"position\":2,\"name\":\"Diploma en Online Advertising analytics\"}]},{\"@type\":\"WebSite\",\"@id\":\"https:\/\/online.claeh.edu.uy\/#website\",\"url\":\"https:\/\/online.claeh.edu.uy\/\",\"name\":\"Capabilia\",\"description\":\"\",\"potentialAction\":[{\"@type\":\"SearchAction\",\"target\":{\"@type\":\"EntryPoint\",\"urlTemplate\":\"https:\/\/online.claeh.edu.uy\/?s={search_term_string}\"},\"query-input\":\"required name=search_term_string\"}],\"inLanguage\":\"en-US\"}]}<\/script>\n<!-- \/ Yoast SEO plugin. -->","yoast_head_json":{"title":"Diploma en Online Advertising analytics - Capabilia","robots":{"index":"index","follow":"follow","max-snippet":"max-snippet:-1","max-image-preview":"max-image-preview:large","max-video-preview":"max-video-preview:-1"},"canonical":"https:\/\/online.claeh.edu.uy\/en\/product\/diploma-en-online-advertising-analytics\/","og_locale":"en_US","og_type":"article","og_title":"Diploma en Online Advertising analytics - Capabilia","og_description":"excerpt","og_url":"https:\/\/online.claeh.edu.uy\/en\/product\/diploma-en-online-advertising-analytics\/","og_site_name":"Capabilia","article_modified_time":"2023-05-18T20:35:43+00:00","twitter_card":"summary_large_image","twitter_misc":{"Est. reading time":"1 minute"},"schema":{"@context":"https:\/\/schema.org","@graph":[{"@type":"WebPage","@id":"https:\/\/online.claeh.edu.uy\/en\/product\/diploma-en-online-advertising-analytics\/","url":"https:\/\/online.claeh.edu.uy\/en\/product\/diploma-en-online-advertising-analytics\/","name":"Diploma en Online Advertising analytics - Capabilia","isPartOf":{"@id":"https:\/\/online.claeh.edu.uy\/#website"},"datePublished":"2022-03-23T16:50:43+00:00","dateModified":"2023-05-18T20:35:43+00:00","breadcrumb":{"@id":"https:\/\/online.claeh.edu.uy\/en\/product\/diploma-en-online-advertising-analytics\/#breadcrumb"},"inLanguage":"en-US","potentialAction":[{"@type":"ReadAction","target":["https:\/\/online.claeh.edu.uy\/en\/product\/diploma-en-online-advertising-analytics\/"]}]},{"@type":"BreadcrumbList","@id":"https:\/\/online.claeh.edu.uy\/en\/product\/diploma-en-online-advertising-analytics\/#breadcrumb","itemListElement":[{"@type":"ListItem","position":1,"name":"Productos","item":"https:\/\/online.claeh.edu.uy\/en\/product\/"},{"@type":"ListItem","position":2,"name":"Diploma en Online Advertising analytics"}]},{"@type":"WebSite","@id":"https:\/\/online.claeh.edu.uy\/#website","url":"https:\/\/online.claeh.edu.uy\/","name":"Capabilia","description":"","potentialAction":[{"@type":"SearchAction","target":{"@type":"EntryPoint","urlTemplate":"https:\/\/online.claeh.edu.uy\/?s={search_term_string}"},"query-input":"required name=search_term_string"}],"inLanguage":"en-US"}]}},"idiomas":{"en":632,"es":631},"_links":{"self":[{"href":"https:\/\/online.claeh.edu.uy\/en\/wp-json\/wp\/v2\/products\/632"}],"collection":[{"href":"https:\/\/online.claeh.edu.uy\/en\/wp-json\/wp\/v2\/products"}],"about":[{"href":"https:\/\/online.claeh.edu.uy\/en\/wp-json\/wp\/v2\/types\/product"}],"author":[{"embeddable":true,"href":"https:\/\/online.claeh.edu.uy\/en\/wp-json\/wp\/v2\/users\/3"}],"replies":[{"embeddable":true,"href":"https:\/\/online.claeh.edu.uy\/en\/wp-json\/wp\/v2\/comments?post=632"}],"version-history":[{"count":5,"href":"https:\/\/online.claeh.edu.uy\/en\/wp-json\/wp\/v2\/products\/632\/revisions"}],"predecessor-version":[{"id":1498,"href":"https:\/\/online.claeh.edu.uy\/en\/wp-json\/wp\/v2\/products\/632\/revisions\/1498"}],"wp:attachment":[{"href":"https:\/\/online.claeh.edu.uy\/en\/wp-json\/wp\/v2\/media?parent=632"}],"wp:term":[{"taxonomy":"category","embeddable":true,"href":"https:\/\/online.claeh.edu.uy\/en\/wp-json\/wp\/v2\/categories?post=632"}],"curies":[{"name":"wp","href":"https:\/\/api.w.org\/{rel}","templated":true}]}}