{"id":634,"date":"2022-03-23T17:09:25","date_gmt":"2022-03-23T17:09:25","guid":{"rendered":"https:\/\/online.claeh.edu.uy\/?post_type=product&#038;p=634"},"modified":"2023-05-29T18:08:22","modified_gmt":"2023-05-29T18:08:22","slug":"diploma-en-web-analytics","status":"publish","type":"product","link":"https:\/\/online.claeh.edu.uy\/en\/product\/diploma-en-web-analytics\/","title":{"rendered":"Diploma en Web Analytics"},"content":{"rendered":"<p>contenido<\/p>\n","protected":false},"excerpt":{"rendered":"<p>excerpt<\/p>\n","protected":false},"author":3,"featured_media":0,"comment_status":"open","ping_status":"closed","template":"","meta":{"_acf_changed":false,"footnotes":""},"categories":[16],"class_list":["post-634","product","type-product","status-publish","hentry","category-producto-claeh-en"],"acf":{"external_id":"1724","titulo_curso":"Diploma en web analytics","precio":"","impartido_en":"Castellano","id_magento":"12","hubspot_product_id":"59343846","imagen_destacada":"https:\/\/static.capabiliaserver.com\/frontend\/clients\/claeh\/wp_dev\/wp-content\/uploads\/69096749-certificado-en-web-analytics.jpg","header_image":"https:\/\/static.capabiliaserver.com\/frontend\/clients\/claeh\/wp_dev\/wp-content\/uploads\/69096749-certificado-en-web-analytics.jpg","precio_en_cuotas":"","precio_de_lista":"","promocion_vigente":"","duracion_del_curso":"4 meses ","tipo_de_programa":"Educaci\u00f3n Continua","fecha_de_inicio":"","segunda_fecha_de_inicio":"","zona_horaria":"America\/Los_Angeles","nivel_del_curso":"B\u00e1sico","modalidad":"100% Virtual","dedicacion":"","contenido":"<p>El avance de las nuevas tecnolog\u00edas en el \u00e1mbito del Marketing marca la necesidad cada vez m\u00e1s frecuente de tomar decisiones basadas en datos que permitan tener un conocimiento m\u00e1s profundo del comportamiento de los consumidores y, en consecuencia, conseguir los objetivos de negocio de manera efectiva. Seg\u00fan diversos estudios de consultoras internacionales de la talla de KPMG, se estima que las herramientas de Analytics est\u00e1n entre las tres tecnolog\u00edas que generar\u00e1n los mayores cambios y transformaciones en la forma de hacer negocios para los a\u00f1os venideros. Pese a esta gran necesidad, la oferta de servicios y profesionales en este \u00e1mbito todav\u00eda es escasa. Este escenario implica muy buenas noticias para aquellos que decidan desarrollarse en la disciplina de Web Analytics, ya que tendr\u00e1n grandes oportunidades laborales y de negocios en una de las industrias m\u00e1s crecientes hoy en d\u00eda. Este Certificado te permitir\u00e1 desarrollarte y crecer en \u00e1reas vinculadas con el an\u00e1lisis de la informaci\u00f3n basada en datos provenientes de herramientas de medici\u00f3n web. Adquirir\u00e1s los conocimientos necesarios para implementar por ti mismo diversas herramientas de Web Analytics y utilizar la informaci\u00f3n generada para mejorar los resultados de tu negocio.<\/p>\n","avalado_por":"https:\/\/static.capabiliaserver.com\/frontend\/clients\/claeh\/wp_prod\/wp-content\/uploads\/2023\/03\/7e8c4999-claeh-logo-png.png","cursos_que_lo_componen":[{"nombre_del_curso":"WEB ANALYTICS","descripcion_del_curso":"<p>M\u00f3dulo 1: Implementaci\u00f3n de Herramientas de Analytics y sus Principales M\u00e9tricas.<br \/>\nM\u00f3dulo 2: Entendimiento de Reportes de Analytics.<br \/>\nM\u00f3dulo 3: Creaci\u00f3n de Objetivos, Segmentos Avanzados, Filtros y Reportes Personalizados.<br \/>\nM\u00f3dulo 4: Medici\u00f3n y An\u00e1lisis de Campa\u00f1as de Marketing.<\/p>\n"},{"nombre_del_curso":" USER EXPERIENCE ANALYTICS (UX)","descripcion_del_curso":"<p>M\u00f3dulo 1: Publicidad Online.<br \/>\nM\u00f3dulo 2: Soportes Publicitarios.<br \/>\nM\u00f3dulo 3: Modelos de Pricing.<br \/>\nM\u00f3dulo 4: Redes de Display y Sociales.<\/p>\n"},{"nombre_del_curso":"MOBILE ANALYTICS","descripcion_del_curso":"<p>M\u00f3dulo 1: Implementaci\u00f3n de Analytics para Sitio Web Mobile y sus Principales M\u00e9tricas.<br \/>\nM\u00f3dulo 2: Implementaci\u00f3n de Analytics para Mobile Apps y sus Principales M\u00e9tricas.<br \/>\nM\u00f3dulo 3: Creaci\u00f3n de Objetivos, Segmentos Avanzados, Filtros y Reportes Personalizados.<br \/>\nM\u00f3dulo 4: An\u00e1lisis de Retorno de Inversi\u00f3n y Ecosistema Cross-device.<\/p>\n"},{"nombre_del_curso":"WEB ANALYTICS REPORTING","descripcion_del_curso":"<p>M\u00f3dulo 1: Buenas Pr\u00e1cticas para la Generaci\u00f3n de Reportes y Dashboards.<br \/>\nM\u00f3dulo 2: Reportes Integrados de Analytics, UX Analytics y Mobile.<br \/>\nM\u00f3dulo 3: Ejercicios Pr\u00e1cticos para la Generaci\u00f3n de Reportes Avanzados.<br \/>\nM\u00f3dulo 4: Casos de An\u00e1lisis de Negocio.<\/p>\n"}],"pdf_brochure":false,"preguntas_frecuentes":false,"titulo":"Diploma en Web Analytics","docentes_expertos":false,"mostrar_form":false,"mostrar_boton_compra":true,"url_cursado_webinar":"","activar_nuevos_banners":false,"mostrar_banner_1":false,"crear_banner_1":{"utilizar_imagen_unica_para_banner":false,"asignar_imagen_unica_para_banner":false,"mostrar_titulo_banner":false,"titulo_para_banner":"","mostrar_subtitulo_banner":false,"subtitulo_del_banner":"","mostrar_cta_banner":false,"texto_cta_banner":"","url_cta_banner":"","fondo_de_color_banner":"","fondo_de_imagen_banner":false,"mostrar_imagen_izquierda_banner":false,"asignar_imagen_izquierda_banner":false},"mostrar_banner_2":false,"crear_banner_2":{"utilizar_imagen_unica_para_banner":false,"asignar_imagen_unica_para_banner":false,"mostrar_titulo_banner":false,"titulo_para_banner":"","mostrar_subtitulo_banner":false,"subtitulo_del_banner":"","mostrar_cta_banner":false,"texto_cta_banner":"","url_cta_banner":"","fondo_de_color_banner":"","fondo_de_imagen_banner":false,"mostrar_imagen_izquierda_banner":false,"asignar_imagen_izquierda_banner":false},"mostrar_banner_3":false,"crear_banner_3":{"utilizar_imagen_unica_para_banner":false,"asignar_imagen_unica_para_banner":false,"mostrar_titulo_banner":false,"titulo_para_banner":"","mostrar_subtitulo_banner":false,"subtitulo_del_banner":"","mostrar_cta_banner":false,"texto_cta_banner":"","url_cta_banner":"","fondo_de_color_banner":"","fondo_de_imagen_banner":false,"mostrar_imagen_izquierda_banner":false,"asignar_imagen_izquierda_banner":false},"mostrar_precio":false},"yoast_head":"<!-- This site is optimized with the Yoast SEO plugin v23.0 - https:\/\/yoast.com\/wordpress\/plugins\/seo\/ -->\n<title>Diploma en Web Analytics - Capabilia<\/title>\n<meta name=\"robots\" content=\"index, follow, max-snippet:-1, max-image-preview:large, max-video-preview:-1\" \/>\n<link rel=\"canonical\" href=\"https:\/\/online.claeh.edu.uy\/en\/product\/diploma-en-web-analytics\/\" \/>\n<meta property=\"og:locale\" content=\"en_US\" \/>\n<meta property=\"og:type\" content=\"article\" \/>\n<meta property=\"og:title\" content=\"Diploma en Web Analytics - Capabilia\" \/>\n<meta property=\"og:description\" content=\"excerpt\" \/>\n<meta property=\"og:url\" content=\"https:\/\/online.claeh.edu.uy\/en\/product\/diploma-en-web-analytics\/\" \/>\n<meta property=\"og:site_name\" content=\"Capabilia\" \/>\n<meta property=\"article:modified_time\" content=\"2023-05-29T18:08:22+00:00\" \/>\n<meta name=\"twitter:card\" content=\"summary_large_image\" \/>\n<meta name=\"twitter:label1\" content=\"Est. reading time\" \/>\n\t<meta name=\"twitter:data1\" content=\"1 minute\" \/>\n<script type=\"application\/ld+json\" class=\"yoast-schema-graph\">{\"@context\":\"https:\/\/schema.org\",\"@graph\":[{\"@type\":\"WebPage\",\"@id\":\"https:\/\/online.claeh.edu.uy\/en\/product\/diploma-en-web-analytics\/\",\"url\":\"https:\/\/online.claeh.edu.uy\/en\/product\/diploma-en-web-analytics\/\",\"name\":\"Diploma en Web Analytics - Capabilia\",\"isPartOf\":{\"@id\":\"https:\/\/online.claeh.edu.uy\/#website\"},\"datePublished\":\"2022-03-23T17:09:25+00:00\",\"dateModified\":\"2023-05-29T18:08:22+00:00\",\"breadcrumb\":{\"@id\":\"https:\/\/online.claeh.edu.uy\/en\/product\/diploma-en-web-analytics\/#breadcrumb\"},\"inLanguage\":\"en-US\",\"potentialAction\":[{\"@type\":\"ReadAction\",\"target\":[\"https:\/\/online.claeh.edu.uy\/en\/product\/diploma-en-web-analytics\/\"]}]},{\"@type\":\"BreadcrumbList\",\"@id\":\"https:\/\/online.claeh.edu.uy\/en\/product\/diploma-en-web-analytics\/#breadcrumb\",\"itemListElement\":[{\"@type\":\"ListItem\",\"position\":1,\"name\":\"Productos\",\"item\":\"https:\/\/online.claeh.edu.uy\/en\/product\/\"},{\"@type\":\"ListItem\",\"position\":2,\"name\":\"Diploma en Web Analytics\"}]},{\"@type\":\"WebSite\",\"@id\":\"https:\/\/online.claeh.edu.uy\/#website\",\"url\":\"https:\/\/online.claeh.edu.uy\/\",\"name\":\"Capabilia\",\"description\":\"\",\"potentialAction\":[{\"@type\":\"SearchAction\",\"target\":{\"@type\":\"EntryPoint\",\"urlTemplate\":\"https:\/\/online.claeh.edu.uy\/?s={search_term_string}\"},\"query-input\":\"required name=search_term_string\"}],\"inLanguage\":\"en-US\"}]}<\/script>\n<!-- \/ Yoast SEO plugin. -->","yoast_head_json":{"title":"Diploma en Web Analytics - Capabilia","robots":{"index":"index","follow":"follow","max-snippet":"max-snippet:-1","max-image-preview":"max-image-preview:large","max-video-preview":"max-video-preview:-1"},"canonical":"https:\/\/online.claeh.edu.uy\/en\/product\/diploma-en-web-analytics\/","og_locale":"en_US","og_type":"article","og_title":"Diploma en Web Analytics - Capabilia","og_description":"excerpt","og_url":"https:\/\/online.claeh.edu.uy\/en\/product\/diploma-en-web-analytics\/","og_site_name":"Capabilia","article_modified_time":"2023-05-29T18:08:22+00:00","twitter_card":"summary_large_image","twitter_misc":{"Est. reading time":"1 minute"},"schema":{"@context":"https:\/\/schema.org","@graph":[{"@type":"WebPage","@id":"https:\/\/online.claeh.edu.uy\/en\/product\/diploma-en-web-analytics\/","url":"https:\/\/online.claeh.edu.uy\/en\/product\/diploma-en-web-analytics\/","name":"Diploma en Web Analytics - Capabilia","isPartOf":{"@id":"https:\/\/online.claeh.edu.uy\/#website"},"datePublished":"2022-03-23T17:09:25+00:00","dateModified":"2023-05-29T18:08:22+00:00","breadcrumb":{"@id":"https:\/\/online.claeh.edu.uy\/en\/product\/diploma-en-web-analytics\/#breadcrumb"},"inLanguage":"en-US","potentialAction":[{"@type":"ReadAction","target":["https:\/\/online.claeh.edu.uy\/en\/product\/diploma-en-web-analytics\/"]}]},{"@type":"BreadcrumbList","@id":"https:\/\/online.claeh.edu.uy\/en\/product\/diploma-en-web-analytics\/#breadcrumb","itemListElement":[{"@type":"ListItem","position":1,"name":"Productos","item":"https:\/\/online.claeh.edu.uy\/en\/product\/"},{"@type":"ListItem","position":2,"name":"Diploma en Web Analytics"}]},{"@type":"WebSite","@id":"https:\/\/online.claeh.edu.uy\/#website","url":"https:\/\/online.claeh.edu.uy\/","name":"Capabilia","description":"","potentialAction":[{"@type":"SearchAction","target":{"@type":"EntryPoint","urlTemplate":"https:\/\/online.claeh.edu.uy\/?s={search_term_string}"},"query-input":"required name=search_term_string"}],"inLanguage":"en-US"}]}},"idiomas":{"en":634,"es":633},"_links":{"self":[{"href":"https:\/\/online.claeh.edu.uy\/en\/wp-json\/wp\/v2\/products\/634"}],"collection":[{"href":"https:\/\/online.claeh.edu.uy\/en\/wp-json\/wp\/v2\/products"}],"about":[{"href":"https:\/\/online.claeh.edu.uy\/en\/wp-json\/wp\/v2\/types\/product"}],"author":[{"embeddable":true,"href":"https:\/\/online.claeh.edu.uy\/en\/wp-json\/wp\/v2\/users\/3"}],"replies":[{"embeddable":true,"href":"https:\/\/online.claeh.edu.uy\/en\/wp-json\/wp\/v2\/comments?post=634"}],"version-history":[{"count":5,"href":"https:\/\/online.claeh.edu.uy\/en\/wp-json\/wp\/v2\/products\/634\/revisions"}],"predecessor-version":[{"id":1582,"href":"https:\/\/online.claeh.edu.uy\/en\/wp-json\/wp\/v2\/products\/634\/revisions\/1582"}],"wp:attachment":[{"href":"https:\/\/online.claeh.edu.uy\/en\/wp-json\/wp\/v2\/media?parent=634"}],"wp:term":[{"taxonomy":"category","embeddable":true,"href":"https:\/\/online.claeh.edu.uy\/en\/wp-json\/wp\/v2\/categories?post=634"}],"curies":[{"name":"wp","href":"https:\/\/api.w.org\/{rel}","templated":true}]}}