{"id":638,"date":"2022-03-23T18:44:11","date_gmt":"2022-03-23T18:44:11","guid":{"rendered":"https:\/\/online.claeh.edu.uy\/?post_type=product&#038;p=638"},"modified":"2023-05-19T15:13:52","modified_gmt":"2023-05-19T15:13:52","slug":"diploma-en-posicionamiento-en-buscadores-seo","status":"publish","type":"product","link":"https:\/\/online.claeh.edu.uy\/en\/product\/diploma-en-posicionamiento-en-buscadores-seo\/","title":{"rendered":"Diploma en Posicionamiento en Buscadores (SEO)"},"content":{"rendered":"<p>contenido<\/p>\n","protected":false},"excerpt":{"rendered":"<p>excerpt<\/p>\n","protected":false},"author":3,"featured_media":0,"comment_status":"open","ping_status":"closed","template":"","meta":{"_acf_changed":false,"footnotes":""},"categories":[16],"class_list":["post-638","product","type-product","status-publish","hentry","category-producto-claeh-en"],"acf":{"external_id":"1726","titulo_curso":"Diploma en Posicionamiento en Buscadores (SEO)","precio":"","impartido_en":"Castellano","id_magento":"14","hubspot_product_id":"59343854","imagen_destacada":"https:\/\/static.capabiliaserver.com\/frontend\/clients\/claeh\/wp_dev\/wp-content\/uploads\/23444016-certificado-en-posicionamiento-en-buscadores-seo.jpg","header_image":"https:\/\/static.capabiliaserver.com\/frontend\/clients\/claeh\/wp_dev\/wp-content\/uploads\/23444016-certificado-en-posicionamiento-en-buscadores-seo.jpg","precio_en_cuotas":"","precio_de_lista":"","promocion_vigente":"","duracion_del_curso":"4 Meses ","tipo_de_programa":"Educaci\u00f3n Continua","fecha_de_inicio":"","segunda_fecha_de_inicio":"","zona_horaria":"America\/Los_Angeles","nivel_del_curso":"B\u00e1sico","modalidad":"100% Virtual ","dedicacion":"","contenido":"<p>De acuerdo con Internet Live Stats, diariamente se producen m\u00e1s de 3.5 billones de b\u00fasquedas solamente en Google. Ante ello, las compa\u00f1\u00edas y sus profesionales est\u00e1n cada vez m\u00e1s interesadas en obtener un posicionamiento relevante en los motores de b\u00fasqueda, de manera de llegar a los usuarios adecuados o captar m\u00e1s clientes y prospectos de negocio.<\/p>\n<p>El\u00a0<strong>Certificado en Posicionamiento en Buscadores (SEO)<\/strong>\u00a0te preparar\u00e1 para que puedas hacer un trabajo de SEO de calidad y enfocado en resultados. A partir de este Certificado, podr\u00e1s posicionar tu sitio web en motores de b\u00fasqueda (principalmente en Google) y trabajar como especialista en esta \u00e1rea.<\/p>\n","avalado_por":"https:\/\/static.capabiliaserver.com\/frontend\/clients\/claeh\/wp_prod\/wp-content\/uploads\/2023\/03\/7e8c4999-claeh-logo-png.png","cursos_que_lo_componen":[{"nombre_del_curso":"ASPECTOS FUNDAMENTALES DEL SEO","descripcion_del_curso":"<p>M\u00f3dulo 1: \u00bfQu\u00e9 es SEO y C\u00f3mo funciona?<br \/>\nM\u00f3dulo 2: Algoritmos de B\u00fasqueda de Google.<br \/>\nM\u00f3dulo 3: L\u00f3gica de la Optimizaci\u00f3n On-site.<br \/>\nM\u00f3dulo 4: L\u00f3gica de la Optimizaci\u00f3n Off-site.<\/p>\n"},{"nombre_del_curso":"100 FACTORES PARA POSICIONAR ORGANICAMENTE","descripcion_del_curso":"<p>M\u00f3dulo 1: Factores de Estructura On Page.<br \/>\nM\u00f3dulo 2: Factores de Experiencia de Usuario.<br \/>\nM\u00f3dulo 3: Factores de Performance.<br \/>\nM\u00f3dulo 4: Factores de Contenido.<\/p>\n"},{"nombre_del_curso":" SEO COMO CANAL DE MARKETING","descripcion_del_curso":"<p>M\u00f3dulo 1: \u00bfC\u00f3mo Aprovechar el Potencial de SEO?<br \/>\nM\u00f3dulo 2: Tipos de Marketing Org\u00e1nico.<br \/>\nM\u00f3dulo 3: Monitoreo de Resultados Org\u00e1nicos.<br \/>\nM\u00f3dulo 4: Search Console.<\/p>\n"},{"nombre_del_curso":" AUDITOR\u00cdA DE SEO Y KEYWORD RESEARCH","descripcion_del_curso":"<p>M\u00f3dulo 1: \u00bfQu\u00e9 es una Auditor\u00eda de SEO?<br \/>\nM\u00f3dulo 2: Aspectos T\u00e9cnicos de una Auditor\u00eda de SEO.<br \/>\nM\u00f3dulo 3: Herramientas \u00datiles para Realizar una Auditor\u00eda.<br \/>\nM\u00f3dulo 4: Desarrollo de un Keyword Research.<\/p>\n"}],"pdf_brochure":false,"preguntas_frecuentes":false,"titulo":"Diploma en Posicionamiento en Buscadores (SEO)","docentes_expertos":false,"mostrar_form":false,"mostrar_boton_compra":true,"url_cursado_webinar":"","activar_nuevos_banners":false,"mostrar_banner_1":false,"crear_banner_1":{"utilizar_imagen_unica_para_banner":false,"asignar_imagen_unica_para_banner":false,"mostrar_titulo_banner":false,"titulo_para_banner":"","mostrar_subtitulo_banner":false,"subtitulo_del_banner":"","mostrar_cta_banner":false,"texto_cta_banner":"","url_cta_banner":"","fondo_de_color_banner":"","fondo_de_imagen_banner":false,"mostrar_imagen_izquierda_banner":false,"asignar_imagen_izquierda_banner":false},"mostrar_banner_2":false,"crear_banner_2":{"utilizar_imagen_unica_para_banner":false,"asignar_imagen_unica_para_banner":false,"mostrar_titulo_banner":false,"titulo_para_banner":"","mostrar_subtitulo_banner":false,"subtitulo_del_banner":"","mostrar_cta_banner":false,"texto_cta_banner":"","url_cta_banner":"","fondo_de_color_banner":"","fondo_de_imagen_banner":false,"mostrar_imagen_izquierda_banner":false,"asignar_imagen_izquierda_banner":false},"mostrar_banner_3":false,"crear_banner_3":{"utilizar_imagen_unica_para_banner":false,"asignar_imagen_unica_para_banner":false,"mostrar_titulo_banner":false,"titulo_para_banner":"","mostrar_subtitulo_banner":false,"subtitulo_del_banner":"","mostrar_cta_banner":false,"texto_cta_banner":"","url_cta_banner":"","fondo_de_color_banner":"","fondo_de_imagen_banner":false,"mostrar_imagen_izquierda_banner":false,"asignar_imagen_izquierda_banner":false},"mostrar_precio":false},"yoast_head":"<!-- This site is optimized with the Yoast SEO plugin v23.0 - https:\/\/yoast.com\/wordpress\/plugins\/seo\/ -->\n<title>Diploma en Posicionamiento en Buscadores (SEO) - Capabilia<\/title>\n<meta name=\"robots\" content=\"index, follow, max-snippet:-1, max-image-preview:large, max-video-preview:-1\" \/>\n<link rel=\"canonical\" href=\"https:\/\/online.claeh.edu.uy\/en\/product\/diploma-en-posicionamiento-en-buscadores-seo\/\" \/>\n<meta property=\"og:locale\" content=\"en_US\" \/>\n<meta property=\"og:type\" content=\"article\" \/>\n<meta property=\"og:title\" content=\"Diploma en Posicionamiento en Buscadores (SEO) - Capabilia\" \/>\n<meta property=\"og:description\" content=\"excerpt\" \/>\n<meta property=\"og:url\" content=\"https:\/\/online.claeh.edu.uy\/en\/product\/diploma-en-posicionamiento-en-buscadores-seo\/\" \/>\n<meta property=\"og:site_name\" content=\"Capabilia\" \/>\n<meta property=\"article:modified_time\" content=\"2023-05-19T15:13:52+00:00\" \/>\n<meta name=\"twitter:card\" content=\"summary_large_image\" \/>\n<meta name=\"twitter:label1\" content=\"Est. reading time\" \/>\n\t<meta name=\"twitter:data1\" content=\"1 minute\" \/>\n<script type=\"application\/ld+json\" class=\"yoast-schema-graph\">{\"@context\":\"https:\/\/schema.org\",\"@graph\":[{\"@type\":\"WebPage\",\"@id\":\"https:\/\/online.claeh.edu.uy\/en\/product\/diploma-en-posicionamiento-en-buscadores-seo\/\",\"url\":\"https:\/\/online.claeh.edu.uy\/en\/product\/diploma-en-posicionamiento-en-buscadores-seo\/\",\"name\":\"Diploma en Posicionamiento en Buscadores (SEO) - Capabilia\",\"isPartOf\":{\"@id\":\"https:\/\/online.claeh.edu.uy\/#website\"},\"datePublished\":\"2022-03-23T18:44:11+00:00\",\"dateModified\":\"2023-05-19T15:13:52+00:00\",\"breadcrumb\":{\"@id\":\"https:\/\/online.claeh.edu.uy\/en\/product\/diploma-en-posicionamiento-en-buscadores-seo\/#breadcrumb\"},\"inLanguage\":\"en-US\",\"potentialAction\":[{\"@type\":\"ReadAction\",\"target\":[\"https:\/\/online.claeh.edu.uy\/en\/product\/diploma-en-posicionamiento-en-buscadores-seo\/\"]}]},{\"@type\":\"BreadcrumbList\",\"@id\":\"https:\/\/online.claeh.edu.uy\/en\/product\/diploma-en-posicionamiento-en-buscadores-seo\/#breadcrumb\",\"itemListElement\":[{\"@type\":\"ListItem\",\"position\":1,\"name\":\"Productos\",\"item\":\"https:\/\/online.claeh.edu.uy\/en\/product\/\"},{\"@type\":\"ListItem\",\"position\":2,\"name\":\"Diploma en Posicionamiento en Buscadores (SEO)\"}]},{\"@type\":\"WebSite\",\"@id\":\"https:\/\/online.claeh.edu.uy\/#website\",\"url\":\"https:\/\/online.claeh.edu.uy\/\",\"name\":\"Capabilia\",\"description\":\"\",\"potentialAction\":[{\"@type\":\"SearchAction\",\"target\":{\"@type\":\"EntryPoint\",\"urlTemplate\":\"https:\/\/online.claeh.edu.uy\/?s={search_term_string}\"},\"query-input\":\"required name=search_term_string\"}],\"inLanguage\":\"en-US\"}]}<\/script>\n<!-- \/ Yoast SEO plugin. -->","yoast_head_json":{"title":"Diploma en Posicionamiento en Buscadores (SEO) - Capabilia","robots":{"index":"index","follow":"follow","max-snippet":"max-snippet:-1","max-image-preview":"max-image-preview:large","max-video-preview":"max-video-preview:-1"},"canonical":"https:\/\/online.claeh.edu.uy\/en\/product\/diploma-en-posicionamiento-en-buscadores-seo\/","og_locale":"en_US","og_type":"article","og_title":"Diploma en Posicionamiento en Buscadores (SEO) - Capabilia","og_description":"excerpt","og_url":"https:\/\/online.claeh.edu.uy\/en\/product\/diploma-en-posicionamiento-en-buscadores-seo\/","og_site_name":"Capabilia","article_modified_time":"2023-05-19T15:13:52+00:00","twitter_card":"summary_large_image","twitter_misc":{"Est. reading time":"1 minute"},"schema":{"@context":"https:\/\/schema.org","@graph":[{"@type":"WebPage","@id":"https:\/\/online.claeh.edu.uy\/en\/product\/diploma-en-posicionamiento-en-buscadores-seo\/","url":"https:\/\/online.claeh.edu.uy\/en\/product\/diploma-en-posicionamiento-en-buscadores-seo\/","name":"Diploma en Posicionamiento en Buscadores (SEO) - Capabilia","isPartOf":{"@id":"https:\/\/online.claeh.edu.uy\/#website"},"datePublished":"2022-03-23T18:44:11+00:00","dateModified":"2023-05-19T15:13:52+00:00","breadcrumb":{"@id":"https:\/\/online.claeh.edu.uy\/en\/product\/diploma-en-posicionamiento-en-buscadores-seo\/#breadcrumb"},"inLanguage":"en-US","potentialAction":[{"@type":"ReadAction","target":["https:\/\/online.claeh.edu.uy\/en\/product\/diploma-en-posicionamiento-en-buscadores-seo\/"]}]},{"@type":"BreadcrumbList","@id":"https:\/\/online.claeh.edu.uy\/en\/product\/diploma-en-posicionamiento-en-buscadores-seo\/#breadcrumb","itemListElement":[{"@type":"ListItem","position":1,"name":"Productos","item":"https:\/\/online.claeh.edu.uy\/en\/product\/"},{"@type":"ListItem","position":2,"name":"Diploma en Posicionamiento en Buscadores (SEO)"}]},{"@type":"WebSite","@id":"https:\/\/online.claeh.edu.uy\/#website","url":"https:\/\/online.claeh.edu.uy\/","name":"Capabilia","description":"","potentialAction":[{"@type":"SearchAction","target":{"@type":"EntryPoint","urlTemplate":"https:\/\/online.claeh.edu.uy\/?s={search_term_string}"},"query-input":"required name=search_term_string"}],"inLanguage":"en-US"}]}},"idiomas":{"en":638,"es":637},"_links":{"self":[{"href":"https:\/\/online.claeh.edu.uy\/en\/wp-json\/wp\/v2\/products\/638"}],"collection":[{"href":"https:\/\/online.claeh.edu.uy\/en\/wp-json\/wp\/v2\/products"}],"about":[{"href":"https:\/\/online.claeh.edu.uy\/en\/wp-json\/wp\/v2\/types\/product"}],"author":[{"embeddable":true,"href":"https:\/\/online.claeh.edu.uy\/en\/wp-json\/wp\/v2\/users\/3"}],"replies":[{"embeddable":true,"href":"https:\/\/online.claeh.edu.uy\/en\/wp-json\/wp\/v2\/comments?post=638"}],"version-history":[{"count":5,"href":"https:\/\/online.claeh.edu.uy\/en\/wp-json\/wp\/v2\/products\/638\/revisions"}],"predecessor-version":[{"id":1543,"href":"https:\/\/online.claeh.edu.uy\/en\/wp-json\/wp\/v2\/products\/638\/revisions\/1543"}],"wp:attachment":[{"href":"https:\/\/online.claeh.edu.uy\/en\/wp-json\/wp\/v2\/media?parent=638"}],"wp:term":[{"taxonomy":"category","embeddable":true,"href":"https:\/\/online.claeh.edu.uy\/en\/wp-json\/wp\/v2\/categories?post=638"}],"curies":[{"name":"wp","href":"https:\/\/api.w.org\/{rel}","templated":true}]}}