{"id":640,"date":"2022-03-23T18:56:17","date_gmt":"2022-03-23T18:56:17","guid":{"rendered":"https:\/\/online.claeh.edu.uy\/?post_type=product&#038;p=640"},"modified":"2023-05-19T15:13:13","modified_gmt":"2023-05-19T15:13:13","slug":"diploma-en-mobile-marketing","status":"publish","type":"product","link":"https:\/\/online.claeh.edu.uy\/en\/product\/diploma-en-mobile-marketing\/","title":{"rendered":"Diploma en Mobile Marketing"},"content":{"rendered":"<p>contenido<\/p>\n","protected":false},"excerpt":{"rendered":"<p>excerpt<\/p>\n","protected":false},"author":3,"featured_media":0,"comment_status":"open","ping_status":"closed","template":"","meta":{"_acf_changed":false,"footnotes":""},"categories":[16],"class_list":["post-640","product","type-product","status-publish","hentry","category-producto-claeh-en"],"acf":{"external_id":"1727","titulo_curso":"Diploma en Mobile Marketing","precio":"","impartido_en":"Castellano","id_magento":"15","hubspot_product_id":"59343853","imagen_destacada":"https:\/\/static.capabiliaserver.com\/frontend\/clients\/claeh\/wp_dev\/wp-content\/uploads\/b33199c1-certificado-en-mobile-marketing.png","header_image":"https:\/\/static.capabiliaserver.com\/frontend\/clients\/claeh\/wp_dev\/wp-content\/uploads\/b33199c1-certificado-en-mobile-marketing.png","precio_en_cuotas":"","precio_de_lista":"","promocion_vigente":"","duracion_del_curso":"4 Meses","tipo_de_programa":"Educaci\u00f3n Continua","fecha_de_inicio":"","segunda_fecha_de_inicio":"","zona_horaria":"America\/Los_Angeles","nivel_del_curso":"B\u00e1sico","modalidad":"100% Virtual ","dedicacion":"","contenido":"<div class=\"col-lg-8 col-md-12 col-sm-12 col-xs-12 col-12 order-12 order-xs-12 order-sm-12 order-md-12 order-lg-1\">\n<div class=\"description\">\n<p>Independientemente del momento y el lugar en que nos encontremos, ya resulta normal estar rodeados de personas enfocadas pura y exclusivamente en la pantalla de sus celulares. Tanto la fuerte penetraci\u00f3n como la evoluci\u00f3n tecnol\u00f3gica que han presentado los dispositivos m\u00f3viles son clara consecuencia de esta situaci\u00f3n.<br \/>\nEstar presente en esas instancias, en la que los usuarios est\u00e1n compenetrados con sus dispositivos, resulta relevante y pr\u00e1cticamente fundamental para cualquier marca que hoy en d\u00eda quiera ser considerada por los consumidores y, consecuentemente, lograr \u00e9xito marketinero.<\/p>\n<p>A partir de la situaci\u00f3n presentada, resulta indispensable entender y conocer las diversas herramientas que nos permiten estar presentes en esos micromomentos, dando respuesta a las necesidades de esos usuarios y cumpliendo los objetivos que nos plantee nuestro negocio. El\u00a0<strong>Certificado en Mobile Marketing<\/strong> te ense\u00f1ar\u00e1 sobre las \u00faltimas tendencias inherentes al mundo de los dispositivos m\u00f3viles.<\/p>\n<\/div>\n<\/div>\n","avalado_por":"https:\/\/static.capabiliaserver.com\/frontend\/clients\/claeh\/wp_prod\/wp-content\/uploads\/2023\/03\/7e8c4999-claeh-logo-png.png","cursos_que_lo_componen":[{"nombre_del_curso":" MOBILE ADVERTISING EN ACCI\u00d3N","descripcion_del_curso":"<p>M\u00f3dulo 1: Mobile Advertising.<br \/>\nM\u00f3dulo 2: Acciones Mobile Advertising.<br \/>\nM\u00f3dulo 3: Modalidades de Comercializaci\u00f3n.<br \/>\nM\u00f3dulo 4: Tipos de Instalaciones Mobile.<\/p>\n"},{"nombre_del_curso":" SITIOS RESPONSIVE VS APP","descripcion_del_curso":"<p>M\u00f3dulo 1: De Web a Sitios Responsive.<br \/>\nM\u00f3dulo 2: Apps.<br \/>\nM\u00f3dulo 3: Sitios Responsive vs. Apps.<br \/>\nM\u00f3dulo 4: Estrategias de Marketing Centradas en Apps.<\/p>\n"},{"nombre_del_curso":"MOBILE COMMERCE","descripcion_del_curso":"<p>M\u00f3dulo 1: Mobile Commerce.<br \/>\nM\u00f3dulo 2: Estrategia de M-commerce.<br \/>\nM\u00f3dulo 3: Planificaci\u00f3n, Desarrollo y Ejecuci\u00f3n.<br \/>\nM\u00f3dulo 4: Casos Pr\u00e1cticos.<\/p>\n"},{"nombre_del_curso":"GAMIFICACI\u00d3N","descripcion_del_curso":"<p>M\u00f3dulo 1: Gamification.<br \/>\nM\u00f3dulo 2: Estrategia: T\u00e9cnicas & Claves.<br \/>\nM\u00f3dulo 3: Mobile Engagement.<br \/>\nM\u00f3dulo 4: Casos de \u00c9xito.<\/p>\n"}],"pdf_brochure":false,"preguntas_frecuentes":false,"titulo":"Diploma en Mobile Marketing","docentes_expertos":false,"mostrar_form":false,"mostrar_boton_compra":true,"url_cursado_webinar":"","activar_nuevos_banners":false,"mostrar_banner_1":false,"crear_banner_1":{"utilizar_imagen_unica_para_banner":false,"asignar_imagen_unica_para_banner":false,"mostrar_titulo_banner":false,"titulo_para_banner":"","mostrar_subtitulo_banner":false,"subtitulo_del_banner":"","mostrar_cta_banner":false,"texto_cta_banner":"","url_cta_banner":"","fondo_de_color_banner":"","fondo_de_imagen_banner":false,"mostrar_imagen_izquierda_banner":false,"asignar_imagen_izquierda_banner":false},"mostrar_banner_2":false,"crear_banner_2":{"utilizar_imagen_unica_para_banner":false,"asignar_imagen_unica_para_banner":false,"mostrar_titulo_banner":false,"titulo_para_banner":"","mostrar_subtitulo_banner":false,"subtitulo_del_banner":"","mostrar_cta_banner":false,"texto_cta_banner":"","url_cta_banner":"","fondo_de_color_banner":"","fondo_de_imagen_banner":false,"mostrar_imagen_izquierda_banner":false,"asignar_imagen_izquierda_banner":false},"mostrar_banner_3":false,"crear_banner_3":{"utilizar_imagen_unica_para_banner":false,"asignar_imagen_unica_para_banner":false,"mostrar_titulo_banner":false,"titulo_para_banner":"","mostrar_subtitulo_banner":false,"subtitulo_del_banner":"","mostrar_cta_banner":false,"texto_cta_banner":"","url_cta_banner":"","fondo_de_color_banner":"","fondo_de_imagen_banner":false,"mostrar_imagen_izquierda_banner":false,"asignar_imagen_izquierda_banner":false},"mostrar_precio":false},"yoast_head":"<!-- This site is optimized with the Yoast SEO plugin v23.0 - https:\/\/yoast.com\/wordpress\/plugins\/seo\/ -->\n<title>Diploma en Mobile Marketing - Capabilia<\/title>\n<meta name=\"robots\" content=\"index, follow, max-snippet:-1, max-image-preview:large, max-video-preview:-1\" \/>\n<link rel=\"canonical\" href=\"https:\/\/online.claeh.edu.uy\/en\/product\/diploma-en-mobile-marketing\/\" \/>\n<meta property=\"og:locale\" content=\"en_US\" \/>\n<meta property=\"og:type\" content=\"article\" \/>\n<meta property=\"og:title\" content=\"Diploma en Mobile Marketing - Capabilia\" \/>\n<meta property=\"og:description\" content=\"excerpt\" \/>\n<meta property=\"og:url\" content=\"https:\/\/online.claeh.edu.uy\/en\/product\/diploma-en-mobile-marketing\/\" \/>\n<meta property=\"og:site_name\" content=\"Capabilia\" \/>\n<meta property=\"article:modified_time\" content=\"2023-05-19T15:13:13+00:00\" \/>\n<meta name=\"twitter:card\" content=\"summary_large_image\" \/>\n<meta name=\"twitter:label1\" content=\"Est. reading time\" \/>\n\t<meta name=\"twitter:data1\" content=\"1 minute\" \/>\n<script type=\"application\/ld+json\" class=\"yoast-schema-graph\">{\"@context\":\"https:\/\/schema.org\",\"@graph\":[{\"@type\":\"WebPage\",\"@id\":\"https:\/\/online.claeh.edu.uy\/en\/product\/diploma-en-mobile-marketing\/\",\"url\":\"https:\/\/online.claeh.edu.uy\/en\/product\/diploma-en-mobile-marketing\/\",\"name\":\"Diploma en Mobile Marketing - Capabilia\",\"isPartOf\":{\"@id\":\"https:\/\/online.claeh.edu.uy\/#website\"},\"datePublished\":\"2022-03-23T18:56:17+00:00\",\"dateModified\":\"2023-05-19T15:13:13+00:00\",\"breadcrumb\":{\"@id\":\"https:\/\/online.claeh.edu.uy\/en\/product\/diploma-en-mobile-marketing\/#breadcrumb\"},\"inLanguage\":\"en-US\",\"potentialAction\":[{\"@type\":\"ReadAction\",\"target\":[\"https:\/\/online.claeh.edu.uy\/en\/product\/diploma-en-mobile-marketing\/\"]}]},{\"@type\":\"BreadcrumbList\",\"@id\":\"https:\/\/online.claeh.edu.uy\/en\/product\/diploma-en-mobile-marketing\/#breadcrumb\",\"itemListElement\":[{\"@type\":\"ListItem\",\"position\":1,\"name\":\"Productos\",\"item\":\"https:\/\/online.claeh.edu.uy\/en\/product\/\"},{\"@type\":\"ListItem\",\"position\":2,\"name\":\"Diploma en Mobile Marketing\"}]},{\"@type\":\"WebSite\",\"@id\":\"https:\/\/online.claeh.edu.uy\/#website\",\"url\":\"https:\/\/online.claeh.edu.uy\/\",\"name\":\"Capabilia\",\"description\":\"\",\"potentialAction\":[{\"@type\":\"SearchAction\",\"target\":{\"@type\":\"EntryPoint\",\"urlTemplate\":\"https:\/\/online.claeh.edu.uy\/?s={search_term_string}\"},\"query-input\":\"required name=search_term_string\"}],\"inLanguage\":\"en-US\"}]}<\/script>\n<!-- \/ Yoast SEO plugin. -->","yoast_head_json":{"title":"Diploma en Mobile Marketing - Capabilia","robots":{"index":"index","follow":"follow","max-snippet":"max-snippet:-1","max-image-preview":"max-image-preview:large","max-video-preview":"max-video-preview:-1"},"canonical":"https:\/\/online.claeh.edu.uy\/en\/product\/diploma-en-mobile-marketing\/","og_locale":"en_US","og_type":"article","og_title":"Diploma en Mobile Marketing - Capabilia","og_description":"excerpt","og_url":"https:\/\/online.claeh.edu.uy\/en\/product\/diploma-en-mobile-marketing\/","og_site_name":"Capabilia","article_modified_time":"2023-05-19T15:13:13+00:00","twitter_card":"summary_large_image","twitter_misc":{"Est. reading time":"1 minute"},"schema":{"@context":"https:\/\/schema.org","@graph":[{"@type":"WebPage","@id":"https:\/\/online.claeh.edu.uy\/en\/product\/diploma-en-mobile-marketing\/","url":"https:\/\/online.claeh.edu.uy\/en\/product\/diploma-en-mobile-marketing\/","name":"Diploma en Mobile Marketing - Capabilia","isPartOf":{"@id":"https:\/\/online.claeh.edu.uy\/#website"},"datePublished":"2022-03-23T18:56:17+00:00","dateModified":"2023-05-19T15:13:13+00:00","breadcrumb":{"@id":"https:\/\/online.claeh.edu.uy\/en\/product\/diploma-en-mobile-marketing\/#breadcrumb"},"inLanguage":"en-US","potentialAction":[{"@type":"ReadAction","target":["https:\/\/online.claeh.edu.uy\/en\/product\/diploma-en-mobile-marketing\/"]}]},{"@type":"BreadcrumbList","@id":"https:\/\/online.claeh.edu.uy\/en\/product\/diploma-en-mobile-marketing\/#breadcrumb","itemListElement":[{"@type":"ListItem","position":1,"name":"Productos","item":"https:\/\/online.claeh.edu.uy\/en\/product\/"},{"@type":"ListItem","position":2,"name":"Diploma en Mobile Marketing"}]},{"@type":"WebSite","@id":"https:\/\/online.claeh.edu.uy\/#website","url":"https:\/\/online.claeh.edu.uy\/","name":"Capabilia","description":"","potentialAction":[{"@type":"SearchAction","target":{"@type":"EntryPoint","urlTemplate":"https:\/\/online.claeh.edu.uy\/?s={search_term_string}"},"query-input":"required name=search_term_string"}],"inLanguage":"en-US"}]}},"idiomas":{"en":640,"es":639},"_links":{"self":[{"href":"https:\/\/online.claeh.edu.uy\/en\/wp-json\/wp\/v2\/products\/640"}],"collection":[{"href":"https:\/\/online.claeh.edu.uy\/en\/wp-json\/wp\/v2\/products"}],"about":[{"href":"https:\/\/online.claeh.edu.uy\/en\/wp-json\/wp\/v2\/types\/product"}],"author":[{"embeddable":true,"href":"https:\/\/online.claeh.edu.uy\/en\/wp-json\/wp\/v2\/users\/3"}],"replies":[{"embeddable":true,"href":"https:\/\/online.claeh.edu.uy\/en\/wp-json\/wp\/v2\/comments?post=640"}],"version-history":[{"count":5,"href":"https:\/\/online.claeh.edu.uy\/en\/wp-json\/wp\/v2\/products\/640\/revisions"}],"predecessor-version":[{"id":1541,"href":"https:\/\/online.claeh.edu.uy\/en\/wp-json\/wp\/v2\/products\/640\/revisions\/1541"}],"wp:attachment":[{"href":"https:\/\/online.claeh.edu.uy\/en\/wp-json\/wp\/v2\/media?parent=640"}],"wp:term":[{"taxonomy":"category","embeddable":true,"href":"https:\/\/online.claeh.edu.uy\/en\/wp-json\/wp\/v2\/categories?post=640"}],"curies":[{"name":"wp","href":"https:\/\/api.w.org\/{rel}","templated":true}]}}