{"id":646,"date":"2022-03-23T19:53:08","date_gmt":"2022-03-23T19:53:08","guid":{"rendered":"https:\/\/online.claeh.edu.uy\/?post_type=product&#038;p=646"},"modified":"2023-06-22T16:00:49","modified_gmt":"2023-06-22T16:00:49","slug":"diploma-en-gestion-integral-de-proyectos","status":"publish","type":"product","link":"https:\/\/online.claeh.edu.uy\/en\/product\/diploma-en-gestion-integral-de-proyectos\/","title":{"rendered":"Diploma en Gesti\u00f3n Integral de Proyectos"},"content":{"rendered":"<p>contenido<\/p>\n","protected":false},"excerpt":{"rendered":"<p>excerpt<\/p>\n","protected":false},"author":3,"featured_media":0,"comment_status":"open","ping_status":"closed","template":"","meta":{"_acf_changed":false,"footnotes":""},"categories":[16],"class_list":["post-646","product","type-product","status-publish","hentry","category-producto-claeh-en"],"acf":{"external_id":"1730","titulo_curso":"Diploma en Gesti\u00f3n Integral de Proyectos","precio":"","impartido_en":"Castellano","id_magento":"18","hubspot_product_id":"59311933","imagen_destacada":"https:\/\/static.capabiliaserver.com\/frontend\/clients\/claeh\/wp_dev\/wp-content\/uploads\/f1867b74-certificado-en-gestion-integral-de-proyectos.jpg","header_image":"https:\/\/static.capabiliaserver.com\/frontend\/clients\/claeh\/wp_dev\/wp-content\/uploads\/f1867b74-certificado-en-gestion-integral-de-proyectos.jpg","precio_en_cuotas":"","precio_de_lista":"","promocion_vigente":"","duracion_del_curso":"4 Meses ","tipo_de_programa":"Educaci\u00f3n Continua","fecha_de_inicio":"","segunda_fecha_de_inicio":"","zona_horaria":"America\/Los_Angeles","nivel_del_curso":"B\u00e1sico","modalidad":"100% Virtual","dedicacion":"","contenido":"<p>Un proyecto es un conjunto de actividades interrelacionadas que se ejecutan para alcanzar un objetivo. De aplicaci\u00f3n en numerosos \u00e1mbitos, la gesti\u00f3n de un proyecto, cualquiera sea su naturaleza, exige habilidades especiales para poder integrar en forma adecuada cada una de las etapas, \u00e1reas y recursos involucrados. A trav\u00e9s de este Certificado desarrollar\u00e1s las competencias necesarias para tener una visi\u00f3n global de proyecto y poder gestionarlo eficientemente, considerando tiempos, recursos, calidad esperada y contingencias. Adem\u00e1s, adquirir\u00e1s conocimientos sobre herramientas de software y elaboraci\u00f3n de documentos que te ayudar\u00e1n en tareas de gesti\u00f3n y seguimiento.<\/p>\n","avalado_por":false,"cursos_que_lo_componen":[{"nombre_del_curso":" CICLO DE VIDA DE LOS PROYECTOS","descripcion_del_curso":"<p>M\u00f3dulo 1: Actividad de Apertura.<br \/>\nM\u00f3dulo 2: Inicio del Proyecto.<br \/>\nM\u00f3dulo 3: Planificaci\u00f3n del Proyecto.<br \/>\nM\u00f3dulo 4: Ejecuci\u00f3n, Monitoreo, Control y Cierre de Proyecto.<\/p>\n"},{"nombre_del_curso":"PRODUCCI\u00d3N GRUPAL EN PROYECTOS","descripcion_del_curso":"<p>M\u00f3dulo 1: Actividad de Apertura.<br \/>\nM\u00f3dulo 2: Psicolog\u00eda de los Grupos de Proyecto.<br \/>\nM\u00f3dulo 3: Equipos de Proyecto.<br \/>\nM\u00f3dulo 4: Producci\u00f3n Grupal.<\/p>\n"},{"nombre_del_curso":" DESARROLLO DE DOCUMENTOS PARA LA GESTI\u00d3N DE PROYECTOS","descripcion_del_curso":"<p>M\u00f3dulo 1: Actividad de Apertura.<br \/>\nM\u00f3dulo 2: Introducci\u00f3n y Documentos del Inicio del Proyecto.<br \/>\nM\u00f3dulo 3: Documentos de la Planificaci\u00f3n.<br \/>\nM\u00f3dulo 4: Documentos del Control, Ejecuci\u00f3n y Cierre del Proyecto.<\/p>\n"},{"nombre_del_curso":" HERRAMIENTAS DE SOFTWARE PARA LA GESTI\u00d3N DE PROYECTOS","descripcion_del_curso":"<p>M\u00f3dulo 1: Actividad de Apertura.<br \/>\nM\u00f3dulo 2: Introducci\u00f3n a las Herramientas de Software para la Gesti\u00f3n de Proyectos.<br \/>\nM\u00f3dulo 3: Cronogramas y Bit\u00e1coras.<br \/>\nM\u00f3dulo 4: Comunicaci\u00f3n y Gesti\u00f3n de M\u00faltiples Proyectos.<\/p>\n"}],"pdf_brochure":false,"preguntas_frecuentes":false,"titulo":"Diploma en Gesti\u00f3n Integral de Proyectos","docentes_expertos":false,"mostrar_form":false,"mostrar_boton_compra":true,"url_cursado_webinar":"","activar_nuevos_banners":false,"mostrar_banner_1":false,"crear_banner_1":{"utilizar_imagen_unica_para_banner":false,"asignar_imagen_unica_para_banner":false,"mostrar_titulo_banner":false,"titulo_para_banner":"","mostrar_subtitulo_banner":false,"subtitulo_del_banner":"","mostrar_cta_banner":false,"texto_cta_banner":"","url_cta_banner":"","fondo_de_color_banner":"","fondo_de_imagen_banner":false,"mostrar_imagen_izquierda_banner":false,"asignar_imagen_izquierda_banner":false},"mostrar_banner_2":false,"crear_banner_2":{"utilizar_imagen_unica_para_banner":false,"asignar_imagen_unica_para_banner":false,"mostrar_titulo_banner":false,"titulo_para_banner":"","mostrar_subtitulo_banner":false,"subtitulo_del_banner":"","mostrar_cta_banner":false,"texto_cta_banner":"","url_cta_banner":"","fondo_de_color_banner":"","fondo_de_imagen_banner":false,"mostrar_imagen_izquierda_banner":false,"asignar_imagen_izquierda_banner":false},"mostrar_banner_3":false,"crear_banner_3":{"utilizar_imagen_unica_para_banner":false,"asignar_imagen_unica_para_banner":false,"mostrar_titulo_banner":false,"titulo_para_banner":"","mostrar_subtitulo_banner":false,"subtitulo_del_banner":"","mostrar_cta_banner":false,"texto_cta_banner":"","url_cta_banner":"","fondo_de_color_banner":"","fondo_de_imagen_banner":false,"mostrar_imagen_izquierda_banner":false,"asignar_imagen_izquierda_banner":false},"mostrar_precio":false},"yoast_head":"<!-- This site is optimized with the Yoast SEO plugin v23.0 - https:\/\/yoast.com\/wordpress\/plugins\/seo\/ -->\n<title>Diploma en Gesti\u00f3n Integral de Proyectos - Capabilia<\/title>\n<meta name=\"robots\" content=\"index, follow, max-snippet:-1, max-image-preview:large, max-video-preview:-1\" \/>\n<link rel=\"canonical\" href=\"https:\/\/online.claeh.edu.uy\/en\/product\/diploma-en-gestion-integral-de-proyectos\/\" \/>\n<meta property=\"og:locale\" content=\"en_US\" \/>\n<meta property=\"og:type\" content=\"article\" \/>\n<meta property=\"og:title\" content=\"Diploma en Gesti\u00f3n Integral de Proyectos - Capabilia\" \/>\n<meta property=\"og:description\" content=\"excerpt\" \/>\n<meta property=\"og:url\" content=\"https:\/\/online.claeh.edu.uy\/en\/product\/diploma-en-gestion-integral-de-proyectos\/\" \/>\n<meta property=\"og:site_name\" content=\"Capabilia\" \/>\n<meta property=\"article:modified_time\" content=\"2023-06-22T16:00:49+00:00\" \/>\n<meta name=\"twitter:card\" content=\"summary_large_image\" \/>\n<meta name=\"twitter:label1\" content=\"Est. reading time\" \/>\n\t<meta name=\"twitter:data1\" content=\"1 minute\" \/>\n<script type=\"application\/ld+json\" class=\"yoast-schema-graph\">{\"@context\":\"https:\/\/schema.org\",\"@graph\":[{\"@type\":\"WebPage\",\"@id\":\"https:\/\/online.claeh.edu.uy\/en\/product\/diploma-en-gestion-integral-de-proyectos\/\",\"url\":\"https:\/\/online.claeh.edu.uy\/en\/product\/diploma-en-gestion-integral-de-proyectos\/\",\"name\":\"Diploma en Gesti\u00f3n Integral de Proyectos - Capabilia\",\"isPartOf\":{\"@id\":\"https:\/\/online.claeh.edu.uy\/#website\"},\"datePublished\":\"2022-03-23T19:53:08+00:00\",\"dateModified\":\"2023-06-22T16:00:49+00:00\",\"breadcrumb\":{\"@id\":\"https:\/\/online.claeh.edu.uy\/en\/product\/diploma-en-gestion-integral-de-proyectos\/#breadcrumb\"},\"inLanguage\":\"en-US\",\"potentialAction\":[{\"@type\":\"ReadAction\",\"target\":[\"https:\/\/online.claeh.edu.uy\/en\/product\/diploma-en-gestion-integral-de-proyectos\/\"]}]},{\"@type\":\"BreadcrumbList\",\"@id\":\"https:\/\/online.claeh.edu.uy\/en\/product\/diploma-en-gestion-integral-de-proyectos\/#breadcrumb\",\"itemListElement\":[{\"@type\":\"ListItem\",\"position\":1,\"name\":\"Productos\",\"item\":\"https:\/\/online.claeh.edu.uy\/en\/product\/\"},{\"@type\":\"ListItem\",\"position\":2,\"name\":\"Diploma en Gesti\u00f3n Integral de Proyectos\"}]},{\"@type\":\"WebSite\",\"@id\":\"https:\/\/online.claeh.edu.uy\/#website\",\"url\":\"https:\/\/online.claeh.edu.uy\/\",\"name\":\"Capabilia\",\"description\":\"\",\"potentialAction\":[{\"@type\":\"SearchAction\",\"target\":{\"@type\":\"EntryPoint\",\"urlTemplate\":\"https:\/\/online.claeh.edu.uy\/?s={search_term_string}\"},\"query-input\":\"required name=search_term_string\"}],\"inLanguage\":\"en-US\"}]}<\/script>\n<!-- \/ Yoast SEO plugin. -->","yoast_head_json":{"title":"Diploma en Gesti\u00f3n Integral de Proyectos - Capabilia","robots":{"index":"index","follow":"follow","max-snippet":"max-snippet:-1","max-image-preview":"max-image-preview:large","max-video-preview":"max-video-preview:-1"},"canonical":"https:\/\/online.claeh.edu.uy\/en\/product\/diploma-en-gestion-integral-de-proyectos\/","og_locale":"en_US","og_type":"article","og_title":"Diploma en Gesti\u00f3n Integral de Proyectos - Capabilia","og_description":"excerpt","og_url":"https:\/\/online.claeh.edu.uy\/en\/product\/diploma-en-gestion-integral-de-proyectos\/","og_site_name":"Capabilia","article_modified_time":"2023-06-22T16:00:49+00:00","twitter_card":"summary_large_image","twitter_misc":{"Est. reading time":"1 minute"},"schema":{"@context":"https:\/\/schema.org","@graph":[{"@type":"WebPage","@id":"https:\/\/online.claeh.edu.uy\/en\/product\/diploma-en-gestion-integral-de-proyectos\/","url":"https:\/\/online.claeh.edu.uy\/en\/product\/diploma-en-gestion-integral-de-proyectos\/","name":"Diploma en Gesti\u00f3n Integral de Proyectos - Capabilia","isPartOf":{"@id":"https:\/\/online.claeh.edu.uy\/#website"},"datePublished":"2022-03-23T19:53:08+00:00","dateModified":"2023-06-22T16:00:49+00:00","breadcrumb":{"@id":"https:\/\/online.claeh.edu.uy\/en\/product\/diploma-en-gestion-integral-de-proyectos\/#breadcrumb"},"inLanguage":"en-US","potentialAction":[{"@type":"ReadAction","target":["https:\/\/online.claeh.edu.uy\/en\/product\/diploma-en-gestion-integral-de-proyectos\/"]}]},{"@type":"BreadcrumbList","@id":"https:\/\/online.claeh.edu.uy\/en\/product\/diploma-en-gestion-integral-de-proyectos\/#breadcrumb","itemListElement":[{"@type":"ListItem","position":1,"name":"Productos","item":"https:\/\/online.claeh.edu.uy\/en\/product\/"},{"@type":"ListItem","position":2,"name":"Diploma en Gesti\u00f3n Integral de Proyectos"}]},{"@type":"WebSite","@id":"https:\/\/online.claeh.edu.uy\/#website","url":"https:\/\/online.claeh.edu.uy\/","name":"Capabilia","description":"","potentialAction":[{"@type":"SearchAction","target":{"@type":"EntryPoint","urlTemplate":"https:\/\/online.claeh.edu.uy\/?s={search_term_string}"},"query-input":"required name=search_term_string"}],"inLanguage":"en-US"}]}},"idiomas":{"en":646,"es":645},"_links":{"self":[{"href":"https:\/\/online.claeh.edu.uy\/en\/wp-json\/wp\/v2\/products\/646"}],"collection":[{"href":"https:\/\/online.claeh.edu.uy\/en\/wp-json\/wp\/v2\/products"}],"about":[{"href":"https:\/\/online.claeh.edu.uy\/en\/wp-json\/wp\/v2\/types\/product"}],"author":[{"embeddable":true,"href":"https:\/\/online.claeh.edu.uy\/en\/wp-json\/wp\/v2\/users\/3"}],"replies":[{"embeddable":true,"href":"https:\/\/online.claeh.edu.uy\/en\/wp-json\/wp\/v2\/comments?post=646"}],"version-history":[{"count":5,"href":"https:\/\/online.claeh.edu.uy\/en\/wp-json\/wp\/v2\/products\/646\/revisions"}],"predecessor-version":[{"id":1598,"href":"https:\/\/online.claeh.edu.uy\/en\/wp-json\/wp\/v2\/products\/646\/revisions\/1598"}],"wp:attachment":[{"href":"https:\/\/online.claeh.edu.uy\/en\/wp-json\/wp\/v2\/media?parent=646"}],"wp:term":[{"taxonomy":"category","embeddable":true,"href":"https:\/\/online.claeh.edu.uy\/en\/wp-json\/wp\/v2\/categories?post=646"}],"curies":[{"name":"wp","href":"https:\/\/api.w.org\/{rel}","templated":true}]}}