{"id":648,"date":"2022-02-01T19:30:17","date_gmt":"2022-02-01T19:30:17","guid":{"rendered":"https:\/\/online.claeh.edu.uy\/?post_type=product&#038;p=648"},"modified":"2023-05-19T15:39:51","modified_gmt":"2023-05-19T15:39:51","slug":"diploma-en-oratoria-y-presentaciones-publicas-efectivas","status":"publish","type":"product","link":"https:\/\/online.claeh.edu.uy\/en\/product\/diploma-en-oratoria-y-presentaciones-publicas-efectivas\/","title":{"rendered":"Diploma en Oratoria y Presentaciones P\u00fablicas Efectivas"},"content":{"rendered":"<p>contenido<\/p>\n","protected":false},"excerpt":{"rendered":"<p>excerpt<\/p>\n","protected":false},"author":3,"featured_media":0,"comment_status":"open","ping_status":"closed","template":"","meta":{"_acf_changed":false,"footnotes":""},"categories":[16],"class_list":["post-648","product","type-product","status-publish","hentry","category-producto-claeh-en"],"acf":{"external_id":"1731","titulo_curso":"Diploma en Oratoria y presentaciones p\u00fablicas efectivas","precio":"","impartido_en":"Castellano","id_magento":"19","hubspot_product_id":"59311931","imagen_destacada":"https:\/\/static.capabiliaserver.com\/frontend\/clients\/claeh\/wp_dev\/wp-content\/uploads\/a69e4055-diplomado-en-oratoria-y-presentaciones-pu\u0301blicas-efectivas.jpg.jpg","header_image":"https:\/\/static.capabiliaserver.com\/frontend\/clients\/claeh\/wp_dev\/wp-content\/uploads\/a69e4055-diplomado-en-oratoria-y-presentaciones-pu\u0301blicas-efectivas.jpg.jpg","precio_en_cuotas":"","precio_de_lista":"","promocion_vigente":"","duracion_del_curso":"4 meses","tipo_de_programa":"Educaci\u00f3n Continua","fecha_de_inicio":"","segunda_fecha_de_inicio":"","zona_horaria":"America\/Los_Angeles","nivel_del_curso":"B\u00e1sico","modalidad":"100% online","dedicacion":"","contenido":"<p>Se conoce como \u00aboratoria\u00bb al arte de hablar con elocuencia. Es sabido que muchos profesionales, sin distinci\u00f3n del \u00e1mbito en que se desenvuelven, enfrentan miedos y limitaciones a la hora de establecer distintos tipos de conversaciones (p\u00fablicas y privadas).<\/p>\n<p>Para tener \u00e9xito en las comunicaciones profesionales, no basta con saber controlar el miedo a hablar en p\u00fablico, entablar conversaciones dif\u00edciles o ser un experto en el tema a tratar.<\/p>\n<p>Se deben conocer y manejar diferentes t\u00e9cnicas para que, al momento de establecer estas comunicaciones, todo\u00a0\u00a0 salga bien y el mensaje logre causar los efectos deseados en la audiencia. A trav\u00e9s de este diplomado desarrollar\u00e1s las habilidades necesarias para comunicar tus ideas con eficacia en diferentes \u00e1mbitos, sobre todo en aquellos que demandan una exposici\u00f3n p\u00fablica frecuente.<\/p>\n","avalado_por":"https:\/\/static.capabiliaserver.com\/frontend\/clients\/claeh\/wp_prod\/wp-content\/uploads\/2023\/03\/7e8c4999-claeh-logo-png.png","cursos_que_lo_componen":[{"nombre_del_curso":"Dise\u00f1o de Conversaciones Profesionales","descripcion_del_curso":"<p>M\u00f3dulo 1: Tipos de Conversaciones<br \/>\nM\u00f3dulo 2: Actos Ling\u00fc\u00edsticos<br \/>\nM\u00f3dulo 3: La escucha<br \/>\nM\u00f3dulo 4: Herramientas de la PNL<\/p>\n"},{"nombre_del_curso":"Oratoria","descripcion_del_curso":"<p>M\u00f3dulo 1: El Orador<br \/>\nM\u00f3dulo 2: El Discurso<br \/>\nM\u00f3dulo 3: El Auditorio<br \/>\nM\u00f3dulo 4: Herramientas de Comunicaci\u00f3n Efectiva<\/p>\n"},{"nombre_del_curso":"Presentaciones Eficientes","descripcion_del_curso":"<p>M\u00f3dulo 1: Presentaciones Efectivas<br \/>\nM\u00f3dulo 2: Desarrollo de la Presentaci\u00f3n<br \/>\nM\u00f3dulo 3: Construcci\u00f3n de la Presentaci\u00f3n<br \/>\nM\u00f3dulo 4: T\u00e9cnicas en la Presentaci\u00f3n<\/p>\n"},{"nombre_del_curso":"Debate","descripcion_del_curso":"<p>M\u00f3dulo 1: El mundo del debate<br \/>\nM\u00f3dulo 2: Argumentaci\u00f3n<br \/>\nM\u00f3dulo 3: Las personas en debate<br \/>\nM\u00f3dulo 4: Comunicaci\u00f3n efectiva<\/p>\n"}],"pdf_brochure":false,"preguntas_frecuentes":false,"titulo":"Diploma en Oratoria y Presentaciones P\u00fablicas Efectivas","docentes_expertos":false,"mostrar_form":false,"mostrar_boton_compra":false,"url_cursado_webinar":"","activar_nuevos_banners":false,"mostrar_banner_1":false,"crear_banner_1":{"utilizar_imagen_unica_para_banner":false,"asignar_imagen_unica_para_banner":false,"mostrar_titulo_banner":false,"titulo_para_banner":"","mostrar_subtitulo_banner":false,"subtitulo_del_banner":"","mostrar_cta_banner":false,"texto_cta_banner":"","url_cta_banner":"","fondo_de_color_banner":"","fondo_de_imagen_banner":false,"mostrar_imagen_izquierda_banner":false,"asignar_imagen_izquierda_banner":false},"mostrar_banner_2":false,"crear_banner_2":{"utilizar_imagen_unica_para_banner":false,"asignar_imagen_unica_para_banner":false,"mostrar_titulo_banner":false,"titulo_para_banner":"","mostrar_subtitulo_banner":false,"subtitulo_del_banner":"","mostrar_cta_banner":false,"texto_cta_banner":"","url_cta_banner":"","fondo_de_color_banner":"","fondo_de_imagen_banner":false,"mostrar_imagen_izquierda_banner":false,"asignar_imagen_izquierda_banner":false},"mostrar_banner_3":false,"crear_banner_3":{"utilizar_imagen_unica_para_banner":false,"asignar_imagen_unica_para_banner":false,"mostrar_titulo_banner":false,"titulo_para_banner":"","mostrar_subtitulo_banner":false,"subtitulo_del_banner":"","mostrar_cta_banner":false,"texto_cta_banner":"","url_cta_banner":"","fondo_de_color_banner":"","fondo_de_imagen_banner":false,"mostrar_imagen_izquierda_banner":false,"asignar_imagen_izquierda_banner":false},"mostrar_precio":false},"yoast_head":"<!-- This site is optimized with the Yoast SEO plugin v23.0 - https:\/\/yoast.com\/wordpress\/plugins\/seo\/ -->\n<title>Diploma en Oratoria y Presentaciones P\u00fablicas Efectivas - Capabilia<\/title>\n<meta name=\"robots\" content=\"index, follow, max-snippet:-1, max-image-preview:large, max-video-preview:-1\" \/>\n<link rel=\"canonical\" href=\"https:\/\/online.claeh.edu.uy\/en\/product\/diploma-en-oratoria-y-presentaciones-publicas-efectivas\/\" \/>\n<meta property=\"og:locale\" content=\"en_US\" \/>\n<meta property=\"og:type\" content=\"article\" \/>\n<meta property=\"og:title\" content=\"Diploma en Oratoria y Presentaciones P\u00fablicas Efectivas\" \/>\n<meta property=\"og:description\" content=\"A trav\u00e9s de este diplomado desarrollar\u00e1s las habilidades necesarias para comunicar tus ideas con eficacia en diferentes \u00e1mbitos, sobre todo en aquellos que demandan una exposici\u00f3n p\u00fablica frecuente.\" \/>\n<meta property=\"og:url\" content=\"https:\/\/online.claeh.edu.uy\/en\/product\/diploma-en-oratoria-y-presentaciones-publicas-efectivas\/\" \/>\n<meta property=\"og:site_name\" content=\"Capabilia\" \/>\n<meta property=\"article:modified_time\" content=\"2023-05-19T15:39:51+00:00\" \/>\n<meta property=\"og:image\" content=\"https:\/\/static.capabiliaserver.com\/frontend\/clients\/claeh\/wp_dev\/wp-content\/uploads\/d9ec853d-diplomado-en-oratoria-y-presentaciones-publicas-efectivas.jpg.jpg\" \/>\n\t<meta property=\"og:image:width\" content=\"1200\" \/>\n\t<meta property=\"og:image:height\" content=\"1200\" \/>\n\t<meta property=\"og:image:type\" content=\"image\/jpeg\" \/>\n<meta name=\"twitter:card\" content=\"summary_large_image\" \/>\n<meta name=\"twitter:title\" content=\"Diploma en Oratoria y Presentaciones P\u00fablicas Efectivas\" \/>\n<meta name=\"twitter:description\" content=\"A trav\u00e9s de este diplomado desarrollar\u00e1s las habilidades necesarias para comunicar tus ideas con eficacia en diferentes \u00e1mbitos, sobre todo en aquellos que demandan una exposici\u00f3n p\u00fablica frecuente.\" \/>\n<meta name=\"twitter:image\" content=\"https:\/\/static.capabiliaserver.com\/frontend\/clients\/claeh\/wp_dev\/wp-content\/uploads\/d9ec853d-diplomado-en-oratoria-y-presentaciones-publicas-efectivas.jpg.jpg\" \/>\n<meta name=\"twitter:label1\" content=\"Est. reading time\" \/>\n\t<meta name=\"twitter:data1\" content=\"1 minute\" \/>\n<script type=\"application\/ld+json\" class=\"yoast-schema-graph\">{\"@context\":\"https:\/\/schema.org\",\"@graph\":[{\"@type\":\"WebPage\",\"@id\":\"https:\/\/online.claeh.edu.uy\/en\/product\/diploma-en-oratoria-y-presentaciones-publicas-efectivas\/\",\"url\":\"https:\/\/online.claeh.edu.uy\/en\/product\/diploma-en-oratoria-y-presentaciones-publicas-efectivas\/\",\"name\":\"Diploma en Oratoria y Presentaciones P\u00fablicas Efectivas - Capabilia\",\"isPartOf\":{\"@id\":\"https:\/\/online.claeh.edu.uy\/#website\"},\"datePublished\":\"2022-02-01T19:30:17+00:00\",\"dateModified\":\"2023-05-19T15:39:51+00:00\",\"breadcrumb\":{\"@id\":\"https:\/\/online.claeh.edu.uy\/en\/product\/diploma-en-oratoria-y-presentaciones-publicas-efectivas\/#breadcrumb\"},\"inLanguage\":\"en-US\",\"potentialAction\":[{\"@type\":\"ReadAction\",\"target\":[\"https:\/\/online.claeh.edu.uy\/en\/product\/diploma-en-oratoria-y-presentaciones-publicas-efectivas\/\"]}]},{\"@type\":\"BreadcrumbList\",\"@id\":\"https:\/\/online.claeh.edu.uy\/en\/product\/diploma-en-oratoria-y-presentaciones-publicas-efectivas\/#breadcrumb\",\"itemListElement\":[{\"@type\":\"ListItem\",\"position\":1,\"name\":\"Productos\",\"item\":\"https:\/\/online.claeh.edu.uy\/en\/product\/\"},{\"@type\":\"ListItem\",\"position\":2,\"name\":\"Diploma en Oratoria y Presentaciones P\u00fablicas Efectivas\"}]},{\"@type\":\"WebSite\",\"@id\":\"https:\/\/online.claeh.edu.uy\/#website\",\"url\":\"https:\/\/online.claeh.edu.uy\/\",\"name\":\"Capabilia\",\"description\":\"\",\"potentialAction\":[{\"@type\":\"SearchAction\",\"target\":{\"@type\":\"EntryPoint\",\"urlTemplate\":\"https:\/\/online.claeh.edu.uy\/?s={search_term_string}\"},\"query-input\":\"required name=search_term_string\"}],\"inLanguage\":\"en-US\"}]}<\/script>\n<!-- \/ Yoast SEO plugin. -->","yoast_head_json":{"title":"Diploma en Oratoria y Presentaciones P\u00fablicas Efectivas - Capabilia","robots":{"index":"index","follow":"follow","max-snippet":"max-snippet:-1","max-image-preview":"max-image-preview:large","max-video-preview":"max-video-preview:-1"},"canonical":"https:\/\/online.claeh.edu.uy\/en\/product\/diploma-en-oratoria-y-presentaciones-publicas-efectivas\/","og_locale":"en_US","og_type":"article","og_title":"Diploma en Oratoria y Presentaciones P\u00fablicas Efectivas","og_description":"A trav\u00e9s de este diplomado desarrollar\u00e1s las habilidades necesarias para comunicar tus ideas con eficacia en diferentes \u00e1mbitos, sobre todo en aquellos que demandan una exposici\u00f3n p\u00fablica frecuente.","og_url":"https:\/\/online.claeh.edu.uy\/en\/product\/diploma-en-oratoria-y-presentaciones-publicas-efectivas\/","og_site_name":"Capabilia","article_modified_time":"2023-05-19T15:39:51+00:00","og_image":[{"width":1200,"height":1200,"url":"https:\/\/static.capabiliaserver.com\/frontend\/clients\/claeh\/wp_dev\/wp-content\/uploads\/d9ec853d-diplomado-en-oratoria-y-presentaciones-publicas-efectivas.jpg.jpg","type":"image\/jpeg"}],"twitter_card":"summary_large_image","twitter_title":"Diploma en Oratoria y Presentaciones P\u00fablicas Efectivas","twitter_description":"A trav\u00e9s de este diplomado desarrollar\u00e1s las habilidades necesarias para comunicar tus ideas con eficacia en diferentes \u00e1mbitos, sobre todo en aquellos que demandan una exposici\u00f3n p\u00fablica frecuente.","twitter_image":"https:\/\/static.capabiliaserver.com\/frontend\/clients\/claeh\/wp_dev\/wp-content\/uploads\/d9ec853d-diplomado-en-oratoria-y-presentaciones-publicas-efectivas.jpg.jpg","twitter_misc":{"Est. reading time":"1 minute"},"schema":{"@context":"https:\/\/schema.org","@graph":[{"@type":"WebPage","@id":"https:\/\/online.claeh.edu.uy\/en\/product\/diploma-en-oratoria-y-presentaciones-publicas-efectivas\/","url":"https:\/\/online.claeh.edu.uy\/en\/product\/diploma-en-oratoria-y-presentaciones-publicas-efectivas\/","name":"Diploma en Oratoria y Presentaciones P\u00fablicas Efectivas - Capabilia","isPartOf":{"@id":"https:\/\/online.claeh.edu.uy\/#website"},"datePublished":"2022-02-01T19:30:17+00:00","dateModified":"2023-05-19T15:39:51+00:00","breadcrumb":{"@id":"https:\/\/online.claeh.edu.uy\/en\/product\/diploma-en-oratoria-y-presentaciones-publicas-efectivas\/#breadcrumb"},"inLanguage":"en-US","potentialAction":[{"@type":"ReadAction","target":["https:\/\/online.claeh.edu.uy\/en\/product\/diploma-en-oratoria-y-presentaciones-publicas-efectivas\/"]}]},{"@type":"BreadcrumbList","@id":"https:\/\/online.claeh.edu.uy\/en\/product\/diploma-en-oratoria-y-presentaciones-publicas-efectivas\/#breadcrumb","itemListElement":[{"@type":"ListItem","position":1,"name":"Productos","item":"https:\/\/online.claeh.edu.uy\/en\/product\/"},{"@type":"ListItem","position":2,"name":"Diploma en Oratoria y Presentaciones P\u00fablicas Efectivas"}]},{"@type":"WebSite","@id":"https:\/\/online.claeh.edu.uy\/#website","url":"https:\/\/online.claeh.edu.uy\/","name":"Capabilia","description":"","potentialAction":[{"@type":"SearchAction","target":{"@type":"EntryPoint","urlTemplate":"https:\/\/online.claeh.edu.uy\/?s={search_term_string}"},"query-input":"required name=search_term_string"}],"inLanguage":"en-US"}]}},"idiomas":{"en":648,"es":647},"_links":{"self":[{"href":"https:\/\/online.claeh.edu.uy\/en\/wp-json\/wp\/v2\/products\/648"}],"collection":[{"href":"https:\/\/online.claeh.edu.uy\/en\/wp-json\/wp\/v2\/products"}],"about":[{"href":"https:\/\/online.claeh.edu.uy\/en\/wp-json\/wp\/v2\/types\/product"}],"author":[{"embeddable":true,"href":"https:\/\/online.claeh.edu.uy\/en\/wp-json\/wp\/v2\/users\/3"}],"replies":[{"embeddable":true,"href":"https:\/\/online.claeh.edu.uy\/en\/wp-json\/wp\/v2\/comments?post=648"}],"version-history":[{"count":5,"href":"https:\/\/online.claeh.edu.uy\/en\/wp-json\/wp\/v2\/products\/648\/revisions"}],"predecessor-version":[{"id":1572,"href":"https:\/\/online.claeh.edu.uy\/en\/wp-json\/wp\/v2\/products\/648\/revisions\/1572"}],"wp:attachment":[{"href":"https:\/\/online.claeh.edu.uy\/en\/wp-json\/wp\/v2\/media?parent=648"}],"wp:term":[{"taxonomy":"category","embeddable":true,"href":"https:\/\/online.claeh.edu.uy\/en\/wp-json\/wp\/v2\/categories?post=648"}],"curies":[{"name":"wp","href":"https:\/\/api.w.org\/{rel}","templated":true}]}}