{"id":654,"date":"2022-03-23T20:25:20","date_gmt":"2022-03-23T20:25:20","guid":{"rendered":"https:\/\/online.claeh.edu.uy\/?post_type=product&#038;p=654"},"modified":"2023-05-19T15:12:39","modified_gmt":"2023-05-19T15:12:39","slug":"diploma-en-big-data","status":"publish","type":"product","link":"https:\/\/online.claeh.edu.uy\/en\/product\/diploma-en-big-data\/","title":{"rendered":"Diploma en Big Data"},"content":{"rendered":"<p>contenido<\/p>\n","protected":false},"excerpt":{"rendered":"<p>excerpt<\/p>\n","protected":false},"author":3,"featured_media":0,"comment_status":"open","ping_status":"closed","template":"","meta":{"_acf_changed":false,"footnotes":""},"categories":[16],"class_list":["post-654","product","type-product","status-publish","hentry","category-producto-claeh-en"],"acf":{"external_id":"1734","titulo_curso":"Diploma en Big Data","precio":"","impartido_en":"Castellano","id_magento":"22","hubspot_product_id":"59343847","imagen_destacada":"https:\/\/static.capabiliaserver.com\/frontend\/clients\/claeh\/wp_dev\/wp-content\/uploads\/d9179b84-diplomado-en-big-data.jpg.jpg","header_image":"https:\/\/static.capabiliaserver.com\/frontend\/clients\/claeh\/wp_dev\/wp-content\/uploads\/d9179b84-diplomado-en-big-data.jpg.jpg","precio_en_cuotas":"","precio_de_lista":"","promocion_vigente":"","duracion_del_curso":"4 Meses","tipo_de_programa":"Educaci\u00f3n Continua","fecha_de_inicio":"","segunda_fecha_de_inicio":"","zona_horaria":"America\/Los_Angeles","nivel_del_curso":"B\u00e1sico","modalidad":"100% Virtual","dedicacion":"","contenido":"<p>Las empresas requieren recursos humanos con formaci\u00f3n integral en conceptos, herramientas y t\u00e9cnicas vinculadas a los datos masivos o Big Data que, hasta hace poco eran complementarios en la formaci\u00f3n de los y las j\u00f3venes, pero que hoy se convierten en esenciales para afrontar los retos personales, profesionales y de las organizaciones.<\/p>\n<p>Formarse con este Certificado te dar\u00e1 los conocimientos, aptitudes y competencias para mejorar tu empleabilidad.<\/p>\n","avalado_por":"https:\/\/static.capabiliaserver.com\/frontend\/clients\/claeh\/wp_prod\/wp-content\/uploads\/2023\/03\/7e8c4999-claeh-logo-png.png","cursos_que_lo_componen":[{"nombre_del_curso":"INTRODUCCI\u00d3N AL BIG DATA","descripcion_del_curso":"<p>M\u00f3dulo 1: Origen y Definici\u00f3n.<br \/>\nM\u00f3dulo 2: Caracter\u00edsticas y Escalabilidad.<br \/>\nM\u00f3dulo 3: Aplicaciones y Generaci\u00f3n de Valor.<br \/>\nM\u00f3dulo 4: Perfiles y Skills Necesarias en el Mundo del Big Data.<\/p>\n"},{"nombre_del_curso":"ESTRATEGIAS DE BIG DATA","descripcion_del_curso":"<p>M\u00f3dulo 1: Infraestructura Big Data e Introducci\u00f3n a Analytics.<br \/>\nM\u00f3dulo 2: Estad\u00edstica Descriptiva.<br \/>\nM\u00f3dulo 3: Machine Learning.<br \/>\nM\u00f3dulo 4: Inteligencia Artificial.<\/p>\n"},{"nombre_del_curso":"ANAL\u00cdTICA DE BIG DATA","descripcion_del_curso":"<p>M\u00f3dulo 1: El camino a la Implementaci\u00f3n del Big Data Analytics.<br \/>\nM\u00f3dulo 2: Introducci\u00f3n a Python.<br \/>\nM\u00f3dulo 3: Herramientas Fundamentales para la Preparaci\u00f3n y An\u00e1lisis de Datos.<br \/>\nM\u00f3dulo 4: Machine Learning y Data Visualization.<\/p>\n"},{"nombre_del_curso":"  TECNOLOG\u00cdA DE BIG DATA","descripcion_del_curso":"<p>M\u00f3dulo 1: Herramientas del Ecosistema y Desarrollo en la Nube.<br \/>\nM\u00f3dulo 2: Modelado de Datos Orientados a la Anal\u00edtica y a la Toma de Decisiones.<br \/>\nM\u00f3dulo 3: Dise\u00f1ando Aplicaciones Orientadas a los Datos.<br \/>\nM\u00f3dulo 4: Integraci\u00f3n Pr\u00e1ctica m\u00e1s Spark.<\/p>\n"}],"pdf_brochure":false,"preguntas_frecuentes":false,"titulo":"Diploma en Big Data","docentes_expertos":false,"mostrar_form":false,"mostrar_boton_compra":true,"url_cursado_webinar":"","activar_nuevos_banners":false,"mostrar_banner_1":false,"crear_banner_1":{"utilizar_imagen_unica_para_banner":false,"asignar_imagen_unica_para_banner":false,"mostrar_titulo_banner":false,"titulo_para_banner":"","mostrar_subtitulo_banner":false,"subtitulo_del_banner":"","mostrar_cta_banner":false,"texto_cta_banner":"","url_cta_banner":"","fondo_de_color_banner":"","fondo_de_imagen_banner":false,"mostrar_imagen_izquierda_banner":false,"asignar_imagen_izquierda_banner":false},"mostrar_banner_2":false,"crear_banner_2":{"utilizar_imagen_unica_para_banner":false,"asignar_imagen_unica_para_banner":false,"mostrar_titulo_banner":false,"titulo_para_banner":"","mostrar_subtitulo_banner":false,"subtitulo_del_banner":"","mostrar_cta_banner":false,"texto_cta_banner":"","url_cta_banner":"","fondo_de_color_banner":"","fondo_de_imagen_banner":false,"mostrar_imagen_izquierda_banner":false,"asignar_imagen_izquierda_banner":false},"mostrar_banner_3":false,"crear_banner_3":{"utilizar_imagen_unica_para_banner":false,"asignar_imagen_unica_para_banner":false,"mostrar_titulo_banner":false,"titulo_para_banner":"","mostrar_subtitulo_banner":false,"subtitulo_del_banner":"","mostrar_cta_banner":false,"texto_cta_banner":"","url_cta_banner":"","fondo_de_color_banner":"","fondo_de_imagen_banner":false,"mostrar_imagen_izquierda_banner":false,"asignar_imagen_izquierda_banner":false},"mostrar_precio":true},"yoast_head":"<!-- This site is optimized with the Yoast SEO plugin v23.0 - https:\/\/yoast.com\/wordpress\/plugins\/seo\/ -->\n<title>Diploma en Big Data - Capabilia<\/title>\n<meta name=\"robots\" content=\"index, follow, max-snippet:-1, max-image-preview:large, max-video-preview:-1\" \/>\n<link rel=\"canonical\" href=\"https:\/\/online.claeh.edu.uy\/en\/product\/diploma-en-big-data\/\" \/>\n<meta property=\"og:locale\" content=\"en_US\" \/>\n<meta property=\"og:type\" content=\"article\" \/>\n<meta property=\"og:title\" content=\"Diploma en Big Data - Capabilia\" \/>\n<meta property=\"og:description\" content=\"excerpt\" \/>\n<meta property=\"og:url\" content=\"https:\/\/online.claeh.edu.uy\/en\/product\/diploma-en-big-data\/\" \/>\n<meta property=\"og:site_name\" content=\"Capabilia\" \/>\n<meta property=\"article:modified_time\" content=\"2023-05-19T15:12:39+00:00\" \/>\n<meta name=\"twitter:card\" content=\"summary_large_image\" \/>\n<meta name=\"twitter:label1\" content=\"Est. reading time\" \/>\n\t<meta name=\"twitter:data1\" content=\"1 minute\" \/>\n<script type=\"application\/ld+json\" class=\"yoast-schema-graph\">{\"@context\":\"https:\/\/schema.org\",\"@graph\":[{\"@type\":\"WebPage\",\"@id\":\"https:\/\/online.claeh.edu.uy\/en\/product\/diploma-en-big-data\/\",\"url\":\"https:\/\/online.claeh.edu.uy\/en\/product\/diploma-en-big-data\/\",\"name\":\"Diploma en Big Data - Capabilia\",\"isPartOf\":{\"@id\":\"https:\/\/online.claeh.edu.uy\/#website\"},\"datePublished\":\"2022-03-23T20:25:20+00:00\",\"dateModified\":\"2023-05-19T15:12:39+00:00\",\"breadcrumb\":{\"@id\":\"https:\/\/online.claeh.edu.uy\/en\/product\/diploma-en-big-data\/#breadcrumb\"},\"inLanguage\":\"en-US\",\"potentialAction\":[{\"@type\":\"ReadAction\",\"target\":[\"https:\/\/online.claeh.edu.uy\/en\/product\/diploma-en-big-data\/\"]}]},{\"@type\":\"BreadcrumbList\",\"@id\":\"https:\/\/online.claeh.edu.uy\/en\/product\/diploma-en-big-data\/#breadcrumb\",\"itemListElement\":[{\"@type\":\"ListItem\",\"position\":1,\"name\":\"Productos\",\"item\":\"https:\/\/online.claeh.edu.uy\/en\/product\/\"},{\"@type\":\"ListItem\",\"position\":2,\"name\":\"Diploma en Big Data\"}]},{\"@type\":\"WebSite\",\"@id\":\"https:\/\/online.claeh.edu.uy\/#website\",\"url\":\"https:\/\/online.claeh.edu.uy\/\",\"name\":\"Capabilia\",\"description\":\"\",\"potentialAction\":[{\"@type\":\"SearchAction\",\"target\":{\"@type\":\"EntryPoint\",\"urlTemplate\":\"https:\/\/online.claeh.edu.uy\/?s={search_term_string}\"},\"query-input\":\"required name=search_term_string\"}],\"inLanguage\":\"en-US\"}]}<\/script>\n<!-- \/ Yoast SEO plugin. -->","yoast_head_json":{"title":"Diploma en Big Data - Capabilia","robots":{"index":"index","follow":"follow","max-snippet":"max-snippet:-1","max-image-preview":"max-image-preview:large","max-video-preview":"max-video-preview:-1"},"canonical":"https:\/\/online.claeh.edu.uy\/en\/product\/diploma-en-big-data\/","og_locale":"en_US","og_type":"article","og_title":"Diploma en Big Data - Capabilia","og_description":"excerpt","og_url":"https:\/\/online.claeh.edu.uy\/en\/product\/diploma-en-big-data\/","og_site_name":"Capabilia","article_modified_time":"2023-05-19T15:12:39+00:00","twitter_card":"summary_large_image","twitter_misc":{"Est. reading time":"1 minute"},"schema":{"@context":"https:\/\/schema.org","@graph":[{"@type":"WebPage","@id":"https:\/\/online.claeh.edu.uy\/en\/product\/diploma-en-big-data\/","url":"https:\/\/online.claeh.edu.uy\/en\/product\/diploma-en-big-data\/","name":"Diploma en Big Data - Capabilia","isPartOf":{"@id":"https:\/\/online.claeh.edu.uy\/#website"},"datePublished":"2022-03-23T20:25:20+00:00","dateModified":"2023-05-19T15:12:39+00:00","breadcrumb":{"@id":"https:\/\/online.claeh.edu.uy\/en\/product\/diploma-en-big-data\/#breadcrumb"},"inLanguage":"en-US","potentialAction":[{"@type":"ReadAction","target":["https:\/\/online.claeh.edu.uy\/en\/product\/diploma-en-big-data\/"]}]},{"@type":"BreadcrumbList","@id":"https:\/\/online.claeh.edu.uy\/en\/product\/diploma-en-big-data\/#breadcrumb","itemListElement":[{"@type":"ListItem","position":1,"name":"Productos","item":"https:\/\/online.claeh.edu.uy\/en\/product\/"},{"@type":"ListItem","position":2,"name":"Diploma en Big Data"}]},{"@type":"WebSite","@id":"https:\/\/online.claeh.edu.uy\/#website","url":"https:\/\/online.claeh.edu.uy\/","name":"Capabilia","description":"","potentialAction":[{"@type":"SearchAction","target":{"@type":"EntryPoint","urlTemplate":"https:\/\/online.claeh.edu.uy\/?s={search_term_string}"},"query-input":"required name=search_term_string"}],"inLanguage":"en-US"}]}},"idiomas":{"en":654,"es":653},"_links":{"self":[{"href":"https:\/\/online.claeh.edu.uy\/en\/wp-json\/wp\/v2\/products\/654"}],"collection":[{"href":"https:\/\/online.claeh.edu.uy\/en\/wp-json\/wp\/v2\/products"}],"about":[{"href":"https:\/\/online.claeh.edu.uy\/en\/wp-json\/wp\/v2\/types\/product"}],"author":[{"embeddable":true,"href":"https:\/\/online.claeh.edu.uy\/en\/wp-json\/wp\/v2\/users\/3"}],"replies":[{"embeddable":true,"href":"https:\/\/online.claeh.edu.uy\/en\/wp-json\/wp\/v2\/comments?post=654"}],"version-history":[{"count":5,"href":"https:\/\/online.claeh.edu.uy\/en\/wp-json\/wp\/v2\/products\/654\/revisions"}],"predecessor-version":[{"id":1535,"href":"https:\/\/online.claeh.edu.uy\/en\/wp-json\/wp\/v2\/products\/654\/revisions\/1535"}],"wp:attachment":[{"href":"https:\/\/online.claeh.edu.uy\/en\/wp-json\/wp\/v2\/media?parent=654"}],"wp:term":[{"taxonomy":"category","embeddable":true,"href":"https:\/\/online.claeh.edu.uy\/en\/wp-json\/wp\/v2\/categories?post=654"}],"curies":[{"name":"wp","href":"https:\/\/api.w.org\/{rel}","templated":true}]}}